{"id":17359,"date":"2019-02-17T16:35:14","date_gmt":"2019-02-17T15:35:14","guid":{"rendered":"https:\/\/richemont.swiss\/?page_id=17359"},"modified":"2025-09-25T13:59:38","modified_gmt":"2025-09-25T11:59:38","slug":"offerta-formativa","status":"publish","type":"page","link":"https:\/\/richemont.swiss\/it\/formazione\/offerta-formativa\/","title":{"rendered":"Investite nel vostro successo"},"content":{"rendered":"\n<h2 class=\"wp-block-heading\" id=\"h-la-nostra-offerta-di-formazione-professionale-e-formazione-continua\">La nostra offerta di formazione professionale e formazione continua<\/h2>\n\n\n\n<p>Nel mondo professionale di oggi, \u00e8 essenziale ampliare costantemente le proprie conoscenze e competenze. Le persone che proseguono continuamente la loro formazione hanno maggiori possibilit\u00e0 nella vita professionale &#8211; sia sul posto di lavoro esistente che quando si candidano per un nuovo datore di lavoro. Un&#8217;azienda avr\u00e0 successo solo dove sono disponibili le migliori e pi\u00f9 recenti conoscenze e competenze.<\/p>\n\n\n\n<p>Da 80 anni il Centro di Competenza Richemont offre un moderno programma di formazione per l&#8217;intera industria della panetteria, della pasticceria e della confetteria. Pi\u00f9 di 200.000 potenziali o affermati specialisti hanno gi\u00e0 beneficiato di una formazione o di un perfezionamento professionale. Il programma di formazione di Richemont \u00e8 pratico, orientato agli obiettivi e ai risultati, in modo che la formazione continua sia un investimento strategico per la vostra azienda e che possiate affrontare con successo le sfide del mercato.<\/p>\n\n\n<script type=\"text\/javascript\">\n\/* <![CDATA[ *\/\nvar gform;gform||(document.addEventListener(\"gform_main_scripts_loaded\",function(){gform.scriptsLoaded=!0}),document.addEventListener(\"gform\/theme\/scripts_loaded\",function(){gform.themeScriptsLoaded=!0}),window.addEventListener(\"DOMContentLoaded\",function(){gform.domLoaded=!0}),gform={domLoaded:!1,scriptsLoaded:!1,themeScriptsLoaded:!1,isFormEditor:()=>\"function\"==typeof InitializeEditor,callIfLoaded:function(o){return!(!gform.domLoaded||!gform.scriptsLoaded||!gform.themeScriptsLoaded&&!gform.isFormEditor()||(gform.isFormEditor()&&console.warn(\"The use of gform.initializeOnLoaded() is deprecated in the form editor context and will be removed in Gravity Forms 3.1.\"),o(),0))},initializeOnLoaded:function(o){gform.callIfLoaded(o)||(document.addEventListener(\"gform_main_scripts_loaded\",()=>{gform.scriptsLoaded=!0,gform.callIfLoaded(o)}),document.addEventListener(\"gform\/theme\/scripts_loaded\",()=>{gform.themeScriptsLoaded=!0,gform.callIfLoaded(o)}),window.addEventListener(\"DOMContentLoaded\",()=>{gform.domLoaded=!0,gform.callIfLoaded(o)}))},hooks:{action:{},filter:{}},addAction:function(o,r,e,t){gform.addHook(\"action\",o,r,e,t)},addFilter:function(o,r,e,t){gform.addHook(\"filter\",o,r,e,t)},doAction:function(o){gform.doHook(\"action\",o,arguments)},applyFilters:function(o){return gform.doHook(\"filter\",o,arguments)},removeAction:function(o,r){gform.removeHook(\"action\",o,r)},removeFilter:function(o,r,e){gform.removeHook(\"filter\",o,r,e)},addHook:function(o,r,e,t,n){null==gform.hooks[o][r]&&(gform.hooks[o][r]=[]);var d=gform.hooks[o][r];null==n&&(n=r+\"_\"+d.length),gform.hooks[o][r].push({tag:n,callable:e,priority:t=null==t?10:t})},doHook:function(r,o,e){var t;if(e=Array.prototype.slice.call(e,1),null!=gform.hooks[r][o]&&((o=gform.hooks[r][o]).sort(function(o,r){return o.priority-r.priority}),o.forEach(function(o){\"function\"!=typeof(t=o.callable)&&(t=window[t]),\"action\"==r?t.apply(null,e):e[0]=t.apply(null,e)})),\"filter\"==r)return e[0]},removeHook:function(o,r,t,n){var e;null!=gform.hooks[o][r]&&(e=(e=gform.hooks[o][r]).filter(function(o,r,e){return!!(null!=n&&n!=o.tag||null!=t&&t!=o.priority)}),gform.hooks[o][r]=e)}});\n\/* ]]> *\/\n<\/script>\n\n                <div class='gf_browser_gecko gform_wrapper gform_legacy_markup_wrapper gform-theme--no-framework' data-form-theme='legacy' data-form-index='0' id='gform_wrapper_14' >\n                        <div class='gform_heading'>\n                            <h3 class=\"gform_title\">Modulo di contatto<\/h3>\n                            <p class='gform_description'><\/p>\n                        <\/div><form method='post' enctype='multipart\/form-data'  id='gform_14'  action='\/it\/wp-json\/wp\/v2\/pages\/17359' data-formid='14' novalidate><div class='gf_invisible ginput_recaptchav3' data-sitekey='6Lfdpk8fAAAAAC62hdXsfx4WOZrS4adXeSJWIEz0' data-tabindex='0'><input id=\"input_59df92329d286a5eea14c73eef94a162\" class=\"gfield_recaptcha_response\" type=\"hidden\" name=\"input_59df92329d286a5eea14c73eef94a162\" value=\"\"\/><\/div>\n                        <div class='gform-body gform_body'><ul id='gform_fields_14' class='gform_fields top_label form_sublabel_below description_below validation_below'><li id=\"field_14_1\" class=\"gfield gfield--type-text field_sublabel_below gfield--no-description field_description_below field_validation_below gfield_visibility_visible\"  ><label class='gfield_label gform-field-label' for='input_14_1'>Azienda<\/label><div class='ginput_container ginput_container_text'><input name='input_1' id='input_14_1' type='text' value='' class='medium'      aria-invalid=\"false\"   \/><\/div><\/li><li id=\"field_14_2\" class=\"gfield gfield--type-select gfield_contains_required field_sublabel_below gfield--no-description field_description_below field_validation_below gfield_visibility_visible\"  ><label class='gfield_label gform-field-label' for='input_14_2'>Intestazione &#8211; per favore selezionare<span class=\"gfield_required\"><span class=\"gfield_required gfield_required_asterisk\">*<\/span><\/span><\/label><div class='ginput_container ginput_container_select'><select name='input_2' id='input_14_2' class='medium gfield_select'    aria-required=\"true\" aria-invalid=\"false\" ><option value='Signora' >Signora<\/option><option value='Signore' >Signore<\/option><\/select><\/div><\/li><li id=\"field_14_3\" class=\"gfield gfield--type-text gfield_contains_required field_sublabel_below gfield--no-description field_description_below field_validation_below gfield_visibility_visible\"  ><label class='gfield_label gform-field-label' for='input_14_3'>Cognome<span class=\"gfield_required\"><span class=\"gfield_required gfield_required_asterisk\">*<\/span><\/span><\/label><div class='ginput_container ginput_container_text'><input name='input_3' id='input_14_3' type='text' value='' class='medium'     aria-required=\"true\" aria-invalid=\"false\"   \/><\/div><\/li><li id=\"field_14_4\" class=\"gfield gfield--type-text gfield_contains_required field_sublabel_below gfield--no-description field_description_below field_validation_below gfield_visibility_visible\"  ><label class='gfield_label gform-field-label' for='input_14_4'>Nome<span class=\"gfield_required\"><span class=\"gfield_required gfield_required_asterisk\">*<\/span><\/span><\/label><div class='ginput_container ginput_container_text'><input name='input_4' id='input_14_4' type='text' value='' class='medium'     aria-required=\"true\" aria-invalid=\"false\"   \/><\/div><\/li><li id=\"field_14_5\" class=\"gfield gfield--type-text gfield_contains_required field_sublabel_below gfield--no-description field_description_below field_validation_below gfield_visibility_visible\"  ><label class='gfield_label gform-field-label' for='input_14_5'>Indirizzo<span class=\"gfield_required\"><span class=\"gfield_required gfield_required_asterisk\">*<\/span><\/span><\/label><div class='ginput_container ginput_container_text'><input name='input_5' id='input_14_5' type='text' value='' class='medium'     aria-required=\"true\" aria-invalid=\"false\"   \/><\/div><\/li><li id=\"field_14_6\" class=\"gfield gfield--type-text gfield_contains_required field_sublabel_below gfield--no-description field_description_below field_validation_below gfield_visibility_visible\"  ><label class='gfield_label gform-field-label' for='input_14_6'>PLZ<span class=\"gfield_required\"><span class=\"gfield_required gfield_required_asterisk\">*<\/span><\/span><\/label><div class='ginput_container ginput_container_text'><input name='input_6' id='input_14_6' type='text' value='' class='medium'     aria-required=\"true\" aria-invalid=\"false\"   \/><\/div><\/li><li id=\"field_14_7\" class=\"gfield gfield--type-text gfield_contains_required field_sublabel_below gfield--no-description field_description_below field_validation_below gfield_visibility_visible\"  ><label class='gfield_label gform-field-label' for='input_14_7'>Luogo<span class=\"gfield_required\"><span class=\"gfield_required gfield_required_asterisk\">*<\/span><\/span><\/label><div class='ginput_container ginput_container_text'><input name='input_7' id='input_14_7' type='text' value='' class='medium'     aria-required=\"true\" aria-invalid=\"false\"   \/><\/div><\/li><li id=\"field_14_8\" class=\"gfield gfield--type-text gfield_contains_required field_sublabel_below gfield--no-description field_description_below field_validation_below gfield_visibility_visible\"  ><label class='gfield_label gform-field-label' for='input_14_8'>Paese<span class=\"gfield_required\"><span class=\"gfield_required gfield_required_asterisk\">*<\/span><\/span><\/label><div class='ginput_container ginput_container_text'><input name='input_8' id='input_14_8' type='text' value='' class='medium'     aria-required=\"true\" aria-invalid=\"false\"   \/><\/div><\/li><li id=\"field_14_9\" class=\"gfield gfield--type-text gfield_contains_required field_sublabel_below gfield--no-description field_description_below field_validation_below gfield_visibility_visible\"  ><label class='gfield_label gform-field-label' for='input_14_9'>Telefono<span class=\"gfield_required\"><span class=\"gfield_required gfield_required_asterisk\">*<\/span><\/span><\/label><div class='ginput_container ginput_container_text'><input name='input_9' id='input_14_9' type='text' value='' class='medium'     aria-required=\"true\" aria-invalid=\"false\"   \/><\/div><\/li><li id=\"field_14_10\" class=\"gfield gfield--type-text gfield_contains_required field_sublabel_below gfield--no-description field_description_below field_validation_below gfield_visibility_visible\"  ><label class='gfield_label gform-field-label' for='input_14_10'>E-Mail<span class=\"gfield_required\"><span class=\"gfield_required gfield_required_asterisk\">*<\/span><\/span><\/label><div class='ginput_container ginput_container_text'><input name='input_10' id='input_14_10' type='text' value='' class='medium'     aria-required=\"true\" aria-invalid=\"false\"   \/><\/div><\/li><li id=\"field_14_12\" class=\"gfield gfield--type-textarea field_sublabel_below gfield--no-description field_description_below field_validation_below gfield_visibility_visible\"  ><label class='gfield_label gform-field-label' for='input_14_12'>Il vostro messaggio<\/label><div class='ginput_container ginput_container_textarea'><textarea name='input_12' id='input_14_12' class='textarea medium'      aria-invalid=\"false\"   rows='10' cols='50'><\/textarea><\/div><\/li><\/ul><\/div>\n        <div class='gform-footer gform_footer top_label'> <input type='submit' id='gform_submit_button_14' class='gform_button button' onclick='gform.submission.handleButtonClick(this);' data-submission-type='submit' value='Inviare'  \/> \n            <input type='hidden' class='gform_hidden' name='gform_submission_method' data-js='gform_submission_method_14' value='postback' \/>\n            <input type='hidden' class='gform_hidden' name='gform_theme' data-js='gform_theme_14' id='gform_theme_14' value='legacy' \/>\n            <input type='hidden' class='gform_hidden' name='gform_style_settings' data-js='gform_style_settings_14' id='gform_style_settings_14' value='{&quot;inputPrimaryColor&quot;:&quot;#204ce5&quot;}' \/>\n            <input type='hidden' class='gform_hidden' name='is_submit_14' value='1' \/>\n            <input type='hidden' class='gform_hidden' name='gform_submit' value='14' \/>\n            \n            <input type='hidden' class='gform_hidden' name='gform_unique_id' value='' \/>\n            <input type='hidden' class='gform_hidden' name='state_14' value='WyJbXSIsImY4MzJmZmUwZWU0M2ZhZTUzYTQ1MzhmOTczNzdhNDE0Il0=' \/>\n            <input type='hidden' autocomplete='off' class='gform_hidden' name='gform_target_page_number_14' id='gform_target_page_number_14' value='0' \/>\n            <input type='hidden' autocomplete='off' class='gform_hidden' name='gform_source_page_number_14' id='gform_source_page_number_14' value='1' \/>\n            <input type='hidden' name='gform_field_values' value='' \/>\n            \n        <\/div>\n                        <\/form>\n                        <\/div><script type=\"text\/javascript\">\n\/* <![CDATA[ *\/\n gform.initializeOnLoaded( function() {gformInitSpinner( 14, 'https:\/\/richemont.swiss\/wp-content\/plugins\/gravityforms\/images\/spinner.svg', true );jQuery('#gform_ajax_frame_14').on('load',function(){var contents = jQuery(this).contents().find('*').html();var is_postback = contents.indexOf('GF_AJAX_POSTBACK') >= 0;if(!is_postback){return;}var form_content = jQuery(this).contents().find('#gform_wrapper_14');var is_confirmation = jQuery(this).contents().find('#gform_confirmation_wrapper_14').length > 0;var is_redirect = contents.indexOf('gformRedirect(){') >= 0;var is_form = form_content.length > 0 && ! is_redirect && ! is_confirmation;var mt = parseInt(jQuery('html').css('margin-top'), 10) + parseInt(jQuery('body').css('margin-top'), 10) + 100;if(is_form){jQuery('#gform_wrapper_14').html(form_content.html());if(form_content.hasClass('gform_validation_error')){jQuery('#gform_wrapper_14').addClass('gform_validation_error');} else {jQuery('#gform_wrapper_14').removeClass('gform_validation_error');}setTimeout( function() { \/* delay the scroll by 50 milliseconds to fix a bug in chrome *\/  }, 50 );if(window['gformInitDatepicker']) {gformInitDatepicker();}if(window['gformInitPriceFields']) {gformInitPriceFields();}var current_page = jQuery('#gform_source_page_number_14').val();gformInitSpinner( 14, 'https:\/\/richemont.swiss\/wp-content\/plugins\/gravityforms\/images\/spinner.svg', true );jQuery(document).trigger('gform_page_loaded', [14, current_page]);window['gf_submitting_14'] = false;}else if(!is_redirect){var confirmation_content = jQuery(this).contents().find('.GF_AJAX_POSTBACK').html();if(!confirmation_content){confirmation_content = contents;}jQuery('#gform_wrapper_14').replaceWith(confirmation_content);jQuery(document).trigger('gform_confirmation_loaded', [14]);window['gf_submitting_14'] = false;wp.a11y.speak(jQuery('#gform_confirmation_message_14').text());}else{jQuery('#gform_14').append(contents);if(window['gformRedirect']) {gformRedirect();}}jQuery(document).trigger(\"gform_pre_post_render\", [{ formId: \"14\", currentPage: \"current_page\", abort: function() { this.preventDefault(); } }]);        if (event && event.defaultPrevented) {                return;        }        const gformWrapperDiv = document.getElementById( \"gform_wrapper_14\" );        if ( gformWrapperDiv ) {            const visibilitySpan = document.createElement( \"span\" );            visibilitySpan.id = \"gform_visibility_test_14\";            gformWrapperDiv.insertAdjacentElement( \"afterend\", visibilitySpan );        }        const visibilityTestDiv = document.getElementById( \"gform_visibility_test_14\" );        let postRenderFired = false;        function triggerPostRender() {            if ( postRenderFired ) {                return;            }            postRenderFired = true;            gform.core.triggerPostRenderEvents( 14, current_page );            if ( visibilityTestDiv ) {                visibilityTestDiv.parentNode.removeChild( visibilityTestDiv );            }        }        function debounce( func, wait, immediate ) {            var timeout;            return function() {                var context = this, args = arguments;                var later = function() {                    timeout = null;                    if ( !immediate ) func.apply( context, args );                };                var callNow = immediate && !timeout;                clearTimeout( timeout );                timeout = setTimeout( later, wait );                if ( callNow ) func.apply( context, args );            };        }        const debouncedTriggerPostRender = debounce( function() {            triggerPostRender();        }, 200 );        if ( visibilityTestDiv && visibilityTestDiv.offsetParent === null ) {            const observer = new MutationObserver( ( mutations ) => {                mutations.forEach( ( mutation ) => {                    if ( mutation.type === 'attributes' && visibilityTestDiv.offsetParent !== null ) {                        debouncedTriggerPostRender();                        observer.disconnect();                    }                });            });            observer.observe( document.body, {                attributes: true,                childList: false,                subtree: true,                attributeFilter: [ 'style', 'class' ],            });        } else {            triggerPostRender();        }    } );} ); \n\/* ]]> *\/\n<\/script>\n","protected":false},"excerpt":{"rendered":"<p>La nostra offerta di formazione professionale e formazione continua Nel mondo professionale di oggi, \u00e8 essenziale ampliare costantemente le proprie conoscenze e competenze. Le persone che proseguono continuamente la loro formazione hanno maggiori possibilit\u00e0 nella vita professionale &#8211; sia sul posto di lavoro esistente che quando si candidano per un nuovo datore di lavoro. Un&#8217;azienda [&hellip;]<\/p>\n","protected":false},"author":2,"featured_media":2450,"parent":17355,"menu_order":20,"comment_status":"closed","ping_status":"closed","template":"","meta":{"_acf_changed":false,"footnotes":""},"class_list":["post-17359","page","type-page","status-publish","has-post-thumbnail","hentry"],"acf":[],"yoast_head":"<!-- This site is optimized with the Yoast SEO Premium plugin v26.7 (Yoast SEO v26.7) - https:\/\/yoast.com\/wordpress\/plugins\/seo\/ -->\n<title>Offerta formativa - Investire nel vostro successo - Scuola Professionale Richemont<\/title>\n<meta name=\"description\" content=\"La nostra offerta formativa: pratica, orientata agli obiettivi e ai risultati, affinch\u00e9 possiate affrontare con successo le sfide del mercato.\" \/>\n<meta name=\"robots\" content=\"index, follow, max-snippet:-1, max-image-preview:large, max-video-preview:-1\" \/>\n<link rel=\"canonical\" href=\"https:\/\/richemont.swiss\/it\/formazione\/offerta-formativa\/\" \/>\n<meta property=\"og:locale\" content=\"it_IT\" \/>\n<meta property=\"og:type\" content=\"article\" \/>\n<meta property=\"og:title\" content=\"Investite nel vostro successo\" \/>\n<meta property=\"og:description\" content=\"La nostra offerta formativa: pratica, orientata agli obiettivi e ai risultati, affinch\u00e9 possiate affrontare con successo le sfide del mercato.\" \/>\n<meta property=\"og:url\" content=\"https:\/\/richemont.swiss\/it\/formazione\/offerta-formativa\/\" \/>\n<meta property=\"og:site_name\" content=\"Richemont\" \/>\n<meta property=\"article:modified_time\" content=\"2025-09-25T11:59:38+00:00\" \/>\n<meta property=\"og:image\" content=\"https:\/\/richemont.swiss\/wp-content\/uploads\/2019\/03\/richemont_bildung_02.jpg\" \/>\n\t<meta property=\"og:image:width\" content=\"5616\" \/>\n\t<meta property=\"og:image:height\" content=\"3744\" \/>\n\t<meta property=\"og:image:type\" content=\"image\/jpeg\" \/>\n<meta name=\"twitter:card\" content=\"summary_large_image\" \/>\n<meta name=\"twitter:label1\" content=\"Tempo di lettura stimato\" \/>\n\t<meta name=\"twitter:data1\" content=\"2 minuti\" \/>\n<script type=\"application\/ld+json\" class=\"yoast-schema-graph\">{\"@context\":\"https:\/\/schema.org\",\"@graph\":[{\"@type\":\"WebPage\",\"@id\":\"https:\/\/richemont.swiss\/it\/formazione\/offerta-formativa\/\",\"url\":\"https:\/\/richemont.swiss\/it\/formazione\/offerta-formativa\/\",\"name\":\"Offerta formativa - Investire nel vostro successo - Scuola Professionale Richemont\",\"isPartOf\":{\"@id\":\"https:\/\/richemont.swiss\/it\/#website\"},\"primaryImageOfPage\":{\"@id\":\"https:\/\/richemont.swiss\/it\/formazione\/offerta-formativa\/#primaryimage\"},\"image\":{\"@id\":\"https:\/\/richemont.swiss\/it\/formazione\/offerta-formativa\/#primaryimage\"},\"thumbnailUrl\":\"https:\/\/richemont.swiss\/wp-content\/uploads\/2019\/03\/richemont_bildung_02.jpg\",\"datePublished\":\"2019-02-17T15:35:14+00:00\",\"dateModified\":\"2025-09-25T11:59:38+00:00\",\"description\":\"La nostra offerta formativa: pratica, orientata agli obiettivi e ai risultati, affinch\u00e9 possiate affrontare con successo le sfide del mercato.\",\"breadcrumb\":{\"@id\":\"https:\/\/richemont.swiss\/it\/formazione\/offerta-formativa\/#breadcrumb\"},\"inLanguage\":\"it-IT\",\"potentialAction\":[{\"@type\":\"ReadAction\",\"target\":[\"https:\/\/richemont.swiss\/it\/formazione\/offerta-formativa\/\"]}]},{\"@type\":\"ImageObject\",\"inLanguage\":\"it-IT\",\"@id\":\"https:\/\/richemont.swiss\/it\/formazione\/offerta-formativa\/#primaryimage\",\"url\":\"https:\/\/richemont.swiss\/wp-content\/uploads\/2019\/03\/richemont_bildung_02.jpg\",\"contentUrl\":\"https:\/\/richemont.swiss\/wp-content\/uploads\/2019\/03\/richemont_bildung_02.jpg\",\"width\":5616,\"height\":3744,\"caption\":\"Richemont Fachschule Bildungsangebote\"},{\"@type\":\"BreadcrumbList\",\"@id\":\"https:\/\/richemont.swiss\/it\/formazione\/offerta-formativa\/#breadcrumb\",\"itemListElement\":[{\"@type\":\"ListItem\",\"position\":1,\"name\":\"Home\",\"item\":\"https:\/\/richemont.swiss\/it\/\"},{\"@type\":\"ListItem\",\"position\":2,\"name\":\"La nostra passione per il mestiere\",\"item\":\"https:\/\/richemont.swiss\/it\/formazione\/\"},{\"@type\":\"ListItem\",\"position\":3,\"name\":\"Investite nel vostro successo\"}]},{\"@type\":\"WebSite\",\"@id\":\"https:\/\/richemont.swiss\/it\/#website\",\"url\":\"https:\/\/richemont.swiss\/it\/\",\"name\":\"Richemont\",\"description\":\"\",\"potentialAction\":[{\"@type\":\"SearchAction\",\"target\":{\"@type\":\"EntryPoint\",\"urlTemplate\":\"https:\/\/richemont.swiss\/it\/?s={search_term_string}\"},\"query-input\":{\"@type\":\"PropertyValueSpecification\",\"valueRequired\":true,\"valueName\":\"search_term_string\"}}],\"inLanguage\":\"it-IT\"}]}<\/script>\n<!-- \/ Yoast SEO Premium plugin. -->","yoast_head_json":{"title":"Offerta formativa - Investire nel vostro successo - Scuola Professionale Richemont","description":"La nostra offerta formativa: pratica, orientata agli obiettivi e ai risultati, affinch\u00e9 possiate affrontare con successo le sfide del mercato.","robots":{"index":"index","follow":"follow","max-snippet":"max-snippet:-1","max-image-preview":"max-image-preview:large","max-video-preview":"max-video-preview:-1"},"canonical":"https:\/\/richemont.swiss\/it\/formazione\/offerta-formativa\/","og_locale":"it_IT","og_type":"article","og_title":"Investite nel vostro successo","og_description":"La nostra offerta formativa: pratica, orientata agli obiettivi e ai risultati, affinch\u00e9 possiate affrontare con successo le sfide del mercato.","og_url":"https:\/\/richemont.swiss\/it\/formazione\/offerta-formativa\/","og_site_name":"Richemont","article_modified_time":"2025-09-25T11:59:38+00:00","og_image":[{"width":5616,"height":3744,"url":"https:\/\/richemont.swiss\/wp-content\/uploads\/2019\/03\/richemont_bildung_02.jpg","type":"image\/jpeg"}],"twitter_card":"summary_large_image","twitter_misc":{"Tempo di lettura stimato":"2 minuti"},"schema":{"@context":"https:\/\/schema.org","@graph":[{"@type":"WebPage","@id":"https:\/\/richemont.swiss\/it\/formazione\/offerta-formativa\/","url":"https:\/\/richemont.swiss\/it\/formazione\/offerta-formativa\/","name":"Offerta formativa - Investire nel vostro successo - Scuola Professionale Richemont","isPartOf":{"@id":"https:\/\/richemont.swiss\/it\/#website"},"primaryImageOfPage":{"@id":"https:\/\/richemont.swiss\/it\/formazione\/offerta-formativa\/#primaryimage"},"image":{"@id":"https:\/\/richemont.swiss\/it\/formazione\/offerta-formativa\/#primaryimage"},"thumbnailUrl":"https:\/\/richemont.swiss\/wp-content\/uploads\/2019\/03\/richemont_bildung_02.jpg","datePublished":"2019-02-17T15:35:14+00:00","dateModified":"2025-09-25T11:59:38+00:00","description":"La nostra offerta formativa: pratica, orientata agli obiettivi e ai risultati, affinch\u00e9 possiate affrontare con successo le sfide del mercato.","breadcrumb":{"@id":"https:\/\/richemont.swiss\/it\/formazione\/offerta-formativa\/#breadcrumb"},"inLanguage":"it-IT","potentialAction":[{"@type":"ReadAction","target":["https:\/\/richemont.swiss\/it\/formazione\/offerta-formativa\/"]}]},{"@type":"ImageObject","inLanguage":"it-IT","@id":"https:\/\/richemont.swiss\/it\/formazione\/offerta-formativa\/#primaryimage","url":"https:\/\/richemont.swiss\/wp-content\/uploads\/2019\/03\/richemont_bildung_02.jpg","contentUrl":"https:\/\/richemont.swiss\/wp-content\/uploads\/2019\/03\/richemont_bildung_02.jpg","width":5616,"height":3744,"caption":"Richemont Fachschule Bildungsangebote"},{"@type":"BreadcrumbList","@id":"https:\/\/richemont.swiss\/it\/formazione\/offerta-formativa\/#breadcrumb","itemListElement":[{"@type":"ListItem","position":1,"name":"Home","item":"https:\/\/richemont.swiss\/it\/"},{"@type":"ListItem","position":2,"name":"La nostra passione per il mestiere","item":"https:\/\/richemont.swiss\/it\/formazione\/"},{"@type":"ListItem","position":3,"name":"Investite nel vostro successo"}]},{"@type":"WebSite","@id":"https:\/\/richemont.swiss\/it\/#website","url":"https:\/\/richemont.swiss\/it\/","name":"Richemont","description":"","potentialAction":[{"@type":"SearchAction","target":{"@type":"EntryPoint","urlTemplate":"https:\/\/richemont.swiss\/it\/?s={search_term_string}"},"query-input":{"@type":"PropertyValueSpecification","valueRequired":true,"valueName":"search_term_string"}}],"inLanguage":"it-IT"}]}},"_links":{"self":[{"href":"https:\/\/richemont.swiss\/it\/wp-json\/wp\/v2\/pages\/17359","targetHints":{"allow":["GET"]}}],"collection":[{"href":"https:\/\/richemont.swiss\/it\/wp-json\/wp\/v2\/pages"}],"about":[{"href":"https:\/\/richemont.swiss\/it\/wp-json\/wp\/v2\/types\/page"}],"author":[{"embeddable":true,"href":"https:\/\/richemont.swiss\/it\/wp-json\/wp\/v2\/users\/2"}],"replies":[{"embeddable":true,"href":"https:\/\/richemont.swiss\/it\/wp-json\/wp\/v2\/comments?post=17359"}],"version-history":[{"count":0,"href":"https:\/\/richemont.swiss\/it\/wp-json\/wp\/v2\/pages\/17359\/revisions"}],"up":[{"embeddable":true,"href":"https:\/\/richemont.swiss\/it\/wp-json\/wp\/v2\/pages\/17355"}],"wp:featuredmedia":[{"embeddable":true,"href":"https:\/\/richemont.swiss\/it\/wp-json\/wp\/v2\/media\/2450"}],"wp:attachment":[{"href":"https:\/\/richemont.swiss\/it\/wp-json\/wp\/v2\/media?parent=17359"}],"curies":[{"name":"wp","href":"https:\/\/api.w.org\/{rel}","templated":true}]}}