{"id":17292,"date":"2019-09-25T06:20:40","date_gmt":"2019-09-25T04:20:40","guid":{"rendered":"https:\/\/richemont.swiss\/?page_id=17292"},"modified":"2022-11-11T08:40:18","modified_gmt":"2022-11-11T07:40:18","slug":"promozione-dei-giovani-talenti","status":"publish","type":"page","link":"https:\/\/richemont.swiss\/it\/azienda\/promozione-dei-giovani-talenti\/","title":{"rendered":"Impegno verso i giovani professionisti"},"content":{"rendered":"\n<h2 class=\"wp-block-heading\" id=\"h-creiamo-campioni-del-mondo\">Creiamo Campioni del Mondo<\/h2>\n\n\n\n<p>La Scuola professionale Richemont supervisiona e forma i migliori professionisti Svizzeri nel settore della panetteria e della pasticceria e confetteria per i WorldSkills, il pi\u00f9 grande evento di formazione professionale del mondo. Dopo aver concluso il loro apprendistato in un&#8217;azienda di formazione, i giovani talenti si preparano intensamente e con grande impegno presso il centro di competenza di Lucerna &#8211; e con successo! <\/p>\n\n\n\n<p>Alla WorldSkills Competition 2022 Special Edition di Lucerna, la ventitreenne Juliana Th\u00f6ny ha vinto la medaglia d&#8217;oro nella specialit\u00e0 di pasticceria e la ventunenne Vera Stocker la medaglia di bronzo nella specialit\u00e0 di panetteria-pasticceria. Dopo Ramona Bolliger (oro ad Abu Dhabi 2017) e Sonja Durrer (oro a Kazan 2019), la Svizzera ha vinto per la terza volta consecutiva una medaglia d&#8217;oro ai Campionati mondiali di abilit\u00e0.<\/p>\n\n\n\n<p>I quattro concorrenti sono tra i migliori nel loro campo a livello mondiale. Per loro, partecipare a questi campionati \u00e8 un inizio perfetto della carriera professionale.<\/p>\n\n\n\n<p>Richemont non si impegna solo per una buona <a href=\"https:\/\/richemont.swiss\/it\/formazione\/\">formazione<\/a> professionale e formazione continua, ma anche per la promozione mirata di professionisti di alto livello.<\/p>\n\n\n\n<figure class=\"wp-block-embed is-type-video is-provider-youtube wp-block-embed-youtube wp-embed-aspect-16-9 wp-has-aspect-ratio\"><div class=\"wp-block-embed__wrapper\">\n<iframe loading=\"lazy\" title=\"Highlight Video WorldSkills 2022 Competition EN\" width=\"500\" height=\"281\" src=\"https:\/\/www.youtube.com\/embed\/5X8eEpDt0eU?feature=oembed\" frameborder=\"0\" allow=\"accelerometer; autoplay; clipboard-write; encrypted-media; gyroscope; picture-in-picture; web-share\" referrerpolicy=\"strict-origin-when-cross-origin\" allowfullscreen><\/iframe>\n<\/div><\/figure>\n","protected":false},"excerpt":{"rendered":"<p>Creiamo Campioni del Mondo La Scuola professionale Richemont supervisiona e forma i migliori professionisti Svizzeri nel settore della panetteria e della pasticceria e confetteria per i WorldSkills, il pi\u00f9 grande evento di formazione professionale del mondo. Dopo aver concluso il loro apprendistato in un&#8217;azienda di formazione, i giovani talenti si preparano intensamente e con grande [&hellip;]<\/p>\n","protected":false},"author":2,"featured_media":40730,"parent":17242,"menu_order":400,"comment_status":"closed","ping_status":"closed","template":"","meta":{"_acf_changed":false,"footnotes":""},"class_list":["post-17292","page","type-page","status-publish","has-post-thumbnail","hentry"],"acf":[],"yoast_head":"<!-- This site is optimized with the Yoast SEO Premium plugin v26.7 (Yoast SEO v26.7) - https:\/\/yoast.com\/wordpress\/plugins\/seo\/ -->\n<title>Promozione dei giovani talenti - WorldSkills - Scuola Professionale Richemont<\/title>\n<meta name=\"description\" content=\"La Scuola professionale Richemont supervisiona e forma i migliori professionisti in Svizzera nel campo della panetteria-pasticceria e confetteria per i WorldSkills.\" \/>\n<meta name=\"robots\" content=\"index, follow, max-snippet:-1, max-image-preview:large, max-video-preview:-1\" \/>\n<link rel=\"canonical\" href=\"https:\/\/richemont.swiss\/it\/azienda\/promozione-dei-giovani-talenti\/\" \/>\n<meta property=\"og:locale\" content=\"it_IT\" \/>\n<meta property=\"og:type\" content=\"article\" \/>\n<meta property=\"og:title\" content=\"Impegno verso i giovani professionisti\" \/>\n<meta property=\"og:description\" content=\"La Scuola professionale Richemont supervisiona e forma i migliori professionisti in Svizzera nel campo della panetteria-pasticceria e confetteria per i WorldSkills.\" \/>\n<meta property=\"og:url\" content=\"https:\/\/richemont.swiss\/it\/azienda\/promozione-dei-giovani-talenti\/\" \/>\n<meta property=\"og:site_name\" content=\"Richemont\" \/>\n<meta property=\"article:modified_time\" content=\"2022-11-11T07:40:18+00:00\" \/>\n<meta property=\"og:image\" content=\"https:\/\/richemont.swiss\/wp-content\/uploads\/2022\/10\/richemont_unternehmen_fachschule_51-scaled.jpg\" \/>\n\t<meta property=\"og:image:width\" content=\"2560\" \/>\n\t<meta property=\"og:image:height\" content=\"1072\" \/>\n\t<meta property=\"og:image:type\" content=\"image\/jpeg\" \/>\n<meta name=\"twitter:card\" content=\"summary_large_image\" \/>\n<meta name=\"twitter:label1\" content=\"Tempo di lettura stimato\" \/>\n\t<meta name=\"twitter:data1\" content=\"1 minuto\" \/>\n<script type=\"application\/ld+json\" class=\"yoast-schema-graph\">{\"@context\":\"https:\/\/schema.org\",\"@graph\":[{\"@type\":\"WebPage\",\"@id\":\"https:\/\/richemont.swiss\/it\/azienda\/promozione-dei-giovani-talenti\/\",\"url\":\"https:\/\/richemont.swiss\/it\/azienda\/promozione-dei-giovani-talenti\/\",\"name\":\"Promozione dei giovani talenti - WorldSkills - Scuola Professionale Richemont\",\"isPartOf\":{\"@id\":\"https:\/\/richemont.swiss\/it\/#website\"},\"primaryImageOfPage\":{\"@id\":\"https:\/\/richemont.swiss\/it\/azienda\/promozione-dei-giovani-talenti\/#primaryimage\"},\"image\":{\"@id\":\"https:\/\/richemont.swiss\/it\/azienda\/promozione-dei-giovani-talenti\/#primaryimage\"},\"thumbnailUrl\":\"https:\/\/richemont.swiss\/wp-content\/uploads\/2022\/10\/richemont_unternehmen_fachschule_51-scaled.jpg\",\"datePublished\":\"2019-09-25T04:20:40+00:00\",\"dateModified\":\"2022-11-11T07:40:18+00:00\",\"description\":\"La Scuola professionale Richemont supervisiona e forma i migliori professionisti in Svizzera nel campo della panetteria-pasticceria e confetteria per i WorldSkills.\",\"breadcrumb\":{\"@id\":\"https:\/\/richemont.swiss\/it\/azienda\/promozione-dei-giovani-talenti\/#breadcrumb\"},\"inLanguage\":\"it-IT\",\"potentialAction\":[{\"@type\":\"ReadAction\",\"target\":[\"https:\/\/richemont.swiss\/it\/azienda\/promozione-dei-giovani-talenti\/\"]}]},{\"@type\":\"ImageObject\",\"inLanguage\":\"it-IT\",\"@id\":\"https:\/\/richemont.swiss\/it\/azienda\/promozione-dei-giovani-talenti\/#primaryimage\",\"url\":\"https:\/\/richemont.swiss\/wp-content\/uploads\/2022\/10\/richemont_unternehmen_fachschule_51-scaled.jpg\",\"contentUrl\":\"https:\/\/richemont.swiss\/wp-content\/uploads\/2022\/10\/richemont_unternehmen_fachschule_51-scaled.jpg\",\"width\":2560,\"height\":1072},{\"@type\":\"BreadcrumbList\",\"@id\":\"https:\/\/richemont.swiss\/it\/azienda\/promozione-dei-giovani-talenti\/#breadcrumb\",\"itemListElement\":[{\"@type\":\"ListItem\",\"position\":1,\"name\":\"Home\",\"item\":\"https:\/\/richemont.swiss\/it\/\"},{\"@type\":\"ListItem\",\"position\":2,\"name\":\"Centro di competenza Richemont\",\"item\":\"https:\/\/richemont.swiss\/it\/azienda\/\"},{\"@type\":\"ListItem\",\"position\":3,\"name\":\"Impegno verso i giovani professionisti\"}]},{\"@type\":\"WebSite\",\"@id\":\"https:\/\/richemont.swiss\/it\/#website\",\"url\":\"https:\/\/richemont.swiss\/it\/\",\"name\":\"Richemont\",\"description\":\"\",\"potentialAction\":[{\"@type\":\"SearchAction\",\"target\":{\"@type\":\"EntryPoint\",\"urlTemplate\":\"https:\/\/richemont.swiss\/it\/?s={search_term_string}\"},\"query-input\":{\"@type\":\"PropertyValueSpecification\",\"valueRequired\":true,\"valueName\":\"search_term_string\"}}],\"inLanguage\":\"it-IT\"}]}<\/script>\n<!-- \/ Yoast SEO Premium plugin. -->","yoast_head_json":{"title":"Promozione dei giovani talenti - WorldSkills - Scuola Professionale Richemont","description":"La Scuola professionale Richemont supervisiona e forma i migliori professionisti in Svizzera nel campo della panetteria-pasticceria e confetteria per i WorldSkills.","robots":{"index":"index","follow":"follow","max-snippet":"max-snippet:-1","max-image-preview":"max-image-preview:large","max-video-preview":"max-video-preview:-1"},"canonical":"https:\/\/richemont.swiss\/it\/azienda\/promozione-dei-giovani-talenti\/","og_locale":"it_IT","og_type":"article","og_title":"Impegno verso i giovani professionisti","og_description":"La Scuola professionale Richemont supervisiona e forma i migliori professionisti in Svizzera nel campo della panetteria-pasticceria e confetteria per i WorldSkills.","og_url":"https:\/\/richemont.swiss\/it\/azienda\/promozione-dei-giovani-talenti\/","og_site_name":"Richemont","article_modified_time":"2022-11-11T07:40:18+00:00","og_image":[{"width":2560,"height":1072,"url":"https:\/\/richemont.swiss\/wp-content\/uploads\/2022\/10\/richemont_unternehmen_fachschule_51-scaled.jpg","type":"image\/jpeg"}],"twitter_card":"summary_large_image","twitter_misc":{"Tempo di lettura stimato":"1 minuto"},"schema":{"@context":"https:\/\/schema.org","@graph":[{"@type":"WebPage","@id":"https:\/\/richemont.swiss\/it\/azienda\/promozione-dei-giovani-talenti\/","url":"https:\/\/richemont.swiss\/it\/azienda\/promozione-dei-giovani-talenti\/","name":"Promozione dei giovani talenti - WorldSkills - Scuola Professionale Richemont","isPartOf":{"@id":"https:\/\/richemont.swiss\/it\/#website"},"primaryImageOfPage":{"@id":"https:\/\/richemont.swiss\/it\/azienda\/promozione-dei-giovani-talenti\/#primaryimage"},"image":{"@id":"https:\/\/richemont.swiss\/it\/azienda\/promozione-dei-giovani-talenti\/#primaryimage"},"thumbnailUrl":"https:\/\/richemont.swiss\/wp-content\/uploads\/2022\/10\/richemont_unternehmen_fachschule_51-scaled.jpg","datePublished":"2019-09-25T04:20:40+00:00","dateModified":"2022-11-11T07:40:18+00:00","description":"La Scuola professionale Richemont supervisiona e forma i migliori professionisti in Svizzera nel campo della panetteria-pasticceria e confetteria per i WorldSkills.","breadcrumb":{"@id":"https:\/\/richemont.swiss\/it\/azienda\/promozione-dei-giovani-talenti\/#breadcrumb"},"inLanguage":"it-IT","potentialAction":[{"@type":"ReadAction","target":["https:\/\/richemont.swiss\/it\/azienda\/promozione-dei-giovani-talenti\/"]}]},{"@type":"ImageObject","inLanguage":"it-IT","@id":"https:\/\/richemont.swiss\/it\/azienda\/promozione-dei-giovani-talenti\/#primaryimage","url":"https:\/\/richemont.swiss\/wp-content\/uploads\/2022\/10\/richemont_unternehmen_fachschule_51-scaled.jpg","contentUrl":"https:\/\/richemont.swiss\/wp-content\/uploads\/2022\/10\/richemont_unternehmen_fachschule_51-scaled.jpg","width":2560,"height":1072},{"@type":"BreadcrumbList","@id":"https:\/\/richemont.swiss\/it\/azienda\/promozione-dei-giovani-talenti\/#breadcrumb","itemListElement":[{"@type":"ListItem","position":1,"name":"Home","item":"https:\/\/richemont.swiss\/it\/"},{"@type":"ListItem","position":2,"name":"Centro di competenza Richemont","item":"https:\/\/richemont.swiss\/it\/azienda\/"},{"@type":"ListItem","position":3,"name":"Impegno verso i giovani professionisti"}]},{"@type":"WebSite","@id":"https:\/\/richemont.swiss\/it\/#website","url":"https:\/\/richemont.swiss\/it\/","name":"Richemont","description":"","potentialAction":[{"@type":"SearchAction","target":{"@type":"EntryPoint","urlTemplate":"https:\/\/richemont.swiss\/it\/?s={search_term_string}"},"query-input":{"@type":"PropertyValueSpecification","valueRequired":true,"valueName":"search_term_string"}}],"inLanguage":"it-IT"}]}},"_links":{"self":[{"href":"https:\/\/richemont.swiss\/it\/wp-json\/wp\/v2\/pages\/17292","targetHints":{"allow":["GET"]}}],"collection":[{"href":"https:\/\/richemont.swiss\/it\/wp-json\/wp\/v2\/pages"}],"about":[{"href":"https:\/\/richemont.swiss\/it\/wp-json\/wp\/v2\/types\/page"}],"author":[{"embeddable":true,"href":"https:\/\/richemont.swiss\/it\/wp-json\/wp\/v2\/users\/2"}],"replies":[{"embeddable":true,"href":"https:\/\/richemont.swiss\/it\/wp-json\/wp\/v2\/comments?post=17292"}],"version-history":[{"count":0,"href":"https:\/\/richemont.swiss\/it\/wp-json\/wp\/v2\/pages\/17292\/revisions"}],"up":[{"embeddable":true,"href":"https:\/\/richemont.swiss\/it\/wp-json\/wp\/v2\/pages\/17242"}],"wp:featuredmedia":[{"embeddable":true,"href":"https:\/\/richemont.swiss\/it\/wp-json\/wp\/v2\/media\/40730"}],"wp:attachment":[{"href":"https:\/\/richemont.swiss\/it\/wp-json\/wp\/v2\/media?parent=17292"}],"curies":[{"name":"wp","href":"https:\/\/api.w.org\/{rel}","templated":true}]}}