{"id":17269,"date":"2019-02-17T10:50:39","date_gmt":"2019-02-17T09:50:39","guid":{"rendered":"https:\/\/richemont.swiss\/?page_id=17269"},"modified":"2025-10-09T08:50:31","modified_gmt":"2025-10-09T06:50:31","slug":"organizzazione","status":"publish","type":"page","link":"https:\/\/richemont.swiss\/it\/azienda\/organizzazione\/","title":{"rendered":"Ci presentiamo"},"content":{"rendered":"\n<p>Richemont \u00e8 costituita da due societ\u00e0 legalmente indipendenti.<\/p>\n\n\n\n<p>La Fondazione Richemont comprende l&#8217;istruzione professionale e la <a href=\"https:\/\/richemont.swiss\/it\/formazione\/\">formazione<\/a> continua completa, il settore alberghiero e della <a href=\"https:\/\/richemont-gastro.ch\/\">ristorazione<\/a>, nonch\u00e9 la <a href=\"https:\/\/richemont.swiss\/it\/servizi\/\">gestione della qualit\u00e0<\/a> delle materie prime e dei prodotti.<\/p>\n\n\n\n<p>La Richemont Dienstleistungs AG \u00e8 composta dalla propria casa <a href=\"https:\/\/richemont.swiss\/it\/editore\/\">editrice<\/a> con edizioni di <a href=\"https:\/\/richemont.swiss\/it\/editore\/casa-editrice\/libri\/\">libri<\/a>, <a href=\"https:\/\/richemont.swiss\/it\/editore\/casa-editrice\/materiale-didattico\/\">materiale didattico<\/a>, la rivista specializzata Richemont, opuscoli, software e un <a href=\"https:\/\/richemont.swiss\/it\/servizi\/\">servizio<\/a> di consulenza completo.<\/p>\n\n\n\n<p>Sia il capitale della fondazione che il capitale azionario sono di propriet\u00e0 al 100% dell&#8217;<a href=\"https:\/\/swissbaker.ch\/\">Associazione Svizzera dei maestri panettieri e pasticceri<\/a> (SBC).<\/p>\n\n\n\n<div class=\"wp-block-file\"><a id=\"wp-block-file--media-675deb03-2068-47a0-b364-fd99bb0c3761\" href=\"https:\/\/richemont.swiss\/wp-content\/uploads\/2025\/10\/richemont-centre-de-competences-organigramme.pdf\">Grafico dell&#8217;organissazione (francese)<\/a><a href=\"https:\/\/richemont.swiss\/wp-content\/uploads\/2025\/10\/richemont-centre-de-competences-organigramme.pdf\" class=\"wp-block-file__button wp-element-button\" download aria-describedby=\"wp-block-file--media-675deb03-2068-47a0-b364-fd99bb0c3761\">Herunterladen<\/a><\/div>\n","protected":false},"excerpt":{"rendered":"<p>Richemont \u00e8 costituita da due societ\u00e0 legalmente indipendenti. La Fondazione Richemont comprende l&#8217;istruzione professionale e la formazione continua completa, il settore alberghiero e della ristorazione, nonch\u00e9 la gestione della qualit\u00e0 delle materie prime e dei prodotti. La Richemont Dienstleistungs AG \u00e8 composta dalla propria casa editrice con edizioni di libri, materiale didattico, la rivista specializzata [&hellip;]<\/p>\n","protected":false},"author":2,"featured_media":40707,"parent":17242,"menu_order":200,"comment_status":"closed","ping_status":"closed","template":"page-team.php","meta":{"_acf_changed":false,"footnotes":""},"class_list":["post-17269","page","type-page","status-publish","has-post-thumbnail","hentry"],"acf":[],"yoast_head":"<!-- This site is optimized with the Yoast SEO Premium plugin v26.7 (Yoast SEO v26.7) - https:\/\/yoast.com\/wordpress\/plugins\/seo\/ -->\n<title>Organizzazione e Team - Ci presentiamo - Scuola Professionale di Richemont<\/title>\n<meta name=\"description\" content=\"Organizzazione: Richemont \u00e8 composta da due societ\u00e0 legalmente indipendenti - Fondazione Richemont e Richemont Servizi Ltd.\" \/>\n<meta name=\"robots\" content=\"index, follow, max-snippet:-1, max-image-preview:large, max-video-preview:-1\" \/>\n<link rel=\"canonical\" href=\"https:\/\/richemont.swiss\/it\/azienda\/organizzazione\/\" \/>\n<meta property=\"og:locale\" content=\"it_IT\" \/>\n<meta property=\"og:type\" content=\"article\" \/>\n<meta property=\"og:title\" content=\"Ci presentiamo\" \/>\n<meta property=\"og:description\" content=\"Organizzazione: Richemont \u00e8 composta da due societ\u00e0 legalmente indipendenti - Fondazione Richemont e Richemont Servizi Ltd.\" \/>\n<meta property=\"og:url\" content=\"https:\/\/richemont.swiss\/it\/azienda\/organizzazione\/\" \/>\n<meta property=\"og:site_name\" content=\"Richemont\" \/>\n<meta property=\"article:modified_time\" content=\"2025-10-09T06:50:31+00:00\" \/>\n<meta property=\"og:image\" content=\"https:\/\/richemont.swiss\/wp-content\/uploads\/2022\/10\/richemont_unternehmen_fachschule_49-scaled.jpg\" \/>\n\t<meta property=\"og:image:width\" content=\"2560\" \/>\n\t<meta property=\"og:image:height\" content=\"1072\" \/>\n\t<meta property=\"og:image:type\" content=\"image\/jpeg\" \/>\n<meta name=\"twitter:card\" content=\"summary_large_image\" \/>\n<meta name=\"twitter:label1\" content=\"Tempo di lettura stimato\" \/>\n\t<meta name=\"twitter:data1\" content=\"1 minuto\" \/>\n<script type=\"application\/ld+json\" class=\"yoast-schema-graph\">{\"@context\":\"https:\/\/schema.org\",\"@graph\":[{\"@type\":\"WebPage\",\"@id\":\"https:\/\/richemont.swiss\/it\/azienda\/organizzazione\/\",\"url\":\"https:\/\/richemont.swiss\/it\/azienda\/organizzazione\/\",\"name\":\"Organizzazione e Team - Ci presentiamo - Scuola Professionale di Richemont\",\"isPartOf\":{\"@id\":\"https:\/\/richemont.swiss\/it\/#website\"},\"primaryImageOfPage\":{\"@id\":\"https:\/\/richemont.swiss\/it\/azienda\/organizzazione\/#primaryimage\"},\"image\":{\"@id\":\"https:\/\/richemont.swiss\/it\/azienda\/organizzazione\/#primaryimage\"},\"thumbnailUrl\":\"https:\/\/richemont.swiss\/wp-content\/uploads\/2022\/10\/richemont_unternehmen_fachschule_49-scaled.jpg\",\"datePublished\":\"2019-02-17T09:50:39+00:00\",\"dateModified\":\"2025-10-09T06:50:31+00:00\",\"description\":\"Organizzazione: Richemont \u00e8 composta da due societ\u00e0 legalmente indipendenti - Fondazione Richemont e Richemont Servizi Ltd.\",\"breadcrumb\":{\"@id\":\"https:\/\/richemont.swiss\/it\/azienda\/organizzazione\/#breadcrumb\"},\"inLanguage\":\"it-IT\",\"potentialAction\":[{\"@type\":\"ReadAction\",\"target\":[\"https:\/\/richemont.swiss\/it\/azienda\/organizzazione\/\"]}]},{\"@type\":\"ImageObject\",\"inLanguage\":\"it-IT\",\"@id\":\"https:\/\/richemont.swiss\/it\/azienda\/organizzazione\/#primaryimage\",\"url\":\"https:\/\/richemont.swiss\/wp-content\/uploads\/2022\/10\/richemont_unternehmen_fachschule_49-scaled.jpg\",\"contentUrl\":\"https:\/\/richemont.swiss\/wp-content\/uploads\/2022\/10\/richemont_unternehmen_fachschule_49-scaled.jpg\",\"width\":2560,\"height\":1072},{\"@type\":\"BreadcrumbList\",\"@id\":\"https:\/\/richemont.swiss\/it\/azienda\/organizzazione\/#breadcrumb\",\"itemListElement\":[{\"@type\":\"ListItem\",\"position\":1,\"name\":\"Home\",\"item\":\"https:\/\/richemont.swiss\/it\/\"},{\"@type\":\"ListItem\",\"position\":2,\"name\":\"Centro di competenza Richemont\",\"item\":\"https:\/\/richemont.swiss\/it\/azienda\/\"},{\"@type\":\"ListItem\",\"position\":3,\"name\":\"Ci presentiamo\"}]},{\"@type\":\"WebSite\",\"@id\":\"https:\/\/richemont.swiss\/it\/#website\",\"url\":\"https:\/\/richemont.swiss\/it\/\",\"name\":\"Richemont\",\"description\":\"\",\"potentialAction\":[{\"@type\":\"SearchAction\",\"target\":{\"@type\":\"EntryPoint\",\"urlTemplate\":\"https:\/\/richemont.swiss\/it\/?s={search_term_string}\"},\"query-input\":{\"@type\":\"PropertyValueSpecification\",\"valueRequired\":true,\"valueName\":\"search_term_string\"}}],\"inLanguage\":\"it-IT\"}]}<\/script>\n<!-- \/ Yoast SEO Premium plugin. -->","yoast_head_json":{"title":"Organizzazione e Team - Ci presentiamo - Scuola Professionale di Richemont","description":"Organizzazione: Richemont \u00e8 composta da due societ\u00e0 legalmente indipendenti - Fondazione Richemont e Richemont Servizi Ltd.","robots":{"index":"index","follow":"follow","max-snippet":"max-snippet:-1","max-image-preview":"max-image-preview:large","max-video-preview":"max-video-preview:-1"},"canonical":"https:\/\/richemont.swiss\/it\/azienda\/organizzazione\/","og_locale":"it_IT","og_type":"article","og_title":"Ci presentiamo","og_description":"Organizzazione: Richemont \u00e8 composta da due societ\u00e0 legalmente indipendenti - Fondazione Richemont e Richemont Servizi Ltd.","og_url":"https:\/\/richemont.swiss\/it\/azienda\/organizzazione\/","og_site_name":"Richemont","article_modified_time":"2025-10-09T06:50:31+00:00","og_image":[{"width":2560,"height":1072,"url":"https:\/\/richemont.swiss\/wp-content\/uploads\/2022\/10\/richemont_unternehmen_fachschule_49-scaled.jpg","type":"image\/jpeg"}],"twitter_card":"summary_large_image","twitter_misc":{"Tempo di lettura stimato":"1 minuto"},"schema":{"@context":"https:\/\/schema.org","@graph":[{"@type":"WebPage","@id":"https:\/\/richemont.swiss\/it\/azienda\/organizzazione\/","url":"https:\/\/richemont.swiss\/it\/azienda\/organizzazione\/","name":"Organizzazione e Team - Ci presentiamo - Scuola Professionale di Richemont","isPartOf":{"@id":"https:\/\/richemont.swiss\/it\/#website"},"primaryImageOfPage":{"@id":"https:\/\/richemont.swiss\/it\/azienda\/organizzazione\/#primaryimage"},"image":{"@id":"https:\/\/richemont.swiss\/it\/azienda\/organizzazione\/#primaryimage"},"thumbnailUrl":"https:\/\/richemont.swiss\/wp-content\/uploads\/2022\/10\/richemont_unternehmen_fachschule_49-scaled.jpg","datePublished":"2019-02-17T09:50:39+00:00","dateModified":"2025-10-09T06:50:31+00:00","description":"Organizzazione: Richemont \u00e8 composta da due societ\u00e0 legalmente indipendenti - Fondazione Richemont e Richemont Servizi Ltd.","breadcrumb":{"@id":"https:\/\/richemont.swiss\/it\/azienda\/organizzazione\/#breadcrumb"},"inLanguage":"it-IT","potentialAction":[{"@type":"ReadAction","target":["https:\/\/richemont.swiss\/it\/azienda\/organizzazione\/"]}]},{"@type":"ImageObject","inLanguage":"it-IT","@id":"https:\/\/richemont.swiss\/it\/azienda\/organizzazione\/#primaryimage","url":"https:\/\/richemont.swiss\/wp-content\/uploads\/2022\/10\/richemont_unternehmen_fachschule_49-scaled.jpg","contentUrl":"https:\/\/richemont.swiss\/wp-content\/uploads\/2022\/10\/richemont_unternehmen_fachschule_49-scaled.jpg","width":2560,"height":1072},{"@type":"BreadcrumbList","@id":"https:\/\/richemont.swiss\/it\/azienda\/organizzazione\/#breadcrumb","itemListElement":[{"@type":"ListItem","position":1,"name":"Home","item":"https:\/\/richemont.swiss\/it\/"},{"@type":"ListItem","position":2,"name":"Centro di competenza Richemont","item":"https:\/\/richemont.swiss\/it\/azienda\/"},{"@type":"ListItem","position":3,"name":"Ci presentiamo"}]},{"@type":"WebSite","@id":"https:\/\/richemont.swiss\/it\/#website","url":"https:\/\/richemont.swiss\/it\/","name":"Richemont","description":"","potentialAction":[{"@type":"SearchAction","target":{"@type":"EntryPoint","urlTemplate":"https:\/\/richemont.swiss\/it\/?s={search_term_string}"},"query-input":{"@type":"PropertyValueSpecification","valueRequired":true,"valueName":"search_term_string"}}],"inLanguage":"it-IT"}]}},"_links":{"self":[{"href":"https:\/\/richemont.swiss\/it\/wp-json\/wp\/v2\/pages\/17269","targetHints":{"allow":["GET"]}}],"collection":[{"href":"https:\/\/richemont.swiss\/it\/wp-json\/wp\/v2\/pages"}],"about":[{"href":"https:\/\/richemont.swiss\/it\/wp-json\/wp\/v2\/types\/page"}],"author":[{"embeddable":true,"href":"https:\/\/richemont.swiss\/it\/wp-json\/wp\/v2\/users\/2"}],"replies":[{"embeddable":true,"href":"https:\/\/richemont.swiss\/it\/wp-json\/wp\/v2\/comments?post=17269"}],"version-history":[{"count":0,"href":"https:\/\/richemont.swiss\/it\/wp-json\/wp\/v2\/pages\/17269\/revisions"}],"up":[{"embeddable":true,"href":"https:\/\/richemont.swiss\/it\/wp-json\/wp\/v2\/pages\/17242"}],"wp:featuredmedia":[{"embeddable":true,"href":"https:\/\/richemont.swiss\/it\/wp-json\/wp\/v2\/media\/40707"}],"wp:attachment":[{"href":"https:\/\/richemont.swiss\/it\/wp-json\/wp\/v2\/media?parent=17269"}],"curies":[{"name":"wp","href":"https:\/\/api.w.org\/{rel}","templated":true}]}}