{"id":924,"date":"2019-02-18T09:27:47","date_gmt":"2019-02-18T08:27:47","guid":{"rendered":"https:\/\/richemont.swiss\/prestations\/verkauf\/"},"modified":"2025-06-12T13:31:24","modified_gmt":"2025-06-12T11:31:24","slug":"commerce-de-detail","status":"publish","type":"page","link":"https:\/\/richemont.swiss\/fr\/prestations\/commerce-de-detail\/","title":{"rendered":"Votre succ\u00e8s est notre objectif"},"content":{"rendered":"\n<p>En plus de l\u2019offre classique de&nbsp;<a href=\"https:\/\/richemont.swiss\/fr\/product-category\/vente-presentation\/\">cours<\/a> nous vous proposons une s\u00e9lection de formations et prestations directement chez vous ou dans votre r\u00e9gion.<\/p>\n\n\n\n<p><a href=\"https:\/\/richemont.swiss\/fr\/prestations\/commerce-de-detail\/optimisation-des-ventes\/\">Optimisation de la vente<\/a>, &nbsp;<a href=\"https:\/\/richemont.swiss\/fr\/prestations\/commerce-de-detail\/sondage-clientele\/\">sondage de la client\u00e8le<\/a>,&nbsp;<a href=\"https:\/\/richemont.swiss\/fr\/prestations\/commerce-de-detail\/achats-tests\/\">achats tests<\/a>,&nbsp;<a href=\"https:\/\/richemont.swiss\/fr\/prestations\/commerce-de-detail\/analyse-des-points-de-vente\/\">contr\u00f4le de points de vente<\/a>,&nbsp;<a href=\"https:\/\/richemont.swiss\/fr\/prestations\/commerce-de-detail\/entrainement-a-la-vente\/\">entra\u00eenements<\/a> \u00e0 la vente. Toutes ces prestations d\u2019un seul tenant avec Richemont. Nous vous conseillons globalement et vous proposons de vous accompagner pour la formation de votre \u00e9quipe de vente et le d\u00e9veloppement de votre magasin directement dans votre entreprise. <\/p>\n\n\n\n<p>N\u2019h\u00e9sitez pas \u00e0 nous contacter afin de pouvoir relever ensemble les d\u00e9fis actuels et futurs avec succ\u00e8s.<\/p>\n\n\n\n<h2 class=\"wp-block-heading\" id=\"h-l-equipe-de-conseilleres-richemont\">L\u2019\u00e9quipe de conseill\u00e8res Richemont<\/h2>\n\n\n\n<div class=\"wp-block-media-text is-stacked-on-mobile\" style=\"grid-template-columns:36% auto\"><figure class=\"wp-block-media-text__media\"><img loading=\"lazy\" decoding=\"async\" width=\"1800\" height=\"1200\" src=\"https:\/\/richemont.swiss\/wp-content\/uploads\/2025\/06\/cindy_guerreiro-1800x1200.jpg\" alt=\"\" class=\"wp-image-56130 size-full\" srcset=\"https:\/\/richemont.swiss\/wp-content\/uploads\/2025\/06\/cindy_guerreiro-1800x1200.jpg 1800w, https:\/\/richemont.swiss\/wp-content\/uploads\/2025\/06\/cindy_guerreiro-320x213.jpg 320w, https:\/\/richemont.swiss\/wp-content\/uploads\/2025\/06\/cindy_guerreiro-768x512.jpg 768w, https:\/\/richemont.swiss\/wp-content\/uploads\/2025\/06\/cindy_guerreiro-1536x1024.jpg 1536w, https:\/\/richemont.swiss\/wp-content\/uploads\/2025\/06\/cindy_guerreiro-2048x1366.jpg 2048w\" sizes=\"auto, (max-width: 1800px) 100vw, 1800px\" \/><\/figure><div class=\"wp-block-media-text__content\">\n<p><strong>Cindy Guerreiro Fernandes <\/strong><br>Responsable Formation Vente Romandie <br><a href=\"mailto:Guerreiro@richemont.swiss\">Guerreiro@richemont.swiss<\/a> <br>076 625 80 55<\/p>\n<\/div><\/div>\n\n\n\n<div class=\"wp-block-media-text is-stacked-on-mobile\" style=\"grid-template-columns:36% auto\"><figure class=\"wp-block-media-text__media\"><img loading=\"lazy\" decoding=\"async\" width=\"1801\" height=\"1200\" src=\"https:\/\/richemont.swiss\/wp-content\/uploads\/2025\/06\/muriel_rey-1801x1200.jpg\" alt=\"\" class=\"wp-image-56135 size-full\" srcset=\"https:\/\/richemont.swiss\/wp-content\/uploads\/2025\/06\/muriel_rey-1801x1200.jpg 1801w, https:\/\/richemont.swiss\/wp-content\/uploads\/2025\/06\/muriel_rey-320x213.jpg 320w, https:\/\/richemont.swiss\/wp-content\/uploads\/2025\/06\/muriel_rey-768x512.jpg 768w, https:\/\/richemont.swiss\/wp-content\/uploads\/2025\/06\/muriel_rey-1536x1024.jpg 1536w, https:\/\/richemont.swiss\/wp-content\/uploads\/2025\/06\/muriel_rey-2048x1365.jpg 2048w\" sizes=\"auto, (max-width: 1801px) 100vw, 1801px\" \/><\/figure><div class=\"wp-block-media-text__content\">\n<p><strong>Muriel Jacob <\/strong><br>Coach et formatrice en management de l\u2019humain et culture d\u2019entreprise <br><a href=\"mailto:jacob@richemont.swiss\">jacob@richemont.swiss<\/a> <br>079 635 96 92<\/p>\n<\/div><\/div>\n","protected":false},"excerpt":{"rendered":"<p>En plus de l\u2019offre classique de&nbsp;cours nous vous proposons une s\u00e9lection de formations et prestations directement chez vous ou dans votre r\u00e9gion. Optimisation de la vente, &nbsp;sondage de la client\u00e8le,&nbsp;achats tests,&nbsp;contr\u00f4le de points de vente,&nbsp;entra\u00eenements \u00e0 la vente. Toutes ces prestations d\u2019un seul tenant avec Richemont. Nous vous conseillons globalement et vous proposons de vous [&hellip;]<\/p>\n","protected":false},"author":1,"featured_media":6620,"parent":789,"menu_order":300,"comment_status":"closed","ping_status":"closed","template":"","meta":{"_acf_changed":false,"footnotes":""},"class_list":["post-924","page","type-page","status-publish","has-post-thumbnail","hentry"],"acf":[],"yoast_head":"<!-- This site is optimized with the Yoast SEO Premium plugin v26.7 (Yoast SEO v26.7) - https:\/\/yoast.com\/wordpress\/plugins\/seo\/ -->\n<title>Optimisation des ventes - votre succ\u00e8s - Richemont \u00e9cole professionnelle<\/title>\n<meta name=\"description\" content=\"Administration et optimisation des ventes: nous vous conseillons de mani\u00e8re globale et proposons une formation sur mesure pour votre \u00e9quipe.\" \/>\n<meta name=\"robots\" content=\"index, follow, max-snippet:-1, max-image-preview:large, max-video-preview:-1\" \/>\n<link rel=\"canonical\" href=\"https:\/\/richemont.swiss\/fr\/prestations\/commerce-de-detail\/\" \/>\n<meta property=\"og:locale\" content=\"fr_FR\" \/>\n<meta property=\"og:type\" content=\"article\" \/>\n<meta property=\"og:title\" content=\"Votre succ\u00e8s est notre objectif\" \/>\n<meta property=\"og:description\" content=\"Administration et optimisation des ventes: nous vous conseillons de mani\u00e8re globale et proposons une formation sur mesure pour votre \u00e9quipe.\" \/>\n<meta property=\"og:url\" content=\"https:\/\/richemont.swiss\/fr\/prestations\/commerce-de-detail\/\" \/>\n<meta property=\"og:site_name\" content=\"Richemont\" \/>\n<meta property=\"article:modified_time\" content=\"2025-06-12T11:31:24+00:00\" \/>\n<meta property=\"og:image\" content=\"https:\/\/richemont.swiss\/wp-content\/uploads\/2019\/06\/richemont_prestations_commerce-de-dtail__06.jpg\" \/>\n\t<meta property=\"og:image:width\" content=\"1200\" \/>\n\t<meta property=\"og:image:height\" content=\"801\" \/>\n\t<meta property=\"og:image:type\" content=\"image\/jpeg\" \/>\n<meta name=\"twitter:card\" content=\"summary_large_image\" \/>\n<meta name=\"twitter:label1\" content=\"Dur\u00e9e de lecture estim\u00e9e\" \/>\n\t<meta name=\"twitter:data1\" content=\"2 minutes\" \/>\n<script type=\"application\/ld+json\" class=\"yoast-schema-graph\">{\"@context\":\"https:\/\/schema.org\",\"@graph\":[{\"@type\":\"WebPage\",\"@id\":\"https:\/\/richemont.swiss\/fr\/prestations\/commerce-de-detail\/\",\"url\":\"https:\/\/richemont.swiss\/fr\/prestations\/commerce-de-detail\/\",\"name\":\"Optimisation des ventes - votre succ\u00e8s - Richemont \u00e9cole professionnelle\",\"isPartOf\":{\"@id\":\"https:\/\/richemont.swiss\/fr\/#website\"},\"primaryImageOfPage\":{\"@id\":\"https:\/\/richemont.swiss\/fr\/prestations\/commerce-de-detail\/#primaryimage\"},\"image\":{\"@id\":\"https:\/\/richemont.swiss\/fr\/prestations\/commerce-de-detail\/#primaryimage\"},\"thumbnailUrl\":\"https:\/\/richemont.swiss\/wp-content\/uploads\/2019\/06\/richemont_prestations_commerce-de-dtail__06.jpg\",\"datePublished\":\"2019-02-18T08:27:47+00:00\",\"dateModified\":\"2025-06-12T11:31:24+00:00\",\"description\":\"Administration et optimisation des ventes: nous vous conseillons de mani\u00e8re globale et proposons une formation sur mesure pour votre \u00e9quipe.\",\"breadcrumb\":{\"@id\":\"https:\/\/richemont.swiss\/fr\/prestations\/commerce-de-detail\/#breadcrumb\"},\"inLanguage\":\"fr-FR\",\"potentialAction\":[{\"@type\":\"ReadAction\",\"target\":[\"https:\/\/richemont.swiss\/fr\/prestations\/commerce-de-detail\/\"]}]},{\"@type\":\"ImageObject\",\"inLanguage\":\"fr-FR\",\"@id\":\"https:\/\/richemont.swiss\/fr\/prestations\/commerce-de-detail\/#primaryimage\",\"url\":\"https:\/\/richemont.swiss\/wp-content\/uploads\/2019\/06\/richemont_prestations_commerce-de-dtail__06.jpg\",\"contentUrl\":\"https:\/\/richemont.swiss\/wp-content\/uploads\/2019\/06\/richemont_prestations_commerce-de-dtail__06.jpg\",\"width\":1200,\"height\":801,\"caption\":\"Optimisation des ventes - votre succ\u00e8s - Richemont \u00e9cole professionnelle\"},{\"@type\":\"BreadcrumbList\",\"@id\":\"https:\/\/richemont.swiss\/fr\/prestations\/commerce-de-detail\/#breadcrumb\",\"itemListElement\":[{\"@type\":\"ListItem\",\"position\":1,\"name\":\"Home\",\"item\":\"https:\/\/richemont.swiss\/fr\/\"},{\"@type\":\"ListItem\",\"position\":2,\"name\":\"Services d\u2019un seul fournisseur\",\"item\":\"https:\/\/richemont.swiss\/fr\/prestations\/\"},{\"@type\":\"ListItem\",\"position\":3,\"name\":\"Votre succ\u00e8s est notre objectif\"}]},{\"@type\":\"WebSite\",\"@id\":\"https:\/\/richemont.swiss\/fr\/#website\",\"url\":\"https:\/\/richemont.swiss\/fr\/\",\"name\":\"Richemont\",\"description\":\"\",\"potentialAction\":[{\"@type\":\"SearchAction\",\"target\":{\"@type\":\"EntryPoint\",\"urlTemplate\":\"https:\/\/richemont.swiss\/fr\/?s={search_term_string}\"},\"query-input\":{\"@type\":\"PropertyValueSpecification\",\"valueRequired\":true,\"valueName\":\"search_term_string\"}}],\"inLanguage\":\"fr-FR\"}]}<\/script>\n<!-- \/ Yoast SEO Premium plugin. -->","yoast_head_json":{"title":"Optimisation des ventes - votre succ\u00e8s - Richemont \u00e9cole professionnelle","description":"Administration et optimisation des ventes: nous vous conseillons de mani\u00e8re globale et proposons une formation sur mesure pour votre \u00e9quipe.","robots":{"index":"index","follow":"follow","max-snippet":"max-snippet:-1","max-image-preview":"max-image-preview:large","max-video-preview":"max-video-preview:-1"},"canonical":"https:\/\/richemont.swiss\/fr\/prestations\/commerce-de-detail\/","og_locale":"fr_FR","og_type":"article","og_title":"Votre succ\u00e8s est notre objectif","og_description":"Administration et optimisation des ventes: nous vous conseillons de mani\u00e8re globale et proposons une formation sur mesure pour votre \u00e9quipe.","og_url":"https:\/\/richemont.swiss\/fr\/prestations\/commerce-de-detail\/","og_site_name":"Richemont","article_modified_time":"2025-06-12T11:31:24+00:00","og_image":[{"width":1200,"height":801,"url":"https:\/\/richemont.swiss\/wp-content\/uploads\/2019\/06\/richemont_prestations_commerce-de-dtail__06.jpg","type":"image\/jpeg"}],"twitter_card":"summary_large_image","twitter_misc":{"Dur\u00e9e de lecture estim\u00e9e":"2 minutes"},"schema":{"@context":"https:\/\/schema.org","@graph":[{"@type":"WebPage","@id":"https:\/\/richemont.swiss\/fr\/prestations\/commerce-de-detail\/","url":"https:\/\/richemont.swiss\/fr\/prestations\/commerce-de-detail\/","name":"Optimisation des ventes - votre succ\u00e8s - Richemont \u00e9cole professionnelle","isPartOf":{"@id":"https:\/\/richemont.swiss\/fr\/#website"},"primaryImageOfPage":{"@id":"https:\/\/richemont.swiss\/fr\/prestations\/commerce-de-detail\/#primaryimage"},"image":{"@id":"https:\/\/richemont.swiss\/fr\/prestations\/commerce-de-detail\/#primaryimage"},"thumbnailUrl":"https:\/\/richemont.swiss\/wp-content\/uploads\/2019\/06\/richemont_prestations_commerce-de-dtail__06.jpg","datePublished":"2019-02-18T08:27:47+00:00","dateModified":"2025-06-12T11:31:24+00:00","description":"Administration et optimisation des ventes: nous vous conseillons de mani\u00e8re globale et proposons une formation sur mesure pour votre \u00e9quipe.","breadcrumb":{"@id":"https:\/\/richemont.swiss\/fr\/prestations\/commerce-de-detail\/#breadcrumb"},"inLanguage":"fr-FR","potentialAction":[{"@type":"ReadAction","target":["https:\/\/richemont.swiss\/fr\/prestations\/commerce-de-detail\/"]}]},{"@type":"ImageObject","inLanguage":"fr-FR","@id":"https:\/\/richemont.swiss\/fr\/prestations\/commerce-de-detail\/#primaryimage","url":"https:\/\/richemont.swiss\/wp-content\/uploads\/2019\/06\/richemont_prestations_commerce-de-dtail__06.jpg","contentUrl":"https:\/\/richemont.swiss\/wp-content\/uploads\/2019\/06\/richemont_prestations_commerce-de-dtail__06.jpg","width":1200,"height":801,"caption":"Optimisation des ventes - votre succ\u00e8s - Richemont \u00e9cole professionnelle"},{"@type":"BreadcrumbList","@id":"https:\/\/richemont.swiss\/fr\/prestations\/commerce-de-detail\/#breadcrumb","itemListElement":[{"@type":"ListItem","position":1,"name":"Home","item":"https:\/\/richemont.swiss\/fr\/"},{"@type":"ListItem","position":2,"name":"Services d\u2019un seul fournisseur","item":"https:\/\/richemont.swiss\/fr\/prestations\/"},{"@type":"ListItem","position":3,"name":"Votre succ\u00e8s est notre objectif"}]},{"@type":"WebSite","@id":"https:\/\/richemont.swiss\/fr\/#website","url":"https:\/\/richemont.swiss\/fr\/","name":"Richemont","description":"","potentialAction":[{"@type":"SearchAction","target":{"@type":"EntryPoint","urlTemplate":"https:\/\/richemont.swiss\/fr\/?s={search_term_string}"},"query-input":{"@type":"PropertyValueSpecification","valueRequired":true,"valueName":"search_term_string"}}],"inLanguage":"fr-FR"}]}},"_links":{"self":[{"href":"https:\/\/richemont.swiss\/fr\/wp-json\/wp\/v2\/pages\/924","targetHints":{"allow":["GET"]}}],"collection":[{"href":"https:\/\/richemont.swiss\/fr\/wp-json\/wp\/v2\/pages"}],"about":[{"href":"https:\/\/richemont.swiss\/fr\/wp-json\/wp\/v2\/types\/page"}],"author":[{"embeddable":true,"href":"https:\/\/richemont.swiss\/fr\/wp-json\/wp\/v2\/users\/1"}],"replies":[{"embeddable":true,"href":"https:\/\/richemont.swiss\/fr\/wp-json\/wp\/v2\/comments?post=924"}],"version-history":[{"count":0,"href":"https:\/\/richemont.swiss\/fr\/wp-json\/wp\/v2\/pages\/924\/revisions"}],"up":[{"embeddable":true,"href":"https:\/\/richemont.swiss\/fr\/wp-json\/wp\/v2\/pages\/789"}],"wp:featuredmedia":[{"embeddable":true,"href":"https:\/\/richemont.swiss\/fr\/wp-json\/wp\/v2\/media\/6620"}],"wp:attachment":[{"href":"https:\/\/richemont.swiss\/fr\/wp-json\/wp\/v2\/media?parent=924"}],"curies":[{"name":"wp","href":"https:\/\/api.w.org\/{rel}","templated":true}]}}