{"id":9093,"date":"2019-08-20T12:54:31","date_gmt":"2019-08-20T12:54:31","guid":{"rendered":"https:\/\/richemont.swiss\/?page_id=9093"},"modified":"2020-11-13T08:17:10","modified_gmt":"2020-11-13T08:17:10","slug":"newsletter","status":"publish","type":"page","link":"https:\/\/richemont.swiss\/fr\/edition-medias\/offres-de-edition-medias\/newsletter\/","title":{"rendered":"Newsletter"},"content":{"rendered":"\n<p>La newsletter commune de la SBC et de l\u2019\u00e9cole professionnelle Richemont est envoy\u00e9e chaque semaine en allemand et en fran\u00e7ais \u00e0 environ 8 000 adresses.<\/p>\n\n\n\n<p><a href=\"https:\/\/seu2.cleverreach.com\/f\/113674-271824\/\">Abonnez-vous \u00e0 la newsletter gratuitement<\/a><\/p>\n","protected":false},"excerpt":{"rendered":"<p>La newsletter commune de la SBC et de l\u2019\u00e9cole professionnelle Richemont est envoy\u00e9e chaque semaine en allemand et en fran\u00e7ais \u00e0 environ 8 000 adresses. Abonnez-vous \u00e0 la newsletter gratuitement<\/p>\n","protected":false},"author":2,"featured_media":8904,"parent":4498,"menu_order":50,"comment_status":"closed","ping_status":"closed","template":"","meta":{"_acf_changed":false,"footnotes":""},"class_list":["post-9093","page","type-page","status-publish","has-post-thumbnail","hentry"],"acf":[],"yoast_head":"<!-- This site is optimized with the Yoast SEO Premium plugin v26.7 (Yoast SEO v26.7) - https:\/\/yoast.com\/wordpress\/plugins\/seo\/ -->\n<title>Newsletter - Richemont<\/title>\n<meta name=\"robots\" content=\"index, follow, max-snippet:-1, max-image-preview:large, max-video-preview:-1\" \/>\n<link rel=\"canonical\" href=\"https:\/\/richemont.swiss\/fr\/edition-medias\/offres-de-edition-medias\/newsletter\/\" \/>\n<meta property=\"og:locale\" content=\"fr_FR\" \/>\n<meta property=\"og:type\" content=\"article\" \/>\n<meta property=\"og:title\" content=\"Newsletter\" \/>\n<meta property=\"og:description\" content=\"La newsletter commune de la SBC et de l\u2019\u00e9cole professionnelle Richemont est envoy\u00e9e chaque semaine en allemand et en fran\u00e7ais \u00e0 environ 8 000 adresses. Abonnez-vous \u00e0 la newsletter gratuitement\" \/>\n<meta property=\"og:url\" content=\"https:\/\/richemont.swiss\/fr\/edition-medias\/offres-de-edition-medias\/newsletter\/\" \/>\n<meta property=\"og:site_name\" content=\"Richemont\" \/>\n<meta property=\"article:modified_time\" content=\"2020-11-13T08:17:10+00:00\" \/>\n<meta property=\"og:image\" content=\"https:\/\/richemont.swiss\/wp-content\/uploads\/2019\/08\/richemont_verlag_11.jpg\" \/>\n\t<meta property=\"og:image:width\" content=\"2121\" \/>\n\t<meta property=\"og:image:height\" content=\"1414\" \/>\n\t<meta property=\"og:image:type\" content=\"image\/jpeg\" \/>\n<meta name=\"twitter:card\" content=\"summary_large_image\" \/>\n<script type=\"application\/ld+json\" class=\"yoast-schema-graph\">{\"@context\":\"https:\/\/schema.org\",\"@graph\":[{\"@type\":\"WebPage\",\"@id\":\"https:\/\/richemont.swiss\/fr\/edition-medias\/offres-de-edition-medias\/newsletter\/\",\"url\":\"https:\/\/richemont.swiss\/fr\/edition-medias\/offres-de-edition-medias\/newsletter\/\",\"name\":\"Newsletter - Richemont\",\"isPartOf\":{\"@id\":\"https:\/\/richemont.swiss\/fr\/#website\"},\"primaryImageOfPage\":{\"@id\":\"https:\/\/richemont.swiss\/fr\/edition-medias\/offres-de-edition-medias\/newsletter\/#primaryimage\"},\"image\":{\"@id\":\"https:\/\/richemont.swiss\/fr\/edition-medias\/offres-de-edition-medias\/newsletter\/#primaryimage\"},\"thumbnailUrl\":\"https:\/\/richemont.swiss\/wp-content\/uploads\/2019\/08\/richemont_verlag_11.jpg\",\"datePublished\":\"2019-08-20T12:54:31+00:00\",\"dateModified\":\"2020-11-13T08:17:10+00:00\",\"breadcrumb\":{\"@id\":\"https:\/\/richemont.swiss\/fr\/edition-medias\/offres-de-edition-medias\/newsletter\/#breadcrumb\"},\"inLanguage\":\"fr-FR\",\"potentialAction\":[{\"@type\":\"ReadAction\",\"target\":[\"https:\/\/richemont.swiss\/fr\/edition-medias\/offres-de-edition-medias\/newsletter\/\"]}]},{\"@type\":\"ImageObject\",\"inLanguage\":\"fr-FR\",\"@id\":\"https:\/\/richemont.swiss\/fr\/edition-medias\/offres-de-edition-medias\/newsletter\/#primaryimage\",\"url\":\"https:\/\/richemont.swiss\/wp-content\/uploads\/2019\/08\/richemont_verlag_11.jpg\",\"contentUrl\":\"https:\/\/richemont.swiss\/wp-content\/uploads\/2019\/08\/richemont_verlag_11.jpg\",\"width\":2121,\"height\":1414,\"caption\":\"Solutions button on the keyboard\"},{\"@type\":\"BreadcrumbList\",\"@id\":\"https:\/\/richemont.swiss\/fr\/edition-medias\/offres-de-edition-medias\/newsletter\/#breadcrumb\",\"itemListElement\":[{\"@type\":\"ListItem\",\"position\":1,\"name\":\"Home\",\"item\":\"https:\/\/richemont.swiss\/fr\/\"},{\"@type\":\"ListItem\",\"position\":2,\"name\":\"Transfert des connaissances\",\"item\":\"https:\/\/richemont.swiss\/fr\/edition-medias\/\"},{\"@type\":\"ListItem\",\"position\":3,\"name\":\"Inspiration pour votre entreprise \u2013 Connaissances pour votre succ\u00e8s\",\"item\":\"https:\/\/richemont.swiss\/fr\/edition-medias\/offres-de-edition-medias\/\"},{\"@type\":\"ListItem\",\"position\":4,\"name\":\"Newsletter\"}]},{\"@type\":\"WebSite\",\"@id\":\"https:\/\/richemont.swiss\/fr\/#website\",\"url\":\"https:\/\/richemont.swiss\/fr\/\",\"name\":\"Richemont\",\"description\":\"\",\"potentialAction\":[{\"@type\":\"SearchAction\",\"target\":{\"@type\":\"EntryPoint\",\"urlTemplate\":\"https:\/\/richemont.swiss\/fr\/?s={search_term_string}\"},\"query-input\":{\"@type\":\"PropertyValueSpecification\",\"valueRequired\":true,\"valueName\":\"search_term_string\"}}],\"inLanguage\":\"fr-FR\"}]}<\/script>\n<!-- \/ Yoast SEO Premium plugin. -->","yoast_head_json":{"title":"Newsletter - Richemont","robots":{"index":"index","follow":"follow","max-snippet":"max-snippet:-1","max-image-preview":"max-image-preview:large","max-video-preview":"max-video-preview:-1"},"canonical":"https:\/\/richemont.swiss\/fr\/edition-medias\/offres-de-edition-medias\/newsletter\/","og_locale":"fr_FR","og_type":"article","og_title":"Newsletter","og_description":"La newsletter commune de la SBC et de l\u2019\u00e9cole professionnelle Richemont est envoy\u00e9e chaque semaine en allemand et en fran\u00e7ais \u00e0 environ 8 000 adresses. Abonnez-vous \u00e0 la newsletter gratuitement","og_url":"https:\/\/richemont.swiss\/fr\/edition-medias\/offres-de-edition-medias\/newsletter\/","og_site_name":"Richemont","article_modified_time":"2020-11-13T08:17:10+00:00","og_image":[{"width":2121,"height":1414,"url":"https:\/\/richemont.swiss\/wp-content\/uploads\/2019\/08\/richemont_verlag_11.jpg","type":"image\/jpeg"}],"twitter_card":"summary_large_image","schema":{"@context":"https:\/\/schema.org","@graph":[{"@type":"WebPage","@id":"https:\/\/richemont.swiss\/fr\/edition-medias\/offres-de-edition-medias\/newsletter\/","url":"https:\/\/richemont.swiss\/fr\/edition-medias\/offres-de-edition-medias\/newsletter\/","name":"Newsletter - Richemont","isPartOf":{"@id":"https:\/\/richemont.swiss\/fr\/#website"},"primaryImageOfPage":{"@id":"https:\/\/richemont.swiss\/fr\/edition-medias\/offres-de-edition-medias\/newsletter\/#primaryimage"},"image":{"@id":"https:\/\/richemont.swiss\/fr\/edition-medias\/offres-de-edition-medias\/newsletter\/#primaryimage"},"thumbnailUrl":"https:\/\/richemont.swiss\/wp-content\/uploads\/2019\/08\/richemont_verlag_11.jpg","datePublished":"2019-08-20T12:54:31+00:00","dateModified":"2020-11-13T08:17:10+00:00","breadcrumb":{"@id":"https:\/\/richemont.swiss\/fr\/edition-medias\/offres-de-edition-medias\/newsletter\/#breadcrumb"},"inLanguage":"fr-FR","potentialAction":[{"@type":"ReadAction","target":["https:\/\/richemont.swiss\/fr\/edition-medias\/offres-de-edition-medias\/newsletter\/"]}]},{"@type":"ImageObject","inLanguage":"fr-FR","@id":"https:\/\/richemont.swiss\/fr\/edition-medias\/offres-de-edition-medias\/newsletter\/#primaryimage","url":"https:\/\/richemont.swiss\/wp-content\/uploads\/2019\/08\/richemont_verlag_11.jpg","contentUrl":"https:\/\/richemont.swiss\/wp-content\/uploads\/2019\/08\/richemont_verlag_11.jpg","width":2121,"height":1414,"caption":"Solutions button on the keyboard"},{"@type":"BreadcrumbList","@id":"https:\/\/richemont.swiss\/fr\/edition-medias\/offres-de-edition-medias\/newsletter\/#breadcrumb","itemListElement":[{"@type":"ListItem","position":1,"name":"Home","item":"https:\/\/richemont.swiss\/fr\/"},{"@type":"ListItem","position":2,"name":"Transfert des connaissances","item":"https:\/\/richemont.swiss\/fr\/edition-medias\/"},{"@type":"ListItem","position":3,"name":"Inspiration pour votre entreprise \u2013 Connaissances pour votre succ\u00e8s","item":"https:\/\/richemont.swiss\/fr\/edition-medias\/offres-de-edition-medias\/"},{"@type":"ListItem","position":4,"name":"Newsletter"}]},{"@type":"WebSite","@id":"https:\/\/richemont.swiss\/fr\/#website","url":"https:\/\/richemont.swiss\/fr\/","name":"Richemont","description":"","potentialAction":[{"@type":"SearchAction","target":{"@type":"EntryPoint","urlTemplate":"https:\/\/richemont.swiss\/fr\/?s={search_term_string}"},"query-input":{"@type":"PropertyValueSpecification","valueRequired":true,"valueName":"search_term_string"}}],"inLanguage":"fr-FR"}]}},"_links":{"self":[{"href":"https:\/\/richemont.swiss\/fr\/wp-json\/wp\/v2\/pages\/9093","targetHints":{"allow":["GET"]}}],"collection":[{"href":"https:\/\/richemont.swiss\/fr\/wp-json\/wp\/v2\/pages"}],"about":[{"href":"https:\/\/richemont.swiss\/fr\/wp-json\/wp\/v2\/types\/page"}],"author":[{"embeddable":true,"href":"https:\/\/richemont.swiss\/fr\/wp-json\/wp\/v2\/users\/2"}],"replies":[{"embeddable":true,"href":"https:\/\/richemont.swiss\/fr\/wp-json\/wp\/v2\/comments?post=9093"}],"version-history":[{"count":0,"href":"https:\/\/richemont.swiss\/fr\/wp-json\/wp\/v2\/pages\/9093\/revisions"}],"up":[{"embeddable":true,"href":"https:\/\/richemont.swiss\/fr\/wp-json\/wp\/v2\/pages\/4498"}],"wp:featuredmedia":[{"embeddable":true,"href":"https:\/\/richemont.swiss\/fr\/wp-json\/wp\/v2\/media\/8904"}],"wp:attachment":[{"href":"https:\/\/richemont.swiss\/fr\/wp-json\/wp\/v2\/media?parent=9093"}],"curies":[{"name":"wp","href":"https:\/\/api.w.org\/{rel}","templated":true}]}}