{"id":897,"date":"2019-02-18T08:39:11","date_gmt":"2019-02-18T07:39:11","guid":{"rendered":"https:\/\/richemont.swiss\/entreprise\/richemont-club\/"},"modified":"2022-11-02T12:42:15","modified_gmt":"2022-11-02T11:42:15","slug":"club-richemont","status":"publish","type":"page","link":"https:\/\/richemont.swiss\/fr\/entreprise\/club-richemont\/","title":{"rendered":"Echange d\u2019exp\u00e9riences &#038; entretien de l\u2019image de marque"},"content":{"rendered":"\n<p>En 1948, 30 professionnels anglais suivirent un cours de deux semaines \u00e0 l&rsquo;Ecole Richemont. Ainsi se cr\u00e9a le Club Richemont International. Le Club Richemont Suisse suivi apr\u00e8s la visite de professionnels en Grande-Bretagne, puis s&rsquo;ajouta l&rsquo;Autriche, l&rsquo;Allemagne, la Belgique et la France.<\/p>\n\n\n\n<p>De par le monde, 11 pays ont organis\u00e9 un Club Richemont. Les meilleurs entreprises du pays y sont regroup\u00e9es avec comme objectifs&nbsp;: la qualit\u00e9 \u2013 l&rsquo;\u00e9thique professionnelle \u2013 l&rsquo;\u00e9change de connaissances sp\u00e9cialis\u00e9es \u2013 la promotion de la rel\u00e8ve \u2013 la formation continue \u2013 les contacts internationaux.<\/p>\n\n\n\n<p>L&rsquo;objectif principal des Clubs est la promotion et l&rsquo;entretien des \u00e9changes et de la formation entre professionnels de la branche boulangerie-p\u00e2tisserie-confiserie.<\/p>\n\n\n\n<p>Les membres des Clubs forment des professionnels en boulangerie-p\u00e2tisserie-confiserie ainsi que des personnes proches de la branche<\/p>\n\n\n\n<p><a href=\"https:\/\/richemont-club.com\/en\/\">en savoir plus<\/a><\/p>\n","protected":false},"excerpt":{"rendered":"<p>En 1948, 30 professionnels anglais suivirent un cours de deux semaines \u00e0 l&rsquo;Ecole Richemont. Ainsi se cr\u00e9a le Club Richemont International. Le Club Richemont Suisse suivi apr\u00e8s la visite de professionnels en Grande-Bretagne, puis s&rsquo;ajouta l&rsquo;Autriche, l&rsquo;Allemagne, la Belgique et la France. De par le monde, 11 pays ont organis\u00e9 un Club Richemont. Les meilleurs [&hellip;]<\/p>\n","protected":false},"author":1,"featured_media":40756,"parent":773,"menu_order":800,"comment_status":"closed","ping_status":"closed","template":"","meta":{"_acf_changed":false,"footnotes":""},"class_list":["post-897","page","type-page","status-publish","has-post-thumbnail","hentry"],"acf":[],"yoast_head":"<!-- This site is optimized with the Yoast SEO Premium plugin v26.7 (Yoast SEO v26.7) - https:\/\/yoast.com\/wordpress\/plugins\/seo\/ -->\n<title>Club Richemont - Partage d&#039;exp\u00e9rience - Richemont \u00e9cole professionnelle<\/title>\n<meta name=\"description\" content=\"Le Club Richemont a pour objectif de promouvoir activement l&#039;\u00e9change d&#039;exp\u00e9riences et la formation continue des boulangers, p\u00e2tissiers et confiseurs.\" \/>\n<meta name=\"robots\" content=\"index, follow, max-snippet:-1, max-image-preview:large, max-video-preview:-1\" \/>\n<link rel=\"canonical\" href=\"https:\/\/richemont.swiss\/fr\/entreprise\/club-richemont\/\" \/>\n<meta property=\"og:locale\" content=\"fr_FR\" \/>\n<meta property=\"og:type\" content=\"article\" \/>\n<meta property=\"og:title\" content=\"Echange d\u2019exp\u00e9riences &amp; entretien de l\u2019image de marque\" \/>\n<meta property=\"og:description\" content=\"Le Club Richemont a pour objectif de promouvoir activement l&#039;\u00e9change d&#039;exp\u00e9riences et la formation continue des boulangers, p\u00e2tissiers et confiseurs.\" \/>\n<meta property=\"og:url\" content=\"https:\/\/richemont.swiss\/fr\/entreprise\/club-richemont\/\" \/>\n<meta property=\"og:site_name\" content=\"Richemont\" \/>\n<meta property=\"article:modified_time\" content=\"2022-11-02T11:42:15+00:00\" \/>\n<meta property=\"og:image\" content=\"https:\/\/richemont.swiss\/wp-content\/uploads\/2022\/10\/richemont_unternehmen_fachschule_54-scaled.jpg\" \/>\n\t<meta property=\"og:image:width\" content=\"2560\" \/>\n\t<meta property=\"og:image:height\" content=\"1072\" \/>\n\t<meta property=\"og:image:type\" content=\"image\/jpeg\" \/>\n<meta name=\"twitter:card\" content=\"summary_large_image\" \/>\n<meta name=\"twitter:label1\" content=\"Dur\u00e9e de lecture estim\u00e9e\" \/>\n\t<meta name=\"twitter:data1\" content=\"1 minute\" \/>\n<script type=\"application\/ld+json\" class=\"yoast-schema-graph\">{\"@context\":\"https:\/\/schema.org\",\"@graph\":[{\"@type\":\"WebPage\",\"@id\":\"https:\/\/richemont.swiss\/fr\/entreprise\/club-richemont\/\",\"url\":\"https:\/\/richemont.swiss\/fr\/entreprise\/club-richemont\/\",\"name\":\"Club Richemont - Partage d'exp\u00e9rience - Richemont \u00e9cole professionnelle\",\"isPartOf\":{\"@id\":\"https:\/\/richemont.swiss\/fr\/#website\"},\"primaryImageOfPage\":{\"@id\":\"https:\/\/richemont.swiss\/fr\/entreprise\/club-richemont\/#primaryimage\"},\"image\":{\"@id\":\"https:\/\/richemont.swiss\/fr\/entreprise\/club-richemont\/#primaryimage\"},\"thumbnailUrl\":\"https:\/\/richemont.swiss\/wp-content\/uploads\/2022\/10\/richemont_unternehmen_fachschule_54-scaled.jpg\",\"datePublished\":\"2019-02-18T07:39:11+00:00\",\"dateModified\":\"2022-11-02T11:42:15+00:00\",\"description\":\"Le Club Richemont a pour objectif de promouvoir activement l'\u00e9change d'exp\u00e9riences et la formation continue des boulangers, p\u00e2tissiers et confiseurs.\",\"breadcrumb\":{\"@id\":\"https:\/\/richemont.swiss\/fr\/entreprise\/club-richemont\/#breadcrumb\"},\"inLanguage\":\"fr-FR\",\"potentialAction\":[{\"@type\":\"ReadAction\",\"target\":[\"https:\/\/richemont.swiss\/fr\/entreprise\/club-richemont\/\"]}]},{\"@type\":\"ImageObject\",\"inLanguage\":\"fr-FR\",\"@id\":\"https:\/\/richemont.swiss\/fr\/entreprise\/club-richemont\/#primaryimage\",\"url\":\"https:\/\/richemont.swiss\/wp-content\/uploads\/2022\/10\/richemont_unternehmen_fachschule_54-scaled.jpg\",\"contentUrl\":\"https:\/\/richemont.swiss\/wp-content\/uploads\/2022\/10\/richemont_unternehmen_fachschule_54-scaled.jpg\",\"width\":2560,\"height\":1072},{\"@type\":\"BreadcrumbList\",\"@id\":\"https:\/\/richemont.swiss\/fr\/entreprise\/club-richemont\/#breadcrumb\",\"itemListElement\":[{\"@type\":\"ListItem\",\"position\":1,\"name\":\"Home\",\"item\":\"https:\/\/richemont.swiss\/fr\/\"},{\"@type\":\"ListItem\",\"position\":2,\"name\":\"Richemont centre de comp\u00e9tences\",\"item\":\"https:\/\/richemont.swiss\/fr\/entreprise\/\"},{\"@type\":\"ListItem\",\"position\":3,\"name\":\"Echange d\u2019exp\u00e9riences &#038; entretien de l\u2019image de marque\"}]},{\"@type\":\"WebSite\",\"@id\":\"https:\/\/richemont.swiss\/fr\/#website\",\"url\":\"https:\/\/richemont.swiss\/fr\/\",\"name\":\"Richemont\",\"description\":\"\",\"potentialAction\":[{\"@type\":\"SearchAction\",\"target\":{\"@type\":\"EntryPoint\",\"urlTemplate\":\"https:\/\/richemont.swiss\/fr\/?s={search_term_string}\"},\"query-input\":{\"@type\":\"PropertyValueSpecification\",\"valueRequired\":true,\"valueName\":\"search_term_string\"}}],\"inLanguage\":\"fr-FR\"}]}<\/script>\n<!-- \/ Yoast SEO Premium plugin. -->","yoast_head_json":{"title":"Club Richemont - Partage d'exp\u00e9rience - Richemont \u00e9cole professionnelle","description":"Le Club Richemont a pour objectif de promouvoir activement l'\u00e9change d'exp\u00e9riences et la formation continue des boulangers, p\u00e2tissiers et confiseurs.","robots":{"index":"index","follow":"follow","max-snippet":"max-snippet:-1","max-image-preview":"max-image-preview:large","max-video-preview":"max-video-preview:-1"},"canonical":"https:\/\/richemont.swiss\/fr\/entreprise\/club-richemont\/","og_locale":"fr_FR","og_type":"article","og_title":"Echange d\u2019exp\u00e9riences & entretien de l\u2019image de marque","og_description":"Le Club Richemont a pour objectif de promouvoir activement l'\u00e9change d'exp\u00e9riences et la formation continue des boulangers, p\u00e2tissiers et confiseurs.","og_url":"https:\/\/richemont.swiss\/fr\/entreprise\/club-richemont\/","og_site_name":"Richemont","article_modified_time":"2022-11-02T11:42:15+00:00","og_image":[{"width":2560,"height":1072,"url":"https:\/\/richemont.swiss\/wp-content\/uploads\/2022\/10\/richemont_unternehmen_fachschule_54-scaled.jpg","type":"image\/jpeg"}],"twitter_card":"summary_large_image","twitter_misc":{"Dur\u00e9e de lecture estim\u00e9e":"1 minute"},"schema":{"@context":"https:\/\/schema.org","@graph":[{"@type":"WebPage","@id":"https:\/\/richemont.swiss\/fr\/entreprise\/club-richemont\/","url":"https:\/\/richemont.swiss\/fr\/entreprise\/club-richemont\/","name":"Club Richemont - Partage d'exp\u00e9rience - Richemont \u00e9cole professionnelle","isPartOf":{"@id":"https:\/\/richemont.swiss\/fr\/#website"},"primaryImageOfPage":{"@id":"https:\/\/richemont.swiss\/fr\/entreprise\/club-richemont\/#primaryimage"},"image":{"@id":"https:\/\/richemont.swiss\/fr\/entreprise\/club-richemont\/#primaryimage"},"thumbnailUrl":"https:\/\/richemont.swiss\/wp-content\/uploads\/2022\/10\/richemont_unternehmen_fachschule_54-scaled.jpg","datePublished":"2019-02-18T07:39:11+00:00","dateModified":"2022-11-02T11:42:15+00:00","description":"Le Club Richemont a pour objectif de promouvoir activement l'\u00e9change d'exp\u00e9riences et la formation continue des boulangers, p\u00e2tissiers et confiseurs.","breadcrumb":{"@id":"https:\/\/richemont.swiss\/fr\/entreprise\/club-richemont\/#breadcrumb"},"inLanguage":"fr-FR","potentialAction":[{"@type":"ReadAction","target":["https:\/\/richemont.swiss\/fr\/entreprise\/club-richemont\/"]}]},{"@type":"ImageObject","inLanguage":"fr-FR","@id":"https:\/\/richemont.swiss\/fr\/entreprise\/club-richemont\/#primaryimage","url":"https:\/\/richemont.swiss\/wp-content\/uploads\/2022\/10\/richemont_unternehmen_fachschule_54-scaled.jpg","contentUrl":"https:\/\/richemont.swiss\/wp-content\/uploads\/2022\/10\/richemont_unternehmen_fachschule_54-scaled.jpg","width":2560,"height":1072},{"@type":"BreadcrumbList","@id":"https:\/\/richemont.swiss\/fr\/entreprise\/club-richemont\/#breadcrumb","itemListElement":[{"@type":"ListItem","position":1,"name":"Home","item":"https:\/\/richemont.swiss\/fr\/"},{"@type":"ListItem","position":2,"name":"Richemont centre de comp\u00e9tences","item":"https:\/\/richemont.swiss\/fr\/entreprise\/"},{"@type":"ListItem","position":3,"name":"Echange d\u2019exp\u00e9riences &#038; entretien de l\u2019image de marque"}]},{"@type":"WebSite","@id":"https:\/\/richemont.swiss\/fr\/#website","url":"https:\/\/richemont.swiss\/fr\/","name":"Richemont","description":"","potentialAction":[{"@type":"SearchAction","target":{"@type":"EntryPoint","urlTemplate":"https:\/\/richemont.swiss\/fr\/?s={search_term_string}"},"query-input":{"@type":"PropertyValueSpecification","valueRequired":true,"valueName":"search_term_string"}}],"inLanguage":"fr-FR"}]}},"_links":{"self":[{"href":"https:\/\/richemont.swiss\/fr\/wp-json\/wp\/v2\/pages\/897","targetHints":{"allow":["GET"]}}],"collection":[{"href":"https:\/\/richemont.swiss\/fr\/wp-json\/wp\/v2\/pages"}],"about":[{"href":"https:\/\/richemont.swiss\/fr\/wp-json\/wp\/v2\/types\/page"}],"author":[{"embeddable":true,"href":"https:\/\/richemont.swiss\/fr\/wp-json\/wp\/v2\/users\/1"}],"replies":[{"embeddable":true,"href":"https:\/\/richemont.swiss\/fr\/wp-json\/wp\/v2\/comments?post=897"}],"version-history":[{"count":0,"href":"https:\/\/richemont.swiss\/fr\/wp-json\/wp\/v2\/pages\/897\/revisions"}],"up":[{"embeddable":true,"href":"https:\/\/richemont.swiss\/fr\/wp-json\/wp\/v2\/pages\/773"}],"wp:featuredmedia":[{"embeddable":true,"href":"https:\/\/richemont.swiss\/fr\/wp-json\/wp\/v2\/media\/40756"}],"wp:attachment":[{"href":"https:\/\/richemont.swiss\/fr\/wp-json\/wp\/v2\/media?parent=897"}],"curies":[{"name":"wp","href":"https:\/\/api.w.org\/{rel}","templated":true}]}}