{"id":892,"date":"2019-02-18T08:09:53","date_gmt":"2019-02-18T07:09:53","guid":{"rendered":"https:\/\/richemont.swiss\/entreprise\/partner\/"},"modified":"2025-12-09T09:03:56","modified_gmt":"2025-12-09T08:03:56","slug":"partenaires","status":"publish","type":"page","link":"https:\/\/richemont.swiss\/fr\/entreprise\/partenaires\/","title":{"rendered":"Notre r\u00e9seau"},"content":{"rendered":"\n<h3 class=\"wp-block-heading\" id=\"h-partenariats-au-niveau-national\">Partenariats au niveau national<br><\/h3>\n\n\n\n<p>Le centre de comp\u00e9tence travaille en \u00e9troite collaboration avec diverses entreprises et associations de la branche et profite ainsi d&rsquo;un large r\u00e9seau avec un savoir-faire important. Ce r\u00f4le actif permet \u00e0 Richemont de participer de mani\u00e8re significative au d\u00e9veloppement de la formation de la branche boulangerie-p\u00e2tisserie-confiserie.<br><\/p>\n\n\n\n<ul class=\"wp-block-list\">\n<li><a aria-label=\"Pistor (\u00f6ffnet in neuem Tab)\" rel=\"noreferrer noopener\" href=\"http:\/\/www.pistor.ch\/fr\/page-daccueil.html\" target=\"_blank\">Pistor<\/a><\/li>\n\n\n\n<li><a aria-label=\"SBC Boulangers-Confiseurs suisses (\u00f6ffnet in neuem Tab)\" rel=\"noreferrer noopener\" href=\"https:\/\/www.swissbaker.ch\/fr\/sbc-home\/\" target=\"_blank\">SBC Boulangers-Confiseurs suisses<\/a><\/li>\n\n\n\n<li><a href=\"https:\/\/flv-grmc.ch\/fr\/\">L&rsquo;union suisse des ma\u00eetres<\/a><\/li>\n\n\n\n<li><a aria-label=\"IFCAM Institut Suisse pour la formation des cadres d\u2019entreprise (\u00f6ffnet in neuem Tab)\" rel=\"noreferrer noopener\" href=\"http:\/\/www.siu.ch\/fr\" target=\"_blank\">IFCAM Institut Suisse pour la formation des cadres d\u2019entreprise<\/a><\/li>\n\n\n\n<li><a href=\"https:\/\/sff.ch\/fr\/\">L&rsquo;Union Professionnelle Suisse de la Viande UPSV<\/a><\/li>\n\n\n\n<li><a aria-label=\"Rast Kaffee AG (\u00f6ffnet in neuem Tab)\" rel=\"noreferrer noopener\" href=\"https:\/\/www.rast.ch\/\" target=\"_blank\">Rast Kaffee AG<\/a><\/li>\n\n\n\n<li><a href=\"https:\/\/www.hotelgastrounion.ch\/fr\/aspbpc\">Soci\u00e9t\u00e9 professionnelle Boulangerie &amp; Confiserie<\/a><\/li>\n\n\n\n<li><a href=\"https:\/\/www.veledes.ch\/fr\/\" target=\"_blank\" rel=\"noreferrer noopener\">Veledes<\/a><\/li>\n\n\n\n<li><a href=\"https:\/\/www.business-schmiede.ch\/\" target=\"_blank\" rel=\"noreferrer noopener\">Business Schmiede<\/a><\/li>\n\n\n\n<li><a href=\"https:\/\/www.ausbildung-weiterbildung.ch\/fr-CH\">Ausbildung-Weiterbildung.ch \u2013 Le portail suisse de l&rsquo;\u00e9ducation<\/a><\/li>\n\n\n\n<li><a href=\"https:\/\/www.swissdesign-ladenbau.ch\/\">Swissdesign Ladenbau AG<\/a><\/li>\n\n\n\n<li><a href=\"https:\/\/www.gastroimpuls.ch\/fr\/\">Gastroimpuls \u2013 Hunkeler Gastro AG<\/a><\/li>\n\n\n\n<li><a href=\"https:\/\/www.gmsa.ch\/\">Groupe Minoteries SA<\/a><\/li>\n<\/ul>\n\n\n\n<h3 class=\"wp-block-heading\" id=\"h-partenariats-au-niveau-international\">Partenariats au niveau international<br><\/h3>\n\n\n\n<p>Le centre de comp\u00e9tence Richemont soigne \u00e9galement des contacts internationaux et travaille avec des entreprises et des institutions de formation de la profession, \u00e0 l&rsquo;int\u00e9rieur et \u00e0 l&rsquo;ext\u00e9rieur du pays.<br><\/p>\n\n\n\n<ul class=\"wp-block-list\">\n<li><a href=\"https:\/\/www.globalswisslearning.com\/\" target=\"_blank\" rel=\"noreferrer noopener\">Global Swiss Learning<\/a><\/li>\n\n\n\n<li><a aria-label=\"Bakels, Auckland\/Nouvelle-Z\u00e9lande (\u00f6ffnet in neuem Tab)\" rel=\"noreferrer noopener\" href=\"http:\/\/www.nzbakels.co.nz\/\" target=\"_blank\">Bakels, Auckland\/Nouvelle-Z\u00e9lande<\/a><\/li>\n\n\n\n<li><a href=\"https:\/\/www.seishingakuen.ac.jp\/international\/\" target=\"_blank\" rel=\"noreferrer noopener\">Ecole Seishin, Tokyo\/Japon<\/a><\/li>\n\n\n\n<li><a aria-label=\"Lantm\u00e4nnen Cerealia, Stockholm\/Su\u00e8de (\u00f6ffnet in neuem Tab)\" rel=\"noreferrer noopener\" href=\"http:\/\/www.cerealiafoodservice.se\/\" target=\"_blank\">Lantm\u00e4nnen Cerealia, Stockholm\/Su\u00e8de<\/a><\/li>\n\n\n\n<li><a rel=\"noreferrer noopener\" href=\"https:\/\/www.richemont-masterbaker.com\/\" target=\"_blank\">Richemont Masterbaker, Dubai\/Dubai<\/a><\/li>\n\n\n\n<li><a href=\"https:\/\/en.factoryxperts.com\/\">FactoryXperts International AG<\/a><\/li>\n\n\n\n<li><a href=\"https:\/\/www.atp.ag\/en\/\">ATP architects engineers<\/a><\/li>\n\n\n\n<li><a href=\"https:\/\/www.cetece.net\/joomla\/\">CETECE, Centro Tecnol\u00f3gico de Cereales, Palencia\/Espagne<\/a><\/li>\n\n\n\n<li><a href=\"https:\/\/www.gremipabcn.com\/\">Gremi de Flequers de Barcelona, Barcelona\/Espagne<\/a><\/li>\n\n\n\n<li><a href=\"https:\/\/haricana.es\/\">Centro de Formaci\u00f3n Grupo Haricana, Gran Canaria\/Espagne<\/a><\/li>\n\n\n\n<li><a href=\"https:\/\/www.asocpanaderosbizkaia.com\/es\/inicio\/\">Asociaci\u00f3n de Panader\u00eda de Bizkaia, Derio\/Espagne<\/a><\/li>\n\n\n\n<li><a href=\"https:\/\/www.facebook.com\/centrodeformacion.mlouza\">Centro de Formaci\u00f3n Mlouza, M\u00e1laga\/Espagne<\/a><\/li>\n\n\n\n<li><a href=\"http:\/\/novaescuela.edu.pe\/\">Escuela Nova, Lima\/P\u00e9rou<\/a><\/li>\n\n\n\n<li><a href=\"https:\/\/www.europan.mx\/\">Europan laboratorio, Ciudad de M\u00e9xico\/Mexique<\/a>  <\/li>\n\n\n\n<li><a href=\"https:\/\/criocabin.com\/?lang=fr\">Criocabin S.p.A.<\/a><\/li>\n<\/ul>\n","protected":false},"excerpt":{"rendered":"<p>Partenariats au niveau national Le centre de comp\u00e9tence travaille en \u00e9troite collaboration avec diverses entreprises et associations de la branche et profite ainsi d&rsquo;un large r\u00e9seau avec un savoir-faire important. Ce r\u00f4le actif permet \u00e0 Richemont de participer de mani\u00e8re significative au d\u00e9veloppement de la formation de la branche boulangerie-p\u00e2tisserie-confiserie. Partenariats au niveau international Le [&hellip;]<\/p>\n","protected":false},"author":1,"featured_media":40751,"parent":773,"menu_order":700,"comment_status":"closed","ping_status":"closed","template":"","meta":{"_acf_changed":false,"footnotes":""},"class_list":["post-892","page","type-page","status-publish","has-post-thumbnail","hentry"],"acf":[],"yoast_head":"<!-- This site is optimized with the Yoast SEO Premium plugin v26.7 (Yoast SEO v26.7) - https:\/\/yoast.com\/wordpress\/plugins\/seo\/ -->\n<title>Partenaire - Notre r\u00e9seau - Richemont \u00e9cole professionnelle<\/title>\n<meta name=\"description\" content=\"Richemont travaille en \u00e9troite collaboration avec divers partenaires de la branche, au niveau national et international, profitant ainsi d&#039;un vaste r\u00e9seau.\" \/>\n<meta name=\"robots\" content=\"index, follow, max-snippet:-1, max-image-preview:large, max-video-preview:-1\" \/>\n<link rel=\"canonical\" href=\"https:\/\/richemont.swiss\/fr\/entreprise\/partenaires\/\" \/>\n<meta property=\"og:locale\" content=\"fr_FR\" \/>\n<meta property=\"og:type\" content=\"article\" \/>\n<meta property=\"og:title\" content=\"Notre r\u00e9seau\" \/>\n<meta property=\"og:description\" content=\"Richemont travaille en \u00e9troite collaboration avec divers partenaires de la branche, au niveau national et international, profitant ainsi d&#039;un vaste r\u00e9seau.\" \/>\n<meta property=\"og:url\" content=\"https:\/\/richemont.swiss\/fr\/entreprise\/partenaires\/\" \/>\n<meta property=\"og:site_name\" content=\"Richemont\" \/>\n<meta property=\"article:modified_time\" content=\"2025-12-09T08:03:56+00:00\" \/>\n<meta property=\"og:image\" content=\"https:\/\/richemont.swiss\/wp-content\/uploads\/2022\/10\/richemont_unternehmen_fachschule_53-scaled.jpg\" \/>\n\t<meta property=\"og:image:width\" content=\"2560\" \/>\n\t<meta property=\"og:image:height\" content=\"1072\" \/>\n\t<meta property=\"og:image:type\" content=\"image\/jpeg\" \/>\n<meta name=\"twitter:card\" content=\"summary_large_image\" \/>\n<meta name=\"twitter:label1\" content=\"Dur\u00e9e de lecture estim\u00e9e\" \/>\n\t<meta name=\"twitter:data1\" content=\"2 minutes\" \/>\n<script type=\"application\/ld+json\" class=\"yoast-schema-graph\">{\"@context\":\"https:\/\/schema.org\",\"@graph\":[{\"@type\":\"WebPage\",\"@id\":\"https:\/\/richemont.swiss\/fr\/entreprise\/partenaires\/\",\"url\":\"https:\/\/richemont.swiss\/fr\/entreprise\/partenaires\/\",\"name\":\"Partenaire - Notre r\u00e9seau - Richemont \u00e9cole professionnelle\",\"isPartOf\":{\"@id\":\"https:\/\/richemont.swiss\/fr\/#website\"},\"primaryImageOfPage\":{\"@id\":\"https:\/\/richemont.swiss\/fr\/entreprise\/partenaires\/#primaryimage\"},\"image\":{\"@id\":\"https:\/\/richemont.swiss\/fr\/entreprise\/partenaires\/#primaryimage\"},\"thumbnailUrl\":\"https:\/\/richemont.swiss\/wp-content\/uploads\/2022\/10\/richemont_unternehmen_fachschule_53-scaled.jpg\",\"datePublished\":\"2019-02-18T07:09:53+00:00\",\"dateModified\":\"2025-12-09T08:03:56+00:00\",\"description\":\"Richemont travaille en \u00e9troite collaboration avec divers partenaires de la branche, au niveau national et international, profitant ainsi d'un vaste r\u00e9seau.\",\"breadcrumb\":{\"@id\":\"https:\/\/richemont.swiss\/fr\/entreprise\/partenaires\/#breadcrumb\"},\"inLanguage\":\"fr-FR\",\"potentialAction\":[{\"@type\":\"ReadAction\",\"target\":[\"https:\/\/richemont.swiss\/fr\/entreprise\/partenaires\/\"]}]},{\"@type\":\"ImageObject\",\"inLanguage\":\"fr-FR\",\"@id\":\"https:\/\/richemont.swiss\/fr\/entreprise\/partenaires\/#primaryimage\",\"url\":\"https:\/\/richemont.swiss\/wp-content\/uploads\/2022\/10\/richemont_unternehmen_fachschule_53-scaled.jpg\",\"contentUrl\":\"https:\/\/richemont.swiss\/wp-content\/uploads\/2022\/10\/richemont_unternehmen_fachschule_53-scaled.jpg\",\"width\":2560,\"height\":1072},{\"@type\":\"BreadcrumbList\",\"@id\":\"https:\/\/richemont.swiss\/fr\/entreprise\/partenaires\/#breadcrumb\",\"itemListElement\":[{\"@type\":\"ListItem\",\"position\":1,\"name\":\"Home\",\"item\":\"https:\/\/richemont.swiss\/fr\/\"},{\"@type\":\"ListItem\",\"position\":2,\"name\":\"Richemont centre de comp\u00e9tences\",\"item\":\"https:\/\/richemont.swiss\/fr\/entreprise\/\"},{\"@type\":\"ListItem\",\"position\":3,\"name\":\"Notre r\u00e9seau\"}]},{\"@type\":\"WebSite\",\"@id\":\"https:\/\/richemont.swiss\/fr\/#website\",\"url\":\"https:\/\/richemont.swiss\/fr\/\",\"name\":\"Richemont\",\"description\":\"\",\"potentialAction\":[{\"@type\":\"SearchAction\",\"target\":{\"@type\":\"EntryPoint\",\"urlTemplate\":\"https:\/\/richemont.swiss\/fr\/?s={search_term_string}\"},\"query-input\":{\"@type\":\"PropertyValueSpecification\",\"valueRequired\":true,\"valueName\":\"search_term_string\"}}],\"inLanguage\":\"fr-FR\"}]}<\/script>\n<!-- \/ Yoast SEO Premium plugin. -->","yoast_head_json":{"title":"Partenaire - Notre r\u00e9seau - Richemont \u00e9cole professionnelle","description":"Richemont travaille en \u00e9troite collaboration avec divers partenaires de la branche, au niveau national et international, profitant ainsi d'un vaste r\u00e9seau.","robots":{"index":"index","follow":"follow","max-snippet":"max-snippet:-1","max-image-preview":"max-image-preview:large","max-video-preview":"max-video-preview:-1"},"canonical":"https:\/\/richemont.swiss\/fr\/entreprise\/partenaires\/","og_locale":"fr_FR","og_type":"article","og_title":"Notre r\u00e9seau","og_description":"Richemont travaille en \u00e9troite collaboration avec divers partenaires de la branche, au niveau national et international, profitant ainsi d'un vaste r\u00e9seau.","og_url":"https:\/\/richemont.swiss\/fr\/entreprise\/partenaires\/","og_site_name":"Richemont","article_modified_time":"2025-12-09T08:03:56+00:00","og_image":[{"width":2560,"height":1072,"url":"https:\/\/richemont.swiss\/wp-content\/uploads\/2022\/10\/richemont_unternehmen_fachschule_53-scaled.jpg","type":"image\/jpeg"}],"twitter_card":"summary_large_image","twitter_misc":{"Dur\u00e9e de lecture estim\u00e9e":"2 minutes"},"schema":{"@context":"https:\/\/schema.org","@graph":[{"@type":"WebPage","@id":"https:\/\/richemont.swiss\/fr\/entreprise\/partenaires\/","url":"https:\/\/richemont.swiss\/fr\/entreprise\/partenaires\/","name":"Partenaire - Notre r\u00e9seau - Richemont \u00e9cole professionnelle","isPartOf":{"@id":"https:\/\/richemont.swiss\/fr\/#website"},"primaryImageOfPage":{"@id":"https:\/\/richemont.swiss\/fr\/entreprise\/partenaires\/#primaryimage"},"image":{"@id":"https:\/\/richemont.swiss\/fr\/entreprise\/partenaires\/#primaryimage"},"thumbnailUrl":"https:\/\/richemont.swiss\/wp-content\/uploads\/2022\/10\/richemont_unternehmen_fachschule_53-scaled.jpg","datePublished":"2019-02-18T07:09:53+00:00","dateModified":"2025-12-09T08:03:56+00:00","description":"Richemont travaille en \u00e9troite collaboration avec divers partenaires de la branche, au niveau national et international, profitant ainsi d'un vaste r\u00e9seau.","breadcrumb":{"@id":"https:\/\/richemont.swiss\/fr\/entreprise\/partenaires\/#breadcrumb"},"inLanguage":"fr-FR","potentialAction":[{"@type":"ReadAction","target":["https:\/\/richemont.swiss\/fr\/entreprise\/partenaires\/"]}]},{"@type":"ImageObject","inLanguage":"fr-FR","@id":"https:\/\/richemont.swiss\/fr\/entreprise\/partenaires\/#primaryimage","url":"https:\/\/richemont.swiss\/wp-content\/uploads\/2022\/10\/richemont_unternehmen_fachschule_53-scaled.jpg","contentUrl":"https:\/\/richemont.swiss\/wp-content\/uploads\/2022\/10\/richemont_unternehmen_fachschule_53-scaled.jpg","width":2560,"height":1072},{"@type":"BreadcrumbList","@id":"https:\/\/richemont.swiss\/fr\/entreprise\/partenaires\/#breadcrumb","itemListElement":[{"@type":"ListItem","position":1,"name":"Home","item":"https:\/\/richemont.swiss\/fr\/"},{"@type":"ListItem","position":2,"name":"Richemont centre de comp\u00e9tences","item":"https:\/\/richemont.swiss\/fr\/entreprise\/"},{"@type":"ListItem","position":3,"name":"Notre r\u00e9seau"}]},{"@type":"WebSite","@id":"https:\/\/richemont.swiss\/fr\/#website","url":"https:\/\/richemont.swiss\/fr\/","name":"Richemont","description":"","potentialAction":[{"@type":"SearchAction","target":{"@type":"EntryPoint","urlTemplate":"https:\/\/richemont.swiss\/fr\/?s={search_term_string}"},"query-input":{"@type":"PropertyValueSpecification","valueRequired":true,"valueName":"search_term_string"}}],"inLanguage":"fr-FR"}]}},"_links":{"self":[{"href":"https:\/\/richemont.swiss\/fr\/wp-json\/wp\/v2\/pages\/892","targetHints":{"allow":["GET"]}}],"collection":[{"href":"https:\/\/richemont.swiss\/fr\/wp-json\/wp\/v2\/pages"}],"about":[{"href":"https:\/\/richemont.swiss\/fr\/wp-json\/wp\/v2\/types\/page"}],"author":[{"embeddable":true,"href":"https:\/\/richemont.swiss\/fr\/wp-json\/wp\/v2\/users\/1"}],"replies":[{"embeddable":true,"href":"https:\/\/richemont.swiss\/fr\/wp-json\/wp\/v2\/comments?post=892"}],"version-history":[{"count":0,"href":"https:\/\/richemont.swiss\/fr\/wp-json\/wp\/v2\/pages\/892\/revisions"}],"up":[{"embeddable":true,"href":"https:\/\/richemont.swiss\/fr\/wp-json\/wp\/v2\/pages\/773"}],"wp:featuredmedia":[{"embeddable":true,"href":"https:\/\/richemont.swiss\/fr\/wp-json\/wp\/v2\/media\/40751"}],"wp:attachment":[{"href":"https:\/\/richemont.swiss\/fr\/wp-json\/wp\/v2\/media?parent=892"}],"curies":[{"name":"wp","href":"https:\/\/api.w.org\/{rel}","templated":true}]}}