{"id":887,"date":"2019-02-18T15:07:23","date_gmt":"2019-02-18T14:07:23","guid":{"rendered":"https:\/\/richemont.swiss\/entreprise\/edition-medias\/fachblatt\/"},"modified":"2025-01-03T13:25:29","modified_gmt":"2025-01-03T12:25:29","slug":"bulletin-richemont","status":"publish","type":"page","link":"https:\/\/richemont.swiss\/fr\/edition-medias\/offres-de-edition-medias\/bulletin-richemont\/","title":{"rendered":"Pour informer"},"content":{"rendered":"\n<p>Le Bulletin Richemont est la plus grande magazine pour la branche de la boulangerie, de la p\u00e2tisserie et de la confiserie en Suisse. Depuis 80 ans, le magazine informe sur les \u00e9v\u00e9nements importants et transmet des informations techniques et professionnelles. Les lecteurs re\u00e7oivent des id\u00e9es de recettes vari\u00e9es \u00e0 r\u00e9aliser directement ou comme base pour leurs propres cr\u00e9ations. L&rsquo;agenda attire l&rsquo;attention sur les cours et les manifestations actuels. Des articles sp\u00e9cialis\u00e9s sur les tendances, l&rsquo;\u00e9volution du march\u00e9, les aspects juridiques et de gestion d&rsquo;entreprise fournissent au secteur de pr\u00e9cieuses aides \u00e0 la d\u00e9cision.<\/p>\n\n\n\n<p><a href=\"https:\/\/preview.richemont.swiss\/?book=FB%2002-2024_fr.pdf\">en savoir plus<\/a><\/p>\n\n\n\n<p><a href=\"https:\/\/richemont.swiss\/fr\/product-category\/bulletin-professionnel\/\" target=\"_blank\" rel=\"noreferrer noopener\" aria-label=\"commande d'abonnement (\u00f6ffnet in neuem Tab)\">commande d&rsquo;abonnement<\/a><\/p>\n\n\n\n<h3 class=\"wp-block-heading\" id=\"h-votre-plus-value-nbsp-e-paper-en-ligne\">Votre plus-value&nbsp;: e-paper en ligne<\/h3>\n\n\n\n<p>En tant qu\u2019abonn\u00e9\/e, vous disposez en plus de l\u2019\u00e9dition imprim\u00e9e, l\u2019\u00e9dition num\u00e9rique sous forme de e-paper, attrayant et \u00e0 lire intuitivement. Fouillez dans la large collection de recettes et laissez-vous inspirer par des id\u00e9es pour la branche ainsi que des suggestions parmi les divers articles professionnels.<\/p>\n\n\n\n<p>Dans les archives int\u00e9gr\u00e9es, vous trouverez toutes les \u00e9ditions du Bulletin professionnel depuis 2005, ce qui repr\u00e9sente plus de 1000 recettes attrayantes et plus de 300 articles sp\u00e9cialis\u00e9s. Connectez-vous dans l\u2019appli beook \u00e0 l\u2019aide de vos donn\u00e9es-clients d\u2019acc\u00e8s \u00e0 votre compte client\/e Richemont.<\/p>\n\n\n\n<p>Informations suppl\u00e9mentaires: <a href=\"http:\/\/www.beook.ch\">www.beook.ch<\/a><\/p>\n\n\n\n<h3 class=\"wp-block-heading\">La version web du e-paper<\/h3>\n\n\n\n<p>En plus de l\u2018application beook, la <a href=\"https:\/\/beook.richemont.swiss\">version web<\/a> du Richemont e-paper est \u00e9galement disponible. Vous pouvez y utiliser le large \u00e9ventail de toutes les revues professionnelles de Richemont \u00e0 partir de 2005 sans aucune pr\u00e9-installation et sur tous les appareils finaux.D\u00e9couvrez un fascinant plaisir de lire sur votre ordinateur, une tablette ou un smartphone.<\/p>\n\n\n\n<p>D\u00e9couvrez un fascinant plaisir de lire sur votre ordinateur, une tablette ou un smartphone.<\/p>\n\n\n\n<h3 class=\"wp-block-heading\" id=\"h-inserer-dans-le-bulletin-richemont\">Ins\u00e9rer dans le Bulletin Richemont<\/h3>\n\n\n\n<p>Etes-vous int\u00e9ress\u00e9 par une publicit\u00e9 durable avec succ\u00e8s assur\u00e9&nbsp;? Le Bulletin Richemont est le plus grand p\u00e9riodique professionnel pour la branche boulangerie-p\u00e2tisserie-confiserie en Suisse.<\/p>\n\n\n\n<p>Utilisez cette plateforme et portez votre message aupr\u00e8s de 15&rsquo;000 lecteurs et lectrices chaque mois.<\/p>\n","protected":false},"excerpt":{"rendered":"<p>Le Bulletin Richemont est la plus grande magazine pour la branche de la boulangerie, de la p\u00e2tisserie et de la confiserie en Suisse. Depuis 80 ans, le magazine informe sur les \u00e9v\u00e9nements importants et transmet des informations techniques et professionnelles. Les lecteurs re\u00e7oivent des id\u00e9es de recettes vari\u00e9es \u00e0 r\u00e9aliser directement ou comme base pour [&hellip;]<\/p>\n","protected":false},"author":1,"featured_media":6709,"parent":4498,"menu_order":40,"comment_status":"closed","ping_status":"closed","template":"","meta":{"_acf_changed":false,"footnotes":""},"class_list":["post-887","page","type-page","status-publish","has-post-thumbnail","hentry"],"acf":[],"yoast_head":"<!-- This site is optimized with the Yoast SEO Premium plugin v26.7 (Yoast SEO v26.7) - https:\/\/yoast.com\/wordpress\/plugins\/seo\/ -->\n<title>\u00catre inform\u00e9 avec le bulletin - Richemont \u00e9cole professionnelle<\/title>\n<meta name=\"description\" content=\"\u00c9v\u00e9nements importants de la branche, informations professionnelles et id\u00e9es de recettes vari\u00e9es - tous les mois dans le bulletin professionnel Richemont.\" \/>\n<meta name=\"robots\" content=\"index, follow, max-snippet:-1, max-image-preview:large, max-video-preview:-1\" \/>\n<link rel=\"canonical\" href=\"https:\/\/richemont.swiss\/fr\/edition-medias\/offres-de-edition-medias\/bulletin-richemont\/\" \/>\n<meta property=\"og:locale\" content=\"fr_FR\" \/>\n<meta property=\"og:type\" content=\"article\" \/>\n<meta property=\"og:title\" content=\"Pour informer\" \/>\n<meta property=\"og:description\" content=\"\u00c9v\u00e9nements importants de la branche, informations professionnelles et id\u00e9es de recettes vari\u00e9es - tous les mois dans le bulletin professionnel Richemont.\" \/>\n<meta property=\"og:url\" content=\"https:\/\/richemont.swiss\/fr\/edition-medias\/offres-de-edition-medias\/bulletin-richemont\/\" \/>\n<meta property=\"og:site_name\" content=\"Richemont\" \/>\n<meta property=\"article:modified_time\" content=\"2025-01-03T12:25:29+00:00\" \/>\n<meta property=\"og:image\" content=\"https:\/\/richemont.swiss\/wp-content\/uploads\/2019\/06\/richemont_edition_mdias_02.jpg\" \/>\n\t<meta property=\"og:image:width\" content=\"5472\" \/>\n\t<meta property=\"og:image:height\" content=\"3208\" \/>\n\t<meta property=\"og:image:type\" content=\"image\/jpeg\" \/>\n<meta name=\"twitter:card\" content=\"summary_large_image\" \/>\n<meta name=\"twitter:label1\" content=\"Dur\u00e9e de lecture estim\u00e9e\" \/>\n\t<meta name=\"twitter:data1\" content=\"2 minutes\" \/>\n<script type=\"application\/ld+json\" class=\"yoast-schema-graph\">{\"@context\":\"https:\/\/schema.org\",\"@graph\":[{\"@type\":\"WebPage\",\"@id\":\"https:\/\/richemont.swiss\/fr\/edition-medias\/offres-de-edition-medias\/bulletin-richemont\/\",\"url\":\"https:\/\/richemont.swiss\/fr\/edition-medias\/offres-de-edition-medias\/bulletin-richemont\/\",\"name\":\"\u00catre inform\u00e9 avec le bulletin - Richemont \u00e9cole professionnelle\",\"isPartOf\":{\"@id\":\"https:\/\/richemont.swiss\/fr\/#website\"},\"primaryImageOfPage\":{\"@id\":\"https:\/\/richemont.swiss\/fr\/edition-medias\/offres-de-edition-medias\/bulletin-richemont\/#primaryimage\"},\"image\":{\"@id\":\"https:\/\/richemont.swiss\/fr\/edition-medias\/offres-de-edition-medias\/bulletin-richemont\/#primaryimage\"},\"thumbnailUrl\":\"https:\/\/richemont.swiss\/wp-content\/uploads\/2019\/06\/richemont_edition_mdias_02.jpg\",\"datePublished\":\"2019-02-18T14:07:23+00:00\",\"dateModified\":\"2025-01-03T12:25:29+00:00\",\"description\":\"\u00c9v\u00e9nements importants de la branche, informations professionnelles et id\u00e9es de recettes vari\u00e9es - tous les mois dans le bulletin professionnel Richemont.\",\"breadcrumb\":{\"@id\":\"https:\/\/richemont.swiss\/fr\/edition-medias\/offres-de-edition-medias\/bulletin-richemont\/#breadcrumb\"},\"inLanguage\":\"fr-FR\",\"potentialAction\":[{\"@type\":\"ReadAction\",\"target\":[\"https:\/\/richemont.swiss\/fr\/edition-medias\/offres-de-edition-medias\/bulletin-richemont\/\"]}]},{\"@type\":\"ImageObject\",\"inLanguage\":\"fr-FR\",\"@id\":\"https:\/\/richemont.swiss\/fr\/edition-medias\/offres-de-edition-medias\/bulletin-richemont\/#primaryimage\",\"url\":\"https:\/\/richemont.swiss\/wp-content\/uploads\/2019\/06\/richemont_edition_mdias_02.jpg\",\"contentUrl\":\"https:\/\/richemont.swiss\/wp-content\/uploads\/2019\/06\/richemont_edition_mdias_02.jpg\",\"width\":5472,\"height\":3208,\"caption\":\"\u00catre inform\u00e9 avec le bulletin \u2013 Richemont \u00e9cole professionnelle\"},{\"@type\":\"BreadcrumbList\",\"@id\":\"https:\/\/richemont.swiss\/fr\/edition-medias\/offres-de-edition-medias\/bulletin-richemont\/#breadcrumb\",\"itemListElement\":[{\"@type\":\"ListItem\",\"position\":1,\"name\":\"Home\",\"item\":\"https:\/\/richemont.swiss\/fr\/\"},{\"@type\":\"ListItem\",\"position\":2,\"name\":\"Transfert des connaissances\",\"item\":\"https:\/\/richemont.swiss\/fr\/edition-medias\/\"},{\"@type\":\"ListItem\",\"position\":3,\"name\":\"Inspiration pour votre entreprise \u2013 Connaissances pour votre succ\u00e8s\",\"item\":\"https:\/\/richemont.swiss\/fr\/edition-medias\/offres-de-edition-medias\/\"},{\"@type\":\"ListItem\",\"position\":4,\"name\":\"Pour informer\"}]},{\"@type\":\"WebSite\",\"@id\":\"https:\/\/richemont.swiss\/fr\/#website\",\"url\":\"https:\/\/richemont.swiss\/fr\/\",\"name\":\"Richemont\",\"description\":\"\",\"potentialAction\":[{\"@type\":\"SearchAction\",\"target\":{\"@type\":\"EntryPoint\",\"urlTemplate\":\"https:\/\/richemont.swiss\/fr\/?s={search_term_string}\"},\"query-input\":{\"@type\":\"PropertyValueSpecification\",\"valueRequired\":true,\"valueName\":\"search_term_string\"}}],\"inLanguage\":\"fr-FR\"}]}<\/script>\n<!-- \/ Yoast SEO Premium plugin. -->","yoast_head_json":{"title":"\u00catre inform\u00e9 avec le bulletin - Richemont \u00e9cole professionnelle","description":"\u00c9v\u00e9nements importants de la branche, informations professionnelles et id\u00e9es de recettes vari\u00e9es - tous les mois dans le bulletin professionnel Richemont.","robots":{"index":"index","follow":"follow","max-snippet":"max-snippet:-1","max-image-preview":"max-image-preview:large","max-video-preview":"max-video-preview:-1"},"canonical":"https:\/\/richemont.swiss\/fr\/edition-medias\/offres-de-edition-medias\/bulletin-richemont\/","og_locale":"fr_FR","og_type":"article","og_title":"Pour informer","og_description":"\u00c9v\u00e9nements importants de la branche, informations professionnelles et id\u00e9es de recettes vari\u00e9es - tous les mois dans le bulletin professionnel Richemont.","og_url":"https:\/\/richemont.swiss\/fr\/edition-medias\/offres-de-edition-medias\/bulletin-richemont\/","og_site_name":"Richemont","article_modified_time":"2025-01-03T12:25:29+00:00","og_image":[{"width":5472,"height":3208,"url":"https:\/\/richemont.swiss\/wp-content\/uploads\/2019\/06\/richemont_edition_mdias_02.jpg","type":"image\/jpeg"}],"twitter_card":"summary_large_image","twitter_misc":{"Dur\u00e9e de lecture estim\u00e9e":"2 minutes"},"schema":{"@context":"https:\/\/schema.org","@graph":[{"@type":"WebPage","@id":"https:\/\/richemont.swiss\/fr\/edition-medias\/offres-de-edition-medias\/bulletin-richemont\/","url":"https:\/\/richemont.swiss\/fr\/edition-medias\/offres-de-edition-medias\/bulletin-richemont\/","name":"\u00catre inform\u00e9 avec le bulletin - Richemont \u00e9cole professionnelle","isPartOf":{"@id":"https:\/\/richemont.swiss\/fr\/#website"},"primaryImageOfPage":{"@id":"https:\/\/richemont.swiss\/fr\/edition-medias\/offres-de-edition-medias\/bulletin-richemont\/#primaryimage"},"image":{"@id":"https:\/\/richemont.swiss\/fr\/edition-medias\/offres-de-edition-medias\/bulletin-richemont\/#primaryimage"},"thumbnailUrl":"https:\/\/richemont.swiss\/wp-content\/uploads\/2019\/06\/richemont_edition_mdias_02.jpg","datePublished":"2019-02-18T14:07:23+00:00","dateModified":"2025-01-03T12:25:29+00:00","description":"\u00c9v\u00e9nements importants de la branche, informations professionnelles et id\u00e9es de recettes vari\u00e9es - tous les mois dans le bulletin professionnel Richemont.","breadcrumb":{"@id":"https:\/\/richemont.swiss\/fr\/edition-medias\/offres-de-edition-medias\/bulletin-richemont\/#breadcrumb"},"inLanguage":"fr-FR","potentialAction":[{"@type":"ReadAction","target":["https:\/\/richemont.swiss\/fr\/edition-medias\/offres-de-edition-medias\/bulletin-richemont\/"]}]},{"@type":"ImageObject","inLanguage":"fr-FR","@id":"https:\/\/richemont.swiss\/fr\/edition-medias\/offres-de-edition-medias\/bulletin-richemont\/#primaryimage","url":"https:\/\/richemont.swiss\/wp-content\/uploads\/2019\/06\/richemont_edition_mdias_02.jpg","contentUrl":"https:\/\/richemont.swiss\/wp-content\/uploads\/2019\/06\/richemont_edition_mdias_02.jpg","width":5472,"height":3208,"caption":"\u00catre inform\u00e9 avec le bulletin \u2013 Richemont \u00e9cole professionnelle"},{"@type":"BreadcrumbList","@id":"https:\/\/richemont.swiss\/fr\/edition-medias\/offres-de-edition-medias\/bulletin-richemont\/#breadcrumb","itemListElement":[{"@type":"ListItem","position":1,"name":"Home","item":"https:\/\/richemont.swiss\/fr\/"},{"@type":"ListItem","position":2,"name":"Transfert des connaissances","item":"https:\/\/richemont.swiss\/fr\/edition-medias\/"},{"@type":"ListItem","position":3,"name":"Inspiration pour votre entreprise \u2013 Connaissances pour votre succ\u00e8s","item":"https:\/\/richemont.swiss\/fr\/edition-medias\/offres-de-edition-medias\/"},{"@type":"ListItem","position":4,"name":"Pour informer"}]},{"@type":"WebSite","@id":"https:\/\/richemont.swiss\/fr\/#website","url":"https:\/\/richemont.swiss\/fr\/","name":"Richemont","description":"","potentialAction":[{"@type":"SearchAction","target":{"@type":"EntryPoint","urlTemplate":"https:\/\/richemont.swiss\/fr\/?s={search_term_string}"},"query-input":{"@type":"PropertyValueSpecification","valueRequired":true,"valueName":"search_term_string"}}],"inLanguage":"fr-FR"}]}},"_links":{"self":[{"href":"https:\/\/richemont.swiss\/fr\/wp-json\/wp\/v2\/pages\/887","targetHints":{"allow":["GET"]}}],"collection":[{"href":"https:\/\/richemont.swiss\/fr\/wp-json\/wp\/v2\/pages"}],"about":[{"href":"https:\/\/richemont.swiss\/fr\/wp-json\/wp\/v2\/types\/page"}],"author":[{"embeddable":true,"href":"https:\/\/richemont.swiss\/fr\/wp-json\/wp\/v2\/users\/1"}],"replies":[{"embeddable":true,"href":"https:\/\/richemont.swiss\/fr\/wp-json\/wp\/v2\/comments?post=887"}],"version-history":[{"count":0,"href":"https:\/\/richemont.swiss\/fr\/wp-json\/wp\/v2\/pages\/887\/revisions"}],"up":[{"embeddable":true,"href":"https:\/\/richemont.swiss\/fr\/wp-json\/wp\/v2\/pages\/4498"}],"wp:featuredmedia":[{"embeddable":true,"href":"https:\/\/richemont.swiss\/fr\/wp-json\/wp\/v2\/media\/6709"}],"wp:attachment":[{"href":"https:\/\/richemont.swiss\/fr\/wp-json\/wp\/v2\/media?parent=887"}],"curies":[{"name":"wp","href":"https:\/\/api.w.org\/{rel}","templated":true}]}}