{"id":884,"date":"2019-02-18T15:05:15","date_gmt":"2019-02-18T15:05:15","guid":{"rendered":"https:\/\/richemont.swiss\/entreprise\/edition-medias\/e-books\/"},"modified":"2019-06-27T07:01:22","modified_gmt":"2019-06-27T07:01:22","slug":"e-books","status":"publish","type":"page","link":"https:\/\/richemont.swiss\/fr\/edition-medias\/offres-de-edition-medias\/e-books\/","title":{"rendered":"Pour consulter"},"content":{"rendered":"\n<p>\u00ab&nbsp;Les connaissances de base&nbsp;\u00bb, \u00ab&nbsp;Economie d&rsquo;entreprise&nbsp;\u00bb, \u00ab&nbsp;Les connaissances de base vente&nbsp;\u00bb, le mat\u00e9riel didactique de l&rsquo;ensemble de la branche boulangerie-p\u00e2tisserie-confiserie, pr\u00e9sent\u00e9s de mani\u00e8re claire et facile \u00e0 comprendre. Des ouvrages complets qui vous accompagnent durant la formation initiale et qui, plus tard, font office de r\u00e9f\u00e9rence de consultation en vous offrant de pr\u00e9cieuses informations. Ces ouvrages sont disponibles sous forme de e-book, mat\u00e9riel didactique moderne et utilisable de mani\u00e8re intuitive.<br><\/p>\n\n\n\n<p><a href=\"https:\/\/richemont.swiss\/fr\/product-category\/e-books-fr\/\" target=\"_blank\" rel=\"noreferrer noopener\" aria-label=\"vers le shop (\u00f6ffnet in neuem Tab)\">vers le shop<\/a><\/p>\n","protected":false},"excerpt":{"rendered":"<p>\u00ab&nbsp;Les connaissances de base&nbsp;\u00bb, \u00ab&nbsp;Economie d&rsquo;entreprise&nbsp;\u00bb, \u00ab&nbsp;Les connaissances de base vente&nbsp;\u00bb, le mat\u00e9riel didactique de l&rsquo;ensemble de la branche boulangerie-p\u00e2tisserie-confiserie, pr\u00e9sent\u00e9s de mani\u00e8re claire et facile \u00e0 comprendre. Des ouvrages complets qui vous accompagnent durant la formation initiale et qui, plus tard, font office de r\u00e9f\u00e9rence de consultation en vous offrant de pr\u00e9cieuses informations. Ces [&hellip;]<\/p>\n","protected":false},"author":1,"featured_media":6725,"parent":4498,"menu_order":30,"comment_status":"closed","ping_status":"closed","template":"","meta":{"_acf_changed":false,"footnotes":""},"class_list":["post-884","page","type-page","status-publish","has-post-thumbnail","hentry"],"acf":[],"yoast_head":"<!-- This site is optimized with the Yoast SEO Premium plugin v26.7 (Yoast SEO v26.7) - https:\/\/yoast.com\/wordpress\/plugins\/seo\/ -->\n<title>E-Books pour le travail quotidien - Richemont \u00e9cole professionnelle<\/title>\n<meta name=\"description\" content=\"Les manuels de boulangerie, de p\u00e2tisserie et de confiserie sont \u00e9galement disponibles sous forme de livres num\u00e9riques modernes et intuitifs.\" \/>\n<meta name=\"robots\" content=\"index, follow, max-snippet:-1, max-image-preview:large, max-video-preview:-1\" \/>\n<link rel=\"canonical\" href=\"https:\/\/richemont.swiss\/fr\/edition-medias\/offres-de-edition-medias\/e-books\/\" \/>\n<meta property=\"og:locale\" content=\"fr_FR\" \/>\n<meta property=\"og:type\" content=\"article\" \/>\n<meta property=\"og:title\" content=\"Pour consulter\" \/>\n<meta property=\"og:description\" content=\"Les manuels de boulangerie, de p\u00e2tisserie et de confiserie sont \u00e9galement disponibles sous forme de livres num\u00e9riques modernes et intuitifs.\" \/>\n<meta property=\"og:url\" content=\"https:\/\/richemont.swiss\/fr\/edition-medias\/offres-de-edition-medias\/e-books\/\" \/>\n<meta property=\"og:site_name\" content=\"Richemont\" \/>\n<meta property=\"article:modified_time\" content=\"2019-06-27T07:01:22+00:00\" \/>\n<meta property=\"og:image\" content=\"https:\/\/richemont.swiss\/wp-content\/uploads\/2019\/06\/richemont_verlag_09.jpg\" \/>\n\t<meta property=\"og:image:width\" content=\"8984\" \/>\n\t<meta property=\"og:image:height\" content=\"4856\" \/>\n\t<meta property=\"og:image:type\" content=\"image\/jpeg\" \/>\n<meta name=\"twitter:card\" content=\"summary_large_image\" \/>\n<script type=\"application\/ld+json\" class=\"yoast-schema-graph\">{\"@context\":\"https:\/\/schema.org\",\"@graph\":[{\"@type\":\"WebPage\",\"@id\":\"https:\/\/richemont.swiss\/fr\/edition-medias\/offres-de-edition-medias\/e-books\/\",\"url\":\"https:\/\/richemont.swiss\/fr\/edition-medias\/offres-de-edition-medias\/e-books\/\",\"name\":\"E-Books pour le travail quotidien - Richemont \u00e9cole professionnelle\",\"isPartOf\":{\"@id\":\"https:\/\/richemont.swiss\/fr\/#website\"},\"primaryImageOfPage\":{\"@id\":\"https:\/\/richemont.swiss\/fr\/edition-medias\/offres-de-edition-medias\/e-books\/#primaryimage\"},\"image\":{\"@id\":\"https:\/\/richemont.swiss\/fr\/edition-medias\/offres-de-edition-medias\/e-books\/#primaryimage\"},\"thumbnailUrl\":\"https:\/\/richemont.swiss\/wp-content\/uploads\/2019\/06\/richemont_verlag_09.jpg\",\"datePublished\":\"2019-02-18T15:05:15+00:00\",\"dateModified\":\"2019-06-27T07:01:22+00:00\",\"description\":\"Les manuels de boulangerie, de p\u00e2tisserie et de confiserie sont \u00e9galement disponibles sous forme de livres num\u00e9riques modernes et intuitifs.\",\"breadcrumb\":{\"@id\":\"https:\/\/richemont.swiss\/fr\/edition-medias\/offres-de-edition-medias\/e-books\/#breadcrumb\"},\"inLanguage\":\"fr-FR\",\"potentialAction\":[{\"@type\":\"ReadAction\",\"target\":[\"https:\/\/richemont.swiss\/fr\/edition-medias\/offres-de-edition-medias\/e-books\/\"]}]},{\"@type\":\"ImageObject\",\"inLanguage\":\"fr-FR\",\"@id\":\"https:\/\/richemont.swiss\/fr\/edition-medias\/offres-de-edition-medias\/e-books\/#primaryimage\",\"url\":\"https:\/\/richemont.swiss\/wp-content\/uploads\/2019\/06\/richemont_verlag_09.jpg\",\"contentUrl\":\"https:\/\/richemont.swiss\/wp-content\/uploads\/2019\/06\/richemont_verlag_09.jpg\",\"width\":8984,\"height\":4856,\"caption\":\"E-Books pour le travail quotidien - Richemont \u00e9cole professionnelle\"},{\"@type\":\"BreadcrumbList\",\"@id\":\"https:\/\/richemont.swiss\/fr\/edition-medias\/offres-de-edition-medias\/e-books\/#breadcrumb\",\"itemListElement\":[{\"@type\":\"ListItem\",\"position\":1,\"name\":\"Home\",\"item\":\"https:\/\/richemont.swiss\/fr\/\"},{\"@type\":\"ListItem\",\"position\":2,\"name\":\"Transfert des connaissances\",\"item\":\"https:\/\/richemont.swiss\/fr\/edition-medias\/\"},{\"@type\":\"ListItem\",\"position\":3,\"name\":\"Inspiration pour votre entreprise \u2013 Connaissances pour votre succ\u00e8s\",\"item\":\"https:\/\/richemont.swiss\/fr\/edition-medias\/offres-de-edition-medias\/\"},{\"@type\":\"ListItem\",\"position\":4,\"name\":\"Pour consulter\"}]},{\"@type\":\"WebSite\",\"@id\":\"https:\/\/richemont.swiss\/fr\/#website\",\"url\":\"https:\/\/richemont.swiss\/fr\/\",\"name\":\"Richemont\",\"description\":\"\",\"potentialAction\":[{\"@type\":\"SearchAction\",\"target\":{\"@type\":\"EntryPoint\",\"urlTemplate\":\"https:\/\/richemont.swiss\/fr\/?s={search_term_string}\"},\"query-input\":{\"@type\":\"PropertyValueSpecification\",\"valueRequired\":true,\"valueName\":\"search_term_string\"}}],\"inLanguage\":\"fr-FR\"}]}<\/script>\n<!-- \/ Yoast SEO Premium plugin. -->","yoast_head_json":{"title":"E-Books pour le travail quotidien - Richemont \u00e9cole professionnelle","description":"Les manuels de boulangerie, de p\u00e2tisserie et de confiserie sont \u00e9galement disponibles sous forme de livres num\u00e9riques modernes et intuitifs.","robots":{"index":"index","follow":"follow","max-snippet":"max-snippet:-1","max-image-preview":"max-image-preview:large","max-video-preview":"max-video-preview:-1"},"canonical":"https:\/\/richemont.swiss\/fr\/edition-medias\/offres-de-edition-medias\/e-books\/","og_locale":"fr_FR","og_type":"article","og_title":"Pour consulter","og_description":"Les manuels de boulangerie, de p\u00e2tisserie et de confiserie sont \u00e9galement disponibles sous forme de livres num\u00e9riques modernes et intuitifs.","og_url":"https:\/\/richemont.swiss\/fr\/edition-medias\/offres-de-edition-medias\/e-books\/","og_site_name":"Richemont","article_modified_time":"2019-06-27T07:01:22+00:00","og_image":[{"width":8984,"height":4856,"url":"https:\/\/richemont.swiss\/wp-content\/uploads\/2019\/06\/richemont_verlag_09.jpg","type":"image\/jpeg"}],"twitter_card":"summary_large_image","schema":{"@context":"https:\/\/schema.org","@graph":[{"@type":"WebPage","@id":"https:\/\/richemont.swiss\/fr\/edition-medias\/offres-de-edition-medias\/e-books\/","url":"https:\/\/richemont.swiss\/fr\/edition-medias\/offres-de-edition-medias\/e-books\/","name":"E-Books pour le travail quotidien - Richemont \u00e9cole professionnelle","isPartOf":{"@id":"https:\/\/richemont.swiss\/fr\/#website"},"primaryImageOfPage":{"@id":"https:\/\/richemont.swiss\/fr\/edition-medias\/offres-de-edition-medias\/e-books\/#primaryimage"},"image":{"@id":"https:\/\/richemont.swiss\/fr\/edition-medias\/offres-de-edition-medias\/e-books\/#primaryimage"},"thumbnailUrl":"https:\/\/richemont.swiss\/wp-content\/uploads\/2019\/06\/richemont_verlag_09.jpg","datePublished":"2019-02-18T15:05:15+00:00","dateModified":"2019-06-27T07:01:22+00:00","description":"Les manuels de boulangerie, de p\u00e2tisserie et de confiserie sont \u00e9galement disponibles sous forme de livres num\u00e9riques modernes et intuitifs.","breadcrumb":{"@id":"https:\/\/richemont.swiss\/fr\/edition-medias\/offres-de-edition-medias\/e-books\/#breadcrumb"},"inLanguage":"fr-FR","potentialAction":[{"@type":"ReadAction","target":["https:\/\/richemont.swiss\/fr\/edition-medias\/offres-de-edition-medias\/e-books\/"]}]},{"@type":"ImageObject","inLanguage":"fr-FR","@id":"https:\/\/richemont.swiss\/fr\/edition-medias\/offres-de-edition-medias\/e-books\/#primaryimage","url":"https:\/\/richemont.swiss\/wp-content\/uploads\/2019\/06\/richemont_verlag_09.jpg","contentUrl":"https:\/\/richemont.swiss\/wp-content\/uploads\/2019\/06\/richemont_verlag_09.jpg","width":8984,"height":4856,"caption":"E-Books pour le travail quotidien - Richemont \u00e9cole professionnelle"},{"@type":"BreadcrumbList","@id":"https:\/\/richemont.swiss\/fr\/edition-medias\/offres-de-edition-medias\/e-books\/#breadcrumb","itemListElement":[{"@type":"ListItem","position":1,"name":"Home","item":"https:\/\/richemont.swiss\/fr\/"},{"@type":"ListItem","position":2,"name":"Transfert des connaissances","item":"https:\/\/richemont.swiss\/fr\/edition-medias\/"},{"@type":"ListItem","position":3,"name":"Inspiration pour votre entreprise \u2013 Connaissances pour votre succ\u00e8s","item":"https:\/\/richemont.swiss\/fr\/edition-medias\/offres-de-edition-medias\/"},{"@type":"ListItem","position":4,"name":"Pour consulter"}]},{"@type":"WebSite","@id":"https:\/\/richemont.swiss\/fr\/#website","url":"https:\/\/richemont.swiss\/fr\/","name":"Richemont","description":"","potentialAction":[{"@type":"SearchAction","target":{"@type":"EntryPoint","urlTemplate":"https:\/\/richemont.swiss\/fr\/?s={search_term_string}"},"query-input":{"@type":"PropertyValueSpecification","valueRequired":true,"valueName":"search_term_string"}}],"inLanguage":"fr-FR"}]}},"_links":{"self":[{"href":"https:\/\/richemont.swiss\/fr\/wp-json\/wp\/v2\/pages\/884","targetHints":{"allow":["GET"]}}],"collection":[{"href":"https:\/\/richemont.swiss\/fr\/wp-json\/wp\/v2\/pages"}],"about":[{"href":"https:\/\/richemont.swiss\/fr\/wp-json\/wp\/v2\/types\/page"}],"author":[{"embeddable":true,"href":"https:\/\/richemont.swiss\/fr\/wp-json\/wp\/v2\/users\/1"}],"replies":[{"embeddable":true,"href":"https:\/\/richemont.swiss\/fr\/wp-json\/wp\/v2\/comments?post=884"}],"version-history":[{"count":0,"href":"https:\/\/richemont.swiss\/fr\/wp-json\/wp\/v2\/pages\/884\/revisions"}],"up":[{"embeddable":true,"href":"https:\/\/richemont.swiss\/fr\/wp-json\/wp\/v2\/pages\/4498"}],"wp:featuredmedia":[{"embeddable":true,"href":"https:\/\/richemont.swiss\/fr\/wp-json\/wp\/v2\/media\/6725"}],"wp:attachment":[{"href":"https:\/\/richemont.swiss\/fr\/wp-json\/wp\/v2\/media?parent=884"}],"curies":[{"name":"wp","href":"https:\/\/api.w.org\/{rel}","templated":true}]}}