{"id":871,"date":"2019-02-18T14:59:36","date_gmt":"2019-02-18T13:59:36","guid":{"rendered":"https:\/\/richemont.swiss\/entreprise\/edition-medias\/lehrmittel\/"},"modified":"2019-06-27T06:57:15","modified_gmt":"2019-06-27T06:57:15","slug":"materiel-didactique","status":"publish","type":"page","link":"https:\/\/richemont.swiss\/fr\/edition-medias\/offres-de-edition-medias\/materiel-didactique\/","title":{"rendered":"Pour apprendre"},"content":{"rendered":"\n<p>En tant que fournisseur officiel de la branche, Richemont produit tout le mat\u00e9riel didactique pour la boulangerie-p\u00e2tisserie-confiserie, tant pour la production que pour la vente, dans les trois langues nationales. Un contr\u00f4le permanent des contenus et les adaptations \u00e9ventuelles aux plans de formation actuels ainsi qu&rsquo;aux besoins du march\u00e9 sont une \u00e9vidence.D\u00e9couvrez notre mat\u00e9riel didactique qui se pr\u00eate aussi bien aux cours de formation que tout simplement pour le d\u00e9veloppement professionnel individuel.<br><\/p>\n\n\n\n<p><a href=\"https:\/\/richemont.swiss\/fr\/product-category\/materiel-didactique\/\" target=\"_blank\" rel=\"noreferrer noopener\" aria-label=\"vers le shop (\u00f6ffnet in neuem Tab)\">vers le shop<\/a><\/p>\n","protected":false},"excerpt":{"rendered":"<p>En tant que fournisseur officiel de la branche, Richemont produit tout le mat\u00e9riel didactique pour la boulangerie-p\u00e2tisserie-confiserie, tant pour la production que pour la vente, dans les trois langues nationales. Un contr\u00f4le permanent des contenus et les adaptations \u00e9ventuelles aux plans de formation actuels ainsi qu&rsquo;aux besoins du march\u00e9 sont une \u00e9vidence.D\u00e9couvrez notre mat\u00e9riel didactique [&hellip;]<\/p>\n","protected":false},"author":1,"featured_media":6717,"parent":4498,"menu_order":20,"comment_status":"closed","ping_status":"closed","template":"","meta":{"_acf_changed":false,"footnotes":""},"class_list":["post-871","page","type-page","status-publish","has-post-thumbnail","hentry"],"acf":[],"yoast_head":"<!-- This site is optimized with the Yoast SEO Premium plugin v26.7 (Yoast SEO v26.7) - https:\/\/yoast.com\/wordpress\/plugins\/seo\/ -->\n<title>Mat\u00e9riel didactique pour tous - Richemont \u00e9cole professionnelle<\/title>\n<meta name=\"description\" content=\"Richemont produit tout le mat\u00e9riel didactique officiel destin\u00e9 \u00e0 l\u2019ensemble de la boulangerie, p\u00e2tisserie et confiserie - dans les trois langues nationales.\" \/>\n<meta name=\"robots\" content=\"index, follow, max-snippet:-1, max-image-preview:large, max-video-preview:-1\" \/>\n<link rel=\"canonical\" href=\"https:\/\/richemont.swiss\/fr\/edition-medias\/offres-de-edition-medias\/materiel-didactique\/\" \/>\n<meta property=\"og:locale\" content=\"fr_FR\" \/>\n<meta property=\"og:type\" content=\"article\" \/>\n<meta property=\"og:title\" content=\"Pour apprendre\" \/>\n<meta property=\"og:description\" content=\"Richemont produit tout le mat\u00e9riel didactique officiel destin\u00e9 \u00e0 l\u2019ensemble de la boulangerie, p\u00e2tisserie et confiserie - dans les trois langues nationales.\" \/>\n<meta property=\"og:url\" content=\"https:\/\/richemont.swiss\/fr\/edition-medias\/offres-de-edition-medias\/materiel-didactique\/\" \/>\n<meta property=\"og:site_name\" content=\"Richemont\" \/>\n<meta property=\"article:modified_time\" content=\"2019-06-27T06:57:15+00:00\" \/>\n<meta property=\"og:image\" content=\"https:\/\/richemont.swiss\/wp-content\/uploads\/2019\/06\/richemont_edition_mdias_03.jpg\" \/>\n\t<meta property=\"og:image:width\" content=\"5472\" \/>\n\t<meta property=\"og:image:height\" content=\"3648\" \/>\n\t<meta property=\"og:image:type\" content=\"image\/jpeg\" \/>\n<meta name=\"twitter:card\" content=\"summary_large_image\" \/>\n<script type=\"application\/ld+json\" class=\"yoast-schema-graph\">{\"@context\":\"https:\/\/schema.org\",\"@graph\":[{\"@type\":\"WebPage\",\"@id\":\"https:\/\/richemont.swiss\/fr\/edition-medias\/offres-de-edition-medias\/materiel-didactique\/\",\"url\":\"https:\/\/richemont.swiss\/fr\/edition-medias\/offres-de-edition-medias\/materiel-didactique\/\",\"name\":\"Mat\u00e9riel didactique pour tous - Richemont \u00e9cole professionnelle\",\"isPartOf\":{\"@id\":\"https:\/\/richemont.swiss\/fr\/#website\"},\"primaryImageOfPage\":{\"@id\":\"https:\/\/richemont.swiss\/fr\/edition-medias\/offres-de-edition-medias\/materiel-didactique\/#primaryimage\"},\"image\":{\"@id\":\"https:\/\/richemont.swiss\/fr\/edition-medias\/offres-de-edition-medias\/materiel-didactique\/#primaryimage\"},\"thumbnailUrl\":\"https:\/\/richemont.swiss\/wp-content\/uploads\/2019\/06\/richemont_edition_mdias_03.jpg\",\"datePublished\":\"2019-02-18T13:59:36+00:00\",\"dateModified\":\"2019-06-27T06:57:15+00:00\",\"description\":\"Richemont produit tout le mat\u00e9riel didactique officiel destin\u00e9 \u00e0 l\u2019ensemble de la boulangerie, p\u00e2tisserie et confiserie - dans les trois langues nationales.\",\"breadcrumb\":{\"@id\":\"https:\/\/richemont.swiss\/fr\/edition-medias\/offres-de-edition-medias\/materiel-didactique\/#breadcrumb\"},\"inLanguage\":\"fr-FR\",\"potentialAction\":[{\"@type\":\"ReadAction\",\"target\":[\"https:\/\/richemont.swiss\/fr\/edition-medias\/offres-de-edition-medias\/materiel-didactique\/\"]}]},{\"@type\":\"ImageObject\",\"inLanguage\":\"fr-FR\",\"@id\":\"https:\/\/richemont.swiss\/fr\/edition-medias\/offres-de-edition-medias\/materiel-didactique\/#primaryimage\",\"url\":\"https:\/\/richemont.swiss\/wp-content\/uploads\/2019\/06\/richemont_edition_mdias_03.jpg\",\"contentUrl\":\"https:\/\/richemont.swiss\/wp-content\/uploads\/2019\/06\/richemont_edition_mdias_03.jpg\",\"width\":5472,\"height\":3648,\"caption\":\"Mat\u00e9riel didactique pour tous - Richemont \u00e9cole professionnelle\"},{\"@type\":\"BreadcrumbList\",\"@id\":\"https:\/\/richemont.swiss\/fr\/edition-medias\/offres-de-edition-medias\/materiel-didactique\/#breadcrumb\",\"itemListElement\":[{\"@type\":\"ListItem\",\"position\":1,\"name\":\"Home\",\"item\":\"https:\/\/richemont.swiss\/fr\/\"},{\"@type\":\"ListItem\",\"position\":2,\"name\":\"Transfert des connaissances\",\"item\":\"https:\/\/richemont.swiss\/fr\/edition-medias\/\"},{\"@type\":\"ListItem\",\"position\":3,\"name\":\"Inspiration pour votre entreprise \u2013 Connaissances pour votre succ\u00e8s\",\"item\":\"https:\/\/richemont.swiss\/fr\/edition-medias\/offres-de-edition-medias\/\"},{\"@type\":\"ListItem\",\"position\":4,\"name\":\"Pour apprendre\"}]},{\"@type\":\"WebSite\",\"@id\":\"https:\/\/richemont.swiss\/fr\/#website\",\"url\":\"https:\/\/richemont.swiss\/fr\/\",\"name\":\"Richemont\",\"description\":\"\",\"potentialAction\":[{\"@type\":\"SearchAction\",\"target\":{\"@type\":\"EntryPoint\",\"urlTemplate\":\"https:\/\/richemont.swiss\/fr\/?s={search_term_string}\"},\"query-input\":{\"@type\":\"PropertyValueSpecification\",\"valueRequired\":true,\"valueName\":\"search_term_string\"}}],\"inLanguage\":\"fr-FR\"}]}<\/script>\n<!-- \/ Yoast SEO Premium plugin. -->","yoast_head_json":{"title":"Mat\u00e9riel didactique pour tous - Richemont \u00e9cole professionnelle","description":"Richemont produit tout le mat\u00e9riel didactique officiel destin\u00e9 \u00e0 l\u2019ensemble de la boulangerie, p\u00e2tisserie et confiserie - dans les trois langues nationales.","robots":{"index":"index","follow":"follow","max-snippet":"max-snippet:-1","max-image-preview":"max-image-preview:large","max-video-preview":"max-video-preview:-1"},"canonical":"https:\/\/richemont.swiss\/fr\/edition-medias\/offres-de-edition-medias\/materiel-didactique\/","og_locale":"fr_FR","og_type":"article","og_title":"Pour apprendre","og_description":"Richemont produit tout le mat\u00e9riel didactique officiel destin\u00e9 \u00e0 l\u2019ensemble de la boulangerie, p\u00e2tisserie et confiserie - dans les trois langues nationales.","og_url":"https:\/\/richemont.swiss\/fr\/edition-medias\/offres-de-edition-medias\/materiel-didactique\/","og_site_name":"Richemont","article_modified_time":"2019-06-27T06:57:15+00:00","og_image":[{"width":5472,"height":3648,"url":"https:\/\/richemont.swiss\/wp-content\/uploads\/2019\/06\/richemont_edition_mdias_03.jpg","type":"image\/jpeg"}],"twitter_card":"summary_large_image","schema":{"@context":"https:\/\/schema.org","@graph":[{"@type":"WebPage","@id":"https:\/\/richemont.swiss\/fr\/edition-medias\/offres-de-edition-medias\/materiel-didactique\/","url":"https:\/\/richemont.swiss\/fr\/edition-medias\/offres-de-edition-medias\/materiel-didactique\/","name":"Mat\u00e9riel didactique pour tous - Richemont \u00e9cole professionnelle","isPartOf":{"@id":"https:\/\/richemont.swiss\/fr\/#website"},"primaryImageOfPage":{"@id":"https:\/\/richemont.swiss\/fr\/edition-medias\/offres-de-edition-medias\/materiel-didactique\/#primaryimage"},"image":{"@id":"https:\/\/richemont.swiss\/fr\/edition-medias\/offres-de-edition-medias\/materiel-didactique\/#primaryimage"},"thumbnailUrl":"https:\/\/richemont.swiss\/wp-content\/uploads\/2019\/06\/richemont_edition_mdias_03.jpg","datePublished":"2019-02-18T13:59:36+00:00","dateModified":"2019-06-27T06:57:15+00:00","description":"Richemont produit tout le mat\u00e9riel didactique officiel destin\u00e9 \u00e0 l\u2019ensemble de la boulangerie, p\u00e2tisserie et confiserie - dans les trois langues nationales.","breadcrumb":{"@id":"https:\/\/richemont.swiss\/fr\/edition-medias\/offres-de-edition-medias\/materiel-didactique\/#breadcrumb"},"inLanguage":"fr-FR","potentialAction":[{"@type":"ReadAction","target":["https:\/\/richemont.swiss\/fr\/edition-medias\/offres-de-edition-medias\/materiel-didactique\/"]}]},{"@type":"ImageObject","inLanguage":"fr-FR","@id":"https:\/\/richemont.swiss\/fr\/edition-medias\/offres-de-edition-medias\/materiel-didactique\/#primaryimage","url":"https:\/\/richemont.swiss\/wp-content\/uploads\/2019\/06\/richemont_edition_mdias_03.jpg","contentUrl":"https:\/\/richemont.swiss\/wp-content\/uploads\/2019\/06\/richemont_edition_mdias_03.jpg","width":5472,"height":3648,"caption":"Mat\u00e9riel didactique pour tous - Richemont \u00e9cole professionnelle"},{"@type":"BreadcrumbList","@id":"https:\/\/richemont.swiss\/fr\/edition-medias\/offres-de-edition-medias\/materiel-didactique\/#breadcrumb","itemListElement":[{"@type":"ListItem","position":1,"name":"Home","item":"https:\/\/richemont.swiss\/fr\/"},{"@type":"ListItem","position":2,"name":"Transfert des connaissances","item":"https:\/\/richemont.swiss\/fr\/edition-medias\/"},{"@type":"ListItem","position":3,"name":"Inspiration pour votre entreprise \u2013 Connaissances pour votre succ\u00e8s","item":"https:\/\/richemont.swiss\/fr\/edition-medias\/offres-de-edition-medias\/"},{"@type":"ListItem","position":4,"name":"Pour apprendre"}]},{"@type":"WebSite","@id":"https:\/\/richemont.swiss\/fr\/#website","url":"https:\/\/richemont.swiss\/fr\/","name":"Richemont","description":"","potentialAction":[{"@type":"SearchAction","target":{"@type":"EntryPoint","urlTemplate":"https:\/\/richemont.swiss\/fr\/?s={search_term_string}"},"query-input":{"@type":"PropertyValueSpecification","valueRequired":true,"valueName":"search_term_string"}}],"inLanguage":"fr-FR"}]}},"_links":{"self":[{"href":"https:\/\/richemont.swiss\/fr\/wp-json\/wp\/v2\/pages\/871","targetHints":{"allow":["GET"]}}],"collection":[{"href":"https:\/\/richemont.swiss\/fr\/wp-json\/wp\/v2\/pages"}],"about":[{"href":"https:\/\/richemont.swiss\/fr\/wp-json\/wp\/v2\/types\/page"}],"author":[{"embeddable":true,"href":"https:\/\/richemont.swiss\/fr\/wp-json\/wp\/v2\/users\/1"}],"replies":[{"embeddable":true,"href":"https:\/\/richemont.swiss\/fr\/wp-json\/wp\/v2\/comments?post=871"}],"version-history":[{"count":0,"href":"https:\/\/richemont.swiss\/fr\/wp-json\/wp\/v2\/pages\/871\/revisions"}],"up":[{"embeddable":true,"href":"https:\/\/richemont.swiss\/fr\/wp-json\/wp\/v2\/pages\/4498"}],"wp:featuredmedia":[{"embeddable":true,"href":"https:\/\/richemont.swiss\/fr\/wp-json\/wp\/v2\/media\/6717"}],"wp:attachment":[{"href":"https:\/\/richemont.swiss\/fr\/wp-json\/wp\/v2\/media?parent=871"}],"curies":[{"name":"wp","href":"https:\/\/api.w.org\/{rel}","templated":true}]}}