{"id":868,"date":"2019-02-18T14:58:38","date_gmt":"2019-02-18T14:58:38","guid":{"rendered":"https:\/\/richemont.swiss\/entreprise\/edition-medias\/buecher\/"},"modified":"2019-06-27T06:55:44","modified_gmt":"2019-06-27T06:55:44","slug":"livres","status":"publish","type":"page","link":"https:\/\/richemont.swiss\/fr\/edition-medias\/offres-de-edition-medias\/livres\/","title":{"rendered":"Inspirations"},"content":{"rendered":"\n<p>Depuis des d\u00e9cennies, les livres Richemont font partie des ouvrages les plus prestigieux et les plus r\u00e9pandus dans le monde entier. A part les nombreuses recettes richement illustr\u00e9es, on y trouve une foule d&rsquo;informations compl\u00e9mentaires sur la culture, l&rsquo;histoire et sur les mati\u00e8res premi\u00e8res, jusqu&rsquo;aux diverses techniques de travail. Une parfaite liaison entre les connaissances professionnelles et le plaisir de la lecture.<\/p>\n\n\n\n<p>D\u00e9couvrez les c\u00e9l\u00e8bres ouvrages professionnels Richemont sur les th\u00e8mes de la boulangerie-p\u00e2tisserie-confiserie et commandez directement en ligne!<\/p>\n\n\n\n<p><a href=\"https:\/\/richemont.swiss\/fr\/product-category\/livres\/\" target=\"_blank\" rel=\"noreferrer noopener\" aria-label=\"vers le shop (\u00f6ffnet in neuem Tab)\">vers le shop<\/a><\/p>\n","protected":false},"excerpt":{"rendered":"<p>Depuis des d\u00e9cennies, les livres Richemont font partie des ouvrages les plus prestigieux et les plus r\u00e9pandus dans le monde entier. A part les nombreuses recettes richement illustr\u00e9es, on y trouve une foule d&rsquo;informations compl\u00e9mentaires sur la culture, l&rsquo;histoire et sur les mati\u00e8res premi\u00e8res, jusqu&rsquo;aux diverses techniques de travail. Une parfaite liaison entre les connaissances [&hellip;]<\/p>\n","protected":false},"author":1,"featured_media":6713,"parent":4498,"menu_order":10,"comment_status":"closed","ping_status":"closed","template":"","meta":{"_acf_changed":false,"footnotes":""},"class_list":["post-868","page","type-page","status-publish","has-post-thumbnail","hentry"],"acf":[],"yoast_head":"<!-- This site is optimized with the Yoast SEO Premium plugin v26.7 (Yoast SEO v26.7) - https:\/\/yoast.com\/wordpress\/plugins\/seo\/ -->\n<title>Livres professionnels pour s\u2019inspirer - Richemont \u00e9cole professionnelle<\/title>\n<meta name=\"description\" content=\"D\u00e9couvrez les livres \u00e0 succ\u00e8s de Richemont sur la boulangerie, la pa\u0302tisserie et la confiserie et commandez maintenant en ligne!\" \/>\n<meta name=\"robots\" content=\"index, follow, max-snippet:-1, max-image-preview:large, max-video-preview:-1\" \/>\n<link rel=\"canonical\" href=\"https:\/\/richemont.swiss\/fr\/edition-medias\/offres-de-edition-medias\/livres\/\" \/>\n<meta property=\"og:locale\" content=\"fr_FR\" \/>\n<meta property=\"og:type\" content=\"article\" \/>\n<meta property=\"og:title\" content=\"Inspirations\" \/>\n<meta property=\"og:description\" content=\"D\u00e9couvrez les livres \u00e0 succ\u00e8s de Richemont sur la boulangerie, la pa\u0302tisserie et la confiserie et commandez maintenant en ligne!\" \/>\n<meta property=\"og:url\" content=\"https:\/\/richemont.swiss\/fr\/edition-medias\/offres-de-edition-medias\/livres\/\" \/>\n<meta property=\"og:site_name\" content=\"Richemont\" \/>\n<meta property=\"article:modified_time\" content=\"2019-06-27T06:55:44+00:00\" \/>\n<meta property=\"og:image\" content=\"https:\/\/richemont.swiss\/wp-content\/uploads\/2019\/06\/richemont_verlag_07-1.jpg\" \/>\n\t<meta property=\"og:image:width\" content=\"6940\" \/>\n\t<meta property=\"og:image:height\" content=\"4139\" \/>\n\t<meta property=\"og:image:type\" content=\"image\/jpeg\" \/>\n<meta name=\"twitter:card\" content=\"summary_large_image\" \/>\n<script type=\"application\/ld+json\" class=\"yoast-schema-graph\">{\"@context\":\"https:\/\/schema.org\",\"@graph\":[{\"@type\":\"WebPage\",\"@id\":\"https:\/\/richemont.swiss\/fr\/edition-medias\/offres-de-edition-medias\/livres\/\",\"url\":\"https:\/\/richemont.swiss\/fr\/edition-medias\/offres-de-edition-medias\/livres\/\",\"name\":\"Livres professionnels pour s\u2019inspirer - Richemont \u00e9cole professionnelle\",\"isPartOf\":{\"@id\":\"https:\/\/richemont.swiss\/fr\/#website\"},\"primaryImageOfPage\":{\"@id\":\"https:\/\/richemont.swiss\/fr\/edition-medias\/offres-de-edition-medias\/livres\/#primaryimage\"},\"image\":{\"@id\":\"https:\/\/richemont.swiss\/fr\/edition-medias\/offres-de-edition-medias\/livres\/#primaryimage\"},\"thumbnailUrl\":\"https:\/\/richemont.swiss\/wp-content\/uploads\/2019\/06\/richemont_verlag_07-1.jpg\",\"datePublished\":\"2019-02-18T14:58:38+00:00\",\"dateModified\":\"2019-06-27T06:55:44+00:00\",\"description\":\"D\u00e9couvrez les livres \u00e0 succ\u00e8s de Richemont sur la boulangerie, la pa\u0302tisserie et la confiserie et commandez maintenant en ligne!\",\"breadcrumb\":{\"@id\":\"https:\/\/richemont.swiss\/fr\/edition-medias\/offres-de-edition-medias\/livres\/#breadcrumb\"},\"inLanguage\":\"fr-FR\",\"potentialAction\":[{\"@type\":\"ReadAction\",\"target\":[\"https:\/\/richemont.swiss\/fr\/edition-medias\/offres-de-edition-medias\/livres\/\"]}]},{\"@type\":\"ImageObject\",\"inLanguage\":\"fr-FR\",\"@id\":\"https:\/\/richemont.swiss\/fr\/edition-medias\/offres-de-edition-medias\/livres\/#primaryimage\",\"url\":\"https:\/\/richemont.swiss\/wp-content\/uploads\/2019\/06\/richemont_verlag_07-1.jpg\",\"contentUrl\":\"https:\/\/richemont.swiss\/wp-content\/uploads\/2019\/06\/richemont_verlag_07-1.jpg\",\"width\":6940,\"height\":4139,\"caption\":\"Livres professionnels pour s\u2019inspirer \u2013 Richemont \u00e9cole professionnelle\"},{\"@type\":\"BreadcrumbList\",\"@id\":\"https:\/\/richemont.swiss\/fr\/edition-medias\/offres-de-edition-medias\/livres\/#breadcrumb\",\"itemListElement\":[{\"@type\":\"ListItem\",\"position\":1,\"name\":\"Home\",\"item\":\"https:\/\/richemont.swiss\/fr\/\"},{\"@type\":\"ListItem\",\"position\":2,\"name\":\"Transfert des connaissances\",\"item\":\"https:\/\/richemont.swiss\/fr\/edition-medias\/\"},{\"@type\":\"ListItem\",\"position\":3,\"name\":\"Inspiration pour votre entreprise \u2013 Connaissances pour votre succ\u00e8s\",\"item\":\"https:\/\/richemont.swiss\/fr\/edition-medias\/offres-de-edition-medias\/\"},{\"@type\":\"ListItem\",\"position\":4,\"name\":\"Inspirations\"}]},{\"@type\":\"WebSite\",\"@id\":\"https:\/\/richemont.swiss\/fr\/#website\",\"url\":\"https:\/\/richemont.swiss\/fr\/\",\"name\":\"Richemont\",\"description\":\"\",\"potentialAction\":[{\"@type\":\"SearchAction\",\"target\":{\"@type\":\"EntryPoint\",\"urlTemplate\":\"https:\/\/richemont.swiss\/fr\/?s={search_term_string}\"},\"query-input\":{\"@type\":\"PropertyValueSpecification\",\"valueRequired\":true,\"valueName\":\"search_term_string\"}}],\"inLanguage\":\"fr-FR\"}]}<\/script>\n<!-- \/ Yoast SEO Premium plugin. -->","yoast_head_json":{"title":"Livres professionnels pour s\u2019inspirer - Richemont \u00e9cole professionnelle","description":"D\u00e9couvrez les livres \u00e0 succ\u00e8s de Richemont sur la boulangerie, la pa\u0302tisserie et la confiserie et commandez maintenant en ligne!","robots":{"index":"index","follow":"follow","max-snippet":"max-snippet:-1","max-image-preview":"max-image-preview:large","max-video-preview":"max-video-preview:-1"},"canonical":"https:\/\/richemont.swiss\/fr\/edition-medias\/offres-de-edition-medias\/livres\/","og_locale":"fr_FR","og_type":"article","og_title":"Inspirations","og_description":"D\u00e9couvrez les livres \u00e0 succ\u00e8s de Richemont sur la boulangerie, la pa\u0302tisserie et la confiserie et commandez maintenant en ligne!","og_url":"https:\/\/richemont.swiss\/fr\/edition-medias\/offres-de-edition-medias\/livres\/","og_site_name":"Richemont","article_modified_time":"2019-06-27T06:55:44+00:00","og_image":[{"width":6940,"height":4139,"url":"https:\/\/richemont.swiss\/wp-content\/uploads\/2019\/06\/richemont_verlag_07-1.jpg","type":"image\/jpeg"}],"twitter_card":"summary_large_image","schema":{"@context":"https:\/\/schema.org","@graph":[{"@type":"WebPage","@id":"https:\/\/richemont.swiss\/fr\/edition-medias\/offres-de-edition-medias\/livres\/","url":"https:\/\/richemont.swiss\/fr\/edition-medias\/offres-de-edition-medias\/livres\/","name":"Livres professionnels pour s\u2019inspirer - Richemont \u00e9cole professionnelle","isPartOf":{"@id":"https:\/\/richemont.swiss\/fr\/#website"},"primaryImageOfPage":{"@id":"https:\/\/richemont.swiss\/fr\/edition-medias\/offres-de-edition-medias\/livres\/#primaryimage"},"image":{"@id":"https:\/\/richemont.swiss\/fr\/edition-medias\/offres-de-edition-medias\/livres\/#primaryimage"},"thumbnailUrl":"https:\/\/richemont.swiss\/wp-content\/uploads\/2019\/06\/richemont_verlag_07-1.jpg","datePublished":"2019-02-18T14:58:38+00:00","dateModified":"2019-06-27T06:55:44+00:00","description":"D\u00e9couvrez les livres \u00e0 succ\u00e8s de Richemont sur la boulangerie, la pa\u0302tisserie et la confiserie et commandez maintenant en ligne!","breadcrumb":{"@id":"https:\/\/richemont.swiss\/fr\/edition-medias\/offres-de-edition-medias\/livres\/#breadcrumb"},"inLanguage":"fr-FR","potentialAction":[{"@type":"ReadAction","target":["https:\/\/richemont.swiss\/fr\/edition-medias\/offres-de-edition-medias\/livres\/"]}]},{"@type":"ImageObject","inLanguage":"fr-FR","@id":"https:\/\/richemont.swiss\/fr\/edition-medias\/offres-de-edition-medias\/livres\/#primaryimage","url":"https:\/\/richemont.swiss\/wp-content\/uploads\/2019\/06\/richemont_verlag_07-1.jpg","contentUrl":"https:\/\/richemont.swiss\/wp-content\/uploads\/2019\/06\/richemont_verlag_07-1.jpg","width":6940,"height":4139,"caption":"Livres professionnels pour s\u2019inspirer \u2013 Richemont \u00e9cole professionnelle"},{"@type":"BreadcrumbList","@id":"https:\/\/richemont.swiss\/fr\/edition-medias\/offres-de-edition-medias\/livres\/#breadcrumb","itemListElement":[{"@type":"ListItem","position":1,"name":"Home","item":"https:\/\/richemont.swiss\/fr\/"},{"@type":"ListItem","position":2,"name":"Transfert des connaissances","item":"https:\/\/richemont.swiss\/fr\/edition-medias\/"},{"@type":"ListItem","position":3,"name":"Inspiration pour votre entreprise \u2013 Connaissances pour votre succ\u00e8s","item":"https:\/\/richemont.swiss\/fr\/edition-medias\/offres-de-edition-medias\/"},{"@type":"ListItem","position":4,"name":"Inspirations"}]},{"@type":"WebSite","@id":"https:\/\/richemont.swiss\/fr\/#website","url":"https:\/\/richemont.swiss\/fr\/","name":"Richemont","description":"","potentialAction":[{"@type":"SearchAction","target":{"@type":"EntryPoint","urlTemplate":"https:\/\/richemont.swiss\/fr\/?s={search_term_string}"},"query-input":{"@type":"PropertyValueSpecification","valueRequired":true,"valueName":"search_term_string"}}],"inLanguage":"fr-FR"}]}},"_links":{"self":[{"href":"https:\/\/richemont.swiss\/fr\/wp-json\/wp\/v2\/pages\/868","targetHints":{"allow":["GET"]}}],"collection":[{"href":"https:\/\/richemont.swiss\/fr\/wp-json\/wp\/v2\/pages"}],"about":[{"href":"https:\/\/richemont.swiss\/fr\/wp-json\/wp\/v2\/types\/page"}],"author":[{"embeddable":true,"href":"https:\/\/richemont.swiss\/fr\/wp-json\/wp\/v2\/users\/1"}],"replies":[{"embeddable":true,"href":"https:\/\/richemont.swiss\/fr\/wp-json\/wp\/v2\/comments?post=868"}],"version-history":[{"count":0,"href":"https:\/\/richemont.swiss\/fr\/wp-json\/wp\/v2\/pages\/868\/revisions"}],"up":[{"embeddable":true,"href":"https:\/\/richemont.swiss\/fr\/wp-json\/wp\/v2\/pages\/4498"}],"wp:featuredmedia":[{"embeddable":true,"href":"https:\/\/richemont.swiss\/fr\/wp-json\/wp\/v2\/media\/6713"}],"wp:attachment":[{"href":"https:\/\/richemont.swiss\/fr\/wp-json\/wp\/v2\/media?parent=868"}],"curies":[{"name":"wp","href":"https:\/\/api.w.org\/{rel}","templated":true}]}}