{"id":850,"date":"2019-02-18T12:05:41","date_gmt":"2019-02-18T12:05:41","guid":{"rendered":"https:\/\/richemont.swiss\/entreprise\/offres-de-formations\/cours-professionnels\/fuehrung\/"},"modified":"2019-11-26T12:14:46","modified_gmt":"2019-11-26T12:14:46","slug":"cours-de-leadership","status":"publish","type":"page","link":"https:\/\/richemont.swiss\/fr\/education\/offres-de-formations\/cours-professionnels\/cours-de-leadership\/","title":{"rendered":"Comp\u00e9tences en mati\u00e8re de conduite"},"content":{"rendered":"\n<p>La demande des entreprises en mati\u00e8re de cadre sup\u00e9rieur est en continuelle augmentation. A part le professionnalisme dans le travail de tous les jours, les comp\u00e9tences sociales, la communication et les capacit\u00e9s \u00e0 conduire des \u00e9quipes sont \u00e9galement des attentes tr\u00e8s demand\u00e9es.<\/p>\n\n\n\n<p>Toutes ces exigences \u00e9lev\u00e9es sont prises en compte dans les cours modulaires de Richemont. Dans les cours modulaires pratiques, vous apprenez la mani\u00e8re de d\u00e9velopper vos propres capacit\u00e9s remarquables concernant la conduite. Vous acqu\u00e9rez des capacit\u00e9s d&rsquo;action dans tout le domaine du <a href=\"https:\/\/richemont.swiss\/fr\/product-category\/leadership-communication-fr\/\">Leadership<\/a>. L&rsquo;apprentissage du contenu th\u00e9orique est compl\u00e9t\u00e9 avec une part importante d&rsquo;exercices pratiques et divers \u00e9changes d&rsquo;exp\u00e9rience.<\/p>\n\n\n\n<p>Une conduite efficace et profitable peut s&rsquo;apprendre. Nous vous le d\u00e9montrons.<br><\/p>\n\n\n\n<p><a href=\"https:\/\/richemont.swiss\/fr\/product-category\/leadership-communication-fr\/\">aper\u00e7u des cours<\/a><br><\/p>\n","protected":false},"excerpt":{"rendered":"<p>La demande des entreprises en mati\u00e8re de cadre sup\u00e9rieur est en continuelle augmentation. A part le professionnalisme dans le travail de tous les jours, les comp\u00e9tences sociales, la communication et les capacit\u00e9s \u00e0 conduire des \u00e9quipes sont \u00e9galement des attentes tr\u00e8s demand\u00e9es. Toutes ces exigences \u00e9lev\u00e9es sont prises en compte dans les cours modulaires de [&hellip;]<\/p>\n","protected":false},"author":1,"featured_media":2529,"parent":847,"menu_order":0,"comment_status":"closed","ping_status":"closed","template":"","meta":{"_acf_changed":false,"footnotes":""},"class_list":["post-850","page","type-page","status-publish","has-post-thumbnail","hentry"],"acf":[],"yoast_head":"<!-- This site is optimized with the Yoast SEO Premium plugin v26.7 (Yoast SEO v26.7) - https:\/\/yoast.com\/wordpress\/plugins\/seo\/ -->\n<title>Kommunikations- und F\u00fchrungslehrg\u00e4nge - Richemont Fachschule<\/title>\n<meta name=\"description\" content=\"F\u00fchrungslehrg\u00e4nge: Meistern Sie die steigenden Anspr\u00fcche an F\u00fchrungskr\u00e4fte. Wir vermitteln Ihnen das n\u00f6tige Know-how dazu.\" \/>\n<meta name=\"robots\" content=\"index, follow, max-snippet:-1, max-image-preview:large, max-video-preview:-1\" \/>\n<link rel=\"canonical\" href=\"https:\/\/richemont.swiss\/fr\/education\/offres-de-formations\/cours-professionnels\/cours-de-leadership\/\" \/>\n<meta property=\"og:locale\" content=\"fr_FR\" \/>\n<meta property=\"og:type\" content=\"article\" \/>\n<meta property=\"og:title\" content=\"Comp\u00e9tences en mati\u00e8re de conduite\" \/>\n<meta property=\"og:description\" content=\"F\u00fchrungslehrg\u00e4nge: Meistern Sie die steigenden Anspr\u00fcche an F\u00fchrungskr\u00e4fte. Wir vermitteln Ihnen das n\u00f6tige Know-how dazu.\" \/>\n<meta property=\"og:url\" content=\"https:\/\/richemont.swiss\/fr\/education\/offres-de-formations\/cours-professionnels\/cours-de-leadership\/\" \/>\n<meta property=\"og:site_name\" content=\"Richemont\" \/>\n<meta property=\"article:modified_time\" content=\"2019-11-26T12:14:46+00:00\" \/>\n<meta property=\"og:image\" content=\"https:\/\/richemont.swiss\/wp-content\/uploads\/2019\/03\/richemont_bildung_12.jpg\" \/>\n\t<meta property=\"og:image:width\" content=\"4256\" \/>\n\t<meta property=\"og:image:height\" content=\"2832\" \/>\n\t<meta property=\"og:image:type\" content=\"image\/jpeg\" \/>\n<meta name=\"twitter:card\" content=\"summary_large_image\" \/>\n<meta name=\"twitter:label1\" content=\"Dur\u00e9e de lecture estim\u00e9e\" \/>\n\t<meta name=\"twitter:data1\" content=\"1 minute\" \/>\n<script type=\"application\/ld+json\" class=\"yoast-schema-graph\">{\"@context\":\"https:\/\/schema.org\",\"@graph\":[{\"@type\":\"WebPage\",\"@id\":\"https:\/\/richemont.swiss\/fr\/education\/offres-de-formations\/cours-professionnels\/cours-de-leadership\/\",\"url\":\"https:\/\/richemont.swiss\/fr\/education\/offres-de-formations\/cours-professionnels\/cours-de-leadership\/\",\"name\":\"Kommunikations- und F\u00fchrungslehrg\u00e4nge - Richemont Fachschule\",\"isPartOf\":{\"@id\":\"https:\/\/richemont.swiss\/fr\/#website\"},\"primaryImageOfPage\":{\"@id\":\"https:\/\/richemont.swiss\/fr\/education\/offres-de-formations\/cours-professionnels\/cours-de-leadership\/#primaryimage\"},\"image\":{\"@id\":\"https:\/\/richemont.swiss\/fr\/education\/offres-de-formations\/cours-professionnels\/cours-de-leadership\/#primaryimage\"},\"thumbnailUrl\":\"https:\/\/richemont.swiss\/wp-content\/uploads\/2019\/03\/richemont_bildung_12.jpg\",\"datePublished\":\"2019-02-18T12:05:41+00:00\",\"dateModified\":\"2019-11-26T12:14:46+00:00\",\"description\":\"F\u00fchrungslehrg\u00e4nge: Meistern Sie die steigenden Anspr\u00fcche an F\u00fchrungskr\u00e4fte. Wir vermitteln Ihnen das n\u00f6tige Know-how dazu.\",\"breadcrumb\":{\"@id\":\"https:\/\/richemont.swiss\/fr\/education\/offres-de-formations\/cours-professionnels\/cours-de-leadership\/#breadcrumb\"},\"inLanguage\":\"fr-FR\",\"potentialAction\":[{\"@type\":\"ReadAction\",\"target\":[\"https:\/\/richemont.swiss\/fr\/education\/offres-de-formations\/cours-professionnels\/cours-de-leadership\/\"]}]},{\"@type\":\"ImageObject\",\"inLanguage\":\"fr-FR\",\"@id\":\"https:\/\/richemont.swiss\/fr\/education\/offres-de-formations\/cours-professionnels\/cours-de-leadership\/#primaryimage\",\"url\":\"https:\/\/richemont.swiss\/wp-content\/uploads\/2019\/03\/richemont_bildung_12.jpg\",\"contentUrl\":\"https:\/\/richemont.swiss\/wp-content\/uploads\/2019\/03\/richemont_bildung_12.jpg\",\"width\":4256,\"height\":2832,\"caption\":\"Richemont Fachschule, Bildung, F\u00fchrung\"},{\"@type\":\"BreadcrumbList\",\"@id\":\"https:\/\/richemont.swiss\/fr\/education\/offres-de-formations\/cours-professionnels\/cours-de-leadership\/#breadcrumb\",\"itemListElement\":[{\"@type\":\"ListItem\",\"position\":1,\"name\":\"Home\",\"item\":\"https:\/\/richemont.swiss\/fr\/\"},{\"@type\":\"ListItem\",\"position\":2,\"name\":\"Notre passion pour l&rsquo;artisanat\",\"item\":\"https:\/\/richemont.swiss\/fr\/education\/\"},{\"@type\":\"ListItem\",\"position\":3,\"name\":\"Investissez dans votre succ\u00e8s\",\"item\":\"https:\/\/richemont.swiss\/fr\/education\/offres-de-formations\/\"},{\"@type\":\"ListItem\",\"position\":4,\"name\":\"Perspectives\",\"item\":\"https:\/\/richemont.swiss\/fr\/education\/offres-de-formations\/cours-professionnels\/\"},{\"@type\":\"ListItem\",\"position\":5,\"name\":\"Comp\u00e9tences en mati\u00e8re de conduite\"}]},{\"@type\":\"WebSite\",\"@id\":\"https:\/\/richemont.swiss\/fr\/#website\",\"url\":\"https:\/\/richemont.swiss\/fr\/\",\"name\":\"Richemont\",\"description\":\"\",\"potentialAction\":[{\"@type\":\"SearchAction\",\"target\":{\"@type\":\"EntryPoint\",\"urlTemplate\":\"https:\/\/richemont.swiss\/fr\/?s={search_term_string}\"},\"query-input\":{\"@type\":\"PropertyValueSpecification\",\"valueRequired\":true,\"valueName\":\"search_term_string\"}}],\"inLanguage\":\"fr-FR\"}]}<\/script>\n<!-- \/ Yoast SEO Premium plugin. -->","yoast_head_json":{"title":"Kommunikations- und F\u00fchrungslehrg\u00e4nge - Richemont Fachschule","description":"F\u00fchrungslehrg\u00e4nge: Meistern Sie die steigenden Anspr\u00fcche an F\u00fchrungskr\u00e4fte. Wir vermitteln Ihnen das n\u00f6tige Know-how dazu.","robots":{"index":"index","follow":"follow","max-snippet":"max-snippet:-1","max-image-preview":"max-image-preview:large","max-video-preview":"max-video-preview:-1"},"canonical":"https:\/\/richemont.swiss\/fr\/education\/offres-de-formations\/cours-professionnels\/cours-de-leadership\/","og_locale":"fr_FR","og_type":"article","og_title":"Comp\u00e9tences en mati\u00e8re de conduite","og_description":"F\u00fchrungslehrg\u00e4nge: Meistern Sie die steigenden Anspr\u00fcche an F\u00fchrungskr\u00e4fte. Wir vermitteln Ihnen das n\u00f6tige Know-how dazu.","og_url":"https:\/\/richemont.swiss\/fr\/education\/offres-de-formations\/cours-professionnels\/cours-de-leadership\/","og_site_name":"Richemont","article_modified_time":"2019-11-26T12:14:46+00:00","og_image":[{"width":4256,"height":2832,"url":"https:\/\/richemont.swiss\/wp-content\/uploads\/2019\/03\/richemont_bildung_12.jpg","type":"image\/jpeg"}],"twitter_card":"summary_large_image","twitter_misc":{"Dur\u00e9e de lecture estim\u00e9e":"1 minute"},"schema":{"@context":"https:\/\/schema.org","@graph":[{"@type":"WebPage","@id":"https:\/\/richemont.swiss\/fr\/education\/offres-de-formations\/cours-professionnels\/cours-de-leadership\/","url":"https:\/\/richemont.swiss\/fr\/education\/offres-de-formations\/cours-professionnels\/cours-de-leadership\/","name":"Kommunikations- und F\u00fchrungslehrg\u00e4nge - Richemont Fachschule","isPartOf":{"@id":"https:\/\/richemont.swiss\/fr\/#website"},"primaryImageOfPage":{"@id":"https:\/\/richemont.swiss\/fr\/education\/offres-de-formations\/cours-professionnels\/cours-de-leadership\/#primaryimage"},"image":{"@id":"https:\/\/richemont.swiss\/fr\/education\/offres-de-formations\/cours-professionnels\/cours-de-leadership\/#primaryimage"},"thumbnailUrl":"https:\/\/richemont.swiss\/wp-content\/uploads\/2019\/03\/richemont_bildung_12.jpg","datePublished":"2019-02-18T12:05:41+00:00","dateModified":"2019-11-26T12:14:46+00:00","description":"F\u00fchrungslehrg\u00e4nge: Meistern Sie die steigenden Anspr\u00fcche an F\u00fchrungskr\u00e4fte. Wir vermitteln Ihnen das n\u00f6tige Know-how dazu.","breadcrumb":{"@id":"https:\/\/richemont.swiss\/fr\/education\/offres-de-formations\/cours-professionnels\/cours-de-leadership\/#breadcrumb"},"inLanguage":"fr-FR","potentialAction":[{"@type":"ReadAction","target":["https:\/\/richemont.swiss\/fr\/education\/offres-de-formations\/cours-professionnels\/cours-de-leadership\/"]}]},{"@type":"ImageObject","inLanguage":"fr-FR","@id":"https:\/\/richemont.swiss\/fr\/education\/offres-de-formations\/cours-professionnels\/cours-de-leadership\/#primaryimage","url":"https:\/\/richemont.swiss\/wp-content\/uploads\/2019\/03\/richemont_bildung_12.jpg","contentUrl":"https:\/\/richemont.swiss\/wp-content\/uploads\/2019\/03\/richemont_bildung_12.jpg","width":4256,"height":2832,"caption":"Richemont Fachschule, Bildung, F\u00fchrung"},{"@type":"BreadcrumbList","@id":"https:\/\/richemont.swiss\/fr\/education\/offres-de-formations\/cours-professionnels\/cours-de-leadership\/#breadcrumb","itemListElement":[{"@type":"ListItem","position":1,"name":"Home","item":"https:\/\/richemont.swiss\/fr\/"},{"@type":"ListItem","position":2,"name":"Notre passion pour l&rsquo;artisanat","item":"https:\/\/richemont.swiss\/fr\/education\/"},{"@type":"ListItem","position":3,"name":"Investissez dans votre succ\u00e8s","item":"https:\/\/richemont.swiss\/fr\/education\/offres-de-formations\/"},{"@type":"ListItem","position":4,"name":"Perspectives","item":"https:\/\/richemont.swiss\/fr\/education\/offres-de-formations\/cours-professionnels\/"},{"@type":"ListItem","position":5,"name":"Comp\u00e9tences en mati\u00e8re de conduite"}]},{"@type":"WebSite","@id":"https:\/\/richemont.swiss\/fr\/#website","url":"https:\/\/richemont.swiss\/fr\/","name":"Richemont","description":"","potentialAction":[{"@type":"SearchAction","target":{"@type":"EntryPoint","urlTemplate":"https:\/\/richemont.swiss\/fr\/?s={search_term_string}"},"query-input":{"@type":"PropertyValueSpecification","valueRequired":true,"valueName":"search_term_string"}}],"inLanguage":"fr-FR"}]}},"_links":{"self":[{"href":"https:\/\/richemont.swiss\/fr\/wp-json\/wp\/v2\/pages\/850","targetHints":{"allow":["GET"]}}],"collection":[{"href":"https:\/\/richemont.swiss\/fr\/wp-json\/wp\/v2\/pages"}],"about":[{"href":"https:\/\/richemont.swiss\/fr\/wp-json\/wp\/v2\/types\/page"}],"author":[{"embeddable":true,"href":"https:\/\/richemont.swiss\/fr\/wp-json\/wp\/v2\/users\/1"}],"replies":[{"embeddable":true,"href":"https:\/\/richemont.swiss\/fr\/wp-json\/wp\/v2\/comments?post=850"}],"version-history":[{"count":0,"href":"https:\/\/richemont.swiss\/fr\/wp-json\/wp\/v2\/pages\/850\/revisions"}],"up":[{"embeddable":true,"href":"https:\/\/richemont.swiss\/fr\/wp-json\/wp\/v2\/pages\/847"}],"wp:featuredmedia":[{"embeddable":true,"href":"https:\/\/richemont.swiss\/fr\/wp-json\/wp\/v2\/media\/2529"}],"wp:attachment":[{"href":"https:\/\/richemont.swiss\/fr\/wp-json\/wp\/v2\/media?parent=850"}],"curies":[{"name":"wp","href":"https:\/\/api.w.org\/{rel}","templated":true}]}}