{"id":847,"date":"2019-02-18T11:27:45","date_gmt":"2019-02-18T11:27:45","guid":{"rendered":"https:\/\/richemont.swiss\/entreprise\/offres-de-formations\/lehrgaenge\/"},"modified":"2019-06-10T13:59:10","modified_gmt":"2019-06-10T13:59:10","slug":"cours-professionnels","status":"publish","type":"page","link":"https:\/\/richemont.swiss\/fr\/education\/offres-de-formations\/cours-professionnels\/","title":{"rendered":"Perspectives"},"content":{"rendered":"\n<h2 class=\"wp-block-heading\">Le succ\u00e8s n&rsquo;est pas d\u00fb au hasard<br><\/h2>\n\n\n\n<p>La formation continue et l&rsquo;apprentissage tout au long de l&rsquo;existence sont d&rsquo;une importance essentielle. C&rsquo;est pour cela que le partage du savoir est au centre des pr\u00e9occupations de Richemont centre de comp\u00e9tence. Les cours professionnels modulaires sont bas\u00e9s sur une longue exp\u00e9rience et sont anim\u00e9s par une actualit\u00e9 et des m\u00e9thodes proches de la pratique.<\/p>\n\n\n\n<p>La plupart des cours professionnels modulaires sont accessibles \u00e0 tous. Ils peuvent, en partie, \u00eatre conclus par un examen de dipl\u00f4me. Veuillez trouver votre parcours professionnel appropri\u00e9. Nous sommes volontiers disponibles pour un entretien personnalis\u00e9.<br><\/p>\n\n\n\n<p><a href=\"https:\/\/richemont.swiss\/fr\/education\/\" target=\"_blank\" rel=\"noreferrer noopener\" aria-label=\" (\u00f6ffnet in neuem Tab)\">aper\u00e7u des cours<\/a><\/p>\n","protected":false},"excerpt":{"rendered":"<p>Le succ\u00e8s n&rsquo;est pas d\u00fb au hasard La formation continue et l&rsquo;apprentissage tout au long de l&rsquo;existence sont d&rsquo;une importance essentielle. C&rsquo;est pour cela que le partage du savoir est au centre des pr\u00e9occupations de Richemont centre de comp\u00e9tence. Les cours professionnels modulaires sont bas\u00e9s sur une longue exp\u00e9rience et sont anim\u00e9s par une actualit\u00e9 [&hellip;]<\/p>\n","protected":false},"author":1,"featured_media":2466,"parent":821,"menu_order":0,"comment_status":"closed","ping_status":"closed","template":"","meta":{"_acf_changed":false,"footnotes":""},"class_list":["post-847","page","type-page","status-publish","has-post-thumbnail","hentry"],"acf":[],"yoast_head":"<!-- This site is optimized with the Yoast SEO Premium plugin v26.7 (Yoast SEO v26.7) - https:\/\/yoast.com\/wordpress\/plugins\/seo\/ -->\n<title>Berufsbegleitende Lehrg\u00e4nge - Richemont Fachschule<\/title>\n<meta name=\"description\" content=\"Suchen Sie neue Perspektiven? Hier finden Sie unsere berufsbegleitenden Lehrg\u00e4nge in der B\u00e4ckerei-Konditorei-Confiserie-Branche.\" \/>\n<meta name=\"robots\" content=\"index, follow, max-snippet:-1, max-image-preview:large, max-video-preview:-1\" \/>\n<link rel=\"canonical\" href=\"https:\/\/richemont.swiss\/fr\/education\/offres-de-formations\/cours-professionnels\/\" \/>\n<meta property=\"og:locale\" content=\"fr_FR\" \/>\n<meta property=\"og:type\" content=\"article\" \/>\n<meta property=\"og:title\" content=\"Perspectives\" \/>\n<meta property=\"og:description\" content=\"Suchen Sie neue Perspektiven? Hier finden Sie unsere berufsbegleitenden Lehrg\u00e4nge in der B\u00e4ckerei-Konditorei-Confiserie-Branche.\" \/>\n<meta property=\"og:url\" content=\"https:\/\/richemont.swiss\/fr\/education\/offres-de-formations\/cours-professionnels\/\" \/>\n<meta property=\"og:site_name\" content=\"Richemont\" \/>\n<meta property=\"article:modified_time\" content=\"2019-06-10T13:59:10+00:00\" \/>\n<meta property=\"og:image\" content=\"https:\/\/richemont.swiss\/wp-content\/uploads\/2019\/03\/richemont_bildung_17.jpg\" \/>\n\t<meta property=\"og:image:width\" content=\"5616\" \/>\n\t<meta property=\"og:image:height\" content=\"3744\" \/>\n\t<meta property=\"og:image:type\" content=\"image\/jpeg\" \/>\n<meta name=\"twitter:card\" content=\"summary_large_image\" \/>\n<meta name=\"twitter:label1\" content=\"Dur\u00e9e de lecture estim\u00e9e\" \/>\n\t<meta name=\"twitter:data1\" content=\"1 minute\" \/>\n<script type=\"application\/ld+json\" class=\"yoast-schema-graph\">{\"@context\":\"https:\/\/schema.org\",\"@graph\":[{\"@type\":\"WebPage\",\"@id\":\"https:\/\/richemont.swiss\/fr\/education\/offres-de-formations\/cours-professionnels\/\",\"url\":\"https:\/\/richemont.swiss\/fr\/education\/offres-de-formations\/cours-professionnels\/\",\"name\":\"Berufsbegleitende Lehrg\u00e4nge - Richemont Fachschule\",\"isPartOf\":{\"@id\":\"https:\/\/richemont.swiss\/fr\/#website\"},\"primaryImageOfPage\":{\"@id\":\"https:\/\/richemont.swiss\/fr\/education\/offres-de-formations\/cours-professionnels\/#primaryimage\"},\"image\":{\"@id\":\"https:\/\/richemont.swiss\/fr\/education\/offres-de-formations\/cours-professionnels\/#primaryimage\"},\"thumbnailUrl\":\"https:\/\/richemont.swiss\/wp-content\/uploads\/2019\/03\/richemont_bildung_17.jpg\",\"datePublished\":\"2019-02-18T11:27:45+00:00\",\"dateModified\":\"2019-06-10T13:59:10+00:00\",\"description\":\"Suchen Sie neue Perspektiven? Hier finden Sie unsere berufsbegleitenden Lehrg\u00e4nge in der B\u00e4ckerei-Konditorei-Confiserie-Branche.\",\"breadcrumb\":{\"@id\":\"https:\/\/richemont.swiss\/fr\/education\/offres-de-formations\/cours-professionnels\/#breadcrumb\"},\"inLanguage\":\"fr-FR\",\"potentialAction\":[{\"@type\":\"ReadAction\",\"target\":[\"https:\/\/richemont.swiss\/fr\/education\/offres-de-formations\/cours-professionnels\/\"]}]},{\"@type\":\"ImageObject\",\"inLanguage\":\"fr-FR\",\"@id\":\"https:\/\/richemont.swiss\/fr\/education\/offres-de-formations\/cours-professionnels\/#primaryimage\",\"url\":\"https:\/\/richemont.swiss\/wp-content\/uploads\/2019\/03\/richemont_bildung_17.jpg\",\"contentUrl\":\"https:\/\/richemont.swiss\/wp-content\/uploads\/2019\/03\/richemont_bildung_17.jpg\",\"width\":5616,\"height\":3744,\"caption\":\"Richemont Fachschule Lehrg\u00e4nge\"},{\"@type\":\"BreadcrumbList\",\"@id\":\"https:\/\/richemont.swiss\/fr\/education\/offres-de-formations\/cours-professionnels\/#breadcrumb\",\"itemListElement\":[{\"@type\":\"ListItem\",\"position\":1,\"name\":\"Home\",\"item\":\"https:\/\/richemont.swiss\/fr\/\"},{\"@type\":\"ListItem\",\"position\":2,\"name\":\"Notre passion pour l&rsquo;artisanat\",\"item\":\"https:\/\/richemont.swiss\/fr\/education\/\"},{\"@type\":\"ListItem\",\"position\":3,\"name\":\"Investissez dans votre succ\u00e8s\",\"item\":\"https:\/\/richemont.swiss\/fr\/education\/offres-de-formations\/\"},{\"@type\":\"ListItem\",\"position\":4,\"name\":\"Perspectives\"}]},{\"@type\":\"WebSite\",\"@id\":\"https:\/\/richemont.swiss\/fr\/#website\",\"url\":\"https:\/\/richemont.swiss\/fr\/\",\"name\":\"Richemont\",\"description\":\"\",\"potentialAction\":[{\"@type\":\"SearchAction\",\"target\":{\"@type\":\"EntryPoint\",\"urlTemplate\":\"https:\/\/richemont.swiss\/fr\/?s={search_term_string}\"},\"query-input\":{\"@type\":\"PropertyValueSpecification\",\"valueRequired\":true,\"valueName\":\"search_term_string\"}}],\"inLanguage\":\"fr-FR\"}]}<\/script>\n<!-- \/ Yoast SEO Premium plugin. -->","yoast_head_json":{"title":"Berufsbegleitende Lehrg\u00e4nge - Richemont Fachschule","description":"Suchen Sie neue Perspektiven? Hier finden Sie unsere berufsbegleitenden Lehrg\u00e4nge in der B\u00e4ckerei-Konditorei-Confiserie-Branche.","robots":{"index":"index","follow":"follow","max-snippet":"max-snippet:-1","max-image-preview":"max-image-preview:large","max-video-preview":"max-video-preview:-1"},"canonical":"https:\/\/richemont.swiss\/fr\/education\/offres-de-formations\/cours-professionnels\/","og_locale":"fr_FR","og_type":"article","og_title":"Perspectives","og_description":"Suchen Sie neue Perspektiven? Hier finden Sie unsere berufsbegleitenden Lehrg\u00e4nge in der B\u00e4ckerei-Konditorei-Confiserie-Branche.","og_url":"https:\/\/richemont.swiss\/fr\/education\/offres-de-formations\/cours-professionnels\/","og_site_name":"Richemont","article_modified_time":"2019-06-10T13:59:10+00:00","og_image":[{"width":5616,"height":3744,"url":"https:\/\/richemont.swiss\/wp-content\/uploads\/2019\/03\/richemont_bildung_17.jpg","type":"image\/jpeg"}],"twitter_card":"summary_large_image","twitter_misc":{"Dur\u00e9e de lecture estim\u00e9e":"1 minute"},"schema":{"@context":"https:\/\/schema.org","@graph":[{"@type":"WebPage","@id":"https:\/\/richemont.swiss\/fr\/education\/offres-de-formations\/cours-professionnels\/","url":"https:\/\/richemont.swiss\/fr\/education\/offres-de-formations\/cours-professionnels\/","name":"Berufsbegleitende Lehrg\u00e4nge - Richemont Fachschule","isPartOf":{"@id":"https:\/\/richemont.swiss\/fr\/#website"},"primaryImageOfPage":{"@id":"https:\/\/richemont.swiss\/fr\/education\/offres-de-formations\/cours-professionnels\/#primaryimage"},"image":{"@id":"https:\/\/richemont.swiss\/fr\/education\/offres-de-formations\/cours-professionnels\/#primaryimage"},"thumbnailUrl":"https:\/\/richemont.swiss\/wp-content\/uploads\/2019\/03\/richemont_bildung_17.jpg","datePublished":"2019-02-18T11:27:45+00:00","dateModified":"2019-06-10T13:59:10+00:00","description":"Suchen Sie neue Perspektiven? Hier finden Sie unsere berufsbegleitenden Lehrg\u00e4nge in der B\u00e4ckerei-Konditorei-Confiserie-Branche.","breadcrumb":{"@id":"https:\/\/richemont.swiss\/fr\/education\/offres-de-formations\/cours-professionnels\/#breadcrumb"},"inLanguage":"fr-FR","potentialAction":[{"@type":"ReadAction","target":["https:\/\/richemont.swiss\/fr\/education\/offres-de-formations\/cours-professionnels\/"]}]},{"@type":"ImageObject","inLanguage":"fr-FR","@id":"https:\/\/richemont.swiss\/fr\/education\/offres-de-formations\/cours-professionnels\/#primaryimage","url":"https:\/\/richemont.swiss\/wp-content\/uploads\/2019\/03\/richemont_bildung_17.jpg","contentUrl":"https:\/\/richemont.swiss\/wp-content\/uploads\/2019\/03\/richemont_bildung_17.jpg","width":5616,"height":3744,"caption":"Richemont Fachschule Lehrg\u00e4nge"},{"@type":"BreadcrumbList","@id":"https:\/\/richemont.swiss\/fr\/education\/offres-de-formations\/cours-professionnels\/#breadcrumb","itemListElement":[{"@type":"ListItem","position":1,"name":"Home","item":"https:\/\/richemont.swiss\/fr\/"},{"@type":"ListItem","position":2,"name":"Notre passion pour l&rsquo;artisanat","item":"https:\/\/richemont.swiss\/fr\/education\/"},{"@type":"ListItem","position":3,"name":"Investissez dans votre succ\u00e8s","item":"https:\/\/richemont.swiss\/fr\/education\/offres-de-formations\/"},{"@type":"ListItem","position":4,"name":"Perspectives"}]},{"@type":"WebSite","@id":"https:\/\/richemont.swiss\/fr\/#website","url":"https:\/\/richemont.swiss\/fr\/","name":"Richemont","description":"","potentialAction":[{"@type":"SearchAction","target":{"@type":"EntryPoint","urlTemplate":"https:\/\/richemont.swiss\/fr\/?s={search_term_string}"},"query-input":{"@type":"PropertyValueSpecification","valueRequired":true,"valueName":"search_term_string"}}],"inLanguage":"fr-FR"}]}},"_links":{"self":[{"href":"https:\/\/richemont.swiss\/fr\/wp-json\/wp\/v2\/pages\/847","targetHints":{"allow":["GET"]}}],"collection":[{"href":"https:\/\/richemont.swiss\/fr\/wp-json\/wp\/v2\/pages"}],"about":[{"href":"https:\/\/richemont.swiss\/fr\/wp-json\/wp\/v2\/types\/page"}],"author":[{"embeddable":true,"href":"https:\/\/richemont.swiss\/fr\/wp-json\/wp\/v2\/users\/1"}],"replies":[{"embeddable":true,"href":"https:\/\/richemont.swiss\/fr\/wp-json\/wp\/v2\/comments?post=847"}],"version-history":[{"count":0,"href":"https:\/\/richemont.swiss\/fr\/wp-json\/wp\/v2\/pages\/847\/revisions"}],"up":[{"embeddable":true,"href":"https:\/\/richemont.swiss\/fr\/wp-json\/wp\/v2\/pages\/821"}],"wp:featuredmedia":[{"embeddable":true,"href":"https:\/\/richemont.swiss\/fr\/wp-json\/wp\/v2\/media\/2466"}],"wp:attachment":[{"href":"https:\/\/richemont.swiss\/fr\/wp-json\/wp\/v2\/media?parent=847"}],"curies":[{"name":"wp","href":"https:\/\/api.w.org\/{rel}","templated":true}]}}