{"id":843,"date":"2019-02-18T11:24:35","date_gmt":"2019-02-18T10:24:35","guid":{"rendered":"https:\/\/richemont.swiss\/entreprise\/offres-de-formations\/formation-professionnelle-superieure\/hoehere-fachpruefung\/"},"modified":"2023-05-24T09:59:44","modified_gmt":"2023-05-24T07:59:44","slug":"hoehere-fachpruefung","status":"publish","type":"page","link":"https:\/\/richemont.swiss\/fr\/education\/offres-de-formations\/formation-professionnelle-superieure\/hoehere-fachpruefung\/","title":{"rendered":"Sp\u00e9cialisation"},"content":{"rendered":"\n<h2 class=\"wp-block-heading\" id=\"h-cours-preparatoires-a-l-examen-professionnel-superieur\"><strong>Cours pr\u00e9paratoires \u00e0 l&rsquo;examen professionnel sup\u00e9rieur<\/strong> &nbsp;<\/h2>\n\n\n\n<p>Les cours pr\u00e9paratoires pour l&rsquo;examen professionnel sup\u00e9rieur seront  d\u00e9sormais r\u00e9partis sur deux instituts de formation. Il vous sera donc  possible d&rsquo;obtenir des connaissances concentr\u00e9es provenant de deux  centres de comp\u00e9tences diff\u00e9rents. Cette coop\u00e9ration permet d&rsquo;adapter la  formation de mani\u00e8re optimale afin de r\u00e9pondre aux exigences actuelles  du march\u00e9. <\/p>\n\n\n\n<h3 class=\"wp-block-heading\" id=\"h-cours-preparatoires-1ere-partie\"><strong>Cours pr\u00e9paratoires 1\u00e8re partie<\/strong> <\/h3>\n\n\n\n<p>Les <a href=\"https:\/\/www.siu.ch\/fr\">cours IFCAM<\/a> commencent toujours en avril et en octobre de chaque  ann\u00e9e dans divers endroits de Suisse. Le module conserve une validit\u00e9 de  5 ans et compte pour l&rsquo;obtention de l&rsquo;examen professionnel sup\u00e9rieur.  Certains cantons soutiennent financi\u00e8rement cette formation. Avec la  r\u00e9ussite du dipl\u00f4me de cette formation continue, vous remplissez les  conditions d&rsquo;admission \u00e0 l&rsquo;examen professionnel sup\u00e9rieur EPS de  Richemont, centre de comp\u00e9tence. <\/p>\n\n\n\n<h3 class=\"wp-block-heading\" id=\"h-cours-preparatoire-2eme-partie\"><strong>Cours pr\u00e9paratoire 2\u00e8me partie<\/strong> <\/h3>\n\n\n\n<p>La deuxi\u00e8me partie des cours pr\u00e9paratoires, organis\u00e9e par Richemont,  sera alors s\u00e9par\u00e9e en fonction de la sp\u00e9cificit\u00e9 des branches. <\/p>\n\n\n\n<p><a href=\"https:\/\/preview.richemont.swiss\/?book=hohere-fachprufung-2022-fr_online.pdf\" target=\"_blank\" rel=\"noreferrer noopener\">Brochure Dipl\u00f4me f\u00e9d\u00e9ral<\/a><\/p>\n\n\n\n<div class=\"wp-block-file\"><a id=\"wp-block-file--media-9d41a53b-cc4a-4750-8852-2e1735592849\" href=\"https:\/\/richemont.swiss\/wp-content\/uploads\/2021\/04\/directives_eps_chef_dentreprise_boulangerie_confiserie_fr_20150709.pdf\">Directives relatives au r\u00e8glement de l&rsquo;examen professionnel sup\u00e9rieur<\/a><a href=\"https:\/\/richemont.swiss\/wp-content\/uploads\/2021\/04\/directives_eps_chef_dentreprise_boulangerie_confiserie_fr_20150709.pdf\" class=\"wp-block-file__button wp-element-button\" download aria-describedby=\"wp-block-file--media-9d41a53b-cc4a-4750-8852-2e1735592849\">Herunterladen<\/a><\/div>\n\n\n\n<div class=\"wp-block-file\"><a id=\"wp-block-file--media-706be3bf-9be9-448f-9572-2953ae80fa69\" href=\"https:\/\/richemont.swiss\/wp-content\/uploads\/2021\/04\/po_hfp_betriebsleiter_bkc_fr_20150903.pdf\">R\u00e8glement concernant l&rsquo;examen professionnel sup\u00e9rieur<\/a><a href=\"https:\/\/richemont.swiss\/wp-content\/uploads\/2021\/04\/po_hfp_betriebsleiter_bkc_fr_20150903.pdf\" class=\"wp-block-file__button wp-element-button\" download aria-describedby=\"wp-block-file--media-706be3bf-9be9-448f-9572-2953ae80fa69\">Herunterladen<\/a><\/div>\n","protected":false},"excerpt":{"rendered":"<p>Cours pr\u00e9paratoires \u00e0 l&rsquo;examen professionnel sup\u00e9rieur &nbsp; Les cours pr\u00e9paratoires pour l&rsquo;examen professionnel sup\u00e9rieur seront d\u00e9sormais r\u00e9partis sur deux instituts de formation. Il vous sera donc possible d&rsquo;obtenir des connaissances concentr\u00e9es provenant de deux centres de comp\u00e9tences diff\u00e9rents. Cette coop\u00e9ration permet d&rsquo;adapter la formation de mani\u00e8re optimale afin de r\u00e9pondre aux exigences actuelles du march\u00e9. [&hellip;]<\/p>\n","protected":false},"author":1,"featured_media":6677,"parent":833,"menu_order":0,"comment_status":"closed","ping_status":"closed","template":"","meta":{"_acf_changed":false,"footnotes":""},"class_list":["post-843","page","type-page","status-publish","has-post-thumbnail","hentry"],"acf":[],"yoast_head":"<!-- This site is optimized with the Yoast SEO Premium plugin v26.7 (Yoast SEO v26.7) - https:\/\/yoast.com\/wordpress\/plugins\/seo\/ -->\n<title>Infos sur l&#039;examen professionnel sup\u00e9rieur - Richemont \u00e9cole professionnelle<\/title>\n<meta name=\"description\" content=\"Toutes les informations sur le cours pr\u00e9paratoire \u00e0 l&#039;examen professionnel sup\u00e9rieur de la boulangerie, pa\u0302tisserie et confiserie sont disponibles ici.\" \/>\n<meta name=\"robots\" content=\"index, follow, max-snippet:-1, max-image-preview:large, max-video-preview:-1\" \/>\n<link rel=\"canonical\" href=\"https:\/\/richemont.swiss\/fr\/education\/offres-de-formations\/formation-professionnelle-superieure\/hoehere-fachpruefung\/\" \/>\n<meta property=\"og:locale\" content=\"fr_FR\" \/>\n<meta property=\"og:type\" content=\"article\" \/>\n<meta property=\"og:title\" content=\"Sp\u00e9cialisation\" \/>\n<meta property=\"og:description\" content=\"Toutes les informations sur le cours pr\u00e9paratoire \u00e0 l&#039;examen professionnel sup\u00e9rieur de la boulangerie, pa\u0302tisserie et confiserie sont disponibles ici.\" \/>\n<meta property=\"og:url\" content=\"https:\/\/richemont.swiss\/fr\/education\/offres-de-formations\/formation-professionnelle-superieure\/hoehere-fachpruefung\/\" \/>\n<meta property=\"og:site_name\" content=\"Richemont\" \/>\n<meta property=\"article:modified_time\" content=\"2023-05-24T07:59:44+00:00\" \/>\n<meta property=\"og:image\" content=\"https:\/\/richemont.swiss\/wp-content\/uploads\/2019\/06\/richemont_education_10.jpg\" \/>\n\t<meta property=\"og:image:width\" content=\"5616\" \/>\n\t<meta property=\"og:image:height\" content=\"3744\" \/>\n\t<meta property=\"og:image:type\" content=\"image\/jpeg\" \/>\n<meta name=\"twitter:card\" content=\"summary_large_image\" \/>\n<meta name=\"twitter:label1\" content=\"Dur\u00e9e de lecture estim\u00e9e\" \/>\n\t<meta name=\"twitter:data1\" content=\"1 minute\" \/>\n<script type=\"application\/ld+json\" class=\"yoast-schema-graph\">{\"@context\":\"https:\/\/schema.org\",\"@graph\":[{\"@type\":\"WebPage\",\"@id\":\"https:\/\/richemont.swiss\/fr\/education\/offres-de-formations\/formation-professionnelle-superieure\/hoehere-fachpruefung\/\",\"url\":\"https:\/\/richemont.swiss\/fr\/education\/offres-de-formations\/formation-professionnelle-superieure\/hoehere-fachpruefung\/\",\"name\":\"Infos sur l'examen professionnel sup\u00e9rieur - Richemont \u00e9cole professionnelle\",\"isPartOf\":{\"@id\":\"https:\/\/richemont.swiss\/fr\/#website\"},\"primaryImageOfPage\":{\"@id\":\"https:\/\/richemont.swiss\/fr\/education\/offres-de-formations\/formation-professionnelle-superieure\/hoehere-fachpruefung\/#primaryimage\"},\"image\":{\"@id\":\"https:\/\/richemont.swiss\/fr\/education\/offres-de-formations\/formation-professionnelle-superieure\/hoehere-fachpruefung\/#primaryimage\"},\"thumbnailUrl\":\"https:\/\/richemont.swiss\/wp-content\/uploads\/2019\/06\/richemont_education_10.jpg\",\"datePublished\":\"2019-02-18T10:24:35+00:00\",\"dateModified\":\"2023-05-24T07:59:44+00:00\",\"description\":\"Toutes les informations sur le cours pr\u00e9paratoire \u00e0 l'examen professionnel sup\u00e9rieur de la boulangerie, pa\u0302tisserie et confiserie sont disponibles ici.\",\"breadcrumb\":{\"@id\":\"https:\/\/richemont.swiss\/fr\/education\/offres-de-formations\/formation-professionnelle-superieure\/hoehere-fachpruefung\/#breadcrumb\"},\"inLanguage\":\"fr-FR\",\"potentialAction\":[{\"@type\":\"ReadAction\",\"target\":[\"https:\/\/richemont.swiss\/fr\/education\/offres-de-formations\/formation-professionnelle-superieure\/hoehere-fachpruefung\/\"]}]},{\"@type\":\"ImageObject\",\"inLanguage\":\"fr-FR\",\"@id\":\"https:\/\/richemont.swiss\/fr\/education\/offres-de-formations\/formation-professionnelle-superieure\/hoehere-fachpruefung\/#primaryimage\",\"url\":\"https:\/\/richemont.swiss\/wp-content\/uploads\/2019\/06\/richemont_education_10.jpg\",\"contentUrl\":\"https:\/\/richemont.swiss\/wp-content\/uploads\/2019\/06\/richemont_education_10.jpg\",\"width\":5616,\"height\":3744,\"caption\":\"Infos sur l'examen professionnel sup\u00e9rieur - Richemont \u00e9cole professionnelle\"},{\"@type\":\"BreadcrumbList\",\"@id\":\"https:\/\/richemont.swiss\/fr\/education\/offres-de-formations\/formation-professionnelle-superieure\/hoehere-fachpruefung\/#breadcrumb\",\"itemListElement\":[{\"@type\":\"ListItem\",\"position\":1,\"name\":\"Home\",\"item\":\"https:\/\/richemont.swiss\/fr\/\"},{\"@type\":\"ListItem\",\"position\":2,\"name\":\"Notre passion pour l&rsquo;artisanat\",\"item\":\"https:\/\/richemont.swiss\/fr\/education\/\"},{\"@type\":\"ListItem\",\"position\":3,\"name\":\"Investissez dans votre succ\u00e8s\",\"item\":\"https:\/\/richemont.swiss\/fr\/education\/offres-de-formations\/\"},{\"@type\":\"ListItem\",\"position\":4,\"name\":\"Carri\u00e8re\",\"item\":\"https:\/\/richemont.swiss\/fr\/education\/offres-de-formations\/formation-professionnelle-superieure\/\"},{\"@type\":\"ListItem\",\"position\":5,\"name\":\"Sp\u00e9cialisation\"}]},{\"@type\":\"WebSite\",\"@id\":\"https:\/\/richemont.swiss\/fr\/#website\",\"url\":\"https:\/\/richemont.swiss\/fr\/\",\"name\":\"Richemont\",\"description\":\"\",\"potentialAction\":[{\"@type\":\"SearchAction\",\"target\":{\"@type\":\"EntryPoint\",\"urlTemplate\":\"https:\/\/richemont.swiss\/fr\/?s={search_term_string}\"},\"query-input\":{\"@type\":\"PropertyValueSpecification\",\"valueRequired\":true,\"valueName\":\"search_term_string\"}}],\"inLanguage\":\"fr-FR\"}]}<\/script>\n<!-- \/ Yoast SEO Premium plugin. -->","yoast_head_json":{"title":"Infos sur l'examen professionnel sup\u00e9rieur - Richemont \u00e9cole professionnelle","description":"Toutes les informations sur le cours pr\u00e9paratoire \u00e0 l'examen professionnel sup\u00e9rieur de la boulangerie, pa\u0302tisserie et confiserie sont disponibles ici.","robots":{"index":"index","follow":"follow","max-snippet":"max-snippet:-1","max-image-preview":"max-image-preview:large","max-video-preview":"max-video-preview:-1"},"canonical":"https:\/\/richemont.swiss\/fr\/education\/offres-de-formations\/formation-professionnelle-superieure\/hoehere-fachpruefung\/","og_locale":"fr_FR","og_type":"article","og_title":"Sp\u00e9cialisation","og_description":"Toutes les informations sur le cours pr\u00e9paratoire \u00e0 l'examen professionnel sup\u00e9rieur de la boulangerie, pa\u0302tisserie et confiserie sont disponibles ici.","og_url":"https:\/\/richemont.swiss\/fr\/education\/offres-de-formations\/formation-professionnelle-superieure\/hoehere-fachpruefung\/","og_site_name":"Richemont","article_modified_time":"2023-05-24T07:59:44+00:00","og_image":[{"width":5616,"height":3744,"url":"https:\/\/richemont.swiss\/wp-content\/uploads\/2019\/06\/richemont_education_10.jpg","type":"image\/jpeg"}],"twitter_card":"summary_large_image","twitter_misc":{"Dur\u00e9e de lecture estim\u00e9e":"1 minute"},"schema":{"@context":"https:\/\/schema.org","@graph":[{"@type":"WebPage","@id":"https:\/\/richemont.swiss\/fr\/education\/offres-de-formations\/formation-professionnelle-superieure\/hoehere-fachpruefung\/","url":"https:\/\/richemont.swiss\/fr\/education\/offres-de-formations\/formation-professionnelle-superieure\/hoehere-fachpruefung\/","name":"Infos sur l'examen professionnel sup\u00e9rieur - Richemont \u00e9cole professionnelle","isPartOf":{"@id":"https:\/\/richemont.swiss\/fr\/#website"},"primaryImageOfPage":{"@id":"https:\/\/richemont.swiss\/fr\/education\/offres-de-formations\/formation-professionnelle-superieure\/hoehere-fachpruefung\/#primaryimage"},"image":{"@id":"https:\/\/richemont.swiss\/fr\/education\/offres-de-formations\/formation-professionnelle-superieure\/hoehere-fachpruefung\/#primaryimage"},"thumbnailUrl":"https:\/\/richemont.swiss\/wp-content\/uploads\/2019\/06\/richemont_education_10.jpg","datePublished":"2019-02-18T10:24:35+00:00","dateModified":"2023-05-24T07:59:44+00:00","description":"Toutes les informations sur le cours pr\u00e9paratoire \u00e0 l'examen professionnel sup\u00e9rieur de la boulangerie, pa\u0302tisserie et confiserie sont disponibles ici.","breadcrumb":{"@id":"https:\/\/richemont.swiss\/fr\/education\/offres-de-formations\/formation-professionnelle-superieure\/hoehere-fachpruefung\/#breadcrumb"},"inLanguage":"fr-FR","potentialAction":[{"@type":"ReadAction","target":["https:\/\/richemont.swiss\/fr\/education\/offres-de-formations\/formation-professionnelle-superieure\/hoehere-fachpruefung\/"]}]},{"@type":"ImageObject","inLanguage":"fr-FR","@id":"https:\/\/richemont.swiss\/fr\/education\/offres-de-formations\/formation-professionnelle-superieure\/hoehere-fachpruefung\/#primaryimage","url":"https:\/\/richemont.swiss\/wp-content\/uploads\/2019\/06\/richemont_education_10.jpg","contentUrl":"https:\/\/richemont.swiss\/wp-content\/uploads\/2019\/06\/richemont_education_10.jpg","width":5616,"height":3744,"caption":"Infos sur l'examen professionnel sup\u00e9rieur - Richemont \u00e9cole professionnelle"},{"@type":"BreadcrumbList","@id":"https:\/\/richemont.swiss\/fr\/education\/offres-de-formations\/formation-professionnelle-superieure\/hoehere-fachpruefung\/#breadcrumb","itemListElement":[{"@type":"ListItem","position":1,"name":"Home","item":"https:\/\/richemont.swiss\/fr\/"},{"@type":"ListItem","position":2,"name":"Notre passion pour l&rsquo;artisanat","item":"https:\/\/richemont.swiss\/fr\/education\/"},{"@type":"ListItem","position":3,"name":"Investissez dans votre succ\u00e8s","item":"https:\/\/richemont.swiss\/fr\/education\/offres-de-formations\/"},{"@type":"ListItem","position":4,"name":"Carri\u00e8re","item":"https:\/\/richemont.swiss\/fr\/education\/offres-de-formations\/formation-professionnelle-superieure\/"},{"@type":"ListItem","position":5,"name":"Sp\u00e9cialisation"}]},{"@type":"WebSite","@id":"https:\/\/richemont.swiss\/fr\/#website","url":"https:\/\/richemont.swiss\/fr\/","name":"Richemont","description":"","potentialAction":[{"@type":"SearchAction","target":{"@type":"EntryPoint","urlTemplate":"https:\/\/richemont.swiss\/fr\/?s={search_term_string}"},"query-input":{"@type":"PropertyValueSpecification","valueRequired":true,"valueName":"search_term_string"}}],"inLanguage":"fr-FR"}]}},"_links":{"self":[{"href":"https:\/\/richemont.swiss\/fr\/wp-json\/wp\/v2\/pages\/843","targetHints":{"allow":["GET"]}}],"collection":[{"href":"https:\/\/richemont.swiss\/fr\/wp-json\/wp\/v2\/pages"}],"about":[{"href":"https:\/\/richemont.swiss\/fr\/wp-json\/wp\/v2\/types\/page"}],"author":[{"embeddable":true,"href":"https:\/\/richemont.swiss\/fr\/wp-json\/wp\/v2\/users\/1"}],"replies":[{"embeddable":true,"href":"https:\/\/richemont.swiss\/fr\/wp-json\/wp\/v2\/comments?post=843"}],"version-history":[{"count":0,"href":"https:\/\/richemont.swiss\/fr\/wp-json\/wp\/v2\/pages\/843\/revisions"}],"up":[{"embeddable":true,"href":"https:\/\/richemont.swiss\/fr\/wp-json\/wp\/v2\/pages\/833"}],"wp:featuredmedia":[{"embeddable":true,"href":"https:\/\/richemont.swiss\/fr\/wp-json\/wp\/v2\/media\/6677"}],"wp:attachment":[{"href":"https:\/\/richemont.swiss\/fr\/wp-json\/wp\/v2\/media?parent=843"}],"curies":[{"name":"wp","href":"https:\/\/api.w.org\/{rel}","templated":true}]}}