{"id":836,"date":"2019-02-18T11:20:38","date_gmt":"2019-02-18T10:20:38","guid":{"rendered":"https:\/\/richemont.swiss\/entreprise\/offres-de-formations\/formation-professionnelle-superieure\/berufspruefung\/"},"modified":"2024-12-23T16:16:29","modified_gmt":"2024-12-23T15:16:29","slug":"examen-professionnel","status":"publish","type":"page","link":"https:\/\/richemont.swiss\/fr\/education\/offres-de-formations\/formation-professionnelle-superieure\/examen-professionnel\/","title":{"rendered":"Approfondissement"},"content":{"rendered":"\n<h2 class=\"wp-block-heading\" id=\"h-cours-preparatoires-a-l-examen-du-brevet-examen-professionnel\">Cours pr\u00e9paratoires \u00e0 l&rsquo;examen du brevet (examen professionnel)<br><\/h2>\n\n\n\n<p>L&rsquo;examen du brevet est une premi\u00e8re sp\u00e9cialisation apr\u00e8s l&rsquo;obtention du certificat f\u00e9d\u00e9ral de capacit\u00e9 (CFC). Ces cours apportent un approfondissement professionnel dans un domaine sp\u00e9cifique. Ceux qui r\u00e9ussissent cet examen re\u00e7oivent un brevet f\u00e9d\u00e9ral. Les titulaires du brevet poss\u00e8dent les capacit\u00e9s pour remplir des fonctions de cadres moyens et d&rsquo;assurer des t\u00e2ches sensiblement plus exigeantes que celles demand\u00e9es aux personne au b\u00e9n\u00e9fice d&rsquo;un CFC. De plus, les titulaires d&rsquo;un brevet f\u00e9d\u00e9ral sont \u00e9galement responsables de la formation des apprentis.<br><\/p>\n","protected":false},"excerpt":{"rendered":"<p>Cours pr\u00e9paratoires \u00e0 l&rsquo;examen du brevet (examen professionnel) L&rsquo;examen du brevet est une premi\u00e8re sp\u00e9cialisation apr\u00e8s l&rsquo;obtention du certificat f\u00e9d\u00e9ral de capacit\u00e9 (CFC). Ces cours apportent un approfondissement professionnel dans un domaine sp\u00e9cifique. Ceux qui r\u00e9ussissent cet examen re\u00e7oivent un brevet f\u00e9d\u00e9ral. Les titulaires du brevet poss\u00e8dent les capacit\u00e9s pour remplir des fonctions de cadres [&hellip;]<\/p>\n","protected":false},"author":1,"featured_media":6683,"parent":833,"menu_order":0,"comment_status":"closed","ping_status":"closed","template":"","meta":{"_acf_changed":false,"footnotes":""},"class_list":["post-836","page","type-page","status-publish","has-post-thumbnail","hentry"],"acf":[],"yoast_head":"<!-- This site is optimized with the Yoast SEO Premium plugin v26.7 (Yoast SEO v26.7) - https:\/\/yoast.com\/wordpress\/plugins\/seo\/ -->\n<title>Cours de pr\u00e9paration \u00e0 l&#039;examen du brevet - Richemont \u00e9cole professionnelle<\/title>\n<meta name=\"description\" content=\"Toutes les informations sur le cours pr\u00e9paratoire \u00e0 l&#039;examen du brevet de la boulangerie, pa\u0302tisserie et confiserie sont disponibles ici.\" \/>\n<meta name=\"robots\" content=\"index, follow, max-snippet:-1, max-image-preview:large, max-video-preview:-1\" \/>\n<link rel=\"canonical\" href=\"https:\/\/richemont.swiss\/fr\/education\/offres-de-formations\/formation-professionnelle-superieure\/examen-professionnel\/\" \/>\n<meta property=\"og:locale\" content=\"fr_FR\" \/>\n<meta property=\"og:type\" content=\"article\" \/>\n<meta property=\"og:title\" content=\"Approfondissement\" \/>\n<meta property=\"og:description\" content=\"Toutes les informations sur le cours pr\u00e9paratoire \u00e0 l&#039;examen du brevet de la boulangerie, pa\u0302tisserie et confiserie sont disponibles ici.\" \/>\n<meta property=\"og:url\" content=\"https:\/\/richemont.swiss\/fr\/education\/offres-de-formations\/formation-professionnelle-superieure\/examen-professionnel\/\" \/>\n<meta property=\"og:site_name\" content=\"Richemont\" \/>\n<meta property=\"article:modified_time\" content=\"2024-12-23T15:16:29+00:00\" \/>\n<meta property=\"og:image\" content=\"https:\/\/richemont.swiss\/wp-content\/uploads\/2019\/06\/richemont_education_06.jpg\" \/>\n\t<meta property=\"og:image:width\" content=\"4256\" \/>\n\t<meta property=\"og:image:height\" content=\"2832\" \/>\n\t<meta property=\"og:image:type\" content=\"image\/jpeg\" \/>\n<meta name=\"twitter:card\" content=\"summary_large_image\" \/>\n<meta name=\"twitter:label1\" content=\"Dur\u00e9e de lecture estim\u00e9e\" \/>\n\t<meta name=\"twitter:data1\" content=\"1 minute\" \/>\n<script type=\"application\/ld+json\" class=\"yoast-schema-graph\">{\"@context\":\"https:\/\/schema.org\",\"@graph\":[{\"@type\":\"WebPage\",\"@id\":\"https:\/\/richemont.swiss\/fr\/education\/offres-de-formations\/formation-professionnelle-superieure\/examen-professionnel\/\",\"url\":\"https:\/\/richemont.swiss\/fr\/education\/offres-de-formations\/formation-professionnelle-superieure\/examen-professionnel\/\",\"name\":\"Cours de pr\u00e9paration \u00e0 l'examen du brevet - Richemont \u00e9cole professionnelle\",\"isPartOf\":{\"@id\":\"https:\/\/richemont.swiss\/fr\/#website\"},\"primaryImageOfPage\":{\"@id\":\"https:\/\/richemont.swiss\/fr\/education\/offres-de-formations\/formation-professionnelle-superieure\/examen-professionnel\/#primaryimage\"},\"image\":{\"@id\":\"https:\/\/richemont.swiss\/fr\/education\/offres-de-formations\/formation-professionnelle-superieure\/examen-professionnel\/#primaryimage\"},\"thumbnailUrl\":\"https:\/\/richemont.swiss\/wp-content\/uploads\/2019\/06\/richemont_education_06.jpg\",\"datePublished\":\"2019-02-18T10:20:38+00:00\",\"dateModified\":\"2024-12-23T15:16:29+00:00\",\"description\":\"Toutes les informations sur le cours pr\u00e9paratoire \u00e0 l'examen du brevet de la boulangerie, pa\u0302tisserie et confiserie sont disponibles ici.\",\"breadcrumb\":{\"@id\":\"https:\/\/richemont.swiss\/fr\/education\/offres-de-formations\/formation-professionnelle-superieure\/examen-professionnel\/#breadcrumb\"},\"inLanguage\":\"fr-FR\",\"potentialAction\":[{\"@type\":\"ReadAction\",\"target\":[\"https:\/\/richemont.swiss\/fr\/education\/offres-de-formations\/formation-professionnelle-superieure\/examen-professionnel\/\"]}]},{\"@type\":\"ImageObject\",\"inLanguage\":\"fr-FR\",\"@id\":\"https:\/\/richemont.swiss\/fr\/education\/offres-de-formations\/formation-professionnelle-superieure\/examen-professionnel\/#primaryimage\",\"url\":\"https:\/\/richemont.swiss\/wp-content\/uploads\/2019\/06\/richemont_education_06.jpg\",\"contentUrl\":\"https:\/\/richemont.swiss\/wp-content\/uploads\/2019\/06\/richemont_education_06.jpg\",\"width\":4256,\"height\":2832,\"caption\":\"Cours de pr\u00e9paration \u00e0 l'examen du brevet - Richemont \u00e9cole professionnelle\"},{\"@type\":\"BreadcrumbList\",\"@id\":\"https:\/\/richemont.swiss\/fr\/education\/offres-de-formations\/formation-professionnelle-superieure\/examen-professionnel\/#breadcrumb\",\"itemListElement\":[{\"@type\":\"ListItem\",\"position\":1,\"name\":\"Home\",\"item\":\"https:\/\/richemont.swiss\/fr\/\"},{\"@type\":\"ListItem\",\"position\":2,\"name\":\"Notre passion pour l&rsquo;artisanat\",\"item\":\"https:\/\/richemont.swiss\/fr\/education\/\"},{\"@type\":\"ListItem\",\"position\":3,\"name\":\"Investissez dans votre succ\u00e8s\",\"item\":\"https:\/\/richemont.swiss\/fr\/education\/offres-de-formations\/\"},{\"@type\":\"ListItem\",\"position\":4,\"name\":\"Carri\u00e8re\",\"item\":\"https:\/\/richemont.swiss\/fr\/education\/offres-de-formations\/formation-professionnelle-superieure\/\"},{\"@type\":\"ListItem\",\"position\":5,\"name\":\"Approfondissement\"}]},{\"@type\":\"WebSite\",\"@id\":\"https:\/\/richemont.swiss\/fr\/#website\",\"url\":\"https:\/\/richemont.swiss\/fr\/\",\"name\":\"Richemont\",\"description\":\"\",\"potentialAction\":[{\"@type\":\"SearchAction\",\"target\":{\"@type\":\"EntryPoint\",\"urlTemplate\":\"https:\/\/richemont.swiss\/fr\/?s={search_term_string}\"},\"query-input\":{\"@type\":\"PropertyValueSpecification\",\"valueRequired\":true,\"valueName\":\"search_term_string\"}}],\"inLanguage\":\"fr-FR\"}]}<\/script>\n<!-- \/ Yoast SEO Premium plugin. -->","yoast_head_json":{"title":"Cours de pr\u00e9paration \u00e0 l'examen du brevet - Richemont \u00e9cole professionnelle","description":"Toutes les informations sur le cours pr\u00e9paratoire \u00e0 l'examen du brevet de la boulangerie, pa\u0302tisserie et confiserie sont disponibles ici.","robots":{"index":"index","follow":"follow","max-snippet":"max-snippet:-1","max-image-preview":"max-image-preview:large","max-video-preview":"max-video-preview:-1"},"canonical":"https:\/\/richemont.swiss\/fr\/education\/offres-de-formations\/formation-professionnelle-superieure\/examen-professionnel\/","og_locale":"fr_FR","og_type":"article","og_title":"Approfondissement","og_description":"Toutes les informations sur le cours pr\u00e9paratoire \u00e0 l'examen du brevet de la boulangerie, pa\u0302tisserie et confiserie sont disponibles ici.","og_url":"https:\/\/richemont.swiss\/fr\/education\/offres-de-formations\/formation-professionnelle-superieure\/examen-professionnel\/","og_site_name":"Richemont","article_modified_time":"2024-12-23T15:16:29+00:00","og_image":[{"width":4256,"height":2832,"url":"https:\/\/richemont.swiss\/wp-content\/uploads\/2019\/06\/richemont_education_06.jpg","type":"image\/jpeg"}],"twitter_card":"summary_large_image","twitter_misc":{"Dur\u00e9e de lecture estim\u00e9e":"1 minute"},"schema":{"@context":"https:\/\/schema.org","@graph":[{"@type":"WebPage","@id":"https:\/\/richemont.swiss\/fr\/education\/offres-de-formations\/formation-professionnelle-superieure\/examen-professionnel\/","url":"https:\/\/richemont.swiss\/fr\/education\/offres-de-formations\/formation-professionnelle-superieure\/examen-professionnel\/","name":"Cours de pr\u00e9paration \u00e0 l'examen du brevet - Richemont \u00e9cole professionnelle","isPartOf":{"@id":"https:\/\/richemont.swiss\/fr\/#website"},"primaryImageOfPage":{"@id":"https:\/\/richemont.swiss\/fr\/education\/offres-de-formations\/formation-professionnelle-superieure\/examen-professionnel\/#primaryimage"},"image":{"@id":"https:\/\/richemont.swiss\/fr\/education\/offres-de-formations\/formation-professionnelle-superieure\/examen-professionnel\/#primaryimage"},"thumbnailUrl":"https:\/\/richemont.swiss\/wp-content\/uploads\/2019\/06\/richemont_education_06.jpg","datePublished":"2019-02-18T10:20:38+00:00","dateModified":"2024-12-23T15:16:29+00:00","description":"Toutes les informations sur le cours pr\u00e9paratoire \u00e0 l'examen du brevet de la boulangerie, pa\u0302tisserie et confiserie sont disponibles ici.","breadcrumb":{"@id":"https:\/\/richemont.swiss\/fr\/education\/offres-de-formations\/formation-professionnelle-superieure\/examen-professionnel\/#breadcrumb"},"inLanguage":"fr-FR","potentialAction":[{"@type":"ReadAction","target":["https:\/\/richemont.swiss\/fr\/education\/offres-de-formations\/formation-professionnelle-superieure\/examen-professionnel\/"]}]},{"@type":"ImageObject","inLanguage":"fr-FR","@id":"https:\/\/richemont.swiss\/fr\/education\/offres-de-formations\/formation-professionnelle-superieure\/examen-professionnel\/#primaryimage","url":"https:\/\/richemont.swiss\/wp-content\/uploads\/2019\/06\/richemont_education_06.jpg","contentUrl":"https:\/\/richemont.swiss\/wp-content\/uploads\/2019\/06\/richemont_education_06.jpg","width":4256,"height":2832,"caption":"Cours de pr\u00e9paration \u00e0 l'examen du brevet - Richemont \u00e9cole professionnelle"},{"@type":"BreadcrumbList","@id":"https:\/\/richemont.swiss\/fr\/education\/offres-de-formations\/formation-professionnelle-superieure\/examen-professionnel\/#breadcrumb","itemListElement":[{"@type":"ListItem","position":1,"name":"Home","item":"https:\/\/richemont.swiss\/fr\/"},{"@type":"ListItem","position":2,"name":"Notre passion pour l&rsquo;artisanat","item":"https:\/\/richemont.swiss\/fr\/education\/"},{"@type":"ListItem","position":3,"name":"Investissez dans votre succ\u00e8s","item":"https:\/\/richemont.swiss\/fr\/education\/offres-de-formations\/"},{"@type":"ListItem","position":4,"name":"Carri\u00e8re","item":"https:\/\/richemont.swiss\/fr\/education\/offres-de-formations\/formation-professionnelle-superieure\/"},{"@type":"ListItem","position":5,"name":"Approfondissement"}]},{"@type":"WebSite","@id":"https:\/\/richemont.swiss\/fr\/#website","url":"https:\/\/richemont.swiss\/fr\/","name":"Richemont","description":"","potentialAction":[{"@type":"SearchAction","target":{"@type":"EntryPoint","urlTemplate":"https:\/\/richemont.swiss\/fr\/?s={search_term_string}"},"query-input":{"@type":"PropertyValueSpecification","valueRequired":true,"valueName":"search_term_string"}}],"inLanguage":"fr-FR"}]}},"_links":{"self":[{"href":"https:\/\/richemont.swiss\/fr\/wp-json\/wp\/v2\/pages\/836","targetHints":{"allow":["GET"]}}],"collection":[{"href":"https:\/\/richemont.swiss\/fr\/wp-json\/wp\/v2\/pages"}],"about":[{"href":"https:\/\/richemont.swiss\/fr\/wp-json\/wp\/v2\/types\/page"}],"author":[{"embeddable":true,"href":"https:\/\/richemont.swiss\/fr\/wp-json\/wp\/v2\/users\/1"}],"replies":[{"embeddable":true,"href":"https:\/\/richemont.swiss\/fr\/wp-json\/wp\/v2\/comments?post=836"}],"version-history":[{"count":0,"href":"https:\/\/richemont.swiss\/fr\/wp-json\/wp\/v2\/pages\/836\/revisions"}],"up":[{"embeddable":true,"href":"https:\/\/richemont.swiss\/fr\/wp-json\/wp\/v2\/pages\/833"}],"wp:featuredmedia":[{"embeddable":true,"href":"https:\/\/richemont.swiss\/fr\/wp-json\/wp\/v2\/media\/6683"}],"wp:attachment":[{"href":"https:\/\/richemont.swiss\/fr\/wp-json\/wp\/v2\/media?parent=836"}],"curies":[{"name":"wp","href":"https:\/\/api.w.org\/{rel}","templated":true}]}}