{"id":829,"date":"2019-02-18T11:14:46","date_gmt":"2019-02-18T11:14:46","guid":{"rendered":"https:\/\/richemont.swiss\/entreprise\/offres-de-formations\/weiterbildung-2\/"},"modified":"2019-06-27T06:44:24","modified_gmt":"2019-06-27T06:44:24","slug":"formation-continue","status":"publish","type":"page","link":"https:\/\/richemont.swiss\/fr\/education\/offres-de-formations\/formation-continue\/","title":{"rendered":"Avancer"},"content":{"rendered":"\n<h2 class=\"wp-block-heading\">Formation continue cibl\u00e9e<br><\/h2>\n\n\n\n<p>Dans la formation pour adulte, la formation continue sous forme de syst\u00e8me modulaire a fait ses preuves. Il est ainsi possible de valider les connaissances acquises lors d&rsquo;un apprentissage ou une activit\u00e9 professionnelle. Richemont offre des modules ad\u00e9quats pour diverses formations qui conduisent ainsi aux objectifs recherch\u00e9s.<br><br>L&rsquo;offre orient\u00e9e vers l&rsquo;exp\u00e9rience et la pratique englobe aussi bien les cours du domaine de la production que celui de la technique de vente ainsi que la technologie et les s\u00e9minaires de management. Les cours modulaires de Richemont, par exemple pour la boulangerie, la p\u00e2tisserie, la confiserie, le marketing, le commerce de d\u00e9tail et la gestion des collaborateurs, compl\u00e8tent cette offre.<br><br>Une infrastructure des plus modernes, des intervenants tr\u00e8s bien form\u00e9s et orient\u00e9s vers le pratique sont une \u00e9vidence chez Richemont. Le syst\u00e8me de modules en r\u00e9seau dans toute la branche ainsi que la gestion interne de la qualit\u00e9, RQM, garantissent un gain pratique optimal avec un rapport prix prestation parfait.<br><br>Planifiez votre formation de base et continue \u2013 nous vous soutenons volontiers avec des connaissances professionnelles actuelles.<br><\/p>\n\n\n\n<p><a href=\"https:\/\/richemont.swiss\/fr\/education\/\" target=\"_blank\" rel=\"noreferrer noopener\" aria-label=\" (\u00f6ffnet in neuem Tab)\">aper\u00e7u&nbsp;des&nbsp;cours<\/a><\/p>\n","protected":false},"excerpt":{"rendered":"<p>Formation continue cibl\u00e9e Dans la formation pour adulte, la formation continue sous forme de syst\u00e8me modulaire a fait ses preuves. Il est ainsi possible de valider les connaissances acquises lors d&rsquo;un apprentissage ou une activit\u00e9 professionnelle. Richemont offre des modules ad\u00e9quats pour diverses formations qui conduisent ainsi aux objectifs recherch\u00e9s. L&rsquo;offre orient\u00e9e vers l&rsquo;exp\u00e9rience et [&hellip;]<\/p>\n","protected":false},"author":1,"featured_media":6692,"parent":821,"menu_order":0,"comment_status":"closed","ping_status":"closed","template":"","meta":{"_acf_changed":false,"footnotes":""},"class_list":["post-829","page","type-page","status-publish","has-post-thumbnail","hentry"],"acf":[],"yoast_head":"<!-- This site is optimized with the Yoast SEO Premium plugin v26.7 (Yoast SEO v26.7) - https:\/\/yoast.com\/wordpress\/plugins\/seo\/ -->\n<title>Progresser avec une formation continue - Richemont \u00e9cole professionnelle<\/title>\n<meta name=\"description\" content=\"Planifiez votre formation continue. Nous souhaitons vous aider avec des connaissances de pointe, qui vous aideront dans votre d\u00e9veloppement professionnel.\" \/>\n<meta name=\"robots\" content=\"index, follow, max-snippet:-1, max-image-preview:large, max-video-preview:-1\" \/>\n<link rel=\"canonical\" href=\"https:\/\/richemont.swiss\/fr\/education\/offres-de-formations\/formation-continue\/\" \/>\n<meta property=\"og:locale\" content=\"fr_FR\" \/>\n<meta property=\"og:type\" content=\"article\" \/>\n<meta property=\"og:title\" content=\"Avancer\" \/>\n<meta property=\"og:description\" content=\"Planifiez votre formation continue. Nous souhaitons vous aider avec des connaissances de pointe, qui vous aideront dans votre d\u00e9veloppement professionnel.\" \/>\n<meta property=\"og:url\" content=\"https:\/\/richemont.swiss\/fr\/education\/offres-de-formations\/formation-continue\/\" \/>\n<meta property=\"og:site_name\" content=\"Richemont\" \/>\n<meta property=\"article:modified_time\" content=\"2019-06-27T06:44:24+00:00\" \/>\n<meta property=\"og:image\" content=\"https:\/\/richemont.swiss\/wp-content\/uploads\/2019\/06\/richemont_education_01.jpg\" \/>\n\t<meta property=\"og:image:width\" content=\"5616\" \/>\n\t<meta property=\"og:image:height\" content=\"3744\" \/>\n\t<meta property=\"og:image:type\" content=\"image\/jpeg\" \/>\n<meta name=\"twitter:card\" content=\"summary_large_image\" \/>\n<meta name=\"twitter:label1\" content=\"Dur\u00e9e de lecture estim\u00e9e\" \/>\n\t<meta name=\"twitter:data1\" content=\"1 minute\" \/>\n<script type=\"application\/ld+json\" class=\"yoast-schema-graph\">{\"@context\":\"https:\/\/schema.org\",\"@graph\":[{\"@type\":\"WebPage\",\"@id\":\"https:\/\/richemont.swiss\/fr\/education\/offres-de-formations\/formation-continue\/\",\"url\":\"https:\/\/richemont.swiss\/fr\/education\/offres-de-formations\/formation-continue\/\",\"name\":\"Progresser avec une formation continue - Richemont \u00e9cole professionnelle\",\"isPartOf\":{\"@id\":\"https:\/\/richemont.swiss\/fr\/#website\"},\"primaryImageOfPage\":{\"@id\":\"https:\/\/richemont.swiss\/fr\/education\/offres-de-formations\/formation-continue\/#primaryimage\"},\"image\":{\"@id\":\"https:\/\/richemont.swiss\/fr\/education\/offres-de-formations\/formation-continue\/#primaryimage\"},\"thumbnailUrl\":\"https:\/\/richemont.swiss\/wp-content\/uploads\/2019\/06\/richemont_education_01.jpg\",\"datePublished\":\"2019-02-18T11:14:46+00:00\",\"dateModified\":\"2019-06-27T06:44:24+00:00\",\"description\":\"Planifiez votre formation continue. Nous souhaitons vous aider avec des connaissances de pointe, qui vous aideront dans votre d\u00e9veloppement professionnel.\",\"breadcrumb\":{\"@id\":\"https:\/\/richemont.swiss\/fr\/education\/offres-de-formations\/formation-continue\/#breadcrumb\"},\"inLanguage\":\"fr-FR\",\"potentialAction\":[{\"@type\":\"ReadAction\",\"target\":[\"https:\/\/richemont.swiss\/fr\/education\/offres-de-formations\/formation-continue\/\"]}]},{\"@type\":\"ImageObject\",\"inLanguage\":\"fr-FR\",\"@id\":\"https:\/\/richemont.swiss\/fr\/education\/offres-de-formations\/formation-continue\/#primaryimage\",\"url\":\"https:\/\/richemont.swiss\/wp-content\/uploads\/2019\/06\/richemont_education_01.jpg\",\"contentUrl\":\"https:\/\/richemont.swiss\/wp-content\/uploads\/2019\/06\/richemont_education_01.jpg\",\"width\":5616,\"height\":3744,\"caption\":\"Progresser avec une formation continue \u2013 Richemont \u00e9cole professionnelle\"},{\"@type\":\"BreadcrumbList\",\"@id\":\"https:\/\/richemont.swiss\/fr\/education\/offres-de-formations\/formation-continue\/#breadcrumb\",\"itemListElement\":[{\"@type\":\"ListItem\",\"position\":1,\"name\":\"Home\",\"item\":\"https:\/\/richemont.swiss\/fr\/\"},{\"@type\":\"ListItem\",\"position\":2,\"name\":\"Notre passion pour l&rsquo;artisanat\",\"item\":\"https:\/\/richemont.swiss\/fr\/education\/\"},{\"@type\":\"ListItem\",\"position\":3,\"name\":\"Investissez dans votre succ\u00e8s\",\"item\":\"https:\/\/richemont.swiss\/fr\/education\/offres-de-formations\/\"},{\"@type\":\"ListItem\",\"position\":4,\"name\":\"Avancer\"}]},{\"@type\":\"WebSite\",\"@id\":\"https:\/\/richemont.swiss\/fr\/#website\",\"url\":\"https:\/\/richemont.swiss\/fr\/\",\"name\":\"Richemont\",\"description\":\"\",\"potentialAction\":[{\"@type\":\"SearchAction\",\"target\":{\"@type\":\"EntryPoint\",\"urlTemplate\":\"https:\/\/richemont.swiss\/fr\/?s={search_term_string}\"},\"query-input\":{\"@type\":\"PropertyValueSpecification\",\"valueRequired\":true,\"valueName\":\"search_term_string\"}}],\"inLanguage\":\"fr-FR\"}]}<\/script>\n<!-- \/ Yoast SEO Premium plugin. -->","yoast_head_json":{"title":"Progresser avec une formation continue - Richemont \u00e9cole professionnelle","description":"Planifiez votre formation continue. Nous souhaitons vous aider avec des connaissances de pointe, qui vous aideront dans votre d\u00e9veloppement professionnel.","robots":{"index":"index","follow":"follow","max-snippet":"max-snippet:-1","max-image-preview":"max-image-preview:large","max-video-preview":"max-video-preview:-1"},"canonical":"https:\/\/richemont.swiss\/fr\/education\/offres-de-formations\/formation-continue\/","og_locale":"fr_FR","og_type":"article","og_title":"Avancer","og_description":"Planifiez votre formation continue. Nous souhaitons vous aider avec des connaissances de pointe, qui vous aideront dans votre d\u00e9veloppement professionnel.","og_url":"https:\/\/richemont.swiss\/fr\/education\/offres-de-formations\/formation-continue\/","og_site_name":"Richemont","article_modified_time":"2019-06-27T06:44:24+00:00","og_image":[{"width":5616,"height":3744,"url":"https:\/\/richemont.swiss\/wp-content\/uploads\/2019\/06\/richemont_education_01.jpg","type":"image\/jpeg"}],"twitter_card":"summary_large_image","twitter_misc":{"Dur\u00e9e de lecture estim\u00e9e":"1 minute"},"schema":{"@context":"https:\/\/schema.org","@graph":[{"@type":"WebPage","@id":"https:\/\/richemont.swiss\/fr\/education\/offres-de-formations\/formation-continue\/","url":"https:\/\/richemont.swiss\/fr\/education\/offres-de-formations\/formation-continue\/","name":"Progresser avec une formation continue - Richemont \u00e9cole professionnelle","isPartOf":{"@id":"https:\/\/richemont.swiss\/fr\/#website"},"primaryImageOfPage":{"@id":"https:\/\/richemont.swiss\/fr\/education\/offres-de-formations\/formation-continue\/#primaryimage"},"image":{"@id":"https:\/\/richemont.swiss\/fr\/education\/offres-de-formations\/formation-continue\/#primaryimage"},"thumbnailUrl":"https:\/\/richemont.swiss\/wp-content\/uploads\/2019\/06\/richemont_education_01.jpg","datePublished":"2019-02-18T11:14:46+00:00","dateModified":"2019-06-27T06:44:24+00:00","description":"Planifiez votre formation continue. Nous souhaitons vous aider avec des connaissances de pointe, qui vous aideront dans votre d\u00e9veloppement professionnel.","breadcrumb":{"@id":"https:\/\/richemont.swiss\/fr\/education\/offres-de-formations\/formation-continue\/#breadcrumb"},"inLanguage":"fr-FR","potentialAction":[{"@type":"ReadAction","target":["https:\/\/richemont.swiss\/fr\/education\/offres-de-formations\/formation-continue\/"]}]},{"@type":"ImageObject","inLanguage":"fr-FR","@id":"https:\/\/richemont.swiss\/fr\/education\/offres-de-formations\/formation-continue\/#primaryimage","url":"https:\/\/richemont.swiss\/wp-content\/uploads\/2019\/06\/richemont_education_01.jpg","contentUrl":"https:\/\/richemont.swiss\/wp-content\/uploads\/2019\/06\/richemont_education_01.jpg","width":5616,"height":3744,"caption":"Progresser avec une formation continue \u2013 Richemont \u00e9cole professionnelle"},{"@type":"BreadcrumbList","@id":"https:\/\/richemont.swiss\/fr\/education\/offres-de-formations\/formation-continue\/#breadcrumb","itemListElement":[{"@type":"ListItem","position":1,"name":"Home","item":"https:\/\/richemont.swiss\/fr\/"},{"@type":"ListItem","position":2,"name":"Notre passion pour l&rsquo;artisanat","item":"https:\/\/richemont.swiss\/fr\/education\/"},{"@type":"ListItem","position":3,"name":"Investissez dans votre succ\u00e8s","item":"https:\/\/richemont.swiss\/fr\/education\/offres-de-formations\/"},{"@type":"ListItem","position":4,"name":"Avancer"}]},{"@type":"WebSite","@id":"https:\/\/richemont.swiss\/fr\/#website","url":"https:\/\/richemont.swiss\/fr\/","name":"Richemont","description":"","potentialAction":[{"@type":"SearchAction","target":{"@type":"EntryPoint","urlTemplate":"https:\/\/richemont.swiss\/fr\/?s={search_term_string}"},"query-input":{"@type":"PropertyValueSpecification","valueRequired":true,"valueName":"search_term_string"}}],"inLanguage":"fr-FR"}]}},"_links":{"self":[{"href":"https:\/\/richemont.swiss\/fr\/wp-json\/wp\/v2\/pages\/829","targetHints":{"allow":["GET"]}}],"collection":[{"href":"https:\/\/richemont.swiss\/fr\/wp-json\/wp\/v2\/pages"}],"about":[{"href":"https:\/\/richemont.swiss\/fr\/wp-json\/wp\/v2\/types\/page"}],"author":[{"embeddable":true,"href":"https:\/\/richemont.swiss\/fr\/wp-json\/wp\/v2\/users\/1"}],"replies":[{"embeddable":true,"href":"https:\/\/richemont.swiss\/fr\/wp-json\/wp\/v2\/comments?post=829"}],"version-history":[{"count":0,"href":"https:\/\/richemont.swiss\/fr\/wp-json\/wp\/v2\/pages\/829\/revisions"}],"up":[{"embeddable":true,"href":"https:\/\/richemont.swiss\/fr\/wp-json\/wp\/v2\/pages\/821"}],"wp:featuredmedia":[{"embeddable":true,"href":"https:\/\/richemont.swiss\/fr\/wp-json\/wp\/v2\/media\/6692"}],"wp:attachment":[{"href":"https:\/\/richemont.swiss\/fr\/wp-json\/wp\/v2\/media?parent=829"}],"curies":[{"name":"wp","href":"https:\/\/api.w.org\/{rel}","templated":true}]}}