{"id":825,"date":"2019-02-18T11:12:17","date_gmt":"2019-02-18T10:12:17","guid":{"rendered":"https:\/\/richemont.swiss\/entreprise\/offres-de-formations\/grundbildung-2\/"},"modified":"2022-09-20T12:53:28","modified_gmt":"2022-09-20T10:53:28","slug":"formation-initiale","status":"publish","type":"page","link":"https:\/\/richemont.swiss\/fr\/education\/offres-de-formations\/formation-initiale\/","title":{"rendered":"Pour le futur"},"content":{"rendered":"\n<h2 class=\"wp-block-heading\" id=\"h-richemont-comp-tent-dans-toutes-les-tapes-de-la-formation\">Richemont, comp\u00e9tent dans toutes les \u00e9tapes de la formation<br><\/h2>\n\n\n\n<p>Une fois l&rsquo;\u00e9cole obligatoire termin\u00e9e (niveau secondaire), les \u2154 des jeunes choisissent une formation professionnelle initiale. Une base solide pour de nombreuses perspectives professionnelles. Ce faisant, la formation initiale est orient\u00e9e vers le syst\u00e8me dual. Les caract\u00e9ristiques et les forces de cette formation est en \u00e9troite collaboration avec le monde du travail. Ceci se refl\u00e8te dans le lieu d&rsquo;apprentissage, l&rsquo;entreprise formatrice. Les \u00e9coles professionnelles, avec en compl\u00e9ment les cours interentreprises. L&rsquo;objectif est donc de permettre aux apprentis d&rsquo;obtenir des comp\u00e9tences professionnelles afin qu&rsquo;ils disposent ainsi d&rsquo;outils indispensables pour affronter le march\u00e9 du travail. Par cons\u00e9quent, des comp\u00e9tences pour pouvoir r\u00e9agir selon les directives dans la vie professionnelle de tous les jours.<\/p>\n\n\n\n<p>Dans le cadre du syst\u00e8me de formation suisse, en ce qui concerne la formation initiale, Richemont prend en charge le d\u00e9veloppement des cours interentreprises pour la production et la vente et ceci pour l&rsquo;entier de la branche boulangerie-p\u00e2tisserie-confiserie.<\/p>\n\n\n\n<h3 class=\"wp-block-heading\" id=\"h-autres-informations\">Autres informations<br><\/h3>\n\n\n\n<p>Les informations compl\u00e8tes concernant les professions de la production et du commerce de d\u00e9tail de la branche boulangerie-p\u00e2tisserie-confiserie, se trouvent sur le site de formation \u00ab&nbsp;Forme ton avenir&nbsp;\u00bb.<br><\/p>\n\n\n\n<p><a href=\"https:\/\/forme-ton-avenir.ch\/fr\/\" target=\"_blank\" rel=\"noreferrer noopener\">en savoir plus<\/a><\/p>\n","protected":false},"excerpt":{"rendered":"<p>Richemont, comp\u00e9tent dans toutes les \u00e9tapes de la formation Une fois l&rsquo;\u00e9cole obligatoire termin\u00e9e (niveau secondaire), les \u2154 des jeunes choisissent une formation professionnelle initiale. Une base solide pour de nombreuses perspectives professionnelles. Ce faisant, la formation initiale est orient\u00e9e vers le syst\u00e8me dual. Les caract\u00e9ristiques et les forces de cette formation est en \u00e9troite [&hellip;]<\/p>\n","protected":false},"author":1,"featured_media":6696,"parent":821,"menu_order":0,"comment_status":"closed","ping_status":"closed","template":"","meta":{"_acf_changed":false,"footnotes":""},"class_list":["post-825","page","type-page","status-publish","has-post-thumbnail","hentry"],"acf":[],"yoast_head":"<!-- This site is optimized with the Yoast SEO Premium plugin v26.7 (Yoast SEO v26.7) - https:\/\/yoast.com\/wordpress\/plugins\/seo\/ -->\n<title>Formation professionnelle initiale - Richemont \u00e9cole professionnelle<\/title>\n<meta name=\"description\" content=\"Formation professionnelle initiale: Apprenez \u00e0 conna\u00eetre un artisanat traditionnel et cr\u00e9ez un fondement id\u00e9al pour votre avenir professionnel et personnel.\" \/>\n<meta name=\"robots\" content=\"index, follow, max-snippet:-1, max-image-preview:large, max-video-preview:-1\" \/>\n<link rel=\"canonical\" href=\"https:\/\/richemont.swiss\/fr\/education\/offres-de-formations\/formation-initiale\/\" \/>\n<meta property=\"og:locale\" content=\"fr_FR\" \/>\n<meta property=\"og:type\" content=\"article\" \/>\n<meta property=\"og:title\" content=\"Pour le futur\" \/>\n<meta property=\"og:description\" content=\"Formation professionnelle initiale: Apprenez \u00e0 conna\u00eetre un artisanat traditionnel et cr\u00e9ez un fondement id\u00e9al pour votre avenir professionnel et personnel.\" \/>\n<meta property=\"og:url\" content=\"https:\/\/richemont.swiss\/fr\/education\/offres-de-formations\/formation-initiale\/\" \/>\n<meta property=\"og:site_name\" content=\"Richemont\" \/>\n<meta property=\"article:modified_time\" content=\"2022-09-20T10:53:28+00:00\" \/>\n<meta property=\"og:image\" content=\"https:\/\/richemont.swiss\/wp-content\/uploads\/2019\/06\/richemont_education_04.jpg\" \/>\n\t<meta property=\"og:image:width\" content=\"5616\" \/>\n\t<meta property=\"og:image:height\" content=\"3744\" \/>\n\t<meta property=\"og:image:type\" content=\"image\/jpeg\" \/>\n<meta name=\"twitter:card\" content=\"summary_large_image\" \/>\n<meta name=\"twitter:label1\" content=\"Dur\u00e9e de lecture estim\u00e9e\" \/>\n\t<meta name=\"twitter:data1\" content=\"1 minute\" \/>\n<script type=\"application\/ld+json\" class=\"yoast-schema-graph\">{\"@context\":\"https:\/\/schema.org\",\"@graph\":[{\"@type\":\"WebPage\",\"@id\":\"https:\/\/richemont.swiss\/fr\/education\/offres-de-formations\/formation-initiale\/\",\"url\":\"https:\/\/richemont.swiss\/fr\/education\/offres-de-formations\/formation-initiale\/\",\"name\":\"Formation professionnelle initiale - Richemont \u00e9cole professionnelle\",\"isPartOf\":{\"@id\":\"https:\/\/richemont.swiss\/fr\/#website\"},\"primaryImageOfPage\":{\"@id\":\"https:\/\/richemont.swiss\/fr\/education\/offres-de-formations\/formation-initiale\/#primaryimage\"},\"image\":{\"@id\":\"https:\/\/richemont.swiss\/fr\/education\/offres-de-formations\/formation-initiale\/#primaryimage\"},\"thumbnailUrl\":\"https:\/\/richemont.swiss\/wp-content\/uploads\/2019\/06\/richemont_education_04.jpg\",\"datePublished\":\"2019-02-18T10:12:17+00:00\",\"dateModified\":\"2022-09-20T10:53:28+00:00\",\"description\":\"Formation professionnelle initiale: Apprenez \u00e0 conna\u00eetre un artisanat traditionnel et cr\u00e9ez un fondement id\u00e9al pour votre avenir professionnel et personnel.\",\"breadcrumb\":{\"@id\":\"https:\/\/richemont.swiss\/fr\/education\/offres-de-formations\/formation-initiale\/#breadcrumb\"},\"inLanguage\":\"fr-FR\",\"potentialAction\":[{\"@type\":\"ReadAction\",\"target\":[\"https:\/\/richemont.swiss\/fr\/education\/offres-de-formations\/formation-initiale\/\"]}]},{\"@type\":\"ImageObject\",\"inLanguage\":\"fr-FR\",\"@id\":\"https:\/\/richemont.swiss\/fr\/education\/offres-de-formations\/formation-initiale\/#primaryimage\",\"url\":\"https:\/\/richemont.swiss\/wp-content\/uploads\/2019\/06\/richemont_education_04.jpg\",\"contentUrl\":\"https:\/\/richemont.swiss\/wp-content\/uploads\/2019\/06\/richemont_education_04.jpg\",\"width\":5616,\"height\":3744,\"caption\":\"Formation professionnelle initiale - Richemont \u00e9cole professionnelle\"},{\"@type\":\"BreadcrumbList\",\"@id\":\"https:\/\/richemont.swiss\/fr\/education\/offres-de-formations\/formation-initiale\/#breadcrumb\",\"itemListElement\":[{\"@type\":\"ListItem\",\"position\":1,\"name\":\"Home\",\"item\":\"https:\/\/richemont.swiss\/fr\/\"},{\"@type\":\"ListItem\",\"position\":2,\"name\":\"Notre passion pour l&rsquo;artisanat\",\"item\":\"https:\/\/richemont.swiss\/fr\/education\/\"},{\"@type\":\"ListItem\",\"position\":3,\"name\":\"Investissez dans votre succ\u00e8s\",\"item\":\"https:\/\/richemont.swiss\/fr\/education\/offres-de-formations\/\"},{\"@type\":\"ListItem\",\"position\":4,\"name\":\"Pour le futur\"}]},{\"@type\":\"WebSite\",\"@id\":\"https:\/\/richemont.swiss\/fr\/#website\",\"url\":\"https:\/\/richemont.swiss\/fr\/\",\"name\":\"Richemont\",\"description\":\"\",\"potentialAction\":[{\"@type\":\"SearchAction\",\"target\":{\"@type\":\"EntryPoint\",\"urlTemplate\":\"https:\/\/richemont.swiss\/fr\/?s={search_term_string}\"},\"query-input\":{\"@type\":\"PropertyValueSpecification\",\"valueRequired\":true,\"valueName\":\"search_term_string\"}}],\"inLanguage\":\"fr-FR\"}]}<\/script>\n<!-- \/ Yoast SEO Premium plugin. -->","yoast_head_json":{"title":"Formation professionnelle initiale - Richemont \u00e9cole professionnelle","description":"Formation professionnelle initiale: Apprenez \u00e0 conna\u00eetre un artisanat traditionnel et cr\u00e9ez un fondement id\u00e9al pour votre avenir professionnel et personnel.","robots":{"index":"index","follow":"follow","max-snippet":"max-snippet:-1","max-image-preview":"max-image-preview:large","max-video-preview":"max-video-preview:-1"},"canonical":"https:\/\/richemont.swiss\/fr\/education\/offres-de-formations\/formation-initiale\/","og_locale":"fr_FR","og_type":"article","og_title":"Pour le futur","og_description":"Formation professionnelle initiale: Apprenez \u00e0 conna\u00eetre un artisanat traditionnel et cr\u00e9ez un fondement id\u00e9al pour votre avenir professionnel et personnel.","og_url":"https:\/\/richemont.swiss\/fr\/education\/offres-de-formations\/formation-initiale\/","og_site_name":"Richemont","article_modified_time":"2022-09-20T10:53:28+00:00","og_image":[{"width":5616,"height":3744,"url":"https:\/\/richemont.swiss\/wp-content\/uploads\/2019\/06\/richemont_education_04.jpg","type":"image\/jpeg"}],"twitter_card":"summary_large_image","twitter_misc":{"Dur\u00e9e de lecture estim\u00e9e":"1 minute"},"schema":{"@context":"https:\/\/schema.org","@graph":[{"@type":"WebPage","@id":"https:\/\/richemont.swiss\/fr\/education\/offres-de-formations\/formation-initiale\/","url":"https:\/\/richemont.swiss\/fr\/education\/offres-de-formations\/formation-initiale\/","name":"Formation professionnelle initiale - Richemont \u00e9cole professionnelle","isPartOf":{"@id":"https:\/\/richemont.swiss\/fr\/#website"},"primaryImageOfPage":{"@id":"https:\/\/richemont.swiss\/fr\/education\/offres-de-formations\/formation-initiale\/#primaryimage"},"image":{"@id":"https:\/\/richemont.swiss\/fr\/education\/offres-de-formations\/formation-initiale\/#primaryimage"},"thumbnailUrl":"https:\/\/richemont.swiss\/wp-content\/uploads\/2019\/06\/richemont_education_04.jpg","datePublished":"2019-02-18T10:12:17+00:00","dateModified":"2022-09-20T10:53:28+00:00","description":"Formation professionnelle initiale: Apprenez \u00e0 conna\u00eetre un artisanat traditionnel et cr\u00e9ez un fondement id\u00e9al pour votre avenir professionnel et personnel.","breadcrumb":{"@id":"https:\/\/richemont.swiss\/fr\/education\/offres-de-formations\/formation-initiale\/#breadcrumb"},"inLanguage":"fr-FR","potentialAction":[{"@type":"ReadAction","target":["https:\/\/richemont.swiss\/fr\/education\/offres-de-formations\/formation-initiale\/"]}]},{"@type":"ImageObject","inLanguage":"fr-FR","@id":"https:\/\/richemont.swiss\/fr\/education\/offres-de-formations\/formation-initiale\/#primaryimage","url":"https:\/\/richemont.swiss\/wp-content\/uploads\/2019\/06\/richemont_education_04.jpg","contentUrl":"https:\/\/richemont.swiss\/wp-content\/uploads\/2019\/06\/richemont_education_04.jpg","width":5616,"height":3744,"caption":"Formation professionnelle initiale - Richemont \u00e9cole professionnelle"},{"@type":"BreadcrumbList","@id":"https:\/\/richemont.swiss\/fr\/education\/offres-de-formations\/formation-initiale\/#breadcrumb","itemListElement":[{"@type":"ListItem","position":1,"name":"Home","item":"https:\/\/richemont.swiss\/fr\/"},{"@type":"ListItem","position":2,"name":"Notre passion pour l&rsquo;artisanat","item":"https:\/\/richemont.swiss\/fr\/education\/"},{"@type":"ListItem","position":3,"name":"Investissez dans votre succ\u00e8s","item":"https:\/\/richemont.swiss\/fr\/education\/offres-de-formations\/"},{"@type":"ListItem","position":4,"name":"Pour le futur"}]},{"@type":"WebSite","@id":"https:\/\/richemont.swiss\/fr\/#website","url":"https:\/\/richemont.swiss\/fr\/","name":"Richemont","description":"","potentialAction":[{"@type":"SearchAction","target":{"@type":"EntryPoint","urlTemplate":"https:\/\/richemont.swiss\/fr\/?s={search_term_string}"},"query-input":{"@type":"PropertyValueSpecification","valueRequired":true,"valueName":"search_term_string"}}],"inLanguage":"fr-FR"}]}},"_links":{"self":[{"href":"https:\/\/richemont.swiss\/fr\/wp-json\/wp\/v2\/pages\/825","targetHints":{"allow":["GET"]}}],"collection":[{"href":"https:\/\/richemont.swiss\/fr\/wp-json\/wp\/v2\/pages"}],"about":[{"href":"https:\/\/richemont.swiss\/fr\/wp-json\/wp\/v2\/types\/page"}],"author":[{"embeddable":true,"href":"https:\/\/richemont.swiss\/fr\/wp-json\/wp\/v2\/users\/1"}],"replies":[{"embeddable":true,"href":"https:\/\/richemont.swiss\/fr\/wp-json\/wp\/v2\/comments?post=825"}],"version-history":[{"count":0,"href":"https:\/\/richemont.swiss\/fr\/wp-json\/wp\/v2\/pages\/825\/revisions"}],"up":[{"embeddable":true,"href":"https:\/\/richemont.swiss\/fr\/wp-json\/wp\/v2\/pages\/821"}],"wp:featuredmedia":[{"embeddable":true,"href":"https:\/\/richemont.swiss\/fr\/wp-json\/wp\/v2\/media\/6696"}],"wp:attachment":[{"href":"https:\/\/richemont.swiss\/fr\/wp-json\/wp\/v2\/media?parent=825"}],"curies":[{"name":"wp","href":"https:\/\/api.w.org\/{rel}","templated":true}]}}