{"id":821,"date":"2019-02-17T16:35:14","date_gmt":"2019-02-17T15:35:14","guid":{"rendered":"https:\/\/richemont.swiss\/entreprise\/bildungsangebot\/"},"modified":"2024-12-13T18:36:14","modified_gmt":"2024-12-13T17:36:14","slug":"offres-de-formations","status":"publish","type":"page","link":"https:\/\/richemont.swiss\/fr\/education\/offres-de-formations\/","title":{"rendered":"Investissez dans votre succ\u00e8s"},"content":{"rendered":"\n<h2 class=\"wp-block-heading\" id=\"h-offres-de-cours-de-base-et-formations-continues\">Offres de cours de base et formations continues<br><\/h2>\n\n\n\n<p>Dans le monde professionnel d&rsquo;aujourd&rsquo;hui, il est indispensable d&rsquo;\u00e9largir constamment ses connaissances et ses capacit\u00e9s. La personne qui se forme de mani\u00e8re continue dispose de meilleures chances dans la vie professionnelle, que ce soit pour sa place de travail actuelle ou lors d&rsquo;une \u00e9ventuelle candidature aupr\u00e8s d&rsquo;un nouvel employeur. Une entreprise ne peut avoir du succ\u00e8s que l\u00e0 o\u00f9 se r\u00e9unissent les connaissances les plus actuelles et le meilleur savoir.<\/p>\n\n\n\n<p>Depuis 80 ans, l&rsquo;Ecole professionnelle Richemont offre des cours de formation continue et des cours de base pour la branche de la boulangerie-p\u00e2tisserie-confiserie. Ce sont plus de 200&rsquo;000 futurs professionnels ou personnes form\u00e9es qui ont pu profiter d&rsquo;une formation de base ou continue. Richemont offre une formation proche de la pratique, ax\u00e9e sur les objectifs et le r\u00e9sultat afin que la formation continue devienne un investissement strat\u00e9gique pour votre entreprise et que vous puissiez affronter les d\u00e9fis du march\u00e9 avec succ\u00e8s.<\/p>\n\n\n\n<p><a href=\"https:\/\/richemont.swiss\/fr\/education\/\">Vue d&rsquo;ensemble<\/a><\/p>\n\n\n\n<p><a href=\"https:\/\/richemont.swiss\/fr\/subventions\/\">Vue d&rsquo;ensemble des subventions<\/a><\/p>\n","protected":false},"excerpt":{"rendered":"<p>Offres de cours de base et formations continues Dans le monde professionnel d&rsquo;aujourd&rsquo;hui, il est indispensable d&rsquo;\u00e9largir constamment ses connaissances et ses capacit\u00e9s. La personne qui se forme de mani\u00e8re continue dispose de meilleures chances dans la vie professionnelle, que ce soit pour sa place de travail actuelle ou lors d&rsquo;une \u00e9ventuelle candidature aupr\u00e8s d&rsquo;un [&hellip;]<\/p>\n","protected":false},"author":1,"featured_media":6665,"parent":793,"menu_order":0,"comment_status":"closed","ping_status":"closed","template":"","meta":{"_acf_changed":false,"footnotes":""},"class_list":["post-821","page","type-page","status-publish","has-post-thumbnail","hentry"],"acf":[],"yoast_head":"<!-- This site is optimized with the Yoast SEO Premium plugin v26.7 (Yoast SEO v26.7) - https:\/\/yoast.com\/wordpress\/plugins\/seo\/ -->\n<title>Offre de formation - pour r\u00e9ussir - Richemont \u00e9cole professionnelle<\/title>\n<meta name=\"description\" content=\"Notre offre de formation: pratique, ax\u00e9e sur les objectifs et sur les r\u00e9sultats, vous permettant de relever avec succ\u00e8s les d\u00e9fis du march\u00e9.\" \/>\n<meta name=\"robots\" content=\"index, follow, max-snippet:-1, max-image-preview:large, max-video-preview:-1\" \/>\n<link rel=\"canonical\" href=\"https:\/\/richemont.swiss\/fr\/education\/offres-de-formations\/\" \/>\n<meta property=\"og:locale\" content=\"fr_FR\" \/>\n<meta property=\"og:type\" content=\"article\" \/>\n<meta property=\"og:title\" content=\"Investissez dans votre succ\u00e8s\" \/>\n<meta property=\"og:description\" content=\"Notre offre de formation: pratique, ax\u00e9e sur les objectifs et sur les r\u00e9sultats, vous permettant de relever avec succ\u00e8s les d\u00e9fis du march\u00e9.\" \/>\n<meta property=\"og:url\" content=\"https:\/\/richemont.swiss\/fr\/education\/offres-de-formations\/\" \/>\n<meta property=\"og:site_name\" content=\"Richemont\" \/>\n<meta property=\"article:modified_time\" content=\"2024-12-13T17:36:14+00:00\" \/>\n<meta property=\"og:image\" content=\"https:\/\/richemont.swiss\/wp-content\/uploads\/2019\/06\/richemont_education_02.jpg\" \/>\n\t<meta property=\"og:image:width\" content=\"5616\" \/>\n\t<meta property=\"og:image:height\" content=\"3744\" \/>\n\t<meta property=\"og:image:type\" content=\"image\/jpeg\" \/>\n<meta name=\"twitter:card\" content=\"summary_large_image\" \/>\n<meta name=\"twitter:label1\" content=\"Dur\u00e9e de lecture estim\u00e9e\" \/>\n\t<meta name=\"twitter:data1\" content=\"2 minutes\" \/>\n<script type=\"application\/ld+json\" class=\"yoast-schema-graph\">{\"@context\":\"https:\/\/schema.org\",\"@graph\":[{\"@type\":\"WebPage\",\"@id\":\"https:\/\/richemont.swiss\/fr\/education\/offres-de-formations\/\",\"url\":\"https:\/\/richemont.swiss\/fr\/education\/offres-de-formations\/\",\"name\":\"Offre de formation - pour r\u00e9ussir - Richemont \u00e9cole professionnelle\",\"isPartOf\":{\"@id\":\"https:\/\/richemont.swiss\/fr\/#website\"},\"primaryImageOfPage\":{\"@id\":\"https:\/\/richemont.swiss\/fr\/education\/offres-de-formations\/#primaryimage\"},\"image\":{\"@id\":\"https:\/\/richemont.swiss\/fr\/education\/offres-de-formations\/#primaryimage\"},\"thumbnailUrl\":\"https:\/\/richemont.swiss\/wp-content\/uploads\/2019\/06\/richemont_education_02.jpg\",\"datePublished\":\"2019-02-17T15:35:14+00:00\",\"dateModified\":\"2024-12-13T17:36:14+00:00\",\"description\":\"Notre offre de formation: pratique, ax\u00e9e sur les objectifs et sur les r\u00e9sultats, vous permettant de relever avec succ\u00e8s les d\u00e9fis du march\u00e9.\",\"breadcrumb\":{\"@id\":\"https:\/\/richemont.swiss\/fr\/education\/offres-de-formations\/#breadcrumb\"},\"inLanguage\":\"fr-FR\",\"potentialAction\":[{\"@type\":\"ReadAction\",\"target\":[\"https:\/\/richemont.swiss\/fr\/education\/offres-de-formations\/\"]}]},{\"@type\":\"ImageObject\",\"inLanguage\":\"fr-FR\",\"@id\":\"https:\/\/richemont.swiss\/fr\/education\/offres-de-formations\/#primaryimage\",\"url\":\"https:\/\/richemont.swiss\/wp-content\/uploads\/2019\/06\/richemont_education_02.jpg\",\"contentUrl\":\"https:\/\/richemont.swiss\/wp-content\/uploads\/2019\/06\/richemont_education_02.jpg\",\"width\":5616,\"height\":3744,\"caption\":\"Offre de formation - pour r\u00e9ussir - Richemont \u00e9cole professionnelle\"},{\"@type\":\"BreadcrumbList\",\"@id\":\"https:\/\/richemont.swiss\/fr\/education\/offres-de-formations\/#breadcrumb\",\"itemListElement\":[{\"@type\":\"ListItem\",\"position\":1,\"name\":\"Home\",\"item\":\"https:\/\/richemont.swiss\/fr\/\"},{\"@type\":\"ListItem\",\"position\":2,\"name\":\"Notre passion pour l&rsquo;artisanat\",\"item\":\"https:\/\/richemont.swiss\/fr\/education\/\"},{\"@type\":\"ListItem\",\"position\":3,\"name\":\"Investissez dans votre succ\u00e8s\"}]},{\"@type\":\"WebSite\",\"@id\":\"https:\/\/richemont.swiss\/fr\/#website\",\"url\":\"https:\/\/richemont.swiss\/fr\/\",\"name\":\"Richemont\",\"description\":\"\",\"potentialAction\":[{\"@type\":\"SearchAction\",\"target\":{\"@type\":\"EntryPoint\",\"urlTemplate\":\"https:\/\/richemont.swiss\/fr\/?s={search_term_string}\"},\"query-input\":{\"@type\":\"PropertyValueSpecification\",\"valueRequired\":true,\"valueName\":\"search_term_string\"}}],\"inLanguage\":\"fr-FR\"}]}<\/script>\n<!-- \/ Yoast SEO Premium plugin. -->","yoast_head_json":{"title":"Offre de formation - pour r\u00e9ussir - Richemont \u00e9cole professionnelle","description":"Notre offre de formation: pratique, ax\u00e9e sur les objectifs et sur les r\u00e9sultats, vous permettant de relever avec succ\u00e8s les d\u00e9fis du march\u00e9.","robots":{"index":"index","follow":"follow","max-snippet":"max-snippet:-1","max-image-preview":"max-image-preview:large","max-video-preview":"max-video-preview:-1"},"canonical":"https:\/\/richemont.swiss\/fr\/education\/offres-de-formations\/","og_locale":"fr_FR","og_type":"article","og_title":"Investissez dans votre succ\u00e8s","og_description":"Notre offre de formation: pratique, ax\u00e9e sur les objectifs et sur les r\u00e9sultats, vous permettant de relever avec succ\u00e8s les d\u00e9fis du march\u00e9.","og_url":"https:\/\/richemont.swiss\/fr\/education\/offres-de-formations\/","og_site_name":"Richemont","article_modified_time":"2024-12-13T17:36:14+00:00","og_image":[{"width":5616,"height":3744,"url":"https:\/\/richemont.swiss\/wp-content\/uploads\/2019\/06\/richemont_education_02.jpg","type":"image\/jpeg"}],"twitter_card":"summary_large_image","twitter_misc":{"Dur\u00e9e de lecture estim\u00e9e":"2 minutes"},"schema":{"@context":"https:\/\/schema.org","@graph":[{"@type":"WebPage","@id":"https:\/\/richemont.swiss\/fr\/education\/offres-de-formations\/","url":"https:\/\/richemont.swiss\/fr\/education\/offres-de-formations\/","name":"Offre de formation - pour r\u00e9ussir - Richemont \u00e9cole professionnelle","isPartOf":{"@id":"https:\/\/richemont.swiss\/fr\/#website"},"primaryImageOfPage":{"@id":"https:\/\/richemont.swiss\/fr\/education\/offres-de-formations\/#primaryimage"},"image":{"@id":"https:\/\/richemont.swiss\/fr\/education\/offres-de-formations\/#primaryimage"},"thumbnailUrl":"https:\/\/richemont.swiss\/wp-content\/uploads\/2019\/06\/richemont_education_02.jpg","datePublished":"2019-02-17T15:35:14+00:00","dateModified":"2024-12-13T17:36:14+00:00","description":"Notre offre de formation: pratique, ax\u00e9e sur les objectifs et sur les r\u00e9sultats, vous permettant de relever avec succ\u00e8s les d\u00e9fis du march\u00e9.","breadcrumb":{"@id":"https:\/\/richemont.swiss\/fr\/education\/offres-de-formations\/#breadcrumb"},"inLanguage":"fr-FR","potentialAction":[{"@type":"ReadAction","target":["https:\/\/richemont.swiss\/fr\/education\/offres-de-formations\/"]}]},{"@type":"ImageObject","inLanguage":"fr-FR","@id":"https:\/\/richemont.swiss\/fr\/education\/offres-de-formations\/#primaryimage","url":"https:\/\/richemont.swiss\/wp-content\/uploads\/2019\/06\/richemont_education_02.jpg","contentUrl":"https:\/\/richemont.swiss\/wp-content\/uploads\/2019\/06\/richemont_education_02.jpg","width":5616,"height":3744,"caption":"Offre de formation - pour r\u00e9ussir - Richemont \u00e9cole professionnelle"},{"@type":"BreadcrumbList","@id":"https:\/\/richemont.swiss\/fr\/education\/offres-de-formations\/#breadcrumb","itemListElement":[{"@type":"ListItem","position":1,"name":"Home","item":"https:\/\/richemont.swiss\/fr\/"},{"@type":"ListItem","position":2,"name":"Notre passion pour l&rsquo;artisanat","item":"https:\/\/richemont.swiss\/fr\/education\/"},{"@type":"ListItem","position":3,"name":"Investissez dans votre succ\u00e8s"}]},{"@type":"WebSite","@id":"https:\/\/richemont.swiss\/fr\/#website","url":"https:\/\/richemont.swiss\/fr\/","name":"Richemont","description":"","potentialAction":[{"@type":"SearchAction","target":{"@type":"EntryPoint","urlTemplate":"https:\/\/richemont.swiss\/fr\/?s={search_term_string}"},"query-input":{"@type":"PropertyValueSpecification","valueRequired":true,"valueName":"search_term_string"}}],"inLanguage":"fr-FR"}]}},"_links":{"self":[{"href":"https:\/\/richemont.swiss\/fr\/wp-json\/wp\/v2\/pages\/821","targetHints":{"allow":["GET"]}}],"collection":[{"href":"https:\/\/richemont.swiss\/fr\/wp-json\/wp\/v2\/pages"}],"about":[{"href":"https:\/\/richemont.swiss\/fr\/wp-json\/wp\/v2\/types\/page"}],"author":[{"embeddable":true,"href":"https:\/\/richemont.swiss\/fr\/wp-json\/wp\/v2\/users\/1"}],"replies":[{"embeddable":true,"href":"https:\/\/richemont.swiss\/fr\/wp-json\/wp\/v2\/comments?post=821"}],"version-history":[{"count":0,"href":"https:\/\/richemont.swiss\/fr\/wp-json\/wp\/v2\/pages\/821\/revisions"}],"up":[{"embeddable":true,"href":"https:\/\/richemont.swiss\/fr\/wp-json\/wp\/v2\/pages\/793"}],"wp:featuredmedia":[{"embeddable":true,"href":"https:\/\/richemont.swiss\/fr\/wp-json\/wp\/v2\/media\/6665"}],"wp:attachment":[{"href":"https:\/\/richemont.swiss\/fr\/wp-json\/wp\/v2\/media?parent=821"}],"curies":[{"name":"wp","href":"https:\/\/api.w.org\/{rel}","templated":true}]}}