{"id":816,"date":"2019-02-18T11:10:50","date_gmt":"2019-02-18T10:10:50","guid":{"rendered":"https:\/\/richemont.swiss\/entreprise\/ecole-professionnelle\/qualitaetsgrundsaetze-2\/"},"modified":"2025-05-09T11:29:08","modified_gmt":"2025-05-09T09:29:08","slug":"nos-promesses","status":"publish","type":"page","link":"https:\/\/richemont.swiss\/fr\/entreprise\/nos-promesses\/","title":{"rendered":"Nos promesses"},"content":{"rendered":"\n<p>Nous avons d\u00e9fini des principes de qualit\u00e9 clairs pour tous les domaines de <a href=\"https:\/\/richemont.swiss\/fr\/education\/\">formation<\/a> et de <a href=\"https:\/\/richemont.swiss\/fr\/prestations\/\">prestation<\/a>. C&rsquo;est ainsi que nous pouvons garantir une contrepartie optimale aux utilisateurs de nos prestations et aux participants aux cours en ce qui concerne leur investissement en temps et en argent.<br><\/p>\n\n\n\n<h3 class=\"wp-block-heading\" id=\"h-garantie-de-qualite\">Garantie de qualit\u00e9<br><\/h3>\n\n\n\n<p>Les participants aux cours doivent pouvoir compter sur une formation de base ou une formation continue clairement structur\u00e9e, qualitativement \u00e9lev\u00e9e et parfaitement d\u00e9finie. La gestion interne de la qualit\u00e9, <a href=\"https:\/\/richemont.swiss\/wp-content\/uploads\/2025\/05\/129774_fr_h42074.pdf\">certifi\u00e9e eduQua,<\/a> est constamment optimis\u00e9e et adapt\u00e9e aux derniers d\u00e9veloppements.<br><\/p>\n\n\n\n<h3 class=\"wp-block-heading\" id=\"h-exigence-de-qualite\">Exigence de qualit\u00e9<br><\/h3>\n\n\n\n<p>Nos objectifs sont en grande partie orient\u00e9s vers un profit concret. L&rsquo;ensemble de l&rsquo;offre de formation et de prestations se base sur les besoins du march\u00e9. Les technologies les plus modernes sont prises en consid\u00e9ration. Les objectifs et les contenus p\u00e9dagogiques sont clairement d\u00e9finis.<br><\/p>\n\n\n\n<h3 class=\"wp-block-heading\" id=\"h-rapport-avec-la-pratique\">Rapport avec la pratique<br><\/h3>\n\n\n\n<p>Les collaboratrices et collaborateurs de Richemont ainsi que les charg\u00e9(e)s de cours sont bien ancr\u00e9s dans la pratique. Ce ne sont pas que des connaissances qui sont enseign\u00e9es, mais \u00e9galement les capacit\u00e9s de transf\u00e9rer ce savoir avec succ\u00e8s dans la pratique. Une formation professionnelle et didactique continue permet \u00e0 nos charg\u00e9(e)s de cours d&rsquo;\u00eatre toujours \u00e0 un niveau de connaissance \u00e9lev\u00e9. De ce fait, il est progressivement tenu compte des exigences sp\u00e9cifiques de notre branche.<br><\/p>\n\n\n\n<h3 class=\"wp-block-heading\" id=\"h-permeabilite\">Perm\u00e9abilit\u00e9<\/h3>\n\n\n\n<p>Le programme de formation initiale et celui de la formation continue est \u00e9labor\u00e9 de mani\u00e8re modulaire et se base sur les m\u00eames crit\u00e8res \u00e9valuateurs. C&rsquo;est pourquoi une perm\u00e9abilit\u00e9 \u00e9lev\u00e9e permet d&rsquo;\u00eatre garantie d\u00e8s la formation initiale et ceci jusqu&rsquo;aux examens sup\u00e9rieurs&nbsp;! Une garantie d&rsquo;efficacit\u00e9 avec un profit important.<br><\/p>\n","protected":false},"excerpt":{"rendered":"<p>Nous avons d\u00e9fini des principes de qualit\u00e9 clairs pour tous les domaines de formation et de prestation. C&rsquo;est ainsi que nous pouvons garantir une contrepartie optimale aux utilisateurs de nos prestations et aux participants aux cours en ce qui concerne leur investissement en temps et en argent. Garantie de qualit\u00e9 Les participants aux cours doivent [&hellip;]<\/p>\n","protected":false},"author":1,"featured_media":40742,"parent":773,"menu_order":600,"comment_status":"closed","ping_status":"closed","template":"","meta":{"_acf_changed":false,"footnotes":""},"class_list":["post-816","page","type-page","status-publish","has-post-thumbnail","hentry"],"acf":[],"yoast_head":"<!-- This site is optimized with the Yoast SEO Premium plugin v26.7 (Yoast SEO v26.7) - https:\/\/yoast.com\/wordpress\/plugins\/seo\/ -->\n<title>Principes de qualit\u00e9 - Nos promesses - Richemont \u00e9cole professionnelle<\/title>\n<meta name=\"description\" content=\"Nous avons d\u00e9fini des principes de qualit\u00e9 clairs pour tous les domaines et services de formation. Nous garantissons ainsi un service de retour optimal.\" \/>\n<meta name=\"robots\" content=\"index, follow, max-snippet:-1, max-image-preview:large, max-video-preview:-1\" \/>\n<link rel=\"canonical\" href=\"https:\/\/richemont.swiss\/fr\/entreprise\/nos-promesses\/\" \/>\n<meta property=\"og:locale\" content=\"fr_FR\" \/>\n<meta property=\"og:type\" content=\"article\" \/>\n<meta property=\"og:title\" content=\"Nos promesses\" \/>\n<meta property=\"og:description\" content=\"Nous avons d\u00e9fini des principes de qualit\u00e9 clairs pour tous les domaines et services de formation. Nous garantissons ainsi un service de retour optimal.\" \/>\n<meta property=\"og:url\" content=\"https:\/\/richemont.swiss\/fr\/entreprise\/nos-promesses\/\" \/>\n<meta property=\"og:site_name\" content=\"Richemont\" \/>\n<meta property=\"article:modified_time\" content=\"2025-05-09T09:29:08+00:00\" \/>\n<meta property=\"og:image\" content=\"https:\/\/richemont.swiss\/wp-content\/uploads\/2022\/10\/richemont_unternehmen_fachschule_52-scaled.jpg\" \/>\n\t<meta property=\"og:image:width\" content=\"2560\" \/>\n\t<meta property=\"og:image:height\" content=\"1072\" \/>\n\t<meta property=\"og:image:type\" content=\"image\/jpeg\" \/>\n<meta name=\"twitter:card\" content=\"summary_large_image\" \/>\n<meta name=\"twitter:label1\" content=\"Dur\u00e9e de lecture estim\u00e9e\" \/>\n\t<meta name=\"twitter:data1\" content=\"2 minutes\" \/>\n<script type=\"application\/ld+json\" class=\"yoast-schema-graph\">{\"@context\":\"https:\/\/schema.org\",\"@graph\":[{\"@type\":\"WebPage\",\"@id\":\"https:\/\/richemont.swiss\/fr\/entreprise\/nos-promesses\/\",\"url\":\"https:\/\/richemont.swiss\/fr\/entreprise\/nos-promesses\/\",\"name\":\"Principes de qualit\u00e9 - Nos promesses - Richemont \u00e9cole professionnelle\",\"isPartOf\":{\"@id\":\"https:\/\/richemont.swiss\/fr\/#website\"},\"primaryImageOfPage\":{\"@id\":\"https:\/\/richemont.swiss\/fr\/entreprise\/nos-promesses\/#primaryimage\"},\"image\":{\"@id\":\"https:\/\/richemont.swiss\/fr\/entreprise\/nos-promesses\/#primaryimage\"},\"thumbnailUrl\":\"https:\/\/richemont.swiss\/wp-content\/uploads\/2022\/10\/richemont_unternehmen_fachschule_52-scaled.jpg\",\"datePublished\":\"2019-02-18T10:10:50+00:00\",\"dateModified\":\"2025-05-09T09:29:08+00:00\",\"description\":\"Nous avons d\u00e9fini des principes de qualit\u00e9 clairs pour tous les domaines et services de formation. Nous garantissons ainsi un service de retour optimal.\",\"breadcrumb\":{\"@id\":\"https:\/\/richemont.swiss\/fr\/entreprise\/nos-promesses\/#breadcrumb\"},\"inLanguage\":\"fr-FR\",\"potentialAction\":[{\"@type\":\"ReadAction\",\"target\":[\"https:\/\/richemont.swiss\/fr\/entreprise\/nos-promesses\/\"]}]},{\"@type\":\"ImageObject\",\"inLanguage\":\"fr-FR\",\"@id\":\"https:\/\/richemont.swiss\/fr\/entreprise\/nos-promesses\/#primaryimage\",\"url\":\"https:\/\/richemont.swiss\/wp-content\/uploads\/2022\/10\/richemont_unternehmen_fachschule_52-scaled.jpg\",\"contentUrl\":\"https:\/\/richemont.swiss\/wp-content\/uploads\/2022\/10\/richemont_unternehmen_fachschule_52-scaled.jpg\",\"width\":2560,\"height\":1072},{\"@type\":\"BreadcrumbList\",\"@id\":\"https:\/\/richemont.swiss\/fr\/entreprise\/nos-promesses\/#breadcrumb\",\"itemListElement\":[{\"@type\":\"ListItem\",\"position\":1,\"name\":\"Home\",\"item\":\"https:\/\/richemont.swiss\/fr\/\"},{\"@type\":\"ListItem\",\"position\":2,\"name\":\"Richemont centre de comp\u00e9tences\",\"item\":\"https:\/\/richemont.swiss\/fr\/entreprise\/\"},{\"@type\":\"ListItem\",\"position\":3,\"name\":\"Nos promesses\"}]},{\"@type\":\"WebSite\",\"@id\":\"https:\/\/richemont.swiss\/fr\/#website\",\"url\":\"https:\/\/richemont.swiss\/fr\/\",\"name\":\"Richemont\",\"description\":\"\",\"potentialAction\":[{\"@type\":\"SearchAction\",\"target\":{\"@type\":\"EntryPoint\",\"urlTemplate\":\"https:\/\/richemont.swiss\/fr\/?s={search_term_string}\"},\"query-input\":{\"@type\":\"PropertyValueSpecification\",\"valueRequired\":true,\"valueName\":\"search_term_string\"}}],\"inLanguage\":\"fr-FR\"}]}<\/script>\n<!-- \/ Yoast SEO Premium plugin. -->","yoast_head_json":{"title":"Principes de qualit\u00e9 - Nos promesses - Richemont \u00e9cole professionnelle","description":"Nous avons d\u00e9fini des principes de qualit\u00e9 clairs pour tous les domaines et services de formation. Nous garantissons ainsi un service de retour optimal.","robots":{"index":"index","follow":"follow","max-snippet":"max-snippet:-1","max-image-preview":"max-image-preview:large","max-video-preview":"max-video-preview:-1"},"canonical":"https:\/\/richemont.swiss\/fr\/entreprise\/nos-promesses\/","og_locale":"fr_FR","og_type":"article","og_title":"Nos promesses","og_description":"Nous avons d\u00e9fini des principes de qualit\u00e9 clairs pour tous les domaines et services de formation. Nous garantissons ainsi un service de retour optimal.","og_url":"https:\/\/richemont.swiss\/fr\/entreprise\/nos-promesses\/","og_site_name":"Richemont","article_modified_time":"2025-05-09T09:29:08+00:00","og_image":[{"width":2560,"height":1072,"url":"https:\/\/richemont.swiss\/wp-content\/uploads\/2022\/10\/richemont_unternehmen_fachschule_52-scaled.jpg","type":"image\/jpeg"}],"twitter_card":"summary_large_image","twitter_misc":{"Dur\u00e9e de lecture estim\u00e9e":"2 minutes"},"schema":{"@context":"https:\/\/schema.org","@graph":[{"@type":"WebPage","@id":"https:\/\/richemont.swiss\/fr\/entreprise\/nos-promesses\/","url":"https:\/\/richemont.swiss\/fr\/entreprise\/nos-promesses\/","name":"Principes de qualit\u00e9 - Nos promesses - Richemont \u00e9cole professionnelle","isPartOf":{"@id":"https:\/\/richemont.swiss\/fr\/#website"},"primaryImageOfPage":{"@id":"https:\/\/richemont.swiss\/fr\/entreprise\/nos-promesses\/#primaryimage"},"image":{"@id":"https:\/\/richemont.swiss\/fr\/entreprise\/nos-promesses\/#primaryimage"},"thumbnailUrl":"https:\/\/richemont.swiss\/wp-content\/uploads\/2022\/10\/richemont_unternehmen_fachschule_52-scaled.jpg","datePublished":"2019-02-18T10:10:50+00:00","dateModified":"2025-05-09T09:29:08+00:00","description":"Nous avons d\u00e9fini des principes de qualit\u00e9 clairs pour tous les domaines et services de formation. Nous garantissons ainsi un service de retour optimal.","breadcrumb":{"@id":"https:\/\/richemont.swiss\/fr\/entreprise\/nos-promesses\/#breadcrumb"},"inLanguage":"fr-FR","potentialAction":[{"@type":"ReadAction","target":["https:\/\/richemont.swiss\/fr\/entreprise\/nos-promesses\/"]}]},{"@type":"ImageObject","inLanguage":"fr-FR","@id":"https:\/\/richemont.swiss\/fr\/entreprise\/nos-promesses\/#primaryimage","url":"https:\/\/richemont.swiss\/wp-content\/uploads\/2022\/10\/richemont_unternehmen_fachschule_52-scaled.jpg","contentUrl":"https:\/\/richemont.swiss\/wp-content\/uploads\/2022\/10\/richemont_unternehmen_fachschule_52-scaled.jpg","width":2560,"height":1072},{"@type":"BreadcrumbList","@id":"https:\/\/richemont.swiss\/fr\/entreprise\/nos-promesses\/#breadcrumb","itemListElement":[{"@type":"ListItem","position":1,"name":"Home","item":"https:\/\/richemont.swiss\/fr\/"},{"@type":"ListItem","position":2,"name":"Richemont centre de comp\u00e9tences","item":"https:\/\/richemont.swiss\/fr\/entreprise\/"},{"@type":"ListItem","position":3,"name":"Nos promesses"}]},{"@type":"WebSite","@id":"https:\/\/richemont.swiss\/fr\/#website","url":"https:\/\/richemont.swiss\/fr\/","name":"Richemont","description":"","potentialAction":[{"@type":"SearchAction","target":{"@type":"EntryPoint","urlTemplate":"https:\/\/richemont.swiss\/fr\/?s={search_term_string}"},"query-input":{"@type":"PropertyValueSpecification","valueRequired":true,"valueName":"search_term_string"}}],"inLanguage":"fr-FR"}]}},"_links":{"self":[{"href":"https:\/\/richemont.swiss\/fr\/wp-json\/wp\/v2\/pages\/816","targetHints":{"allow":["GET"]}}],"collection":[{"href":"https:\/\/richemont.swiss\/fr\/wp-json\/wp\/v2\/pages"}],"about":[{"href":"https:\/\/richemont.swiss\/fr\/wp-json\/wp\/v2\/types\/page"}],"author":[{"embeddable":true,"href":"https:\/\/richemont.swiss\/fr\/wp-json\/wp\/v2\/users\/1"}],"replies":[{"embeddable":true,"href":"https:\/\/richemont.swiss\/fr\/wp-json\/wp\/v2\/comments?post=816"}],"version-history":[{"count":0,"href":"https:\/\/richemont.swiss\/fr\/wp-json\/wp\/v2\/pages\/816\/revisions"}],"up":[{"embeddable":true,"href":"https:\/\/richemont.swiss\/fr\/wp-json\/wp\/v2\/pages\/773"}],"wp:featuredmedia":[{"embeddable":true,"href":"https:\/\/richemont.swiss\/fr\/wp-json\/wp\/v2\/media\/40742"}],"wp:attachment":[{"href":"https:\/\/richemont.swiss\/fr\/wp-json\/wp\/v2\/media?parent=816"}],"curies":[{"name":"wp","href":"https:\/\/api.w.org\/{rel}","templated":true}]}}