{"id":812,"date":"2019-02-18T11:08:33","date_gmt":"2019-02-18T10:08:33","guid":{"rendered":"https:\/\/richemont.swiss\/entreprise\/ecole-professionnelle\/vision-leitbild-2\/"},"modified":"2022-10-31T16:54:09","modified_gmt":"2022-10-31T15:54:09","slug":"vision-concept","status":"publish","type":"page","link":"https:\/\/richemont.swiss\/fr\/entreprise\/vision-concept\/","title":{"rendered":"La passion \u2219 Proche de la pratique \u2219 Clairvoyance"},"content":{"rendered":"\n<h2 class=\"wp-block-heading\">Nos promesses<\/h2>\n\n\n\n<p>\u00abGr\u00e2ce aux inspirations proches de la pratique, nous vous promettons un d\u00e9veloppement continu pour votre entreprise. Avec les passions v\u00e9cues en commun et l&rsquo;\u00e9change actif du savoir, vous gagnerez en clairvoyance. Richemont, le centre cr\u00e9ateur suisse du c\u00e9l\u00e8bre G\u00e2teau des Rois.\u00bb  <\/p>\n\n\n\n<h3 class=\"wp-block-heading\">Nos valeurs<\/h3>\n\n\n\n<h4 class=\"wp-block-heading\">La passion<\/h4>\n\n\n\n<p>Nous cr\u00e9ons des impulsions pour l&rsquo;inspiration et soutenons la cr\u00e9ativit\u00e9. Avec notre <a href=\"https:\/\/richemont.swiss\/fr\/education\/\">programme de formation<\/a>, nous transmettons l&rsquo;enthousiasme pour notre artisanat afin de r\u00e9pondre aux besoins de nos clients. Comme par exemple pour les apprentis et pour toute la profession, nous d\u00e9montrons notre passion et notre engagement envers les m\u00e9tiers de boulanger, p\u00e2tissier et confiseur.<\/p>\n\n\n\n<h4 class=\"wp-block-heading\">Proche de la pratique<\/h4>\n\n\n\n<p>Des \u00e9changes authentiques avec nos clients \u00e0 un m\u00eame niveau nous permettent d&rsquo;imaginer les meilleures solutions possibles pour des <a href=\"https:\/\/richemont.swiss\/fr\/education\/offres-de-formations\/cours-individuels\/\">formations de base et continue individuelles<\/a>. Elles peuvent effectivement \u00eatre directement int\u00e9gr\u00e9es dans la pratique de tous les jours et repr\u00e9sentent une base solide pour la concr\u00e9tisation d&rsquo;un succ\u00e8s durable. Se focaliser sur une utilisation m\u00e9nageant les ressources indig\u00e8nes et sur les \u00e9changes en r\u00e9seau sont d&rsquo;actualit\u00e9. Le savoir professionnel est constamment d\u00e9velopp\u00e9, puis transf\u00e9r\u00e9 de mani\u00e8re innovante dans la pratique.<\/p>\n\n\n\n<h4 class=\"wp-block-heading\">Clairvoyance<\/h4>\n\n\n\n<p>Au fil du temps, nous avons appris \u00e0 reconna\u00eetre les tendances futures et sommes en mesure de poser les jalons pour des produits et des <a href=\"https:\/\/richemont.swiss\/fr\/prestations\/\">services<\/a> innovants. Nous exploitons les potentiels et \u00e9largissons constamment notre horizon. Nos collaborateurs sont motiv\u00e9s pour cr\u00e9er du nouveau et d\u00e9velopper des aides \u00e0 la d\u00e9cision. Nous proposons de l&rsquo;aide \u00e0 de multiples niveaux et dispensons des connaissances dans le domaine professionnel et pour la gestion d&rsquo;entreprise. Nous soutenons nos clients de mani\u00e8re continue en ce qui concerne l&rsquo;am\u00e9lioration des structures, l&rsquo;optimisation de l&rsquo;efficacit\u00e9 et l&rsquo;\u00e9conomie des co\u00fbts.<\/p>\n","protected":false},"excerpt":{"rendered":"<p>Nos promesses \u00abGr\u00e2ce aux inspirations proches de la pratique, nous vous promettons un d\u00e9veloppement continu pour votre entreprise. Avec les passions v\u00e9cues en commun et l&rsquo;\u00e9change actif du savoir, vous gagnerez en clairvoyance. Richemont, le centre cr\u00e9ateur suisse du c\u00e9l\u00e8bre G\u00e2teau des Rois.\u00bb Nos valeurs La passion Nous cr\u00e9ons des impulsions pour l&rsquo;inspiration et soutenons [&hellip;]<\/p>\n","protected":false},"author":1,"featured_media":40720,"parent":773,"menu_order":300,"comment_status":"closed","ping_status":"closed","template":"","meta":{"_acf_changed":false,"footnotes":""},"class_list":["post-812","page","type-page","status-publish","has-post-thumbnail","hentry"],"acf":[],"yoast_head":"<!-- This site is optimized with the Yoast SEO Premium plugin v26.7 (Yoast SEO v26.7) - https:\/\/yoast.com\/wordpress\/plugins\/seo\/ -->\n<title>Vision - passion, pratique, clairvoyance - Richemont \u00e9cole professionnelle<\/title>\n<meta name=\"description\" content=\"Nous savons ce que nous voulons. L\u2019\u00e9cole professionnelle Richemont a d\u00e9fini son identit\u00e9 d\u2019entreprise dans sa vision et son mod\u00e8le.\" \/>\n<meta name=\"robots\" content=\"index, follow, max-snippet:-1, max-image-preview:large, max-video-preview:-1\" \/>\n<link rel=\"canonical\" href=\"https:\/\/richemont.swiss\/fr\/entreprise\/vision-concept\/\" \/>\n<meta property=\"og:locale\" content=\"fr_FR\" \/>\n<meta property=\"og:type\" content=\"article\" \/>\n<meta property=\"og:title\" content=\"La passion \u2219 Proche de la pratique \u2219 Clairvoyance\" \/>\n<meta property=\"og:description\" content=\"Nous savons ce que nous voulons. L\u2019\u00e9cole professionnelle Richemont a d\u00e9fini son identit\u00e9 d\u2019entreprise dans sa vision et son mod\u00e8le.\" \/>\n<meta property=\"og:url\" content=\"https:\/\/richemont.swiss\/fr\/entreprise\/vision-concept\/\" \/>\n<meta property=\"og:site_name\" content=\"Richemont\" \/>\n<meta property=\"article:modified_time\" content=\"2022-10-31T15:54:09+00:00\" \/>\n<meta property=\"og:image\" content=\"https:\/\/richemont.swiss\/wp-content\/uploads\/2022\/10\/richemont_unternehmen_fachschule_50-scaled.jpg\" \/>\n\t<meta property=\"og:image:width\" content=\"2560\" \/>\n\t<meta property=\"og:image:height\" content=\"1072\" \/>\n\t<meta property=\"og:image:type\" content=\"image\/jpeg\" \/>\n<meta name=\"twitter:card\" content=\"summary_large_image\" \/>\n<meta name=\"twitter:label1\" content=\"Dur\u00e9e de lecture estim\u00e9e\" \/>\n\t<meta name=\"twitter:data1\" content=\"2 minutes\" \/>\n<script type=\"application\/ld+json\" class=\"yoast-schema-graph\">{\"@context\":\"https:\/\/schema.org\",\"@graph\":[{\"@type\":\"WebPage\",\"@id\":\"https:\/\/richemont.swiss\/fr\/entreprise\/vision-concept\/\",\"url\":\"https:\/\/richemont.swiss\/fr\/entreprise\/vision-concept\/\",\"name\":\"Vision - passion, pratique, clairvoyance - Richemont \u00e9cole professionnelle\",\"isPartOf\":{\"@id\":\"https:\/\/richemont.swiss\/fr\/#website\"},\"primaryImageOfPage\":{\"@id\":\"https:\/\/richemont.swiss\/fr\/entreprise\/vision-concept\/#primaryimage\"},\"image\":{\"@id\":\"https:\/\/richemont.swiss\/fr\/entreprise\/vision-concept\/#primaryimage\"},\"thumbnailUrl\":\"https:\/\/richemont.swiss\/wp-content\/uploads\/2022\/10\/richemont_unternehmen_fachschule_50-scaled.jpg\",\"datePublished\":\"2019-02-18T10:08:33+00:00\",\"dateModified\":\"2022-10-31T15:54:09+00:00\",\"description\":\"Nous savons ce que nous voulons. L\u2019\u00e9cole professionnelle Richemont a d\u00e9fini son identit\u00e9 d\u2019entreprise dans sa vision et son mod\u00e8le.\",\"breadcrumb\":{\"@id\":\"https:\/\/richemont.swiss\/fr\/entreprise\/vision-concept\/#breadcrumb\"},\"inLanguage\":\"fr-FR\",\"potentialAction\":[{\"@type\":\"ReadAction\",\"target\":[\"https:\/\/richemont.swiss\/fr\/entreprise\/vision-concept\/\"]}]},{\"@type\":\"ImageObject\",\"inLanguage\":\"fr-FR\",\"@id\":\"https:\/\/richemont.swiss\/fr\/entreprise\/vision-concept\/#primaryimage\",\"url\":\"https:\/\/richemont.swiss\/wp-content\/uploads\/2022\/10\/richemont_unternehmen_fachschule_50-scaled.jpg\",\"contentUrl\":\"https:\/\/richemont.swiss\/wp-content\/uploads\/2022\/10\/richemont_unternehmen_fachschule_50-scaled.jpg\",\"width\":2560,\"height\":1072},{\"@type\":\"BreadcrumbList\",\"@id\":\"https:\/\/richemont.swiss\/fr\/entreprise\/vision-concept\/#breadcrumb\",\"itemListElement\":[{\"@type\":\"ListItem\",\"position\":1,\"name\":\"Home\",\"item\":\"https:\/\/richemont.swiss\/fr\/\"},{\"@type\":\"ListItem\",\"position\":2,\"name\":\"Richemont centre de comp\u00e9tences\",\"item\":\"https:\/\/richemont.swiss\/fr\/entreprise\/\"},{\"@type\":\"ListItem\",\"position\":3,\"name\":\"La passion \u2219 Proche de la pratique \u2219 Clairvoyance\"}]},{\"@type\":\"WebSite\",\"@id\":\"https:\/\/richemont.swiss\/fr\/#website\",\"url\":\"https:\/\/richemont.swiss\/fr\/\",\"name\":\"Richemont\",\"description\":\"\",\"potentialAction\":[{\"@type\":\"SearchAction\",\"target\":{\"@type\":\"EntryPoint\",\"urlTemplate\":\"https:\/\/richemont.swiss\/fr\/?s={search_term_string}\"},\"query-input\":{\"@type\":\"PropertyValueSpecification\",\"valueRequired\":true,\"valueName\":\"search_term_string\"}}],\"inLanguage\":\"fr-FR\"}]}<\/script>\n<!-- \/ Yoast SEO Premium plugin. -->","yoast_head_json":{"title":"Vision - passion, pratique, clairvoyance - Richemont \u00e9cole professionnelle","description":"Nous savons ce que nous voulons. L\u2019\u00e9cole professionnelle Richemont a d\u00e9fini son identit\u00e9 d\u2019entreprise dans sa vision et son mod\u00e8le.","robots":{"index":"index","follow":"follow","max-snippet":"max-snippet:-1","max-image-preview":"max-image-preview:large","max-video-preview":"max-video-preview:-1"},"canonical":"https:\/\/richemont.swiss\/fr\/entreprise\/vision-concept\/","og_locale":"fr_FR","og_type":"article","og_title":"La passion \u2219 Proche de la pratique \u2219 Clairvoyance","og_description":"Nous savons ce que nous voulons. L\u2019\u00e9cole professionnelle Richemont a d\u00e9fini son identit\u00e9 d\u2019entreprise dans sa vision et son mod\u00e8le.","og_url":"https:\/\/richemont.swiss\/fr\/entreprise\/vision-concept\/","og_site_name":"Richemont","article_modified_time":"2022-10-31T15:54:09+00:00","og_image":[{"width":2560,"height":1072,"url":"https:\/\/richemont.swiss\/wp-content\/uploads\/2022\/10\/richemont_unternehmen_fachschule_50-scaled.jpg","type":"image\/jpeg"}],"twitter_card":"summary_large_image","twitter_misc":{"Dur\u00e9e de lecture estim\u00e9e":"2 minutes"},"schema":{"@context":"https:\/\/schema.org","@graph":[{"@type":"WebPage","@id":"https:\/\/richemont.swiss\/fr\/entreprise\/vision-concept\/","url":"https:\/\/richemont.swiss\/fr\/entreprise\/vision-concept\/","name":"Vision - passion, pratique, clairvoyance - Richemont \u00e9cole professionnelle","isPartOf":{"@id":"https:\/\/richemont.swiss\/fr\/#website"},"primaryImageOfPage":{"@id":"https:\/\/richemont.swiss\/fr\/entreprise\/vision-concept\/#primaryimage"},"image":{"@id":"https:\/\/richemont.swiss\/fr\/entreprise\/vision-concept\/#primaryimage"},"thumbnailUrl":"https:\/\/richemont.swiss\/wp-content\/uploads\/2022\/10\/richemont_unternehmen_fachschule_50-scaled.jpg","datePublished":"2019-02-18T10:08:33+00:00","dateModified":"2022-10-31T15:54:09+00:00","description":"Nous savons ce que nous voulons. L\u2019\u00e9cole professionnelle Richemont a d\u00e9fini son identit\u00e9 d\u2019entreprise dans sa vision et son mod\u00e8le.","breadcrumb":{"@id":"https:\/\/richemont.swiss\/fr\/entreprise\/vision-concept\/#breadcrumb"},"inLanguage":"fr-FR","potentialAction":[{"@type":"ReadAction","target":["https:\/\/richemont.swiss\/fr\/entreprise\/vision-concept\/"]}]},{"@type":"ImageObject","inLanguage":"fr-FR","@id":"https:\/\/richemont.swiss\/fr\/entreprise\/vision-concept\/#primaryimage","url":"https:\/\/richemont.swiss\/wp-content\/uploads\/2022\/10\/richemont_unternehmen_fachschule_50-scaled.jpg","contentUrl":"https:\/\/richemont.swiss\/wp-content\/uploads\/2022\/10\/richemont_unternehmen_fachschule_50-scaled.jpg","width":2560,"height":1072},{"@type":"BreadcrumbList","@id":"https:\/\/richemont.swiss\/fr\/entreprise\/vision-concept\/#breadcrumb","itemListElement":[{"@type":"ListItem","position":1,"name":"Home","item":"https:\/\/richemont.swiss\/fr\/"},{"@type":"ListItem","position":2,"name":"Richemont centre de comp\u00e9tences","item":"https:\/\/richemont.swiss\/fr\/entreprise\/"},{"@type":"ListItem","position":3,"name":"La passion \u2219 Proche de la pratique \u2219 Clairvoyance"}]},{"@type":"WebSite","@id":"https:\/\/richemont.swiss\/fr\/#website","url":"https:\/\/richemont.swiss\/fr\/","name":"Richemont","description":"","potentialAction":[{"@type":"SearchAction","target":{"@type":"EntryPoint","urlTemplate":"https:\/\/richemont.swiss\/fr\/?s={search_term_string}"},"query-input":{"@type":"PropertyValueSpecification","valueRequired":true,"valueName":"search_term_string"}}],"inLanguage":"fr-FR"}]}},"_links":{"self":[{"href":"https:\/\/richemont.swiss\/fr\/wp-json\/wp\/v2\/pages\/812","targetHints":{"allow":["GET"]}}],"collection":[{"href":"https:\/\/richemont.swiss\/fr\/wp-json\/wp\/v2\/pages"}],"about":[{"href":"https:\/\/richemont.swiss\/fr\/wp-json\/wp\/v2\/types\/page"}],"author":[{"embeddable":true,"href":"https:\/\/richemont.swiss\/fr\/wp-json\/wp\/v2\/users\/1"}],"replies":[{"embeddable":true,"href":"https:\/\/richemont.swiss\/fr\/wp-json\/wp\/v2\/comments?post=812"}],"version-history":[{"count":0,"href":"https:\/\/richemont.swiss\/fr\/wp-json\/wp\/v2\/pages\/812\/revisions"}],"up":[{"embeddable":true,"href":"https:\/\/richemont.swiss\/fr\/wp-json\/wp\/v2\/pages\/773"}],"wp:featuredmedia":[{"embeddable":true,"href":"https:\/\/richemont.swiss\/fr\/wp-json\/wp\/v2\/media\/40720"}],"wp:attachment":[{"href":"https:\/\/richemont.swiss\/fr\/wp-json\/wp\/v2\/media?parent=812"}],"curies":[{"name":"wp","href":"https:\/\/api.w.org\/{rel}","templated":true}]}}