{"id":797,"date":"2019-02-17T10:08:14","date_gmt":"2019-02-17T09:08:14","guid":{"rendered":"https:\/\/richemont.swiss\/?page_id=797"},"modified":"2024-04-22T15:35:48","modified_gmt":"2024-04-22T13:35:48","slug":"gestion-de-la-qualite","status":"publish","type":"page","link":"https:\/\/richemont.swiss\/fr\/prestations\/gestion-de-la-qualite\/","title":{"rendered":"Comp\u00e9tences d&rsquo;un seul tenant"},"content":{"rendered":"\n<p>La qualit\u00e9 a un nom: nous sommes votre partenaire comp\u00e9tant pour tous services individuels ou sur mesure. Nous vous soutenons pour des analyses de c\u00e9r\u00e9ales et de farines, des essais de panification et la d\u00e9claration des produits. <\/p>\n","protected":false},"excerpt":{"rendered":"<p>La qualit\u00e9 a un nom: nous sommes votre partenaire comp\u00e9tant pour tous services individuels ou sur mesure. Nous vous soutenons pour des analyses de c\u00e9r\u00e9ales et de farines, des essais de panification et la d\u00e9claration des produits.<\/p>\n","protected":false},"author":1,"featured_media":3891,"parent":789,"menu_order":400,"comment_status":"closed","ping_status":"closed","template":"","meta":{"_acf_changed":false,"footnotes":""},"class_list":["post-797","page","type-page","status-publish","has-post-thumbnail","hentry"],"acf":[],"yoast_head":"<!-- This site is optimized with the Yoast SEO Premium plugin v26.7 (Yoast SEO v26.7) - https:\/\/yoast.com\/wordpress\/plugins\/seo\/ -->\n<title>RICHEMONT \u00e9cole professionnelle - Laboratoire - Source de comp\u00e9tence<\/title>\n<meta name=\"description\" content=\"Laboratoire: Nous vous assistons dans les examens sur les grains et la farine, les tests de produits et de cuisson et l&#039;\u00e9tiquetage des produits (d\u00e9claration).\" \/>\n<meta name=\"robots\" content=\"index, follow, max-snippet:-1, max-image-preview:large, max-video-preview:-1\" \/>\n<link rel=\"canonical\" href=\"https:\/\/richemont.swiss\/fr\/prestations\/gestion-de-la-qualite\/\" \/>\n<meta property=\"og:locale\" content=\"fr_FR\" \/>\n<meta property=\"og:type\" content=\"article\" \/>\n<meta property=\"og:title\" content=\"Comp\u00e9tences d&#039;un seul tenant\" \/>\n<meta property=\"og:description\" content=\"Laboratoire: Nous vous assistons dans les examens sur les grains et la farine, les tests de produits et de cuisson et l&#039;\u00e9tiquetage des produits (d\u00e9claration).\" \/>\n<meta property=\"og:url\" content=\"https:\/\/richemont.swiss\/fr\/prestations\/gestion-de-la-qualite\/\" \/>\n<meta property=\"og:site_name\" content=\"Richemont\" \/>\n<meta property=\"article:modified_time\" content=\"2024-04-22T13:35:48+00:00\" \/>\n<meta property=\"og:image\" content=\"https:\/\/richemont.swiss\/wp-content\/uploads\/2019\/03\/richemont_laboratoire_03.jpg\" \/>\n\t<meta property=\"og:image:width\" content=\"4256\" \/>\n\t<meta property=\"og:image:height\" content=\"2832\" \/>\n\t<meta property=\"og:image:type\" content=\"image\/jpeg\" \/>\n<meta name=\"twitter:card\" content=\"summary_large_image\" \/>\n<meta name=\"twitter:label1\" content=\"Dur\u00e9e de lecture estim\u00e9e\" \/>\n\t<meta name=\"twitter:data1\" content=\"1 minute\" \/>\n<script type=\"application\/ld+json\" class=\"yoast-schema-graph\">{\"@context\":\"https:\/\/schema.org\",\"@graph\":[{\"@type\":\"WebPage\",\"@id\":\"https:\/\/richemont.swiss\/fr\/prestations\/gestion-de-la-qualite\/\",\"url\":\"https:\/\/richemont.swiss\/fr\/prestations\/gestion-de-la-qualite\/\",\"name\":\"RICHEMONT \u00e9cole professionnelle - Laboratoire - Source de comp\u00e9tence\",\"isPartOf\":{\"@id\":\"https:\/\/richemont.swiss\/fr\/#website\"},\"primaryImageOfPage\":{\"@id\":\"https:\/\/richemont.swiss\/fr\/prestations\/gestion-de-la-qualite\/#primaryimage\"},\"image\":{\"@id\":\"https:\/\/richemont.swiss\/fr\/prestations\/gestion-de-la-qualite\/#primaryimage\"},\"thumbnailUrl\":\"https:\/\/richemont.swiss\/wp-content\/uploads\/2019\/03\/richemont_laboratoire_03.jpg\",\"datePublished\":\"2019-02-17T09:08:14+00:00\",\"dateModified\":\"2024-04-22T13:35:48+00:00\",\"description\":\"Laboratoire: Nous vous assistons dans les examens sur les grains et la farine, les tests de produits et de cuisson et l'\u00e9tiquetage des produits (d\u00e9claration).\",\"breadcrumb\":{\"@id\":\"https:\/\/richemont.swiss\/fr\/prestations\/gestion-de-la-qualite\/#breadcrumb\"},\"inLanguage\":\"fr-FR\",\"potentialAction\":[{\"@type\":\"ReadAction\",\"target\":[\"https:\/\/richemont.swiss\/fr\/prestations\/gestion-de-la-qualite\/\"]}]},{\"@type\":\"ImageObject\",\"inLanguage\":\"fr-FR\",\"@id\":\"https:\/\/richemont.swiss\/fr\/prestations\/gestion-de-la-qualite\/#primaryimage\",\"url\":\"https:\/\/richemont.swiss\/wp-content\/uploads\/2019\/03\/richemont_laboratoire_03.jpg\",\"contentUrl\":\"https:\/\/richemont.swiss\/wp-content\/uploads\/2019\/03\/richemont_laboratoire_03.jpg\",\"width\":4256,\"height\":2832,\"caption\":\"RICHEMONT \u00e9cole professionnelle - Laboratoire \u2013 Source de comp\u00e9tence\"},{\"@type\":\"BreadcrumbList\",\"@id\":\"https:\/\/richemont.swiss\/fr\/prestations\/gestion-de-la-qualite\/#breadcrumb\",\"itemListElement\":[{\"@type\":\"ListItem\",\"position\":1,\"name\":\"Home\",\"item\":\"https:\/\/richemont.swiss\/fr\/\"},{\"@type\":\"ListItem\",\"position\":2,\"name\":\"Services d\u2019un seul fournisseur\",\"item\":\"https:\/\/richemont.swiss\/fr\/prestations\/\"},{\"@type\":\"ListItem\",\"position\":3,\"name\":\"Comp\u00e9tences d&#8217;un seul tenant\"}]},{\"@type\":\"WebSite\",\"@id\":\"https:\/\/richemont.swiss\/fr\/#website\",\"url\":\"https:\/\/richemont.swiss\/fr\/\",\"name\":\"Richemont\",\"description\":\"\",\"potentialAction\":[{\"@type\":\"SearchAction\",\"target\":{\"@type\":\"EntryPoint\",\"urlTemplate\":\"https:\/\/richemont.swiss\/fr\/?s={search_term_string}\"},\"query-input\":{\"@type\":\"PropertyValueSpecification\",\"valueRequired\":true,\"valueName\":\"search_term_string\"}}],\"inLanguage\":\"fr-FR\"}]}<\/script>\n<!-- \/ Yoast SEO Premium plugin. -->","yoast_head_json":{"title":"RICHEMONT \u00e9cole professionnelle - Laboratoire - Source de comp\u00e9tence","description":"Laboratoire: Nous vous assistons dans les examens sur les grains et la farine, les tests de produits et de cuisson et l'\u00e9tiquetage des produits (d\u00e9claration).","robots":{"index":"index","follow":"follow","max-snippet":"max-snippet:-1","max-image-preview":"max-image-preview:large","max-video-preview":"max-video-preview:-1"},"canonical":"https:\/\/richemont.swiss\/fr\/prestations\/gestion-de-la-qualite\/","og_locale":"fr_FR","og_type":"article","og_title":"Comp\u00e9tences d'un seul tenant","og_description":"Laboratoire: Nous vous assistons dans les examens sur les grains et la farine, les tests de produits et de cuisson et l'\u00e9tiquetage des produits (d\u00e9claration).","og_url":"https:\/\/richemont.swiss\/fr\/prestations\/gestion-de-la-qualite\/","og_site_name":"Richemont","article_modified_time":"2024-04-22T13:35:48+00:00","og_image":[{"width":4256,"height":2832,"url":"https:\/\/richemont.swiss\/wp-content\/uploads\/2019\/03\/richemont_laboratoire_03.jpg","type":"image\/jpeg"}],"twitter_card":"summary_large_image","twitter_misc":{"Dur\u00e9e de lecture estim\u00e9e":"1 minute"},"schema":{"@context":"https:\/\/schema.org","@graph":[{"@type":"WebPage","@id":"https:\/\/richemont.swiss\/fr\/prestations\/gestion-de-la-qualite\/","url":"https:\/\/richemont.swiss\/fr\/prestations\/gestion-de-la-qualite\/","name":"RICHEMONT \u00e9cole professionnelle - Laboratoire - Source de comp\u00e9tence","isPartOf":{"@id":"https:\/\/richemont.swiss\/fr\/#website"},"primaryImageOfPage":{"@id":"https:\/\/richemont.swiss\/fr\/prestations\/gestion-de-la-qualite\/#primaryimage"},"image":{"@id":"https:\/\/richemont.swiss\/fr\/prestations\/gestion-de-la-qualite\/#primaryimage"},"thumbnailUrl":"https:\/\/richemont.swiss\/wp-content\/uploads\/2019\/03\/richemont_laboratoire_03.jpg","datePublished":"2019-02-17T09:08:14+00:00","dateModified":"2024-04-22T13:35:48+00:00","description":"Laboratoire: Nous vous assistons dans les examens sur les grains et la farine, les tests de produits et de cuisson et l'\u00e9tiquetage des produits (d\u00e9claration).","breadcrumb":{"@id":"https:\/\/richemont.swiss\/fr\/prestations\/gestion-de-la-qualite\/#breadcrumb"},"inLanguage":"fr-FR","potentialAction":[{"@type":"ReadAction","target":["https:\/\/richemont.swiss\/fr\/prestations\/gestion-de-la-qualite\/"]}]},{"@type":"ImageObject","inLanguage":"fr-FR","@id":"https:\/\/richemont.swiss\/fr\/prestations\/gestion-de-la-qualite\/#primaryimage","url":"https:\/\/richemont.swiss\/wp-content\/uploads\/2019\/03\/richemont_laboratoire_03.jpg","contentUrl":"https:\/\/richemont.swiss\/wp-content\/uploads\/2019\/03\/richemont_laboratoire_03.jpg","width":4256,"height":2832,"caption":"RICHEMONT \u00e9cole professionnelle - Laboratoire \u2013 Source de comp\u00e9tence"},{"@type":"BreadcrumbList","@id":"https:\/\/richemont.swiss\/fr\/prestations\/gestion-de-la-qualite\/#breadcrumb","itemListElement":[{"@type":"ListItem","position":1,"name":"Home","item":"https:\/\/richemont.swiss\/fr\/"},{"@type":"ListItem","position":2,"name":"Services d\u2019un seul fournisseur","item":"https:\/\/richemont.swiss\/fr\/prestations\/"},{"@type":"ListItem","position":3,"name":"Comp\u00e9tences d&#8217;un seul tenant"}]},{"@type":"WebSite","@id":"https:\/\/richemont.swiss\/fr\/#website","url":"https:\/\/richemont.swiss\/fr\/","name":"Richemont","description":"","potentialAction":[{"@type":"SearchAction","target":{"@type":"EntryPoint","urlTemplate":"https:\/\/richemont.swiss\/fr\/?s={search_term_string}"},"query-input":{"@type":"PropertyValueSpecification","valueRequired":true,"valueName":"search_term_string"}}],"inLanguage":"fr-FR"}]}},"_links":{"self":[{"href":"https:\/\/richemont.swiss\/fr\/wp-json\/wp\/v2\/pages\/797","targetHints":{"allow":["GET"]}}],"collection":[{"href":"https:\/\/richemont.swiss\/fr\/wp-json\/wp\/v2\/pages"}],"about":[{"href":"https:\/\/richemont.swiss\/fr\/wp-json\/wp\/v2\/types\/page"}],"author":[{"embeddable":true,"href":"https:\/\/richemont.swiss\/fr\/wp-json\/wp\/v2\/users\/1"}],"replies":[{"embeddable":true,"href":"https:\/\/richemont.swiss\/fr\/wp-json\/wp\/v2\/comments?post=797"}],"version-history":[{"count":0,"href":"https:\/\/richemont.swiss\/fr\/wp-json\/wp\/v2\/pages\/797\/revisions"}],"up":[{"embeddable":true,"href":"https:\/\/richemont.swiss\/fr\/wp-json\/wp\/v2\/pages\/789"}],"wp:featuredmedia":[{"embeddable":true,"href":"https:\/\/richemont.swiss\/fr\/wp-json\/wp\/v2\/media\/3891"}],"wp:attachment":[{"href":"https:\/\/richemont.swiss\/fr\/wp-json\/wp\/v2\/media?parent=797"}],"curies":[{"name":"wp","href":"https:\/\/api.w.org\/{rel}","templated":true}]}}