{"id":789,"date":"2019-02-17T10:07:53","date_gmt":"2019-02-17T09:07:53","guid":{"rendered":"https:\/\/richemont.swiss\/dienstleistungen\/"},"modified":"2020-03-09T08:57:23","modified_gmt":"2020-03-09T08:57:23","slug":"prestations","status":"publish","type":"page","link":"https:\/\/richemont.swiss\/fr\/prestations\/","title":{"rendered":"Services d\u2019un seul fournisseur"},"content":{"rendered":"\n<p>Le r\u00e9alignement ou la solution de probl\u00e8mes exige, dans chaque entreprise, tout un r\u00e9seau de connaissances et de larges capacit\u00e9s d&rsquo;action. Notre service conseil concerne aussi bien la <a href=\"https:\/\/richemont.swiss\/fr\/prestations\/production\/\">production<\/a> que la <a href=\"https:\/\/richemont.swiss\/fr\/prestations\/commerce-de-detail\/\">vente<\/a>, sans oublier l&rsquo;\u00e9conomie d&rsquo;entreprise, <a href=\"https:\/\/richemont.swiss\/fr\/product-category\/leadership-communication-fr\/\">conduite du personnel et le marketing<\/a>.<\/p>\n\n\n\n<p>Nous vous conseillons volontiers lors d&rsquo;un entretien et vous \u00e9tablissons une offre sp\u00e9cifique, adapt\u00e9e \u00e0 vos besoins. N&rsquo;h\u00e9sitez pas \u00e0 prendre contact avec nous&nbsp;!<\/p>\n\n\n\n<h3 class=\"wp-block-heading\">Les avantages d&rsquo;une collaboration avec Richemont<\/h3>\n\n\n\n<ul class=\"wp-block-list\"><li>Une connaissance de la branche de longue date fait de nous un partenaire de confiance exp\u00e9riment\u00e9.<\/li><li>Nous nous engageons avec un int\u00e9r\u00eat certain ainsi qu&rsquo;avec des r\u00e9flexions et des actions durables.<\/li><li>Nous vous offrons des solutions personnalis\u00e9es \u00e0 des conditions avantageuses.<\/li><li>Nos solutions individuelles, r\u00e9solument tourn\u00e9es vers l&rsquo;avenir, sont facilement transposables dans la pratique.<\/li><li>Vous n&rsquo;avez qu&rsquo;un seul interlocuteur, Richemont, tout d&rsquo;un seul tenant.<\/li><\/ul>\n","protected":false},"excerpt":{"rendered":"<p>Le r\u00e9alignement ou la solution de probl\u00e8mes exige, dans chaque entreprise, tout un r\u00e9seau de connaissances et de larges capacit\u00e9s d&rsquo;action. Notre service conseil concerne aussi bien la production que la vente, sans oublier l&rsquo;\u00e9conomie d&rsquo;entreprise, conduite du personnel et le marketing. Nous vous conseillons volontiers lors d&rsquo;un entretien et vous \u00e9tablissons une offre sp\u00e9cifique, [&hellip;]<\/p>\n","protected":false},"author":1,"featured_media":14336,"parent":0,"menu_order":100,"comment_status":"closed","ping_status":"closed","template":"","meta":{"_acf_changed":false,"footnotes":""},"class_list":["post-789","page","type-page","status-publish","has-post-thumbnail","hentry"],"acf":[],"yoast_head":"<!-- This site is optimized with the Yoast SEO Premium plugin v26.7 (Yoast SEO v26.7) - https:\/\/yoast.com\/wordpress\/plugins\/seo\/ -->\n<title>RICHEMONT \u00e9cole professionnelle - Prestations d\u2019une seule source<\/title>\n<meta name=\"description\" content=\"Nos services et consultations concernent \u00e0 la fois la production et les ventes, ainsi que l&#039;administration et le marketing.\" \/>\n<meta name=\"robots\" content=\"index, follow, max-snippet:-1, max-image-preview:large, max-video-preview:-1\" \/>\n<link rel=\"canonical\" href=\"https:\/\/richemont.swiss\/fr\/prestations\/\" \/>\n<meta property=\"og:locale\" content=\"fr_FR\" \/>\n<meta property=\"og:type\" content=\"article\" \/>\n<meta property=\"og:title\" content=\"Services d\u2019un seul fournisseur\" \/>\n<meta property=\"og:description\" content=\"Nos services et consultations concernent \u00e0 la fois la production et les ventes, ainsi que l&#039;administration et le marketing.\" \/>\n<meta property=\"og:url\" content=\"https:\/\/richemont.swiss\/fr\/prestations\/\" \/>\n<meta property=\"og:site_name\" content=\"Richemont\" \/>\n<meta property=\"article:modified_time\" content=\"2020-03-09T08:57:23+00:00\" \/>\n<meta property=\"og:image\" content=\"https:\/\/richemont.swiss\/wp-content\/uploads\/2020\/03\/richemont_dienstleistungen_verkauf_15_banner.jpg\" \/>\n\t<meta property=\"og:image:width\" content=\"1200\" \/>\n\t<meta property=\"og:image:height\" content=\"378\" \/>\n\t<meta property=\"og:image:type\" content=\"image\/jpeg\" \/>\n<meta name=\"twitter:card\" content=\"summary_large_image\" \/>\n<meta name=\"twitter:label1\" content=\"Dur\u00e9e de lecture estim\u00e9e\" \/>\n\t<meta name=\"twitter:data1\" content=\"1 minute\" \/>\n<script type=\"application\/ld+json\" class=\"yoast-schema-graph\">{\"@context\":\"https:\/\/schema.org\",\"@graph\":[{\"@type\":\"WebPage\",\"@id\":\"https:\/\/richemont.swiss\/fr\/prestations\/\",\"url\":\"https:\/\/richemont.swiss\/fr\/prestations\/\",\"name\":\"RICHEMONT \u00e9cole professionnelle - Prestations d\u2019une seule source\",\"isPartOf\":{\"@id\":\"https:\/\/richemont.swiss\/fr\/#website\"},\"primaryImageOfPage\":{\"@id\":\"https:\/\/richemont.swiss\/fr\/prestations\/#primaryimage\"},\"image\":{\"@id\":\"https:\/\/richemont.swiss\/fr\/prestations\/#primaryimage\"},\"thumbnailUrl\":\"https:\/\/richemont.swiss\/wp-content\/uploads\/2020\/03\/richemont_dienstleistungen_verkauf_15_banner.jpg\",\"datePublished\":\"2019-02-17T09:07:53+00:00\",\"dateModified\":\"2020-03-09T08:57:23+00:00\",\"description\":\"Nos services et consultations concernent \u00e0 la fois la production et les ventes, ainsi que l'administration et le marketing.\",\"breadcrumb\":{\"@id\":\"https:\/\/richemont.swiss\/fr\/prestations\/#breadcrumb\"},\"inLanguage\":\"fr-FR\",\"potentialAction\":[{\"@type\":\"ReadAction\",\"target\":[\"https:\/\/richemont.swiss\/fr\/prestations\/\"]}]},{\"@type\":\"ImageObject\",\"inLanguage\":\"fr-FR\",\"@id\":\"https:\/\/richemont.swiss\/fr\/prestations\/#primaryimage\",\"url\":\"https:\/\/richemont.swiss\/wp-content\/uploads\/2020\/03\/richemont_dienstleistungen_verkauf_15_banner.jpg\",\"contentUrl\":\"https:\/\/richemont.swiss\/wp-content\/uploads\/2020\/03\/richemont_dienstleistungen_verkauf_15_banner.jpg\",\"width\":1200,\"height\":378,\"caption\":\"Dienstleistungen aus einer Hand\"},{\"@type\":\"BreadcrumbList\",\"@id\":\"https:\/\/richemont.swiss\/fr\/prestations\/#breadcrumb\",\"itemListElement\":[{\"@type\":\"ListItem\",\"position\":1,\"name\":\"Home\",\"item\":\"https:\/\/richemont.swiss\/fr\/\"},{\"@type\":\"ListItem\",\"position\":2,\"name\":\"Services d\u2019un seul fournisseur\"}]},{\"@type\":\"WebSite\",\"@id\":\"https:\/\/richemont.swiss\/fr\/#website\",\"url\":\"https:\/\/richemont.swiss\/fr\/\",\"name\":\"Richemont\",\"description\":\"\",\"potentialAction\":[{\"@type\":\"SearchAction\",\"target\":{\"@type\":\"EntryPoint\",\"urlTemplate\":\"https:\/\/richemont.swiss\/fr\/?s={search_term_string}\"},\"query-input\":{\"@type\":\"PropertyValueSpecification\",\"valueRequired\":true,\"valueName\":\"search_term_string\"}}],\"inLanguage\":\"fr-FR\"}]}<\/script>\n<!-- \/ Yoast SEO Premium plugin. -->","yoast_head_json":{"title":"RICHEMONT \u00e9cole professionnelle - Prestations d\u2019une seule source","description":"Nos services et consultations concernent \u00e0 la fois la production et les ventes, ainsi que l'administration et le marketing.","robots":{"index":"index","follow":"follow","max-snippet":"max-snippet:-1","max-image-preview":"max-image-preview:large","max-video-preview":"max-video-preview:-1"},"canonical":"https:\/\/richemont.swiss\/fr\/prestations\/","og_locale":"fr_FR","og_type":"article","og_title":"Services d\u2019un seul fournisseur","og_description":"Nos services et consultations concernent \u00e0 la fois la production et les ventes, ainsi que l'administration et le marketing.","og_url":"https:\/\/richemont.swiss\/fr\/prestations\/","og_site_name":"Richemont","article_modified_time":"2020-03-09T08:57:23+00:00","og_image":[{"width":1200,"height":378,"url":"https:\/\/richemont.swiss\/wp-content\/uploads\/2020\/03\/richemont_dienstleistungen_verkauf_15_banner.jpg","type":"image\/jpeg"}],"twitter_card":"summary_large_image","twitter_misc":{"Dur\u00e9e de lecture estim\u00e9e":"1 minute"},"schema":{"@context":"https:\/\/schema.org","@graph":[{"@type":"WebPage","@id":"https:\/\/richemont.swiss\/fr\/prestations\/","url":"https:\/\/richemont.swiss\/fr\/prestations\/","name":"RICHEMONT \u00e9cole professionnelle - Prestations d\u2019une seule source","isPartOf":{"@id":"https:\/\/richemont.swiss\/fr\/#website"},"primaryImageOfPage":{"@id":"https:\/\/richemont.swiss\/fr\/prestations\/#primaryimage"},"image":{"@id":"https:\/\/richemont.swiss\/fr\/prestations\/#primaryimage"},"thumbnailUrl":"https:\/\/richemont.swiss\/wp-content\/uploads\/2020\/03\/richemont_dienstleistungen_verkauf_15_banner.jpg","datePublished":"2019-02-17T09:07:53+00:00","dateModified":"2020-03-09T08:57:23+00:00","description":"Nos services et consultations concernent \u00e0 la fois la production et les ventes, ainsi que l'administration et le marketing.","breadcrumb":{"@id":"https:\/\/richemont.swiss\/fr\/prestations\/#breadcrumb"},"inLanguage":"fr-FR","potentialAction":[{"@type":"ReadAction","target":["https:\/\/richemont.swiss\/fr\/prestations\/"]}]},{"@type":"ImageObject","inLanguage":"fr-FR","@id":"https:\/\/richemont.swiss\/fr\/prestations\/#primaryimage","url":"https:\/\/richemont.swiss\/wp-content\/uploads\/2020\/03\/richemont_dienstleistungen_verkauf_15_banner.jpg","contentUrl":"https:\/\/richemont.swiss\/wp-content\/uploads\/2020\/03\/richemont_dienstleistungen_verkauf_15_banner.jpg","width":1200,"height":378,"caption":"Dienstleistungen aus einer Hand"},{"@type":"BreadcrumbList","@id":"https:\/\/richemont.swiss\/fr\/prestations\/#breadcrumb","itemListElement":[{"@type":"ListItem","position":1,"name":"Home","item":"https:\/\/richemont.swiss\/fr\/"},{"@type":"ListItem","position":2,"name":"Services d\u2019un seul fournisseur"}]},{"@type":"WebSite","@id":"https:\/\/richemont.swiss\/fr\/#website","url":"https:\/\/richemont.swiss\/fr\/","name":"Richemont","description":"","potentialAction":[{"@type":"SearchAction","target":{"@type":"EntryPoint","urlTemplate":"https:\/\/richemont.swiss\/fr\/?s={search_term_string}"},"query-input":{"@type":"PropertyValueSpecification","valueRequired":true,"valueName":"search_term_string"}}],"inLanguage":"fr-FR"}]}},"_links":{"self":[{"href":"https:\/\/richemont.swiss\/fr\/wp-json\/wp\/v2\/pages\/789","targetHints":{"allow":["GET"]}}],"collection":[{"href":"https:\/\/richemont.swiss\/fr\/wp-json\/wp\/v2\/pages"}],"about":[{"href":"https:\/\/richemont.swiss\/fr\/wp-json\/wp\/v2\/types\/page"}],"author":[{"embeddable":true,"href":"https:\/\/richemont.swiss\/fr\/wp-json\/wp\/v2\/users\/1"}],"replies":[{"embeddable":true,"href":"https:\/\/richemont.swiss\/fr\/wp-json\/wp\/v2\/comments?post=789"}],"version-history":[{"count":0,"href":"https:\/\/richemont.swiss\/fr\/wp-json\/wp\/v2\/pages\/789\/revisions"}],"wp:featuredmedia":[{"embeddable":true,"href":"https:\/\/richemont.swiss\/fr\/wp-json\/wp\/v2\/media\/14336"}],"wp:attachment":[{"href":"https:\/\/richemont.swiss\/fr\/wp-json\/wp\/v2\/media?parent=789"}],"curies":[{"name":"wp","href":"https:\/\/api.w.org\/{rel}","templated":true}]}}