{"id":773,"date":"2019-02-17T10:07:42","date_gmt":"2019-02-17T09:07:42","guid":{"rendered":"https:\/\/richemont.swiss\/unternehmen\/"},"modified":"2024-12-18T16:22:07","modified_gmt":"2024-12-18T15:22:07","slug":"entreprise","status":"publish","type":"page","link":"https:\/\/richemont.swiss\/fr\/entreprise\/","title":{"rendered":"Richemont centre de comp\u00e9tences"},"content":{"rendered":"\n<p>Fond\u00e9e en 1945, avec son si\u00e8ge \u00e0  Lucerne, Richemont se d\u00e9fini comme centre de comp\u00e9tences ind\u00e9pendant, sur  le plan national et international, pour toute la branche de la  boulangerie-p\u00e2tisserie-confiserie. <\/p>\n\n\n\n<p>Les multiples prestations de service comprennent, entre autres, l\u2019entier  de la <a href=\"https:\/\/richemont.swiss\/fr\/education\/\">formation de base et de la formation continue<\/a>, des <a href=\"https:\/\/richemont.swiss\/fr\/education\/offres-de-formations\/cours-individuels\/\">s\u00e9minaires  individuels<\/a> pour les entreprises et les groupes, la formation dans le  secteur de la <a href=\"https:\/\/richemont.swiss\/fr\/prestations\/commerce-de-detail\/\">vente<\/a> sur site, <a href=\"https:\/\/richemont.swiss\/fr\/edition-medias\/\">l\u2019\u00e9dition de livres et de mat\u00e9riel  didactique<\/a><a href=\"https:\/\/richemont.swiss\/fr\/prestations\/\">,<\/a> une large palette <a href=\"https:\/\/richemont.swiss\/fr\/prestations\/\">d\u2019offre de conseils<\/a> ainsi qu\u2019un secteur recherche &amp; d\u00e9veloppement. Un d\u00e9partement de <a href=\"https:\/\/richemont-gastro.ch\/\">gastronomie<\/a> attractif,  ouvert au public et un h\u00f4tel couronnent notre offre. <\/p>\n\n\n\n<div class=\"wp-block-file\"><a id=\"wp-block-file--media-f1936f3a-512d-4135-8a49-b44d92ad0bfd\" href=\"https:\/\/richemont.swiss\/wp-content\/uploads\/2022\/11\/richemont-centre-de-competences-portrait.pdf\">Portrait<\/a><a href=\"https:\/\/richemont.swiss\/wp-content\/uploads\/2022\/11\/richemont-centre-de-competences-portrait.pdf\" class=\"wp-block-file__button wp-element-button\" download aria-describedby=\"wp-block-file--media-f1936f3a-512d-4135-8a49-b44d92ad0bfd\">Herunterladen<\/a><\/div>\n\n\n\n<div class=\"wp-block-file\"><a id=\"wp-block-file--media-a665b5c4-85c7-4064-8c52-ebe0283b3bc0\" href=\"https:\/\/richemont.swiss\/wp-content\/uploads\/2024\/12\/richemont-centre-de-competences-jalons-historiques.pdf\">Jalons Historiques<\/a><a href=\"https:\/\/richemont.swiss\/wp-content\/uploads\/2024\/12\/richemont-centre-de-competences-jalons-historiques.pdf\" class=\"wp-block-file__button wp-element-button\" download aria-describedby=\"wp-block-file--media-a665b5c4-85c7-4064-8c52-ebe0283b3bc0\">Herunterladen<\/a><\/div>\n\n\n\n<figure class=\"wp-block-embed is-type-video is-provider-youtube wp-block-embed-youtube wp-embed-aspect-16-9 wp-has-aspect-ratio\"><div class=\"wp-block-embed__wrapper\">\n<iframe loading=\"lazy\" title=\"Richemont Imagefilm 2023 Fran\u00e7ais\" width=\"500\" height=\"281\" src=\"https:\/\/www.youtube.com\/embed\/d3ef6y2UdSE?feature=oembed\" frameborder=\"0\" allow=\"accelerometer; autoplay; clipboard-write; encrypted-media; gyroscope; picture-in-picture; web-share\" referrerpolicy=\"strict-origin-when-cross-origin\" allowfullscreen><\/iframe>\n<\/div><\/figure>\n","protected":false},"excerpt":{"rendered":"<p>Fond\u00e9e en 1945, avec son si\u00e8ge \u00e0 Lucerne, Richemont se d\u00e9fini comme centre de comp\u00e9tences ind\u00e9pendant, sur le plan national et international, pour toute la branche de la boulangerie-p\u00e2tisserie-confiserie. Les multiples prestations de service comprennent, entre autres, l\u2019entier de la formation de base et de la formation continue, des s\u00e9minaires individuels pour les entreprises et [&hellip;]<\/p>\n","protected":false},"author":1,"featured_media":40699,"parent":0,"menu_order":100,"comment_status":"closed","ping_status":"closed","template":"","meta":{"_acf_changed":false,"footnotes":""},"class_list":["post-773","page","type-page","status-publish","has-post-thumbnail","hentry"],"acf":[],"yoast_head":"<!-- This site is optimized with the Yoast SEO Premium plugin v26.7 (Yoast SEO v26.7) - https:\/\/yoast.com\/wordpress\/plugins\/seo\/ -->\n<title>RICHEMONT - Centre de comp\u00e9tences pour la branche de la boulangerie<\/title>\n<meta name=\"description\" content=\"Nous voulons vous aider. Le centre de comp\u00e9tences supporte l\u2019ensemble de la branche de la boulangerie, pa\u0302tisserie, confiserie avec sa vari\u00e9t\u00e9 de services.\" \/>\n<meta name=\"robots\" content=\"index, follow, max-snippet:-1, max-image-preview:large, max-video-preview:-1\" \/>\n<link rel=\"canonical\" href=\"https:\/\/richemont.swiss\/fr\/entreprise\/\" \/>\n<meta property=\"og:locale\" content=\"fr_FR\" \/>\n<meta property=\"og:type\" content=\"article\" \/>\n<meta property=\"og:title\" content=\"Richemont centre de comp\u00e9tences\" \/>\n<meta property=\"og:description\" content=\"Nous voulons vous aider. Le centre de comp\u00e9tences supporte l\u2019ensemble de la branche de la boulangerie, pa\u0302tisserie, confiserie avec sa vari\u00e9t\u00e9 de services.\" \/>\n<meta property=\"og:url\" content=\"https:\/\/richemont.swiss\/fr\/entreprise\/\" \/>\n<meta property=\"og:site_name\" content=\"Richemont\" \/>\n<meta property=\"article:modified_time\" content=\"2024-12-18T15:22:07+00:00\" \/>\n<meta property=\"og:image\" content=\"https:\/\/richemont.swiss\/wp-content\/uploads\/2022\/10\/richemont_unternehmen_fachschule_48-scaled.jpg\" \/>\n\t<meta property=\"og:image:width\" content=\"2560\" \/>\n\t<meta property=\"og:image:height\" content=\"1072\" \/>\n\t<meta property=\"og:image:type\" content=\"image\/jpeg\" \/>\n<meta name=\"twitter:card\" content=\"summary_large_image\" \/>\n<meta name=\"twitter:label1\" content=\"Dur\u00e9e de lecture estim\u00e9e\" \/>\n\t<meta name=\"twitter:data1\" content=\"1 minute\" \/>\n<script type=\"application\/ld+json\" class=\"yoast-schema-graph\">{\"@context\":\"https:\/\/schema.org\",\"@graph\":[{\"@type\":\"WebPage\",\"@id\":\"https:\/\/richemont.swiss\/fr\/entreprise\/\",\"url\":\"https:\/\/richemont.swiss\/fr\/entreprise\/\",\"name\":\"RICHEMONT - Centre de comp\u00e9tences pour la branche de la boulangerie\",\"isPartOf\":{\"@id\":\"https:\/\/richemont.swiss\/fr\/#website\"},\"primaryImageOfPage\":{\"@id\":\"https:\/\/richemont.swiss\/fr\/entreprise\/#primaryimage\"},\"image\":{\"@id\":\"https:\/\/richemont.swiss\/fr\/entreprise\/#primaryimage\"},\"thumbnailUrl\":\"https:\/\/richemont.swiss\/wp-content\/uploads\/2022\/10\/richemont_unternehmen_fachschule_48-scaled.jpg\",\"datePublished\":\"2019-02-17T09:07:42+00:00\",\"dateModified\":\"2024-12-18T15:22:07+00:00\",\"description\":\"Nous voulons vous aider. Le centre de comp\u00e9tences supporte l\u2019ensemble de la branche de la boulangerie, pa\u0302tisserie, confiserie avec sa vari\u00e9t\u00e9 de services.\",\"breadcrumb\":{\"@id\":\"https:\/\/richemont.swiss\/fr\/entreprise\/#breadcrumb\"},\"inLanguage\":\"fr-FR\",\"potentialAction\":[{\"@type\":\"ReadAction\",\"target\":[\"https:\/\/richemont.swiss\/fr\/entreprise\/\"]}]},{\"@type\":\"ImageObject\",\"inLanguage\":\"fr-FR\",\"@id\":\"https:\/\/richemont.swiss\/fr\/entreprise\/#primaryimage\",\"url\":\"https:\/\/richemont.swiss\/wp-content\/uploads\/2022\/10\/richemont_unternehmen_fachschule_48-scaled.jpg\",\"contentUrl\":\"https:\/\/richemont.swiss\/wp-content\/uploads\/2022\/10\/richemont_unternehmen_fachschule_48-scaled.jpg\",\"width\":2560,\"height\":1072},{\"@type\":\"BreadcrumbList\",\"@id\":\"https:\/\/richemont.swiss\/fr\/entreprise\/#breadcrumb\",\"itemListElement\":[{\"@type\":\"ListItem\",\"position\":1,\"name\":\"Home\",\"item\":\"https:\/\/richemont.swiss\/fr\/\"},{\"@type\":\"ListItem\",\"position\":2,\"name\":\"Richemont centre de comp\u00e9tences\"}]},{\"@type\":\"WebSite\",\"@id\":\"https:\/\/richemont.swiss\/fr\/#website\",\"url\":\"https:\/\/richemont.swiss\/fr\/\",\"name\":\"Richemont\",\"description\":\"\",\"potentialAction\":[{\"@type\":\"SearchAction\",\"target\":{\"@type\":\"EntryPoint\",\"urlTemplate\":\"https:\/\/richemont.swiss\/fr\/?s={search_term_string}\"},\"query-input\":{\"@type\":\"PropertyValueSpecification\",\"valueRequired\":true,\"valueName\":\"search_term_string\"}}],\"inLanguage\":\"fr-FR\"}]}<\/script>\n<!-- \/ Yoast SEO Premium plugin. -->","yoast_head_json":{"title":"RICHEMONT - Centre de comp\u00e9tences pour la branche de la boulangerie","description":"Nous voulons vous aider. Le centre de comp\u00e9tences supporte l\u2019ensemble de la branche de la boulangerie, pa\u0302tisserie, confiserie avec sa vari\u00e9t\u00e9 de services.","robots":{"index":"index","follow":"follow","max-snippet":"max-snippet:-1","max-image-preview":"max-image-preview:large","max-video-preview":"max-video-preview:-1"},"canonical":"https:\/\/richemont.swiss\/fr\/entreprise\/","og_locale":"fr_FR","og_type":"article","og_title":"Richemont centre de comp\u00e9tences","og_description":"Nous voulons vous aider. Le centre de comp\u00e9tences supporte l\u2019ensemble de la branche de la boulangerie, pa\u0302tisserie, confiserie avec sa vari\u00e9t\u00e9 de services.","og_url":"https:\/\/richemont.swiss\/fr\/entreprise\/","og_site_name":"Richemont","article_modified_time":"2024-12-18T15:22:07+00:00","og_image":[{"width":2560,"height":1072,"url":"https:\/\/richemont.swiss\/wp-content\/uploads\/2022\/10\/richemont_unternehmen_fachschule_48-scaled.jpg","type":"image\/jpeg"}],"twitter_card":"summary_large_image","twitter_misc":{"Dur\u00e9e de lecture estim\u00e9e":"1 minute"},"schema":{"@context":"https:\/\/schema.org","@graph":[{"@type":"WebPage","@id":"https:\/\/richemont.swiss\/fr\/entreprise\/","url":"https:\/\/richemont.swiss\/fr\/entreprise\/","name":"RICHEMONT - Centre de comp\u00e9tences pour la branche de la boulangerie","isPartOf":{"@id":"https:\/\/richemont.swiss\/fr\/#website"},"primaryImageOfPage":{"@id":"https:\/\/richemont.swiss\/fr\/entreprise\/#primaryimage"},"image":{"@id":"https:\/\/richemont.swiss\/fr\/entreprise\/#primaryimage"},"thumbnailUrl":"https:\/\/richemont.swiss\/wp-content\/uploads\/2022\/10\/richemont_unternehmen_fachschule_48-scaled.jpg","datePublished":"2019-02-17T09:07:42+00:00","dateModified":"2024-12-18T15:22:07+00:00","description":"Nous voulons vous aider. Le centre de comp\u00e9tences supporte l\u2019ensemble de la branche de la boulangerie, pa\u0302tisserie, confiserie avec sa vari\u00e9t\u00e9 de services.","breadcrumb":{"@id":"https:\/\/richemont.swiss\/fr\/entreprise\/#breadcrumb"},"inLanguage":"fr-FR","potentialAction":[{"@type":"ReadAction","target":["https:\/\/richemont.swiss\/fr\/entreprise\/"]}]},{"@type":"ImageObject","inLanguage":"fr-FR","@id":"https:\/\/richemont.swiss\/fr\/entreprise\/#primaryimage","url":"https:\/\/richemont.swiss\/wp-content\/uploads\/2022\/10\/richemont_unternehmen_fachschule_48-scaled.jpg","contentUrl":"https:\/\/richemont.swiss\/wp-content\/uploads\/2022\/10\/richemont_unternehmen_fachschule_48-scaled.jpg","width":2560,"height":1072},{"@type":"BreadcrumbList","@id":"https:\/\/richemont.swiss\/fr\/entreprise\/#breadcrumb","itemListElement":[{"@type":"ListItem","position":1,"name":"Home","item":"https:\/\/richemont.swiss\/fr\/"},{"@type":"ListItem","position":2,"name":"Richemont centre de comp\u00e9tences"}]},{"@type":"WebSite","@id":"https:\/\/richemont.swiss\/fr\/#website","url":"https:\/\/richemont.swiss\/fr\/","name":"Richemont","description":"","potentialAction":[{"@type":"SearchAction","target":{"@type":"EntryPoint","urlTemplate":"https:\/\/richemont.swiss\/fr\/?s={search_term_string}"},"query-input":{"@type":"PropertyValueSpecification","valueRequired":true,"valueName":"search_term_string"}}],"inLanguage":"fr-FR"}]}},"_links":{"self":[{"href":"https:\/\/richemont.swiss\/fr\/wp-json\/wp\/v2\/pages\/773","targetHints":{"allow":["GET"]}}],"collection":[{"href":"https:\/\/richemont.swiss\/fr\/wp-json\/wp\/v2\/pages"}],"about":[{"href":"https:\/\/richemont.swiss\/fr\/wp-json\/wp\/v2\/types\/page"}],"author":[{"embeddable":true,"href":"https:\/\/richemont.swiss\/fr\/wp-json\/wp\/v2\/users\/1"}],"replies":[{"embeddable":true,"href":"https:\/\/richemont.swiss\/fr\/wp-json\/wp\/v2\/comments?post=773"}],"version-history":[{"count":0,"href":"https:\/\/richemont.swiss\/fr\/wp-json\/wp\/v2\/pages\/773\/revisions"}],"wp:featuredmedia":[{"embeddable":true,"href":"https:\/\/richemont.swiss\/fr\/wp-json\/wp\/v2\/media\/40699"}],"wp:attachment":[{"href":"https:\/\/richemont.swiss\/fr\/wp-json\/wp\/v2\/media?parent=773"}],"curies":[{"name":"wp","href":"https:\/\/api.w.org\/{rel}","templated":true}]}}