{"id":57837,"date":"2025-09-25T10:19:32","date_gmt":"2025-09-25T08:19:32","guid":{"rendered":"https:\/\/richemont.swiss\/?page_id=57837"},"modified":"2025-09-25T14:07:14","modified_gmt":"2025-09-25T12:07:14","slug":"richemontplus-com-la-plateforme-de-formation-pour-des-savoir-faire-savoureux","status":"publish","type":"page","link":"https:\/\/richemont.swiss\/fr\/education\/richemontplus-com-la-plateforme-de-formation-pour-des-savoir-faire-savoureux\/","title":{"rendered":"richemontplus.com \u2013 La plateforme de formation pour des savoir-faire savoureux"},"content":{"rendered":"\n<p><a href=\"https:\/\/richemontplus.com\/en\/\">richemontplus.com<\/a> est la plateforme de formation num\u00e9rique destin\u00e9e aux professionnel\u00b7le\u00b7s des secteurs de la boulangerie, de la p\u00e2tisserie et de la confiserie. Des cours vid\u00e9o pratiques, des articles sp\u00e9cialis\u00e9s approfondis et des recettes \u00e9prouv\u00e9es vous permettent de suivre une formation continue cibl\u00e9e et adapt\u00e9e \u00e0 votre m\u00e9tier.<\/p>\n\n\n\n<h2 class=\"wp-block-heading\" id=\"h-gardez-toujours-une-longueur-d-avance-dans-votre-domaine\">Gardez toujours une longueur d\u2019avance dans votre domaine<\/h2>\n\n\n\n<p>B\u00e9n\u00e9ficiez du savoir-faire pratique issu de l\u2019univers Richemont ainsi que de l\u2019expertise de sp\u00e9cialistes externes. De nouveaux contenus et les derni\u00e8res tendances sont publi\u00e9s r\u00e9guli\u00e8rement pour vous aider \u00e0 approfondir vos comp\u00e9tences professionnelles de mani\u00e8re cibl\u00e9e.<\/p>\n\n\n\n<h2 class=\"wp-block-heading\" id=\"h-commencez-gratuitement-des-maintenant\">Commencez gratuitement d\u00e8s maintenant<\/h2>\n\n\n\n<p>Testez notre plateforme de formation avec l\u2019un de nos cours en ligne gratuits \u2013 de mani\u00e8re flexible et sans engagement. <a href=\"https:\/\/richemontplus.com\/en\/product\/free-trial-courses\/\">Trois cours d\u2019essai <\/a>gratuits vous sont propos\u00e9s sur richemontplus.com.<\/p>\n\n\n\n<h2 class=\"wp-block-heading\" id=\"h-devenez-membre\">Devenez membre<\/h2>\n\n\n\n<p>Avec l\u2019abonnement Premium annuel, vous b\u00e9n\u00e9ficiez d\u2019un acc\u00e8s illimit\u00e9 \u00e0 tous les cours vid\u00e9o, aux recettes classiques et aux articles techniques actualis\u00e9s. D\u00e9couvrez tous les avantages li\u00e9s \u00e0 <a href=\"https:\/\/richemontplus.com\/en\/membership\/\">l\u2019abonnement.<\/a><\/p>\n\n\n\n<p><strong>Remarque : Le site web est disponible en allemand et en anglais.<\/strong><\/p>\n\n\n\n<figure class=\"wp-block-embed is-type-video is-provider-youtube wp-block-embed-youtube wp-embed-aspect-16-9 wp-has-aspect-ratio\"><div class=\"wp-block-embed__wrapper\">\n<iframe loading=\"lazy\" title=\"Richemont+ Trailer EN\" width=\"500\" height=\"281\" src=\"https:\/\/www.youtube.com\/embed\/SsqYRJJKVJI?feature=oembed\" frameborder=\"0\" allow=\"accelerometer; autoplay; clipboard-write; encrypted-media; gyroscope; picture-in-picture; web-share\" referrerpolicy=\"strict-origin-when-cross-origin\" allowfullscreen><\/iframe>\n<\/div><\/figure>\n","protected":false},"excerpt":{"rendered":"<p>richemontplus.com est la plateforme de formation num\u00e9rique destin\u00e9e aux professionnel\u00b7le\u00b7s des secteurs de la boulangerie, de la p\u00e2tisserie et de la confiserie. Des cours vid\u00e9o pratiques, des articles sp\u00e9cialis\u00e9s approfondis et des recettes \u00e9prouv\u00e9es vous permettent de suivre une formation continue cibl\u00e9e et adapt\u00e9e \u00e0 votre m\u00e9tier. Gardez toujours une longueur d\u2019avance dans votre domaine [&hellip;]<\/p>\n","protected":false},"author":2,"featured_media":57791,"parent":793,"menu_order":0,"comment_status":"closed","ping_status":"closed","template":"","meta":{"_acf_changed":true,"footnotes":""},"class_list":["post-57837","page","type-page","status-publish","has-post-thumbnail","hentry"],"acf":[],"yoast_head":"<!-- This site is optimized with the Yoast SEO Premium plugin v26.7 (Yoast SEO v26.7) - https:\/\/yoast.com\/wordpress\/plugins\/seo\/ -->\n<title>Richemontplus - Plateforme de formation num\u00e9rique pour la boulangerie, la p\u00e2tisserie &amp; la confiserie<\/title>\n<meta name=\"description\" content=\"Richemontplus.com est la plateforme de formation num\u00e9rique pour les professionnel\u00b7le\u00b7s de la boulangerie, de la p\u00e2tisserie &amp; de la confiserie. Cours vid\u00e9o pratiques, articles sp\u00e9cialis\u00e9s &amp; recettes \u2013 commencez d\u00e8s maintenant avec des cours d\u2019essai gratuits !\" \/>\n<meta name=\"robots\" content=\"index, follow, max-snippet:-1, max-image-preview:large, max-video-preview:-1\" \/>\n<link rel=\"canonical\" href=\"https:\/\/richemont.swiss\/fr\/education\/richemontplus-com-la-plateforme-de-formation-pour-des-savoir-faire-savoureux\/\" \/>\n<meta property=\"og:locale\" content=\"fr_FR\" \/>\n<meta property=\"og:type\" content=\"article\" \/>\n<meta property=\"og:title\" content=\"richemontplus.com \u2013 La plateforme de formation pour des savoir-faire savoureux\" \/>\n<meta property=\"og:description\" content=\"Richemontplus.com est la plateforme de formation num\u00e9rique pour les professionnel\u00b7le\u00b7s de la boulangerie, de la p\u00e2tisserie &amp; de la confiserie. Cours vid\u00e9o pratiques, articles sp\u00e9cialis\u00e9s &amp; recettes \u2013 commencez d\u00e8s maintenant avec des cours d\u2019essai gratuits !\" \/>\n<meta property=\"og:url\" content=\"https:\/\/richemont.swiss\/fr\/education\/richemontplus-com-la-plateforme-de-formation-pour-des-savoir-faire-savoureux\/\" \/>\n<meta property=\"og:site_name\" content=\"Richemont\" \/>\n<meta property=\"article:modified_time\" content=\"2025-09-25T12:07:14+00:00\" \/>\n<meta property=\"og:image\" content=\"https:\/\/richemont.swiss\/wp-content\/uploads\/2025\/09\/richemontplus-header-h_01b-scaled.jpg\" \/>\n\t<meta property=\"og:image:width\" content=\"2560\" \/>\n\t<meta property=\"og:image:height\" content=\"1208\" \/>\n\t<meta property=\"og:image:type\" content=\"image\/jpeg\" \/>\n<meta name=\"twitter:card\" content=\"summary_large_image\" \/>\n<meta name=\"twitter:label1\" content=\"Dur\u00e9e de lecture estim\u00e9e\" \/>\n\t<meta name=\"twitter:data1\" content=\"2 minutes\" \/>\n<script type=\"application\/ld+json\" class=\"yoast-schema-graph\">{\"@context\":\"https:\/\/schema.org\",\"@graph\":[{\"@type\":\"WebPage\",\"@id\":\"https:\/\/richemont.swiss\/fr\/education\/richemontplus-com-la-plateforme-de-formation-pour-des-savoir-faire-savoureux\/\",\"url\":\"https:\/\/richemont.swiss\/fr\/education\/richemontplus-com-la-plateforme-de-formation-pour-des-savoir-faire-savoureux\/\",\"name\":\"Richemontplus - Plateforme de formation num\u00e9rique pour la boulangerie, la p\u00e2tisserie & la confiserie\",\"isPartOf\":{\"@id\":\"https:\/\/richemont.swiss\/fr\/#website\"},\"primaryImageOfPage\":{\"@id\":\"https:\/\/richemont.swiss\/fr\/education\/richemontplus-com-la-plateforme-de-formation-pour-des-savoir-faire-savoureux\/#primaryimage\"},\"image\":{\"@id\":\"https:\/\/richemont.swiss\/fr\/education\/richemontplus-com-la-plateforme-de-formation-pour-des-savoir-faire-savoureux\/#primaryimage\"},\"thumbnailUrl\":\"https:\/\/richemont.swiss\/wp-content\/uploads\/2025\/09\/richemontplus-header-h_01b-scaled.jpg\",\"datePublished\":\"2025-09-25T08:19:32+00:00\",\"dateModified\":\"2025-09-25T12:07:14+00:00\",\"description\":\"Richemontplus.com est la plateforme de formation num\u00e9rique pour les professionnel\u00b7le\u00b7s de la boulangerie, de la p\u00e2tisserie & de la confiserie. Cours vid\u00e9o pratiques, articles sp\u00e9cialis\u00e9s & recettes \u2013 commencez d\u00e8s maintenant avec des cours d\u2019essai gratuits !\",\"breadcrumb\":{\"@id\":\"https:\/\/richemont.swiss\/fr\/education\/richemontplus-com-la-plateforme-de-formation-pour-des-savoir-faire-savoureux\/#breadcrumb\"},\"inLanguage\":\"fr-FR\",\"potentialAction\":[{\"@type\":\"ReadAction\",\"target\":[\"https:\/\/richemont.swiss\/fr\/education\/richemontplus-com-la-plateforme-de-formation-pour-des-savoir-faire-savoureux\/\"]}]},{\"@type\":\"ImageObject\",\"inLanguage\":\"fr-FR\",\"@id\":\"https:\/\/richemont.swiss\/fr\/education\/richemontplus-com-la-plateforme-de-formation-pour-des-savoir-faire-savoureux\/#primaryimage\",\"url\":\"https:\/\/richemont.swiss\/wp-content\/uploads\/2025\/09\/richemontplus-header-h_01b-scaled.jpg\",\"contentUrl\":\"https:\/\/richemont.swiss\/wp-content\/uploads\/2025\/09\/richemontplus-header-h_01b-scaled.jpg\",\"width\":2560,\"height\":1208,\"caption\":\"richemontplus.com\"},{\"@type\":\"BreadcrumbList\",\"@id\":\"https:\/\/richemont.swiss\/fr\/education\/richemontplus-com-la-plateforme-de-formation-pour-des-savoir-faire-savoureux\/#breadcrumb\",\"itemListElement\":[{\"@type\":\"ListItem\",\"position\":1,\"name\":\"Home\",\"item\":\"https:\/\/richemont.swiss\/fr\/\"},{\"@type\":\"ListItem\",\"position\":2,\"name\":\"Notre passion pour l&rsquo;artisanat\",\"item\":\"https:\/\/richemont.swiss\/fr\/education\/\"},{\"@type\":\"ListItem\",\"position\":3,\"name\":\"richemontplus.com \u2013 La plateforme de formation pour des savoir-faire savoureux\"}]},{\"@type\":\"WebSite\",\"@id\":\"https:\/\/richemont.swiss\/fr\/#website\",\"url\":\"https:\/\/richemont.swiss\/fr\/\",\"name\":\"Richemont\",\"description\":\"\",\"potentialAction\":[{\"@type\":\"SearchAction\",\"target\":{\"@type\":\"EntryPoint\",\"urlTemplate\":\"https:\/\/richemont.swiss\/fr\/?s={search_term_string}\"},\"query-input\":{\"@type\":\"PropertyValueSpecification\",\"valueRequired\":true,\"valueName\":\"search_term_string\"}}],\"inLanguage\":\"fr-FR\"}]}<\/script>\n<!-- \/ Yoast SEO Premium plugin. -->","yoast_head_json":{"title":"Richemontplus - Plateforme de formation num\u00e9rique pour la boulangerie, la p\u00e2tisserie & la confiserie","description":"Richemontplus.com est la plateforme de formation num\u00e9rique pour les professionnel\u00b7le\u00b7s de la boulangerie, de la p\u00e2tisserie & de la confiserie. Cours vid\u00e9o pratiques, articles sp\u00e9cialis\u00e9s & recettes \u2013 commencez d\u00e8s maintenant avec des cours d\u2019essai gratuits !","robots":{"index":"index","follow":"follow","max-snippet":"max-snippet:-1","max-image-preview":"max-image-preview:large","max-video-preview":"max-video-preview:-1"},"canonical":"https:\/\/richemont.swiss\/fr\/education\/richemontplus-com-la-plateforme-de-formation-pour-des-savoir-faire-savoureux\/","og_locale":"fr_FR","og_type":"article","og_title":"richemontplus.com \u2013 La plateforme de formation pour des savoir-faire savoureux","og_description":"Richemontplus.com est la plateforme de formation num\u00e9rique pour les professionnel\u00b7le\u00b7s de la boulangerie, de la p\u00e2tisserie & de la confiserie. Cours vid\u00e9o pratiques, articles sp\u00e9cialis\u00e9s & recettes \u2013 commencez d\u00e8s maintenant avec des cours d\u2019essai gratuits !","og_url":"https:\/\/richemont.swiss\/fr\/education\/richemontplus-com-la-plateforme-de-formation-pour-des-savoir-faire-savoureux\/","og_site_name":"Richemont","article_modified_time":"2025-09-25T12:07:14+00:00","og_image":[{"width":2560,"height":1208,"url":"https:\/\/richemont.swiss\/wp-content\/uploads\/2025\/09\/richemontplus-header-h_01b-scaled.jpg","type":"image\/jpeg"}],"twitter_card":"summary_large_image","twitter_misc":{"Dur\u00e9e de lecture estim\u00e9e":"2 minutes"},"schema":{"@context":"https:\/\/schema.org","@graph":[{"@type":"WebPage","@id":"https:\/\/richemont.swiss\/fr\/education\/richemontplus-com-la-plateforme-de-formation-pour-des-savoir-faire-savoureux\/","url":"https:\/\/richemont.swiss\/fr\/education\/richemontplus-com-la-plateforme-de-formation-pour-des-savoir-faire-savoureux\/","name":"Richemontplus - Plateforme de formation num\u00e9rique pour la boulangerie, la p\u00e2tisserie & la confiserie","isPartOf":{"@id":"https:\/\/richemont.swiss\/fr\/#website"},"primaryImageOfPage":{"@id":"https:\/\/richemont.swiss\/fr\/education\/richemontplus-com-la-plateforme-de-formation-pour-des-savoir-faire-savoureux\/#primaryimage"},"image":{"@id":"https:\/\/richemont.swiss\/fr\/education\/richemontplus-com-la-plateforme-de-formation-pour-des-savoir-faire-savoureux\/#primaryimage"},"thumbnailUrl":"https:\/\/richemont.swiss\/wp-content\/uploads\/2025\/09\/richemontplus-header-h_01b-scaled.jpg","datePublished":"2025-09-25T08:19:32+00:00","dateModified":"2025-09-25T12:07:14+00:00","description":"Richemontplus.com est la plateforme de formation num\u00e9rique pour les professionnel\u00b7le\u00b7s de la boulangerie, de la p\u00e2tisserie & de la confiserie. Cours vid\u00e9o pratiques, articles sp\u00e9cialis\u00e9s & recettes \u2013 commencez d\u00e8s maintenant avec des cours d\u2019essai gratuits !","breadcrumb":{"@id":"https:\/\/richemont.swiss\/fr\/education\/richemontplus-com-la-plateforme-de-formation-pour-des-savoir-faire-savoureux\/#breadcrumb"},"inLanguage":"fr-FR","potentialAction":[{"@type":"ReadAction","target":["https:\/\/richemont.swiss\/fr\/education\/richemontplus-com-la-plateforme-de-formation-pour-des-savoir-faire-savoureux\/"]}]},{"@type":"ImageObject","inLanguage":"fr-FR","@id":"https:\/\/richemont.swiss\/fr\/education\/richemontplus-com-la-plateforme-de-formation-pour-des-savoir-faire-savoureux\/#primaryimage","url":"https:\/\/richemont.swiss\/wp-content\/uploads\/2025\/09\/richemontplus-header-h_01b-scaled.jpg","contentUrl":"https:\/\/richemont.swiss\/wp-content\/uploads\/2025\/09\/richemontplus-header-h_01b-scaled.jpg","width":2560,"height":1208,"caption":"richemontplus.com"},{"@type":"BreadcrumbList","@id":"https:\/\/richemont.swiss\/fr\/education\/richemontplus-com-la-plateforme-de-formation-pour-des-savoir-faire-savoureux\/#breadcrumb","itemListElement":[{"@type":"ListItem","position":1,"name":"Home","item":"https:\/\/richemont.swiss\/fr\/"},{"@type":"ListItem","position":2,"name":"Notre passion pour l&rsquo;artisanat","item":"https:\/\/richemont.swiss\/fr\/education\/"},{"@type":"ListItem","position":3,"name":"richemontplus.com \u2013 La plateforme de formation pour des savoir-faire savoureux"}]},{"@type":"WebSite","@id":"https:\/\/richemont.swiss\/fr\/#website","url":"https:\/\/richemont.swiss\/fr\/","name":"Richemont","description":"","potentialAction":[{"@type":"SearchAction","target":{"@type":"EntryPoint","urlTemplate":"https:\/\/richemont.swiss\/fr\/?s={search_term_string}"},"query-input":{"@type":"PropertyValueSpecification","valueRequired":true,"valueName":"search_term_string"}}],"inLanguage":"fr-FR"}]}},"_links":{"self":[{"href":"https:\/\/richemont.swiss\/fr\/wp-json\/wp\/v2\/pages\/57837","targetHints":{"allow":["GET"]}}],"collection":[{"href":"https:\/\/richemont.swiss\/fr\/wp-json\/wp\/v2\/pages"}],"about":[{"href":"https:\/\/richemont.swiss\/fr\/wp-json\/wp\/v2\/types\/page"}],"author":[{"embeddable":true,"href":"https:\/\/richemont.swiss\/fr\/wp-json\/wp\/v2\/users\/2"}],"replies":[{"embeddable":true,"href":"https:\/\/richemont.swiss\/fr\/wp-json\/wp\/v2\/comments?post=57837"}],"version-history":[{"count":0,"href":"https:\/\/richemont.swiss\/fr\/wp-json\/wp\/v2\/pages\/57837\/revisions"}],"up":[{"embeddable":true,"href":"https:\/\/richemont.swiss\/fr\/wp-json\/wp\/v2\/pages\/793"}],"wp:featuredmedia":[{"embeddable":true,"href":"https:\/\/richemont.swiss\/fr\/wp-json\/wp\/v2\/media\/57791"}],"wp:attachment":[{"href":"https:\/\/richemont.swiss\/fr\/wp-json\/wp\/v2\/media?parent=57837"}],"curies":[{"name":"wp","href":"https:\/\/api.w.org\/{rel}","templated":true}]}}