{"id":5688,"date":"2019-06-04T12:51:39","date_gmt":"2019-06-04T12:51:39","guid":{"rendered":"https:\/\/richemont.swiss\/?page_id=5688"},"modified":"2025-01-03T14:29:21","modified_gmt":"2025-01-03T13:29:21","slug":"conseil-et-formation","status":"publish","type":"page","link":"https:\/\/richemont.swiss\/fr\/prestations\/conseil-et-formation\/","title":{"rendered":"Conseil et formation"},"content":{"rendered":"\n<p>Avec nos sp\u00e9cialistes et nos partenaires externes, nous sommes en mesure de vous apporter une offre de service compl\u00e8te et avec comp\u00e9tences. Les conseils et formations couvrent la gestion d&rsquo;entreprise, la gestion des ressources humaines et la gestion financi\u00e8re. <\/p>\n\n\n\n<h3 class=\"wp-block-heading\" id=\"h-nos-prestations\"><strong>Nos prestations<\/strong><\/h3>\n\n\n\n<ul class=\"wp-block-list\">\n<li>Conseils et formations en gestion d&rsquo;entreprise <\/li>\n\n\n\n<li>Conseils et formations en gestion des collaborateurs <\/li>\n\n\n\n<li>Conseils et formations en gestion financi\u00e8re et fiscale (en association avec la <a href=\"https:\/\/www.sbc-fiduciaire.ch\/\">SBC Fiduciaire SA<\/a>)<\/li>\n\n\n\n<li>Reprise de commerce (en association avec la <a href=\"https:\/\/www.sbc-fiduciaire.ch\/\">SBC Fiduciaire SA<\/a>)<\/li>\n\n\n\n<li>Cr\u00e9ation de boulangerie-confiserie  (en association avec la SBC Fiduciaire SA pour les aspects juridiques et administratifs)<\/li>\n<\/ul>\n\n\n\n<p>Nous \u00e9laborons des solutions individuelles pour vous et avec vous de mani\u00e8re claire, orient\u00e9e vers le succ\u00e8s et en toute confidentialit\u00e9. <\/p>\n\n\n\n<h2 class=\"wp-block-heading\" id=\"h-securite-au-travail-et-bonne-pratique-d-hygiene\"><strong>S\u00e9curit\u00e9 au travail et bonne pratique d&rsquo;hygi\u00e8ne<\/strong><\/h2>\n\n\n\n<p>Avec\nnos sp\u00e9cialistes et les solutions de branches de la BCS, nous sommes en mesure\nde vous apporter une offre de service compl\u00e8te et avec comp\u00e9tences. Les\nconseils et formations couvrent la s\u00e9curit\u00e9 au travail et les bonnes pratiques\nd&rsquo;hygi\u00e8ne.\n\nL&rsquo;ensemble est reconnu par les autorit\u00e9s publiques.\n\n\n\n<\/p>\n\n\n\n<h3 class=\"wp-block-heading\" id=\"h-nos-prestations-0\"><strong>Nos prestations<\/strong><\/h3>\n\n\n\n<ul class=\"wp-block-list\">\n<li>Conseils en s\u00e9curit\u00e9 au travail <\/li>\n\n\n\n<li>Conseils en bonnes pratique d&rsquo;hygi\u00e8ne <\/li>\n\n\n\n<li>Audite <\/li>\n\n\n\n<li>Formation interne <\/li>\n\n\n\n<li>Intervention technique sur place <\/li>\n\n\n\n<li>Gestion administrative <\/li>\n\n\n\n<li>Conseil lors de reprise ou de cr\u00e9ation de commerce <\/li>\n<\/ul>\n\n\n\n<p>Nous \u00e9laborons des solutions individuelles pour vous et avec vous de mani\u00e8re claire, orient\u00e9e vers le succ\u00e8s et en toute confidentialit\u00e9. Plus d&rsquo;information sur les solutions de branche de la BCS.<\/p>\n\n\n\n<h2 class=\"wp-block-heading\" id=\"h-validation-de-competence\"><strong>Validation de comp\u00e9tence<\/strong><\/h2>\n\n\n\n<p>Nous\nsommes \u00e0 disposition pour tester les comp\u00e9tences op\u00e9rationnelles de vos futures\ncollaborateurs et apprentis.\n\nApr\u00e8s nos \u00e9valuations, il vous est possible de connaitre le potentiel\ndes candidats et de leurs apporter les compl\u00e9ments de formations le cas \u00e9chant.\n\n\n\n<\/p>\n\n\n\n<h3 class=\"wp-block-heading\" id=\"h-nos-prestations-1\"><strong>Nos prestations<\/strong><\/h3>\n\n\n\n<ul class=\"wp-block-list\">\n<li>Test d&rsquo;entr\u00e9e pour apprentis <\/li>\n\n\n\n<li>Test d&rsquo;entr\u00e9e pour ouvriers <\/li>\n\n\n\n<li>Bilan de comp\u00e9tence <\/li>\n<\/ul>\n","protected":false},"excerpt":{"rendered":"<p>Avec nos sp\u00e9cialistes et nos partenaires externes, nous sommes en mesure de vous apporter une offre de service compl\u00e8te et avec comp\u00e9tences. Les conseils et formations couvrent la gestion d&rsquo;entreprise, la gestion des ressources humaines et la gestion financi\u00e8re. Nos prestations Nous \u00e9laborons des solutions individuelles pour vous et avec vous de mani\u00e8re claire, orient\u00e9e [&hellip;]<\/p>\n","protected":false},"author":2,"featured_media":2319,"parent":789,"menu_order":500,"comment_status":"closed","ping_status":"closed","template":"","meta":{"_acf_changed":false,"footnotes":""},"class_list":["post-5688","page","type-page","status-publish","has-post-thumbnail","hentry"],"acf":[],"yoast_head":"<!-- This site is optimized with the Yoast SEO Premium plugin v26.7 (Yoast SEO v26.7) - https:\/\/yoast.com\/wordpress\/plugins\/seo\/ -->\n<title>Conseil et formation - Richemont<\/title>\n<meta name=\"robots\" content=\"index, follow, max-snippet:-1, max-image-preview:large, max-video-preview:-1\" \/>\n<link rel=\"canonical\" href=\"https:\/\/richemont.swiss\/fr\/prestations\/conseil-et-formation\/\" \/>\n<meta property=\"og:locale\" content=\"fr_FR\" \/>\n<meta property=\"og:type\" content=\"article\" \/>\n<meta property=\"og:title\" content=\"Conseil et formation\" \/>\n<meta property=\"og:description\" content=\"Avec nos sp\u00e9cialistes et nos partenaires externes, nous sommes en mesure de vous apporter une offre de service compl\u00e8te et avec comp\u00e9tences. Les conseils et formations couvrent la gestion d&rsquo;entreprise, la gestion des ressources humaines et la gestion financi\u00e8re. Nos prestations Nous \u00e9laborons des solutions individuelles pour vous et avec vous de mani\u00e8re claire, orient\u00e9e [&hellip;]\" \/>\n<meta property=\"og:url\" content=\"https:\/\/richemont.swiss\/fr\/prestations\/conseil-et-formation\/\" \/>\n<meta property=\"og:site_name\" content=\"Richemont\" \/>\n<meta property=\"article:modified_time\" content=\"2025-01-03T13:29:21+00:00\" \/>\n<meta property=\"og:image\" content=\"https:\/\/richemont.swiss\/wp-content\/uploads\/2019\/03\/richemont_dienstleistungen_verkauf_12.jpg\" \/>\n\t<meta property=\"og:image:width\" content=\"1200\" \/>\n\t<meta property=\"og:image:height\" content=\"801\" \/>\n\t<meta property=\"og:image:type\" content=\"image\/jpeg\" \/>\n<meta name=\"twitter:card\" content=\"summary_large_image\" \/>\n<meta name=\"twitter:label1\" content=\"Dur\u00e9e de lecture estim\u00e9e\" \/>\n\t<meta name=\"twitter:data1\" content=\"2 minutes\" \/>\n<script type=\"application\/ld+json\" class=\"yoast-schema-graph\">{\"@context\":\"https:\/\/schema.org\",\"@graph\":[{\"@type\":\"WebPage\",\"@id\":\"https:\/\/richemont.swiss\/fr\/prestations\/conseil-et-formation\/\",\"url\":\"https:\/\/richemont.swiss\/fr\/prestations\/conseil-et-formation\/\",\"name\":\"Conseil et formation - Richemont\",\"isPartOf\":{\"@id\":\"https:\/\/richemont.swiss\/fr\/#website\"},\"primaryImageOfPage\":{\"@id\":\"https:\/\/richemont.swiss\/fr\/prestations\/conseil-et-formation\/#primaryimage\"},\"image\":{\"@id\":\"https:\/\/richemont.swiss\/fr\/prestations\/conseil-et-formation\/#primaryimage\"},\"thumbnailUrl\":\"https:\/\/richemont.swiss\/wp-content\/uploads\/2019\/03\/richemont_dienstleistungen_verkauf_12.jpg\",\"datePublished\":\"2019-06-04T12:51:39+00:00\",\"dateModified\":\"2025-01-03T13:29:21+00:00\",\"breadcrumb\":{\"@id\":\"https:\/\/richemont.swiss\/fr\/prestations\/conseil-et-formation\/#breadcrumb\"},\"inLanguage\":\"fr-FR\",\"potentialAction\":[{\"@type\":\"ReadAction\",\"target\":[\"https:\/\/richemont.swiss\/fr\/prestations\/conseil-et-formation\/\"]}]},{\"@type\":\"ImageObject\",\"inLanguage\":\"fr-FR\",\"@id\":\"https:\/\/richemont.swiss\/fr\/prestations\/conseil-et-formation\/#primaryimage\",\"url\":\"https:\/\/richemont.swiss\/wp-content\/uploads\/2019\/03\/richemont_dienstleistungen_verkauf_12.jpg\",\"contentUrl\":\"https:\/\/richemont.swiss\/wp-content\/uploads\/2019\/03\/richemont_dienstleistungen_verkauf_12.jpg\",\"width\":1200,\"height\":801,\"caption\":\"Richemont Dienstleistungen Verkauf Verkaufstraining\"},{\"@type\":\"BreadcrumbList\",\"@id\":\"https:\/\/richemont.swiss\/fr\/prestations\/conseil-et-formation\/#breadcrumb\",\"itemListElement\":[{\"@type\":\"ListItem\",\"position\":1,\"name\":\"Home\",\"item\":\"https:\/\/richemont.swiss\/fr\/\"},{\"@type\":\"ListItem\",\"position\":2,\"name\":\"Services d\u2019un seul fournisseur\",\"item\":\"https:\/\/richemont.swiss\/fr\/prestations\/\"},{\"@type\":\"ListItem\",\"position\":3,\"name\":\"Conseil et formation\"}]},{\"@type\":\"WebSite\",\"@id\":\"https:\/\/richemont.swiss\/fr\/#website\",\"url\":\"https:\/\/richemont.swiss\/fr\/\",\"name\":\"Richemont\",\"description\":\"\",\"potentialAction\":[{\"@type\":\"SearchAction\",\"target\":{\"@type\":\"EntryPoint\",\"urlTemplate\":\"https:\/\/richemont.swiss\/fr\/?s={search_term_string}\"},\"query-input\":{\"@type\":\"PropertyValueSpecification\",\"valueRequired\":true,\"valueName\":\"search_term_string\"}}],\"inLanguage\":\"fr-FR\"}]}<\/script>\n<!-- \/ Yoast SEO Premium plugin. -->","yoast_head_json":{"title":"Conseil et formation - Richemont","robots":{"index":"index","follow":"follow","max-snippet":"max-snippet:-1","max-image-preview":"max-image-preview:large","max-video-preview":"max-video-preview:-1"},"canonical":"https:\/\/richemont.swiss\/fr\/prestations\/conseil-et-formation\/","og_locale":"fr_FR","og_type":"article","og_title":"Conseil et formation","og_description":"Avec nos sp\u00e9cialistes et nos partenaires externes, nous sommes en mesure de vous apporter une offre de service compl\u00e8te et avec comp\u00e9tences. Les conseils et formations couvrent la gestion d&rsquo;entreprise, la gestion des ressources humaines et la gestion financi\u00e8re. Nos prestations Nous \u00e9laborons des solutions individuelles pour vous et avec vous de mani\u00e8re claire, orient\u00e9e [&hellip;]","og_url":"https:\/\/richemont.swiss\/fr\/prestations\/conseil-et-formation\/","og_site_name":"Richemont","article_modified_time":"2025-01-03T13:29:21+00:00","og_image":[{"width":1200,"height":801,"url":"https:\/\/richemont.swiss\/wp-content\/uploads\/2019\/03\/richemont_dienstleistungen_verkauf_12.jpg","type":"image\/jpeg"}],"twitter_card":"summary_large_image","twitter_misc":{"Dur\u00e9e de lecture estim\u00e9e":"2 minutes"},"schema":{"@context":"https:\/\/schema.org","@graph":[{"@type":"WebPage","@id":"https:\/\/richemont.swiss\/fr\/prestations\/conseil-et-formation\/","url":"https:\/\/richemont.swiss\/fr\/prestations\/conseil-et-formation\/","name":"Conseil et formation - Richemont","isPartOf":{"@id":"https:\/\/richemont.swiss\/fr\/#website"},"primaryImageOfPage":{"@id":"https:\/\/richemont.swiss\/fr\/prestations\/conseil-et-formation\/#primaryimage"},"image":{"@id":"https:\/\/richemont.swiss\/fr\/prestations\/conseil-et-formation\/#primaryimage"},"thumbnailUrl":"https:\/\/richemont.swiss\/wp-content\/uploads\/2019\/03\/richemont_dienstleistungen_verkauf_12.jpg","datePublished":"2019-06-04T12:51:39+00:00","dateModified":"2025-01-03T13:29:21+00:00","breadcrumb":{"@id":"https:\/\/richemont.swiss\/fr\/prestations\/conseil-et-formation\/#breadcrumb"},"inLanguage":"fr-FR","potentialAction":[{"@type":"ReadAction","target":["https:\/\/richemont.swiss\/fr\/prestations\/conseil-et-formation\/"]}]},{"@type":"ImageObject","inLanguage":"fr-FR","@id":"https:\/\/richemont.swiss\/fr\/prestations\/conseil-et-formation\/#primaryimage","url":"https:\/\/richemont.swiss\/wp-content\/uploads\/2019\/03\/richemont_dienstleistungen_verkauf_12.jpg","contentUrl":"https:\/\/richemont.swiss\/wp-content\/uploads\/2019\/03\/richemont_dienstleistungen_verkauf_12.jpg","width":1200,"height":801,"caption":"Richemont Dienstleistungen Verkauf Verkaufstraining"},{"@type":"BreadcrumbList","@id":"https:\/\/richemont.swiss\/fr\/prestations\/conseil-et-formation\/#breadcrumb","itemListElement":[{"@type":"ListItem","position":1,"name":"Home","item":"https:\/\/richemont.swiss\/fr\/"},{"@type":"ListItem","position":2,"name":"Services d\u2019un seul fournisseur","item":"https:\/\/richemont.swiss\/fr\/prestations\/"},{"@type":"ListItem","position":3,"name":"Conseil et formation"}]},{"@type":"WebSite","@id":"https:\/\/richemont.swiss\/fr\/#website","url":"https:\/\/richemont.swiss\/fr\/","name":"Richemont","description":"","potentialAction":[{"@type":"SearchAction","target":{"@type":"EntryPoint","urlTemplate":"https:\/\/richemont.swiss\/fr\/?s={search_term_string}"},"query-input":{"@type":"PropertyValueSpecification","valueRequired":true,"valueName":"search_term_string"}}],"inLanguage":"fr-FR"}]}},"_links":{"self":[{"href":"https:\/\/richemont.swiss\/fr\/wp-json\/wp\/v2\/pages\/5688","targetHints":{"allow":["GET"]}}],"collection":[{"href":"https:\/\/richemont.swiss\/fr\/wp-json\/wp\/v2\/pages"}],"about":[{"href":"https:\/\/richemont.swiss\/fr\/wp-json\/wp\/v2\/types\/page"}],"author":[{"embeddable":true,"href":"https:\/\/richemont.swiss\/fr\/wp-json\/wp\/v2\/users\/2"}],"replies":[{"embeddable":true,"href":"https:\/\/richemont.swiss\/fr\/wp-json\/wp\/v2\/comments?post=5688"}],"version-history":[{"count":0,"href":"https:\/\/richemont.swiss\/fr\/wp-json\/wp\/v2\/pages\/5688\/revisions"}],"up":[{"embeddable":true,"href":"https:\/\/richemont.swiss\/fr\/wp-json\/wp\/v2\/pages\/789"}],"wp:featuredmedia":[{"embeddable":true,"href":"https:\/\/richemont.swiss\/fr\/wp-json\/wp\/v2\/media\/2319"}],"wp:attachment":[{"href":"https:\/\/richemont.swiss\/fr\/wp-json\/wp\/v2\/media?parent=5688"}],"curies":[{"name":"wp","href":"https:\/\/api.w.org\/{rel}","templated":true}]}}