{"id":53166,"date":"2024-12-13T16:03:47","date_gmt":"2024-12-13T15:03:47","guid":{"rendered":"https:\/\/richemont.swiss\/?page_id=53166"},"modified":"2024-12-18T13:36:36","modified_gmt":"2024-12-18T12:36:36","slug":"durabilite-dans-la-formation-et-dans-lentreprise","status":"publish","type":"page","link":"https:\/\/richemont.swiss\/fr\/entreprise\/durabilite-dans-la-formation-et-dans-lentreprise\/","title":{"rendered":"Durabilit\u00e9 dans la formation et dans l\u2019entreprise"},"content":{"rendered":"\n<p>Dans toutes nos offres de formation, nous v\u00e9hiculons un esprit et des actions \u00e9co-responsables et adoptons cette attitude exemplaire dans toute l\u2019entreprise. Nous encourageons l\u2019utilisation de produits r\u00e9gionaux et de saison et soutenons les producteurs locaux afin de minimiser l\u2019impact sur l\u2019environnement. De plus, nous utilisons des technologies modernes (solaire) afin d\u2019\u00e9conomiser l\u2019\u00e9nergie et l\u2019eau.<\/p>\n\n\n\n<p>Nous nous engageons \u00e0 r\u00e9duire le gaspillage alimentaire et \u00e0 faire en sorte que les aliments ne soient pas jet\u00e9s, mais r\u00e9utilis\u00e9s ou redistribu\u00e9s.<\/p>\n\n\n\n<h2 class=\"wp-block-heading\" id=\"h-united-against-waste\">United Against Waste<\/h2>\n\n\n\n<p>En tant que membre de l\u2019association <a href=\"https:\/\/united-against-waste.ch\/fr\/\">UNITED AGAINST WASTE<\/a> nous nous engageons \u00e0 prendre une s\u00e9rie de mesures concr\u00e8tes pour aider la branche \u00e0 pr\u00e9venir les d\u00e9chets et \u00e0 promouvoir les pratiques durables.<\/p>\n\n\n\n<ul class=\"wp-block-list\">\n<li>Collaboration active \u00e0 des projets dans le cadre de programmes \u00ab\u00a0Food-Save\u00a0\u00bb<\/li>\n\n\n\n<li>D\u00e9veloppement d\u2019id\u00e9es pour la pr\u00e9vention des d\u00e9chets<\/li>\n\n\n\n<li>Transmission de connaissances \u00e0 tous les niveaux de l\u2019enseignement afin d\u2019\u00e9tablir des processus respectueux de l\u2019environnement dans les boulangeries<\/li>\n<\/ul>\n\n\n\n<h2 class=\"wp-block-heading\" id=\"h-foodwaste-ch\">foodwaste.ch<\/h2>\n\n\n\n<p>Nous faisons partie du projet de <a href=\"https:\/\/foodwaste.ch\/fr\/\">foodwaste.ch<\/a>. Cette organisation \u00e0 but non lucratif soutient 15 000 d\u00e9taillants de petite et moyenne taille dans la vente de produits \u00e0 dur\u00e9e de conservation prolong\u00e9e (MHD+), comme le permet la loi. Rien que cela permettrait d\u2019\u00e9viter le gaspillage alimentaire de 20 000 \u00e0 30 000 tonnes par an. La base juridique a \u00e9t\u00e9 cr\u00e9\u00e9e en 2021 par la Haute \u00e9cole zurichoise des sciences appliqu\u00e9es (ZHAW) sur mandat de l\u2019Office f\u00e9d\u00e9ral de la s\u00e9curit\u00e9 alimentaire et des affaires v\u00e9t\u00e9rinaires (OSAV).<\/p>\n\n\n\n<h2 class=\"wp-block-heading\" id=\"h-too-good-to-go\">Too Good To Go<\/h2>\n\n\n\n<p>De plus, nous sommes partenaires de <a href=\"https:\/\/www.toogoodtogo.com\/fr\">Too Good To Go<\/a>. Tous les jours \u00e0 partir de 17 heures, nous proposons des sacs de denr\u00e9es alimentaires invendues, mais n\u00e9anmoins consommables, \u00e0 un prix r\u00e9duit.<\/p>\n\n\n\n<p><\/p>\n","protected":false},"excerpt":{"rendered":"<p>Dans toutes nos offres de formation, nous v\u00e9hiculons un esprit et des actions \u00e9co-responsables et adoptons cette attitude exemplaire dans toute l\u2019entreprise. Nous encourageons l\u2019utilisation de produits r\u00e9gionaux et de saison et soutenons les producteurs locaux afin de minimiser l\u2019impact sur l\u2019environnement. De plus, nous utilisons des technologies modernes (solaire) afin d\u2019\u00e9conomiser l\u2019\u00e9nergie et l\u2019eau. [&hellip;]<\/p>\n","protected":false},"author":2,"featured_media":53142,"parent":773,"menu_order":610,"comment_status":"closed","ping_status":"closed","template":"","meta":{"_acf_changed":true,"footnotes":""},"class_list":["post-53166","page","type-page","status-publish","has-post-thumbnail","hentry"],"acf":[],"yoast_head":"<!-- This site is optimized with the Yoast SEO Premium plugin v26.7 (Yoast SEO v26.7) - https:\/\/yoast.com\/wordpress\/plugins\/seo\/ -->\n<title>Durabilit\u00e9 dans la formation et dans l\u2019entreprise - Richemont<\/title>\n<meta name=\"robots\" content=\"index, follow, max-snippet:-1, max-image-preview:large, max-video-preview:-1\" \/>\n<link rel=\"canonical\" href=\"https:\/\/richemont.swiss\/fr\/entreprise\/durabilite-dans-la-formation-et-dans-lentreprise\/\" \/>\n<meta property=\"og:locale\" content=\"fr_FR\" \/>\n<meta property=\"og:type\" content=\"article\" \/>\n<meta property=\"og:title\" content=\"Durabilit\u00e9 dans la formation et dans l\u2019entreprise\" \/>\n<meta property=\"og:description\" content=\"Dans toutes nos offres de formation, nous v\u00e9hiculons un esprit et des actions \u00e9co-responsables et adoptons cette attitude exemplaire dans toute l\u2019entreprise. Nous encourageons l\u2019utilisation de produits r\u00e9gionaux et de saison et soutenons les producteurs locaux afin de minimiser l\u2019impact sur l\u2019environnement. De plus, nous utilisons des technologies modernes (solaire) afin d\u2019\u00e9conomiser l\u2019\u00e9nergie et l\u2019eau. [&hellip;]\" \/>\n<meta property=\"og:url\" content=\"https:\/\/richemont.swiss\/fr\/entreprise\/durabilite-dans-la-formation-et-dans-lentreprise\/\" \/>\n<meta property=\"og:site_name\" content=\"Richemont\" \/>\n<meta property=\"article:modified_time\" content=\"2024-12-18T12:36:36+00:00\" \/>\n<meta property=\"og:image\" content=\"https:\/\/richemont.swiss\/wp-content\/uploads\/2024\/12\/richemont_unternehmen_fachschule_55-scaled.jpg\" \/>\n\t<meta property=\"og:image:width\" content=\"2560\" \/>\n\t<meta property=\"og:image:height\" content=\"970\" \/>\n\t<meta property=\"og:image:type\" content=\"image\/jpeg\" \/>\n<meta name=\"twitter:card\" content=\"summary_large_image\" \/>\n<meta name=\"twitter:label1\" content=\"Dur\u00e9e de lecture estim\u00e9e\" \/>\n\t<meta name=\"twitter:data1\" content=\"2 minutes\" \/>\n<script type=\"application\/ld+json\" class=\"yoast-schema-graph\">{\"@context\":\"https:\/\/schema.org\",\"@graph\":[{\"@type\":\"WebPage\",\"@id\":\"https:\/\/richemont.swiss\/fr\/entreprise\/durabilite-dans-la-formation-et-dans-lentreprise\/\",\"url\":\"https:\/\/richemont.swiss\/fr\/entreprise\/durabilite-dans-la-formation-et-dans-lentreprise\/\",\"name\":\"Durabilit\u00e9 dans la formation et dans l\u2019entreprise - Richemont\",\"isPartOf\":{\"@id\":\"https:\/\/richemont.swiss\/fr\/#website\"},\"primaryImageOfPage\":{\"@id\":\"https:\/\/richemont.swiss\/fr\/entreprise\/durabilite-dans-la-formation-et-dans-lentreprise\/#primaryimage\"},\"image\":{\"@id\":\"https:\/\/richemont.swiss\/fr\/entreprise\/durabilite-dans-la-formation-et-dans-lentreprise\/#primaryimage\"},\"thumbnailUrl\":\"https:\/\/richemont.swiss\/wp-content\/uploads\/2024\/12\/richemont_unternehmen_fachschule_55-scaled.jpg\",\"datePublished\":\"2024-12-13T15:03:47+00:00\",\"dateModified\":\"2024-12-18T12:36:36+00:00\",\"breadcrumb\":{\"@id\":\"https:\/\/richemont.swiss\/fr\/entreprise\/durabilite-dans-la-formation-et-dans-lentreprise\/#breadcrumb\"},\"inLanguage\":\"fr-FR\",\"potentialAction\":[{\"@type\":\"ReadAction\",\"target\":[\"https:\/\/richemont.swiss\/fr\/entreprise\/durabilite-dans-la-formation-et-dans-lentreprise\/\"]}]},{\"@type\":\"ImageObject\",\"inLanguage\":\"fr-FR\",\"@id\":\"https:\/\/richemont.swiss\/fr\/entreprise\/durabilite-dans-la-formation-et-dans-lentreprise\/#primaryimage\",\"url\":\"https:\/\/richemont.swiss\/wp-content\/uploads\/2024\/12\/richemont_unternehmen_fachschule_55-scaled.jpg\",\"contentUrl\":\"https:\/\/richemont.swiss\/wp-content\/uploads\/2024\/12\/richemont_unternehmen_fachschule_55-scaled.jpg\",\"width\":2560,\"height\":970},{\"@type\":\"BreadcrumbList\",\"@id\":\"https:\/\/richemont.swiss\/fr\/entreprise\/durabilite-dans-la-formation-et-dans-lentreprise\/#breadcrumb\",\"itemListElement\":[{\"@type\":\"ListItem\",\"position\":1,\"name\":\"Home\",\"item\":\"https:\/\/richemont.swiss\/fr\/\"},{\"@type\":\"ListItem\",\"position\":2,\"name\":\"Richemont centre de comp\u00e9tences\",\"item\":\"https:\/\/richemont.swiss\/fr\/entreprise\/\"},{\"@type\":\"ListItem\",\"position\":3,\"name\":\"Durabilit\u00e9 dans la formation et dans l\u2019entreprise\"}]},{\"@type\":\"WebSite\",\"@id\":\"https:\/\/richemont.swiss\/fr\/#website\",\"url\":\"https:\/\/richemont.swiss\/fr\/\",\"name\":\"Richemont\",\"description\":\"\",\"potentialAction\":[{\"@type\":\"SearchAction\",\"target\":{\"@type\":\"EntryPoint\",\"urlTemplate\":\"https:\/\/richemont.swiss\/fr\/?s={search_term_string}\"},\"query-input\":{\"@type\":\"PropertyValueSpecification\",\"valueRequired\":true,\"valueName\":\"search_term_string\"}}],\"inLanguage\":\"fr-FR\"}]}<\/script>\n<!-- \/ Yoast SEO Premium plugin. -->","yoast_head_json":{"title":"Durabilit\u00e9 dans la formation et dans l\u2019entreprise - Richemont","robots":{"index":"index","follow":"follow","max-snippet":"max-snippet:-1","max-image-preview":"max-image-preview:large","max-video-preview":"max-video-preview:-1"},"canonical":"https:\/\/richemont.swiss\/fr\/entreprise\/durabilite-dans-la-formation-et-dans-lentreprise\/","og_locale":"fr_FR","og_type":"article","og_title":"Durabilit\u00e9 dans la formation et dans l\u2019entreprise","og_description":"Dans toutes nos offres de formation, nous v\u00e9hiculons un esprit et des actions \u00e9co-responsables et adoptons cette attitude exemplaire dans toute l\u2019entreprise. Nous encourageons l\u2019utilisation de produits r\u00e9gionaux et de saison et soutenons les producteurs locaux afin de minimiser l\u2019impact sur l\u2019environnement. De plus, nous utilisons des technologies modernes (solaire) afin d\u2019\u00e9conomiser l\u2019\u00e9nergie et l\u2019eau. [&hellip;]","og_url":"https:\/\/richemont.swiss\/fr\/entreprise\/durabilite-dans-la-formation-et-dans-lentreprise\/","og_site_name":"Richemont","article_modified_time":"2024-12-18T12:36:36+00:00","og_image":[{"width":2560,"height":970,"url":"https:\/\/richemont.swiss\/wp-content\/uploads\/2024\/12\/richemont_unternehmen_fachschule_55-scaled.jpg","type":"image\/jpeg"}],"twitter_card":"summary_large_image","twitter_misc":{"Dur\u00e9e de lecture estim\u00e9e":"2 minutes"},"schema":{"@context":"https:\/\/schema.org","@graph":[{"@type":"WebPage","@id":"https:\/\/richemont.swiss\/fr\/entreprise\/durabilite-dans-la-formation-et-dans-lentreprise\/","url":"https:\/\/richemont.swiss\/fr\/entreprise\/durabilite-dans-la-formation-et-dans-lentreprise\/","name":"Durabilit\u00e9 dans la formation et dans l\u2019entreprise - Richemont","isPartOf":{"@id":"https:\/\/richemont.swiss\/fr\/#website"},"primaryImageOfPage":{"@id":"https:\/\/richemont.swiss\/fr\/entreprise\/durabilite-dans-la-formation-et-dans-lentreprise\/#primaryimage"},"image":{"@id":"https:\/\/richemont.swiss\/fr\/entreprise\/durabilite-dans-la-formation-et-dans-lentreprise\/#primaryimage"},"thumbnailUrl":"https:\/\/richemont.swiss\/wp-content\/uploads\/2024\/12\/richemont_unternehmen_fachschule_55-scaled.jpg","datePublished":"2024-12-13T15:03:47+00:00","dateModified":"2024-12-18T12:36:36+00:00","breadcrumb":{"@id":"https:\/\/richemont.swiss\/fr\/entreprise\/durabilite-dans-la-formation-et-dans-lentreprise\/#breadcrumb"},"inLanguage":"fr-FR","potentialAction":[{"@type":"ReadAction","target":["https:\/\/richemont.swiss\/fr\/entreprise\/durabilite-dans-la-formation-et-dans-lentreprise\/"]}]},{"@type":"ImageObject","inLanguage":"fr-FR","@id":"https:\/\/richemont.swiss\/fr\/entreprise\/durabilite-dans-la-formation-et-dans-lentreprise\/#primaryimage","url":"https:\/\/richemont.swiss\/wp-content\/uploads\/2024\/12\/richemont_unternehmen_fachschule_55-scaled.jpg","contentUrl":"https:\/\/richemont.swiss\/wp-content\/uploads\/2024\/12\/richemont_unternehmen_fachschule_55-scaled.jpg","width":2560,"height":970},{"@type":"BreadcrumbList","@id":"https:\/\/richemont.swiss\/fr\/entreprise\/durabilite-dans-la-formation-et-dans-lentreprise\/#breadcrumb","itemListElement":[{"@type":"ListItem","position":1,"name":"Home","item":"https:\/\/richemont.swiss\/fr\/"},{"@type":"ListItem","position":2,"name":"Richemont centre de comp\u00e9tences","item":"https:\/\/richemont.swiss\/fr\/entreprise\/"},{"@type":"ListItem","position":3,"name":"Durabilit\u00e9 dans la formation et dans l\u2019entreprise"}]},{"@type":"WebSite","@id":"https:\/\/richemont.swiss\/fr\/#website","url":"https:\/\/richemont.swiss\/fr\/","name":"Richemont","description":"","potentialAction":[{"@type":"SearchAction","target":{"@type":"EntryPoint","urlTemplate":"https:\/\/richemont.swiss\/fr\/?s={search_term_string}"},"query-input":{"@type":"PropertyValueSpecification","valueRequired":true,"valueName":"search_term_string"}}],"inLanguage":"fr-FR"}]}},"_links":{"self":[{"href":"https:\/\/richemont.swiss\/fr\/wp-json\/wp\/v2\/pages\/53166","targetHints":{"allow":["GET"]}}],"collection":[{"href":"https:\/\/richemont.swiss\/fr\/wp-json\/wp\/v2\/pages"}],"about":[{"href":"https:\/\/richemont.swiss\/fr\/wp-json\/wp\/v2\/types\/page"}],"author":[{"embeddable":true,"href":"https:\/\/richemont.swiss\/fr\/wp-json\/wp\/v2\/users\/2"}],"replies":[{"embeddable":true,"href":"https:\/\/richemont.swiss\/fr\/wp-json\/wp\/v2\/comments?post=53166"}],"version-history":[{"count":0,"href":"https:\/\/richemont.swiss\/fr\/wp-json\/wp\/v2\/pages\/53166\/revisions"}],"up":[{"embeddable":true,"href":"https:\/\/richemont.swiss\/fr\/wp-json\/wp\/v2\/pages\/773"}],"wp:featuredmedia":[{"embeddable":true,"href":"https:\/\/richemont.swiss\/fr\/wp-json\/wp\/v2\/media\/53142"}],"wp:attachment":[{"href":"https:\/\/richemont.swiss\/fr\/wp-json\/wp\/v2\/media?parent=53166"}],"curies":[{"name":"wp","href":"https:\/\/api.w.org\/{rel}","templated":true}]}}