{"id":3950,"date":"2019-02-18T10:39:49","date_gmt":"2019-02-18T09:39:49","guid":{"rendered":"https:\/\/richemont.swiss\/?page_id=3950"},"modified":"2024-09-17T08:10:58","modified_gmt":"2024-09-17T06:10:58","slug":"lois-et-ordonnances","status":"publish","type":"page","link":"https:\/\/richemont.swiss\/fr\/prestations\/gestion-de-la-qualite\/lois-et-ordonnances\/","title":{"rendered":"Ce que vous devriez savoir"},"content":{"rendered":"\n<p>Afin que vous soyez toujours au courant de ce qui se passe dans le domaine de la l\u00e9gislation alimentaire, vous trouverez ici la structure des ordonnances, la loi actuelle sur les denr\u00e9es alimentaires et les ordonnances y aff\u00e9rentes.<\/p>\n\n\n\n<ul class=\"wp-block-list\">\n<li><a href=\"https:\/\/www.blv.admin.ch\/blv\/fr\/home\/lebensmittel-und-ernaehrung\/rechts-und-vollzugsgrundlagen\/gesetzgebung-lme.html\">Structure des ordonnances<\/a><\/li>\n\n\n\n<li><a href=\"https:\/\/www.fedlex.admin.ch\/eli\/cc\/2017\/62\/fr\">Loi sur les denr\u00e9es alimentaires<\/a><\/li>\n\n\n\n<li><a href=\"https:\/\/www.blv.admin.ch\/blv\/fr\/home\/lebensmittel-und-ernaehrung\/rechts-und-vollzugsgrundlagen\/gesetzgebung-lme.html\">Ordonnances<\/a><\/li>\n<\/ul>\n","protected":false},"excerpt":{"rendered":"<p>Afin que vous soyez toujours au courant de ce qui se passe dans le domaine de la l\u00e9gislation alimentaire, vous trouverez ici la structure des ordonnances, la loi actuelle sur les denr\u00e9es alimentaires et les ordonnances y aff\u00e9rentes.<\/p>\n","protected":false},"author":2,"featured_media":6750,"parent":797,"menu_order":440,"comment_status":"closed","ping_status":"closed","template":"","meta":{"_acf_changed":false,"footnotes":""},"class_list":["post-3950","page","type-page","status-publish","has-post-thumbnail","hentry"],"acf":[],"yoast_head":"<!-- This site is optimized with the Yoast SEO Premium plugin v26.7 (Yoast SEO v26.7) - https:\/\/yoast.com\/wordpress\/plugins\/seo\/ -->\n<title>Lois et ordonnances - Richemont \u00e9cole professionnelle<\/title>\n<meta name=\"description\" content=\"Lois et ordonnances: pour vous tenir au courant, vous trouverez ici des informations et des faits int\u00e9ressants sur la l\u00e9gislation alimentaire.\" \/>\n<meta name=\"robots\" content=\"index, follow, max-snippet:-1, max-image-preview:large, max-video-preview:-1\" \/>\n<link rel=\"canonical\" href=\"https:\/\/richemont.swiss\/fr\/prestations\/gestion-de-la-qualite\/lois-et-ordonnances\/\" \/>\n<meta property=\"og:locale\" content=\"fr_FR\" \/>\n<meta property=\"og:type\" content=\"article\" \/>\n<meta property=\"og:title\" content=\"Ce que vous devriez savoir\" \/>\n<meta property=\"og:description\" content=\"Lois et ordonnances: pour vous tenir au courant, vous trouverez ici des informations et des faits int\u00e9ressants sur la l\u00e9gislation alimentaire.\" \/>\n<meta property=\"og:url\" content=\"https:\/\/richemont.swiss\/fr\/prestations\/gestion-de-la-qualite\/lois-et-ordonnances\/\" \/>\n<meta property=\"og:site_name\" content=\"Richemont\" \/>\n<meta property=\"article:modified_time\" content=\"2024-09-17T06:10:58+00:00\" \/>\n<meta property=\"og:image\" content=\"https:\/\/richemont.swiss\/wp-content\/uploads\/2019\/06\/richemont_laboratoire_08.jpg\" \/>\n\t<meta property=\"og:image:width\" content=\"4500\" \/>\n\t<meta property=\"og:image:height\" content=\"3000\" \/>\n\t<meta property=\"og:image:type\" content=\"image\/jpeg\" \/>\n<meta name=\"twitter:card\" content=\"summary_large_image\" \/>\n<meta name=\"twitter:label1\" content=\"Dur\u00e9e de lecture estim\u00e9e\" \/>\n\t<meta name=\"twitter:data1\" content=\"1 minute\" \/>\n<script type=\"application\/ld+json\" class=\"yoast-schema-graph\">{\"@context\":\"https:\/\/schema.org\",\"@graph\":[{\"@type\":\"WebPage\",\"@id\":\"https:\/\/richemont.swiss\/fr\/prestations\/gestion-de-la-qualite\/lois-et-ordonnances\/\",\"url\":\"https:\/\/richemont.swiss\/fr\/prestations\/gestion-de-la-qualite\/lois-et-ordonnances\/\",\"name\":\"Lois et ordonnances - Richemont \u00e9cole professionnelle\",\"isPartOf\":{\"@id\":\"https:\/\/richemont.swiss\/fr\/#website\"},\"primaryImageOfPage\":{\"@id\":\"https:\/\/richemont.swiss\/fr\/prestations\/gestion-de-la-qualite\/lois-et-ordonnances\/#primaryimage\"},\"image\":{\"@id\":\"https:\/\/richemont.swiss\/fr\/prestations\/gestion-de-la-qualite\/lois-et-ordonnances\/#primaryimage\"},\"thumbnailUrl\":\"https:\/\/richemont.swiss\/wp-content\/uploads\/2019\/06\/richemont_laboratoire_08.jpg\",\"datePublished\":\"2019-02-18T09:39:49+00:00\",\"dateModified\":\"2024-09-17T06:10:58+00:00\",\"description\":\"Lois et ordonnances: pour vous tenir au courant, vous trouverez ici des informations et des faits int\u00e9ressants sur la l\u00e9gislation alimentaire.\",\"breadcrumb\":{\"@id\":\"https:\/\/richemont.swiss\/fr\/prestations\/gestion-de-la-qualite\/lois-et-ordonnances\/#breadcrumb\"},\"inLanguage\":\"fr-FR\",\"potentialAction\":[{\"@type\":\"ReadAction\",\"target\":[\"https:\/\/richemont.swiss\/fr\/prestations\/gestion-de-la-qualite\/lois-et-ordonnances\/\"]}]},{\"@type\":\"ImageObject\",\"inLanguage\":\"fr-FR\",\"@id\":\"https:\/\/richemont.swiss\/fr\/prestations\/gestion-de-la-qualite\/lois-et-ordonnances\/#primaryimage\",\"url\":\"https:\/\/richemont.swiss\/wp-content\/uploads\/2019\/06\/richemont_laboratoire_08.jpg\",\"contentUrl\":\"https:\/\/richemont.swiss\/wp-content\/uploads\/2019\/06\/richemont_laboratoire_08.jpg\",\"width\":4500,\"height\":3000,\"caption\":\"Lois et ordonnances - Richemont \u00e9cole professionnelle\"},{\"@type\":\"BreadcrumbList\",\"@id\":\"https:\/\/richemont.swiss\/fr\/prestations\/gestion-de-la-qualite\/lois-et-ordonnances\/#breadcrumb\",\"itemListElement\":[{\"@type\":\"ListItem\",\"position\":1,\"name\":\"Home\",\"item\":\"https:\/\/richemont.swiss\/fr\/\"},{\"@type\":\"ListItem\",\"position\":2,\"name\":\"Services d\u2019un seul fournisseur\",\"item\":\"https:\/\/richemont.swiss\/fr\/prestations\/\"},{\"@type\":\"ListItem\",\"position\":3,\"name\":\"Comp\u00e9tences d&#8217;un seul tenant\",\"item\":\"https:\/\/richemont.swiss\/fr\/prestations\/gestion-de-la-qualite\/\"},{\"@type\":\"ListItem\",\"position\":4,\"name\":\"Ce que vous devriez savoir\"}]},{\"@type\":\"WebSite\",\"@id\":\"https:\/\/richemont.swiss\/fr\/#website\",\"url\":\"https:\/\/richemont.swiss\/fr\/\",\"name\":\"Richemont\",\"description\":\"\",\"potentialAction\":[{\"@type\":\"SearchAction\",\"target\":{\"@type\":\"EntryPoint\",\"urlTemplate\":\"https:\/\/richemont.swiss\/fr\/?s={search_term_string}\"},\"query-input\":{\"@type\":\"PropertyValueSpecification\",\"valueRequired\":true,\"valueName\":\"search_term_string\"}}],\"inLanguage\":\"fr-FR\"}]}<\/script>\n<!-- \/ Yoast SEO Premium plugin. -->","yoast_head_json":{"title":"Lois et ordonnances - Richemont \u00e9cole professionnelle","description":"Lois et ordonnances: pour vous tenir au courant, vous trouverez ici des informations et des faits int\u00e9ressants sur la l\u00e9gislation alimentaire.","robots":{"index":"index","follow":"follow","max-snippet":"max-snippet:-1","max-image-preview":"max-image-preview:large","max-video-preview":"max-video-preview:-1"},"canonical":"https:\/\/richemont.swiss\/fr\/prestations\/gestion-de-la-qualite\/lois-et-ordonnances\/","og_locale":"fr_FR","og_type":"article","og_title":"Ce que vous devriez savoir","og_description":"Lois et ordonnances: pour vous tenir au courant, vous trouverez ici des informations et des faits int\u00e9ressants sur la l\u00e9gislation alimentaire.","og_url":"https:\/\/richemont.swiss\/fr\/prestations\/gestion-de-la-qualite\/lois-et-ordonnances\/","og_site_name":"Richemont","article_modified_time":"2024-09-17T06:10:58+00:00","og_image":[{"width":4500,"height":3000,"url":"https:\/\/richemont.swiss\/wp-content\/uploads\/2019\/06\/richemont_laboratoire_08.jpg","type":"image\/jpeg"}],"twitter_card":"summary_large_image","twitter_misc":{"Dur\u00e9e de lecture estim\u00e9e":"1 minute"},"schema":{"@context":"https:\/\/schema.org","@graph":[{"@type":"WebPage","@id":"https:\/\/richemont.swiss\/fr\/prestations\/gestion-de-la-qualite\/lois-et-ordonnances\/","url":"https:\/\/richemont.swiss\/fr\/prestations\/gestion-de-la-qualite\/lois-et-ordonnances\/","name":"Lois et ordonnances - Richemont \u00e9cole professionnelle","isPartOf":{"@id":"https:\/\/richemont.swiss\/fr\/#website"},"primaryImageOfPage":{"@id":"https:\/\/richemont.swiss\/fr\/prestations\/gestion-de-la-qualite\/lois-et-ordonnances\/#primaryimage"},"image":{"@id":"https:\/\/richemont.swiss\/fr\/prestations\/gestion-de-la-qualite\/lois-et-ordonnances\/#primaryimage"},"thumbnailUrl":"https:\/\/richemont.swiss\/wp-content\/uploads\/2019\/06\/richemont_laboratoire_08.jpg","datePublished":"2019-02-18T09:39:49+00:00","dateModified":"2024-09-17T06:10:58+00:00","description":"Lois et ordonnances: pour vous tenir au courant, vous trouverez ici des informations et des faits int\u00e9ressants sur la l\u00e9gislation alimentaire.","breadcrumb":{"@id":"https:\/\/richemont.swiss\/fr\/prestations\/gestion-de-la-qualite\/lois-et-ordonnances\/#breadcrumb"},"inLanguage":"fr-FR","potentialAction":[{"@type":"ReadAction","target":["https:\/\/richemont.swiss\/fr\/prestations\/gestion-de-la-qualite\/lois-et-ordonnances\/"]}]},{"@type":"ImageObject","inLanguage":"fr-FR","@id":"https:\/\/richemont.swiss\/fr\/prestations\/gestion-de-la-qualite\/lois-et-ordonnances\/#primaryimage","url":"https:\/\/richemont.swiss\/wp-content\/uploads\/2019\/06\/richemont_laboratoire_08.jpg","contentUrl":"https:\/\/richemont.swiss\/wp-content\/uploads\/2019\/06\/richemont_laboratoire_08.jpg","width":4500,"height":3000,"caption":"Lois et ordonnances - Richemont \u00e9cole professionnelle"},{"@type":"BreadcrumbList","@id":"https:\/\/richemont.swiss\/fr\/prestations\/gestion-de-la-qualite\/lois-et-ordonnances\/#breadcrumb","itemListElement":[{"@type":"ListItem","position":1,"name":"Home","item":"https:\/\/richemont.swiss\/fr\/"},{"@type":"ListItem","position":2,"name":"Services d\u2019un seul fournisseur","item":"https:\/\/richemont.swiss\/fr\/prestations\/"},{"@type":"ListItem","position":3,"name":"Comp\u00e9tences d&#8217;un seul tenant","item":"https:\/\/richemont.swiss\/fr\/prestations\/gestion-de-la-qualite\/"},{"@type":"ListItem","position":4,"name":"Ce que vous devriez savoir"}]},{"@type":"WebSite","@id":"https:\/\/richemont.swiss\/fr\/#website","url":"https:\/\/richemont.swiss\/fr\/","name":"Richemont","description":"","potentialAction":[{"@type":"SearchAction","target":{"@type":"EntryPoint","urlTemplate":"https:\/\/richemont.swiss\/fr\/?s={search_term_string}"},"query-input":{"@type":"PropertyValueSpecification","valueRequired":true,"valueName":"search_term_string"}}],"inLanguage":"fr-FR"}]}},"_links":{"self":[{"href":"https:\/\/richemont.swiss\/fr\/wp-json\/wp\/v2\/pages\/3950","targetHints":{"allow":["GET"]}}],"collection":[{"href":"https:\/\/richemont.swiss\/fr\/wp-json\/wp\/v2\/pages"}],"about":[{"href":"https:\/\/richemont.swiss\/fr\/wp-json\/wp\/v2\/types\/page"}],"author":[{"embeddable":true,"href":"https:\/\/richemont.swiss\/fr\/wp-json\/wp\/v2\/users\/2"}],"replies":[{"embeddable":true,"href":"https:\/\/richemont.swiss\/fr\/wp-json\/wp\/v2\/comments?post=3950"}],"version-history":[{"count":0,"href":"https:\/\/richemont.swiss\/fr\/wp-json\/wp\/v2\/pages\/3950\/revisions"}],"up":[{"embeddable":true,"href":"https:\/\/richemont.swiss\/fr\/wp-json\/wp\/v2\/pages\/797"}],"wp:featuredmedia":[{"embeddable":true,"href":"https:\/\/richemont.swiss\/fr\/wp-json\/wp\/v2\/media\/6750"}],"wp:attachment":[{"href":"https:\/\/richemont.swiss\/fr\/wp-json\/wp\/v2\/media?parent=3950"}],"curies":[{"name":"wp","href":"https:\/\/api.w.org\/{rel}","templated":true}]}}