{"id":3393,"date":"2019-02-17T09:03:18","date_gmt":"2019-02-17T08:03:18","guid":{"rendered":"https:\/\/richemont.swiss\/?page_id=3393"},"modified":"2026-01-30T13:21:21","modified_gmt":"2026-01-30T12:21:21","slug":"startseite-fr","status":"publish","type":"page","link":"https:\/\/richemont.swiss\/fr\/","title":{"rendered":"Richemont \u00e9cole professionnelle"},"content":{"rendered":"\n<p>Notre passion est de vous inspirer pour le m\u00e9tier de boulanger ! Nous vous accompagnons activement sur le parcours p\u00e9dagogique, vous soutenons avec nos connaissances sp\u00e9cialis\u00e9es et des services divers, vous fournissons des inspirations et promouvons la cr\u00e9ativit\u00e9 &#8211; tout est orient\u00e9 sur votre succ\u00e8s !<\/p>\n","protected":false},"excerpt":{"rendered":"<p>Notre passion est de vous inspirer pour le m\u00e9tier de boulanger ! Nous vous accompagnons activement sur le parcours p\u00e9dagogique, vous soutenons avec nos connaissances sp\u00e9cialis\u00e9es et des services divers, vous fournissons des inspirations et promouvons la cr\u00e9ativit\u00e9 &#8211; tout est orient\u00e9 sur votre succ\u00e8s !<\/p>\n","protected":false},"author":1,"featured_media":11995,"parent":0,"menu_order":0,"comment_status":"closed","ping_status":"closed","template":"page-home.php","meta":{"_acf_changed":true,"footnotes":""},"class_list":["post-3393","page","type-page","status-publish","has-post-thumbnail","hentry"],"acf":[],"yoast_head":"<!-- This site is optimized with the Yoast SEO Premium plugin v26.7 (Yoast SEO v26.7) - https:\/\/yoast.com\/wordpress\/plugins\/seo\/ -->\n<title>RICHEMONT \u00e9cole professionnelle - boulangerie-p\u00e2tisserie-confiserie<\/title>\n<meta name=\"description\" content=\"Inspirations pour l&#039;artisanat de la boulangerie! L&#039;\u00e9cole professionnelle Richemont vous accompagne dans votre formation avec une grande vari\u00e9t\u00e9 de services.\" \/>\n<meta name=\"robots\" content=\"index, follow, max-snippet:-1, max-image-preview:large, max-video-preview:-1\" \/>\n<link rel=\"canonical\" href=\"https:\/\/richemont.swiss\/fr\/\" \/>\n<meta property=\"og:locale\" content=\"fr_FR\" \/>\n<meta property=\"og:type\" content=\"article\" \/>\n<meta property=\"og:title\" content=\"Richemont \u00e9cole professionnelle\" \/>\n<meta property=\"og:description\" content=\"Inspirations pour l&#039;artisanat de la boulangerie! L&#039;\u00e9cole professionnelle Richemont vous accompagne dans votre formation avec une grande vari\u00e9t\u00e9 de services.\" \/>\n<meta property=\"og:url\" content=\"https:\/\/richemont.swiss\/fr\/\" \/>\n<meta property=\"og:site_name\" content=\"Richemont\" \/>\n<meta property=\"article:modified_time\" content=\"2026-01-30T12:21:21+00:00\" \/>\n<meta property=\"og:image\" content=\"https:\/\/richemont.swiss\/wp-content\/uploads\/2019\/12\/richemont-2019.12.130184-1600x1200.jpg\" \/>\n\t<meta property=\"og:image:width\" content=\"1600\" \/>\n\t<meta property=\"og:image:height\" content=\"1200\" \/>\n\t<meta property=\"og:image:type\" content=\"image\/jpeg\" \/>\n<meta name=\"twitter:card\" content=\"summary_large_image\" \/>\n<meta name=\"twitter:label1\" content=\"Dur\u00e9e de lecture estim\u00e9e\" \/>\n\t<meta name=\"twitter:data1\" content=\"1 minute\" \/>\n<script type=\"application\/ld+json\" class=\"yoast-schema-graph\">{\"@context\":\"https:\/\/schema.org\",\"@graph\":[{\"@type\":\"WebPage\",\"@id\":\"https:\/\/richemont.swiss\/fr\/\",\"url\":\"https:\/\/richemont.swiss\/fr\/\",\"name\":\"RICHEMONT \u00e9cole professionnelle - boulangerie-p\u00e2tisserie-confiserie\",\"isPartOf\":{\"@id\":\"https:\/\/richemont.swiss\/fr\/#website\"},\"primaryImageOfPage\":{\"@id\":\"https:\/\/richemont.swiss\/fr\/#primaryimage\"},\"image\":{\"@id\":\"https:\/\/richemont.swiss\/fr\/#primaryimage\"},\"thumbnailUrl\":\"https:\/\/richemont.swiss\/wp-content\/uploads\/2019\/12\/richemont-2019.12.130184.jpg\",\"datePublished\":\"2019-02-17T08:03:18+00:00\",\"dateModified\":\"2026-01-30T12:21:21+00:00\",\"description\":\"Inspirations pour l'artisanat de la boulangerie! L'\u00e9cole professionnelle Richemont vous accompagne dans votre formation avec une grande vari\u00e9t\u00e9 de services.\",\"breadcrumb\":{\"@id\":\"https:\/\/richemont.swiss\/fr\/#breadcrumb\"},\"inLanguage\":\"fr-FR\",\"potentialAction\":[{\"@type\":\"ReadAction\",\"target\":[\"https:\/\/richemont.swiss\/fr\/\"]}]},{\"@type\":\"ImageObject\",\"inLanguage\":\"fr-FR\",\"@id\":\"https:\/\/richemont.swiss\/fr\/#primaryimage\",\"url\":\"https:\/\/richemont.swiss\/wp-content\/uploads\/2019\/12\/richemont-2019.12.130184.jpg\",\"contentUrl\":\"https:\/\/richemont.swiss\/wp-content\/uploads\/2019\/12\/richemont-2019.12.130184.jpg\",\"width\":2560,\"height\":1920,\"caption\":\"Richemont Fachschule B\u00e4ckerei Konditorei Confiserie\"},{\"@type\":\"BreadcrumbList\",\"@id\":\"https:\/\/richemont.swiss\/fr\/#breadcrumb\",\"itemListElement\":[{\"@type\":\"ListItem\",\"position\":1,\"name\":\"Home\",\"item\":\"https:\/\/richemont.swiss\/fr\/\"},{\"@type\":\"ListItem\",\"position\":2,\"name\":\"Richemont \u00e9cole professionnelle\"}]},{\"@type\":\"WebSite\",\"@id\":\"https:\/\/richemont.swiss\/fr\/#website\",\"url\":\"https:\/\/richemont.swiss\/fr\/\",\"name\":\"Richemont\",\"description\":\"\",\"potentialAction\":[{\"@type\":\"SearchAction\",\"target\":{\"@type\":\"EntryPoint\",\"urlTemplate\":\"https:\/\/richemont.swiss\/fr\/?s={search_term_string}\"},\"query-input\":{\"@type\":\"PropertyValueSpecification\",\"valueRequired\":true,\"valueName\":\"search_term_string\"}}],\"inLanguage\":\"fr-FR\"}]}<\/script>\n<!-- \/ Yoast SEO Premium plugin. -->","yoast_head_json":{"title":"RICHEMONT \u00e9cole professionnelle - boulangerie-p\u00e2tisserie-confiserie","description":"Inspirations pour l'artisanat de la boulangerie! L'\u00e9cole professionnelle Richemont vous accompagne dans votre formation avec une grande vari\u00e9t\u00e9 de services.","robots":{"index":"index","follow":"follow","max-snippet":"max-snippet:-1","max-image-preview":"max-image-preview:large","max-video-preview":"max-video-preview:-1"},"canonical":"https:\/\/richemont.swiss\/fr\/","og_locale":"fr_FR","og_type":"article","og_title":"Richemont \u00e9cole professionnelle","og_description":"Inspirations pour l'artisanat de la boulangerie! L'\u00e9cole professionnelle Richemont vous accompagne dans votre formation avec une grande vari\u00e9t\u00e9 de services.","og_url":"https:\/\/richemont.swiss\/fr\/","og_site_name":"Richemont","article_modified_time":"2026-01-30T12:21:21+00:00","og_image":[{"width":1600,"height":1200,"url":"https:\/\/richemont.swiss\/wp-content\/uploads\/2019\/12\/richemont-2019.12.130184-1600x1200.jpg","type":"image\/jpeg"}],"twitter_card":"summary_large_image","twitter_misc":{"Dur\u00e9e de lecture estim\u00e9e":"1 minute"},"schema":{"@context":"https:\/\/schema.org","@graph":[{"@type":"WebPage","@id":"https:\/\/richemont.swiss\/fr\/","url":"https:\/\/richemont.swiss\/fr\/","name":"RICHEMONT \u00e9cole professionnelle - boulangerie-p\u00e2tisserie-confiserie","isPartOf":{"@id":"https:\/\/richemont.swiss\/fr\/#website"},"primaryImageOfPage":{"@id":"https:\/\/richemont.swiss\/fr\/#primaryimage"},"image":{"@id":"https:\/\/richemont.swiss\/fr\/#primaryimage"},"thumbnailUrl":"https:\/\/richemont.swiss\/wp-content\/uploads\/2019\/12\/richemont-2019.12.130184.jpg","datePublished":"2019-02-17T08:03:18+00:00","dateModified":"2026-01-30T12:21:21+00:00","description":"Inspirations pour l'artisanat de la boulangerie! L'\u00e9cole professionnelle Richemont vous accompagne dans votre formation avec une grande vari\u00e9t\u00e9 de services.","breadcrumb":{"@id":"https:\/\/richemont.swiss\/fr\/#breadcrumb"},"inLanguage":"fr-FR","potentialAction":[{"@type":"ReadAction","target":["https:\/\/richemont.swiss\/fr\/"]}]},{"@type":"ImageObject","inLanguage":"fr-FR","@id":"https:\/\/richemont.swiss\/fr\/#primaryimage","url":"https:\/\/richemont.swiss\/wp-content\/uploads\/2019\/12\/richemont-2019.12.130184.jpg","contentUrl":"https:\/\/richemont.swiss\/wp-content\/uploads\/2019\/12\/richemont-2019.12.130184.jpg","width":2560,"height":1920,"caption":"Richemont Fachschule B\u00e4ckerei Konditorei Confiserie"},{"@type":"BreadcrumbList","@id":"https:\/\/richemont.swiss\/fr\/#breadcrumb","itemListElement":[{"@type":"ListItem","position":1,"name":"Home","item":"https:\/\/richemont.swiss\/fr\/"},{"@type":"ListItem","position":2,"name":"Richemont \u00e9cole professionnelle"}]},{"@type":"WebSite","@id":"https:\/\/richemont.swiss\/fr\/#website","url":"https:\/\/richemont.swiss\/fr\/","name":"Richemont","description":"","potentialAction":[{"@type":"SearchAction","target":{"@type":"EntryPoint","urlTemplate":"https:\/\/richemont.swiss\/fr\/?s={search_term_string}"},"query-input":{"@type":"PropertyValueSpecification","valueRequired":true,"valueName":"search_term_string"}}],"inLanguage":"fr-FR"}]}},"_links":{"self":[{"href":"https:\/\/richemont.swiss\/fr\/wp-json\/wp\/v2\/pages\/3393","targetHints":{"allow":["GET"]}}],"collection":[{"href":"https:\/\/richemont.swiss\/fr\/wp-json\/wp\/v2\/pages"}],"about":[{"href":"https:\/\/richemont.swiss\/fr\/wp-json\/wp\/v2\/types\/page"}],"author":[{"embeddable":true,"href":"https:\/\/richemont.swiss\/fr\/wp-json\/wp\/v2\/users\/1"}],"replies":[{"embeddable":true,"href":"https:\/\/richemont.swiss\/fr\/wp-json\/wp\/v2\/comments?post=3393"}],"version-history":[{"count":0,"href":"https:\/\/richemont.swiss\/fr\/wp-json\/wp\/v2\/pages\/3393\/revisions"}],"wp:featuredmedia":[{"embeddable":true,"href":"https:\/\/richemont.swiss\/fr\/wp-json\/wp\/v2\/media\/11995"}],"wp:attachment":[{"href":"https:\/\/richemont.swiss\/fr\/wp-json\/wp\/v2\/media?parent=3393"}],"curies":[{"name":"wp","href":"https:\/\/api.w.org\/{rel}","templated":true}]}}