{"id":31970,"date":"2021-09-27T08:41:21","date_gmt":"2021-09-27T06:41:21","guid":{"rendered":"https:\/\/richemont.swiss\/?page_id=31970"},"modified":"2021-09-27T09:00:06","modified_gmt":"2021-09-27T07:00:06","slug":"regles-de-comportement","status":"publish","type":"page","link":"https:\/\/richemont.swiss\/fr\/regles-de-comportement\/","title":{"rendered":"R\u00e8gles de comportement"},"content":{"rendered":"\n<p>Bienvenue \u00e0 Richemont Romandie, le centre de comp\u00e9tence national et international pour les branches de la boulangerie, p\u00e2tisserie et confiserie. En tant que centre de comp\u00e9tence, nous assumons \u00e9galement notre mission afin de garantir non seulement la qualit\u00e9, mais aussi l\u2019hygi\u00e8ne des produits et la s\u00e9curit\u00e9 des employ\u00e9s et des visiteurs. Nous demandons donc votre coop\u00e9ration et un comportement responsable au sein de notre entreprise.<\/p>\n\n\n\n<p><a href=\"https:\/\/richemont.swiss\/wp-content\/uploads\/2021\/09\/verhaltensregeln_richemont_210x297_fr.pdf\" target=\"_blank\" rel=\"noreferrer noopener\">Informations d\u00e9taill\u00e9es<\/a><\/p>\n","protected":false},"excerpt":{"rendered":"<p>Bienvenue \u00e0 Richemont Romandie, le centre de comp\u00e9tence national et international pour les branches de la boulangerie, p\u00e2tisserie et confiserie. En tant que centre de comp\u00e9tence, nous assumons \u00e9galement notre mission afin de garantir non seulement la qualit\u00e9, mais aussi l\u2019hygi\u00e8ne des produits et la s\u00e9curit\u00e9 des employ\u00e9s et des visiteurs. Nous demandons donc votre [&hellip;]<\/p>\n","protected":false},"author":2,"featured_media":5048,"parent":0,"menu_order":0,"comment_status":"closed","ping_status":"closed","template":"","meta":{"_acf_changed":false,"footnotes":""},"class_list":["post-31970","page","type-page","status-publish","has-post-thumbnail","hentry"],"acf":[],"yoast_head":"<!-- This site is optimized with the Yoast SEO Premium plugin v26.7 (Yoast SEO v26.7) - https:\/\/yoast.com\/wordpress\/plugins\/seo\/ -->\n<title>R\u00e8gles de comportement - Richemont \u00e9cole professionnelle<\/title>\n<meta name=\"description\" content=\"Nous assumons notre mission de garantir non seulement la qualit\u00e9, mais aussi l\u2019hygi\u00e8ne des produits et la s\u00e9curit\u00e9 des employ\u00e9s et des visiteurs.\" \/>\n<meta name=\"robots\" content=\"index, follow, max-snippet:-1, max-image-preview:large, max-video-preview:-1\" \/>\n<link rel=\"canonical\" href=\"https:\/\/richemont.swiss\/fr\/regles-de-comportement\/\" \/>\n<meta property=\"og:locale\" content=\"fr_FR\" \/>\n<meta property=\"og:type\" content=\"article\" \/>\n<meta property=\"og:title\" content=\"R\u00e8gles de comportement\" \/>\n<meta property=\"og:description\" content=\"Nous assumons notre mission de garantir non seulement la qualit\u00e9, mais aussi l\u2019hygi\u00e8ne des produits et la s\u00e9curit\u00e9 des employ\u00e9s et des visiteurs.\" \/>\n<meta property=\"og:url\" content=\"https:\/\/richemont.swiss\/fr\/regles-de-comportement\/\" \/>\n<meta property=\"og:site_name\" content=\"Richemont\" \/>\n<meta property=\"article:modified_time\" content=\"2021-09-27T07:00:06+00:00\" \/>\n<meta property=\"og:image\" content=\"https:\/\/richemont.swiss\/wp-content\/uploads\/2019\/05\/richemont-corporate-video.jpg\" \/>\n\t<meta property=\"og:image:width\" content=\"2800\" \/>\n\t<meta property=\"og:image:height\" content=\"2022\" \/>\n\t<meta property=\"og:image:type\" content=\"image\/jpeg\" \/>\n<meta name=\"twitter:card\" content=\"summary_large_image\" \/>\n<meta name=\"twitter:label1\" content=\"Dur\u00e9e de lecture estim\u00e9e\" \/>\n\t<meta name=\"twitter:data1\" content=\"1 minute\" \/>\n<script type=\"application\/ld+json\" class=\"yoast-schema-graph\">{\"@context\":\"https:\/\/schema.org\",\"@graph\":[{\"@type\":\"WebPage\",\"@id\":\"https:\/\/richemont.swiss\/fr\/regles-de-comportement\/\",\"url\":\"https:\/\/richemont.swiss\/fr\/regles-de-comportement\/\",\"name\":\"R\u00e8gles de comportement - Richemont \u00e9cole professionnelle\",\"isPartOf\":{\"@id\":\"https:\/\/richemont.swiss\/fr\/#website\"},\"primaryImageOfPage\":{\"@id\":\"https:\/\/richemont.swiss\/fr\/regles-de-comportement\/#primaryimage\"},\"image\":{\"@id\":\"https:\/\/richemont.swiss\/fr\/regles-de-comportement\/#primaryimage\"},\"thumbnailUrl\":\"https:\/\/richemont.swiss\/wp-content\/uploads\/2019\/05\/richemont-corporate-video.jpg\",\"datePublished\":\"2021-09-27T06:41:21+00:00\",\"dateModified\":\"2021-09-27T07:00:06+00:00\",\"description\":\"Nous assumons notre mission de garantir non seulement la qualit\u00e9, mais aussi l\u2019hygi\u00e8ne des produits et la s\u00e9curit\u00e9 des employ\u00e9s et des visiteurs.\",\"breadcrumb\":{\"@id\":\"https:\/\/richemont.swiss\/fr\/regles-de-comportement\/#breadcrumb\"},\"inLanguage\":\"fr-FR\",\"potentialAction\":[{\"@type\":\"ReadAction\",\"target\":[\"https:\/\/richemont.swiss\/fr\/regles-de-comportement\/\"]}]},{\"@type\":\"ImageObject\",\"inLanguage\":\"fr-FR\",\"@id\":\"https:\/\/richemont.swiss\/fr\/regles-de-comportement\/#primaryimage\",\"url\":\"https:\/\/richemont.swiss\/wp-content\/uploads\/2019\/05\/richemont-corporate-video.jpg\",\"contentUrl\":\"https:\/\/richemont.swiss\/wp-content\/uploads\/2019\/05\/richemont-corporate-video.jpg\",\"width\":2800,\"height\":2022,\"caption\":\"Richemont Corporate Video\"},{\"@type\":\"BreadcrumbList\",\"@id\":\"https:\/\/richemont.swiss\/fr\/regles-de-comportement\/#breadcrumb\",\"itemListElement\":[{\"@type\":\"ListItem\",\"position\":1,\"name\":\"Home\",\"item\":\"https:\/\/richemont.swiss\/fr\/\"},{\"@type\":\"ListItem\",\"position\":2,\"name\":\"R\u00e8gles de comportement\"}]},{\"@type\":\"WebSite\",\"@id\":\"https:\/\/richemont.swiss\/fr\/#website\",\"url\":\"https:\/\/richemont.swiss\/fr\/\",\"name\":\"Richemont\",\"description\":\"\",\"potentialAction\":[{\"@type\":\"SearchAction\",\"target\":{\"@type\":\"EntryPoint\",\"urlTemplate\":\"https:\/\/richemont.swiss\/fr\/?s={search_term_string}\"},\"query-input\":{\"@type\":\"PropertyValueSpecification\",\"valueRequired\":true,\"valueName\":\"search_term_string\"}}],\"inLanguage\":\"fr-FR\"}]}<\/script>\n<!-- \/ Yoast SEO Premium plugin. -->","yoast_head_json":{"title":"R\u00e8gles de comportement - Richemont \u00e9cole professionnelle","description":"Nous assumons notre mission de garantir non seulement la qualit\u00e9, mais aussi l\u2019hygi\u00e8ne des produits et la s\u00e9curit\u00e9 des employ\u00e9s et des visiteurs.","robots":{"index":"index","follow":"follow","max-snippet":"max-snippet:-1","max-image-preview":"max-image-preview:large","max-video-preview":"max-video-preview:-1"},"canonical":"https:\/\/richemont.swiss\/fr\/regles-de-comportement\/","og_locale":"fr_FR","og_type":"article","og_title":"R\u00e8gles de comportement","og_description":"Nous assumons notre mission de garantir non seulement la qualit\u00e9, mais aussi l\u2019hygi\u00e8ne des produits et la s\u00e9curit\u00e9 des employ\u00e9s et des visiteurs.","og_url":"https:\/\/richemont.swiss\/fr\/regles-de-comportement\/","og_site_name":"Richemont","article_modified_time":"2021-09-27T07:00:06+00:00","og_image":[{"width":2800,"height":2022,"url":"https:\/\/richemont.swiss\/wp-content\/uploads\/2019\/05\/richemont-corporate-video.jpg","type":"image\/jpeg"}],"twitter_card":"summary_large_image","twitter_misc":{"Dur\u00e9e de lecture estim\u00e9e":"1 minute"},"schema":{"@context":"https:\/\/schema.org","@graph":[{"@type":"WebPage","@id":"https:\/\/richemont.swiss\/fr\/regles-de-comportement\/","url":"https:\/\/richemont.swiss\/fr\/regles-de-comportement\/","name":"R\u00e8gles de comportement - Richemont \u00e9cole professionnelle","isPartOf":{"@id":"https:\/\/richemont.swiss\/fr\/#website"},"primaryImageOfPage":{"@id":"https:\/\/richemont.swiss\/fr\/regles-de-comportement\/#primaryimage"},"image":{"@id":"https:\/\/richemont.swiss\/fr\/regles-de-comportement\/#primaryimage"},"thumbnailUrl":"https:\/\/richemont.swiss\/wp-content\/uploads\/2019\/05\/richemont-corporate-video.jpg","datePublished":"2021-09-27T06:41:21+00:00","dateModified":"2021-09-27T07:00:06+00:00","description":"Nous assumons notre mission de garantir non seulement la qualit\u00e9, mais aussi l\u2019hygi\u00e8ne des produits et la s\u00e9curit\u00e9 des employ\u00e9s et des visiteurs.","breadcrumb":{"@id":"https:\/\/richemont.swiss\/fr\/regles-de-comportement\/#breadcrumb"},"inLanguage":"fr-FR","potentialAction":[{"@type":"ReadAction","target":["https:\/\/richemont.swiss\/fr\/regles-de-comportement\/"]}]},{"@type":"ImageObject","inLanguage":"fr-FR","@id":"https:\/\/richemont.swiss\/fr\/regles-de-comportement\/#primaryimage","url":"https:\/\/richemont.swiss\/wp-content\/uploads\/2019\/05\/richemont-corporate-video.jpg","contentUrl":"https:\/\/richemont.swiss\/wp-content\/uploads\/2019\/05\/richemont-corporate-video.jpg","width":2800,"height":2022,"caption":"Richemont Corporate Video"},{"@type":"BreadcrumbList","@id":"https:\/\/richemont.swiss\/fr\/regles-de-comportement\/#breadcrumb","itemListElement":[{"@type":"ListItem","position":1,"name":"Home","item":"https:\/\/richemont.swiss\/fr\/"},{"@type":"ListItem","position":2,"name":"R\u00e8gles de comportement"}]},{"@type":"WebSite","@id":"https:\/\/richemont.swiss\/fr\/#website","url":"https:\/\/richemont.swiss\/fr\/","name":"Richemont","description":"","potentialAction":[{"@type":"SearchAction","target":{"@type":"EntryPoint","urlTemplate":"https:\/\/richemont.swiss\/fr\/?s={search_term_string}"},"query-input":{"@type":"PropertyValueSpecification","valueRequired":true,"valueName":"search_term_string"}}],"inLanguage":"fr-FR"}]}},"_links":{"self":[{"href":"https:\/\/richemont.swiss\/fr\/wp-json\/wp\/v2\/pages\/31970","targetHints":{"allow":["GET"]}}],"collection":[{"href":"https:\/\/richemont.swiss\/fr\/wp-json\/wp\/v2\/pages"}],"about":[{"href":"https:\/\/richemont.swiss\/fr\/wp-json\/wp\/v2\/types\/page"}],"author":[{"embeddable":true,"href":"https:\/\/richemont.swiss\/fr\/wp-json\/wp\/v2\/users\/2"}],"replies":[{"embeddable":true,"href":"https:\/\/richemont.swiss\/fr\/wp-json\/wp\/v2\/comments?post=31970"}],"version-history":[{"count":0,"href":"https:\/\/richemont.swiss\/fr\/wp-json\/wp\/v2\/pages\/31970\/revisions"}],"wp:featuredmedia":[{"embeddable":true,"href":"https:\/\/richemont.swiss\/fr\/wp-json\/wp\/v2\/media\/5048"}],"wp:attachment":[{"href":"https:\/\/richemont.swiss\/fr\/wp-json\/wp\/v2\/media?parent=31970"}],"curies":[{"name":"wp","href":"https:\/\/api.w.org\/{rel}","templated":true}]}}