{"id":24791,"date":"2021-03-15T09:24:54","date_gmt":"2021-03-15T08:24:54","guid":{"rendered":"https:\/\/richemont.swiss\/?page_id=24791"},"modified":"2025-12-22T13:44:35","modified_gmt":"2025-12-22T12:44:35","slug":"subventions","status":"publish","type":"page","link":"https:\/\/richemont.swiss\/fr\/subventions\/","title":{"rendered":"R\u00e9duction durable du prix des cours"},"content":{"rendered":"\n<p>Les partenaires sociaux du contrat collectifs actuel (Hotel &amp; Gastro Union, Syna et la BCS) ont d\u00e9cid\u00e9 d\u2019accorder des montants suppl\u00e9mentaires pour la formation de base et continue. De ce fait, vous profitez de r\u00e9duction de prix allant jusqu\u2019\u00e0 50% sur les cours professionnels et jusqu\u2019\u00e0 90% sur les cours de langues pour les travailleurs non qualifi\u00e9s.<\/p>\n\n\n\n<p>Ces subventions peuvent profiter \u00e0 tous les collaborateurs et collaboratrices dont le contrat de travail est obligatoirement conforme \u00e0 la CCT de la branche de la boulangerie p\u00e2tisserie et confiserie suisse au moment de l\u2019inscription.<\/p>\n\n\n\n<h2 class=\"wp-block-heading\" id=\"h-vue-d-ensemble-des-subventions\"><strong>Vue d\u2019ensemble des subventions<\/strong><\/h2>\n\n\n\n<h3 class=\"wp-block-heading\" id=\"h-subventions-issues-des-montants-cct-et-contributions-aux-frais-d-execution\">Subventions issues des montants cct et contributions aux frais d\u2019execution<\/h3>\n\n\n\n<p>D\u00e8s le 01.01.2025, les subventions indiqu\u00e9es sont valables pour la formation de base et continue \u00e0 l\u2019Ecole professionnelle Richemont: Ces derni\u00e8res sont conformes au r\u00e8glement concernant l\u2019utilisation suppl\u00e9mentaire des contributions aux frais d\u2019ex\u00e9cution ainsi qu\u2019\u00e0 l\u2019accord protocolaire concernant la CCNT 2025.<\/p>\n\n\n\n<ul class=\"wp-block-list\">\n<li>CHF 9000.00 par participant pour les cours pr\u00e9paratoires \u00e0 l\u2019examen professionnel pour la production et le commerce de d\u00e9tail, pour autant que l\u2019examen soit r\u00e9ussi <em>et<\/em><\/li>\n\n\n\n<li>CHF 5630.00 par participant pour les cours pr\u00e9paratoires \u00e0 l\u2019examen professionnel pour la production et le commerce de d\u00e9tail. Avec une pr\u00e9sence obligatoire de 80%.<\/li>\n\n\n\n<li>CHF 4700.00 par participant pour les cours pr\u00e9paratoires IFCAM pour gestionnaire d\u2019entreprise, lesquels repr\u00e9sentent une condition obligatoire pour l\u2019obtention de l\u2019examen professionnel sup\u00e9rieur. Avec une pr\u00e9sence obligatoire de 80% et la r\u00e9ussite du module de r\u00e9seau.<\/li>\n\n\n\n<li>CHF 4500.00 par participant pour les cours pr\u00e9paratoires \u00e0 l\u2019examen professionnel sup\u00e9rieur, pour autant que l\u2019examen soit r\u00e9ussi <em>et<\/em><\/li>\n\n\n\n<li>CHF 4000.00 par participant pour les cours pr\u00e9paratoires \u00e0 l\u2019examen professionnel sup\u00e9rieur pour la production et le commerce de d\u00e9tail. Avec une pr\u00e9sence obligatoire de 80%.<\/li>\n\n\n\n<li>Prise en charge des frais de cours pour la formation continue p\u00e9riodique de coordinateur de s\u00e9curit\u00e9 (cosec) qui se d\u00e9roule dans les cantons respectifs.<\/li>\n\n\n\n<li>CHF 500.00 par participant pour les formations de dipl\u00f4me. Les subventions sont exclusivement r\u00e9serv\u00e9es aux travailleurs non qualifi\u00e9s et qui suivent enti\u00e8rement la formation qui se conclue par un certificat attestant des comp\u00e9tences. La d\u00e9finition \u00abnon qualifi\u00e9\u00bb&nbsp;est pr\u00e9cis\u00e9e dans la CCT 2025 de la boulangerie-confiserie suisse, art 6a et 6b. Peuvent b\u00e9n\u00e9ficier des subventions tous les collaborateurs*trices dont les rapports de travail sont obligatoirement r\u00e9gis par la CCT de la branche suisse de la boulangerie, p\u00e2tisserie et confiserie au moment de l&rsquo;inscription.<\/li>\n\n\n\n<li>CHF 680.00 par participant pour les cours de formation pour formateurs et formatrice en entreprise.<\/li>\n\n\n\n<li>CHF 825.00 par participant pour les cours de conduite du personnel Niveau 1 &amp; 3<\/li>\n\n\n\n<li>CHF 1320.00 par participant pour les cours de conduite du personnel Niveau 2<\/li>\n\n\n\n<li>Cours professionnels de boulangerie, p\u00e2tisserie, confiserie, vente et technologie\n<ul class=\"wp-block-list\">\n<li>CHF 100.00 par participant pour les cours d\u2019une demi-journ\u00e9e<\/li>\n\n\n\n<li>CHF 195.00 par participant pour les cours d\u2019une journ\u00e9e<\/li>\n\n\n\n<li>CHF 390.00 par participant pour les cours de deux jours<\/li>\n<\/ul>\n<\/li>\n\n\n\n<li>Cours professionnel sur site.\n<ul class=\"wp-block-list\">\n<li>CHF 600.00 par formation pour les cours d\u2019une demi-journ\u00e9e<\/li>\n\n\n\n<li>CHF 800.00 par formation pour les cours d\u2019une journ\u00e9e<\/li>\n<\/ul>\n<\/li>\n\n\n\n<li>Jusqu&rsquo;\u00e0 CHF 500.00 par cours dispens\u00e9s par des tiers.<\/li>\n\n\n\n<li>CHF 1050.00 par participant pour les cours de langue Academia, avec une pr\u00e9sence obligatoire de 80%. <\/li>\n<\/ul>\n\n\n\n<div class=\"wp-block-file\"><a id=\"wp-block-file--media-72191910-15fa-420f-beec-4d7b7b7e3b45\" href=\"https:\/\/richemont.swiss\/wp-content\/uploads\/2025\/12\/one-page_210x297_subventionen_2025_fr-1.pdf\">Aper\u00e7u des subventions<\/a><a href=\"https:\/\/richemont.swiss\/wp-content\/uploads\/2025\/12\/one-page_210x297_subventionen_2025_fr-1.pdf\" class=\"wp-block-file__button wp-element-button\" download aria-describedby=\"wp-block-file--media-72191910-15fa-420f-beec-4d7b7b7e3b45\">Herunterladen<\/a><\/div>\n\n\n\n<p><a href=\"https:\/\/preview.richemont.swiss\/?book=PKBC_Broschuere_A5_FR_v4.pdf\">Brochure cpbc : Promotion formation de base et continuc<\/a><\/p>\n\n\n\n<div class=\"wp-block-file\"><a id=\"wp-block-file--media-5c7cf26b-04d7-42e2-be00-985e7af2e0a0\" href=\"https:\/\/richemont.swiss\/wp-content\/uploads\/2024\/04\/subventionsantrag_kurse_drittanbieter_einzelperson_fr.pdf\">Demande de subvention (personne seule)<\/a><a href=\"https:\/\/richemont.swiss\/wp-content\/uploads\/2024\/04\/subventionsantrag_kurse_drittanbieter_einzelperson_fr.pdf\" class=\"wp-block-file__button wp-element-button\" download aria-describedby=\"wp-block-file--media-5c7cf26b-04d7-42e2-be00-985e7af2e0a0\">Herunterladen<\/a><\/div>\n\n\n\n<div class=\"wp-block-file\"><a id=\"wp-block-file--media-4e2b681d-a097-40fa-aff6-0949c35544d6\" href=\"https:\/\/richemont.swiss\/wp-content\/uploads\/2024\/04\/subventionsantrag_kurse_drittanbieter_gruppen_fr.pdf\">Demande de subvention (groupe)<\/a><a href=\"https:\/\/richemont.swiss\/wp-content\/uploads\/2024\/04\/subventionsantrag_kurse_drittanbieter_gruppen_fr.pdf\" class=\"wp-block-file__button wp-element-button\" download aria-describedby=\"wp-block-file--media-4e2b681d-a097-40fa-aff6-0949c35544d6\">Herunterladen<\/a><\/div>\n\n\n\n<h3 class=\"wp-block-heading\"><strong>Cours de gastronomie<\/strong><\/h3>\n\n\n\n<p>Les partenaires sociaux de la branche de la boulangerie-confiserie visent la perm\u00e9abilit\u00e9 dans les formations propos\u00e9es par Hotel &amp; Gastro Formation et l&rsquo;\u00e9cole professionnelle Richemont. Depuis f\u00e9vrier 2022, les cours de chef(fe) de secteur restauration, de chef(fe) d&rsquo;entreprise restauration et de chef(fe) d&rsquo;entreprise restauration sont subventionn\u00e9s.<\/p>\n\n\n\n<div class=\"wp-block-file\"><a id=\"wp-block-file--media-b5e388da-5355-4ffc-a6fb-09c61856c2b9\" href=\"https:\/\/richemont.swiss\/wp-content\/uploads\/2025\/06\/subventionsantrag_bereichsleiter-restauration_fr.pdf\">Demande de subvention (responsable de la restauration)<\/a><a href=\"https:\/\/richemont.swiss\/wp-content\/uploads\/2025\/06\/subventionsantrag_bereichsleiter-restauration_fr.pdf\" class=\"wp-block-file__button wp-element-button\" download aria-describedby=\"wp-block-file--media-b5e388da-5355-4ffc-a6fb-09c61856c2b9\">Herunterladen<\/a><\/div>\n\n\n\n<div class=\"wp-block-file\"><a id=\"wp-block-file--media-96a8c5cd-9398-4caf-8b91-39a356851e62\" href=\"https:\/\/richemont.swiss\/wp-content\/uploads\/2025\/06\/subventionsantrag_gastro-betriebsleiter_fr.pdf\">Demande de subvention (chef\/cheffe d\u2018\u00e9tablissement de l\u2018h\u00f4tellerie-restauration)<\/a><a href=\"https:\/\/richemont.swiss\/wp-content\/uploads\/2025\/06\/subventionsantrag_gastro-betriebsleiter_fr.pdf\" class=\"wp-block-file__button wp-element-button\" download aria-describedby=\"wp-block-file--media-96a8c5cd-9398-4caf-8b91-39a356851e62\">Herunterladen<\/a><\/div>\n\n\n\n<div class=\"wp-block-file\"><a id=\"wp-block-file--media-630a88bc-11b7-421e-8f68-7b8fb1041903\" href=\"https:\/\/richemont.swiss\/wp-content\/uploads\/2025\/06\/subventionsantrag_leiter-restauration_fr.pdf\">Demande de subvention (chef\/cheffe de la restauration)<\/a><a href=\"https:\/\/richemont.swiss\/wp-content\/uploads\/2025\/06\/subventionsantrag_leiter-restauration_fr.pdf\" class=\"wp-block-file__button wp-element-button\" download aria-describedby=\"wp-block-file--media-630a88bc-11b7-421e-8f68-7b8fb1041903\">Herunterladen<\/a><\/div>\n","protected":false},"excerpt":{"rendered":"<p>Les partenaires sociaux du contrat collectifs actuel (Hotel &amp; Gastro Union, Syna et la BCS) ont d\u00e9cid\u00e9 d\u2019accorder des montants suppl\u00e9mentaires pour la formation de base et continue. De ce fait, vous profitez de r\u00e9duction de prix allant jusqu\u2019\u00e0 50% sur les cours professionnels et jusqu\u2019\u00e0 90% sur les cours de langues pour les travailleurs [&hellip;]<\/p>\n","protected":false},"author":2,"featured_media":1980,"parent":0,"menu_order":250,"comment_status":"closed","ping_status":"closed","template":"","meta":{"_acf_changed":false,"footnotes":""},"class_list":["post-24791","page","type-page","status-publish","has-post-thumbnail","hentry"],"acf":[],"yoast_head":"<!-- This site is optimized with the Yoast SEO Premium plugin v26.7 (Yoast SEO v26.7) - https:\/\/yoast.com\/wordpress\/plugins\/seo\/ -->\n<title>R\u00e9duction durable du prix des cours - Richemont \u00e9cole professionelle<\/title>\n<meta name=\"description\" content=\"Nouvellement, ce sont pr\u00e8s de 40\u2019000 CHF par mois qui sont investis par les employ\u00e9s et employ\u00e9es dans la branche de la boulangerie et confiserie.\" \/>\n<meta name=\"robots\" content=\"index, follow, max-snippet:-1, max-image-preview:large, max-video-preview:-1\" \/>\n<link rel=\"canonical\" href=\"https:\/\/richemont.swiss\/fr\/subventions\/\" \/>\n<meta property=\"og:locale\" content=\"fr_FR\" \/>\n<meta property=\"og:type\" content=\"article\" \/>\n<meta property=\"og:title\" content=\"R\u00e9duction durable du prix des cours\" \/>\n<meta property=\"og:description\" content=\"Nouvellement, ce sont pr\u00e8s de 40\u2019000 CHF par mois qui sont investis par les employ\u00e9s et employ\u00e9es dans la branche de la boulangerie et confiserie.\" \/>\n<meta property=\"og:url\" content=\"https:\/\/richemont.swiss\/fr\/subventions\/\" \/>\n<meta property=\"og:site_name\" content=\"Richemont\" \/>\n<meta property=\"article:modified_time\" content=\"2025-12-22T12:44:35+00:00\" \/>\n<meta property=\"og:image\" content=\"https:\/\/richemont.swiss\/wp-content\/uploads\/2019\/01\/berufsbildner_ausbildungskurs.jpg\" \/>\n\t<meta property=\"og:image:width\" content=\"5184\" \/>\n\t<meta property=\"og:image:height\" content=\"3456\" \/>\n\t<meta property=\"og:image:type\" content=\"image\/jpeg\" \/>\n<meta name=\"twitter:card\" content=\"summary_large_image\" \/>\n<meta name=\"twitter:label1\" content=\"Dur\u00e9e de lecture estim\u00e9e\" \/>\n\t<meta name=\"twitter:data1\" content=\"4 minutes\" \/>\n<script type=\"application\/ld+json\" class=\"yoast-schema-graph\">{\"@context\":\"https:\/\/schema.org\",\"@graph\":[{\"@type\":\"WebPage\",\"@id\":\"https:\/\/richemont.swiss\/fr\/subventions\/\",\"url\":\"https:\/\/richemont.swiss\/fr\/subventions\/\",\"name\":\"R\u00e9duction durable du prix des cours - Richemont \u00e9cole professionelle\",\"isPartOf\":{\"@id\":\"https:\/\/richemont.swiss\/fr\/#website\"},\"primaryImageOfPage\":{\"@id\":\"https:\/\/richemont.swiss\/fr\/subventions\/#primaryimage\"},\"image\":{\"@id\":\"https:\/\/richemont.swiss\/fr\/subventions\/#primaryimage\"},\"thumbnailUrl\":\"https:\/\/richemont.swiss\/wp-content\/uploads\/2019\/01\/berufsbildner_ausbildungskurs.jpg\",\"datePublished\":\"2021-03-15T08:24:54+00:00\",\"dateModified\":\"2025-12-22T12:44:35+00:00\",\"description\":\"Nouvellement, ce sont pr\u00e8s de 40\u2019000 CHF par mois qui sont investis par les employ\u00e9s et employ\u00e9es dans la branche de la boulangerie et confiserie.\",\"breadcrumb\":{\"@id\":\"https:\/\/richemont.swiss\/fr\/subventions\/#breadcrumb\"},\"inLanguage\":\"fr-FR\",\"potentialAction\":[{\"@type\":\"ReadAction\",\"target\":[\"https:\/\/richemont.swiss\/fr\/subventions\/\"]}]},{\"@type\":\"ImageObject\",\"inLanguage\":\"fr-FR\",\"@id\":\"https:\/\/richemont.swiss\/fr\/subventions\/#primaryimage\",\"url\":\"https:\/\/richemont.swiss\/wp-content\/uploads\/2019\/01\/berufsbildner_ausbildungskurs.jpg\",\"contentUrl\":\"https:\/\/richemont.swiss\/wp-content\/uploads\/2019\/01\/berufsbildner_ausbildungskurs.jpg\",\"width\":5184,\"height\":3456,\"caption\":\"Berufsbildner Ausbildungskurs\"},{\"@type\":\"BreadcrumbList\",\"@id\":\"https:\/\/richemont.swiss\/fr\/subventions\/#breadcrumb\",\"itemListElement\":[{\"@type\":\"ListItem\",\"position\":1,\"name\":\"Home\",\"item\":\"https:\/\/richemont.swiss\/fr\/\"},{\"@type\":\"ListItem\",\"position\":2,\"name\":\"R\u00e9duction durable du prix des cours\"}]},{\"@type\":\"WebSite\",\"@id\":\"https:\/\/richemont.swiss\/fr\/#website\",\"url\":\"https:\/\/richemont.swiss\/fr\/\",\"name\":\"Richemont\",\"description\":\"\",\"potentialAction\":[{\"@type\":\"SearchAction\",\"target\":{\"@type\":\"EntryPoint\",\"urlTemplate\":\"https:\/\/richemont.swiss\/fr\/?s={search_term_string}\"},\"query-input\":{\"@type\":\"PropertyValueSpecification\",\"valueRequired\":true,\"valueName\":\"search_term_string\"}}],\"inLanguage\":\"fr-FR\"}]}<\/script>\n<!-- \/ Yoast SEO Premium plugin. -->","yoast_head_json":{"title":"R\u00e9duction durable du prix des cours - Richemont \u00e9cole professionelle","description":"Nouvellement, ce sont pr\u00e8s de 40\u2019000 CHF par mois qui sont investis par les employ\u00e9s et employ\u00e9es dans la branche de la boulangerie et confiserie.","robots":{"index":"index","follow":"follow","max-snippet":"max-snippet:-1","max-image-preview":"max-image-preview:large","max-video-preview":"max-video-preview:-1"},"canonical":"https:\/\/richemont.swiss\/fr\/subventions\/","og_locale":"fr_FR","og_type":"article","og_title":"R\u00e9duction durable du prix des cours","og_description":"Nouvellement, ce sont pr\u00e8s de 40\u2019000 CHF par mois qui sont investis par les employ\u00e9s et employ\u00e9es dans la branche de la boulangerie et confiserie.","og_url":"https:\/\/richemont.swiss\/fr\/subventions\/","og_site_name":"Richemont","article_modified_time":"2025-12-22T12:44:35+00:00","og_image":[{"width":5184,"height":3456,"url":"https:\/\/richemont.swiss\/wp-content\/uploads\/2019\/01\/berufsbildner_ausbildungskurs.jpg","type":"image\/jpeg"}],"twitter_card":"summary_large_image","twitter_misc":{"Dur\u00e9e de lecture estim\u00e9e":"4 minutes"},"schema":{"@context":"https:\/\/schema.org","@graph":[{"@type":"WebPage","@id":"https:\/\/richemont.swiss\/fr\/subventions\/","url":"https:\/\/richemont.swiss\/fr\/subventions\/","name":"R\u00e9duction durable du prix des cours - Richemont \u00e9cole professionelle","isPartOf":{"@id":"https:\/\/richemont.swiss\/fr\/#website"},"primaryImageOfPage":{"@id":"https:\/\/richemont.swiss\/fr\/subventions\/#primaryimage"},"image":{"@id":"https:\/\/richemont.swiss\/fr\/subventions\/#primaryimage"},"thumbnailUrl":"https:\/\/richemont.swiss\/wp-content\/uploads\/2019\/01\/berufsbildner_ausbildungskurs.jpg","datePublished":"2021-03-15T08:24:54+00:00","dateModified":"2025-12-22T12:44:35+00:00","description":"Nouvellement, ce sont pr\u00e8s de 40\u2019000 CHF par mois qui sont investis par les employ\u00e9s et employ\u00e9es dans la branche de la boulangerie et confiserie.","breadcrumb":{"@id":"https:\/\/richemont.swiss\/fr\/subventions\/#breadcrumb"},"inLanguage":"fr-FR","potentialAction":[{"@type":"ReadAction","target":["https:\/\/richemont.swiss\/fr\/subventions\/"]}]},{"@type":"ImageObject","inLanguage":"fr-FR","@id":"https:\/\/richemont.swiss\/fr\/subventions\/#primaryimage","url":"https:\/\/richemont.swiss\/wp-content\/uploads\/2019\/01\/berufsbildner_ausbildungskurs.jpg","contentUrl":"https:\/\/richemont.swiss\/wp-content\/uploads\/2019\/01\/berufsbildner_ausbildungskurs.jpg","width":5184,"height":3456,"caption":"Berufsbildner Ausbildungskurs"},{"@type":"BreadcrumbList","@id":"https:\/\/richemont.swiss\/fr\/subventions\/#breadcrumb","itemListElement":[{"@type":"ListItem","position":1,"name":"Home","item":"https:\/\/richemont.swiss\/fr\/"},{"@type":"ListItem","position":2,"name":"R\u00e9duction durable du prix des cours"}]},{"@type":"WebSite","@id":"https:\/\/richemont.swiss\/fr\/#website","url":"https:\/\/richemont.swiss\/fr\/","name":"Richemont","description":"","potentialAction":[{"@type":"SearchAction","target":{"@type":"EntryPoint","urlTemplate":"https:\/\/richemont.swiss\/fr\/?s={search_term_string}"},"query-input":{"@type":"PropertyValueSpecification","valueRequired":true,"valueName":"search_term_string"}}],"inLanguage":"fr-FR"}]}},"_links":{"self":[{"href":"https:\/\/richemont.swiss\/fr\/wp-json\/wp\/v2\/pages\/24791","targetHints":{"allow":["GET"]}}],"collection":[{"href":"https:\/\/richemont.swiss\/fr\/wp-json\/wp\/v2\/pages"}],"about":[{"href":"https:\/\/richemont.swiss\/fr\/wp-json\/wp\/v2\/types\/page"}],"author":[{"embeddable":true,"href":"https:\/\/richemont.swiss\/fr\/wp-json\/wp\/v2\/users\/2"}],"replies":[{"embeddable":true,"href":"https:\/\/richemont.swiss\/fr\/wp-json\/wp\/v2\/comments?post=24791"}],"version-history":[{"count":0,"href":"https:\/\/richemont.swiss\/fr\/wp-json\/wp\/v2\/pages\/24791\/revisions"}],"wp:featuredmedia":[{"embeddable":true,"href":"https:\/\/richemont.swiss\/fr\/wp-json\/wp\/v2\/media\/1980"}],"wp:attachment":[{"href":"https:\/\/richemont.swiss\/fr\/wp-json\/wp\/v2\/media?parent=24791"}],"curies":[{"name":"wp","href":"https:\/\/api.w.org\/{rel}","templated":true}]}}