{"id":10400,"date":"2019-09-25T06:20:40","date_gmt":"2019-09-25T04:20:40","guid":{"rendered":"https:\/\/richemont.swiss\/?page_id=10400"},"modified":"2022-11-11T08:39:21","modified_gmt":"2022-11-11T07:39:21","slug":"engagement-envers-les-jeunes-professionnels-du-metier","status":"publish","type":"page","link":"https:\/\/richemont.swiss\/fr\/entreprise\/engagement-envers-les-jeunes-professionnels-du-metier\/","title":{"rendered":"Engagement envers les jeunes professionnels du m\u00e9tier"},"content":{"rendered":"\n<h2 class=\"wp-block-heading\" id=\"h-nous-faisons-des-champions-du-monde\">Nous faisons des champions du monde<\/h2>\n\n\n\n<p>L&rsquo;\u00e9cole professionnelle Richemont supervise et forme les meilleurs professionnels de Suisse dans le domaine de la boulangerie, pa\u0302tisserie et confiserie pour les WorldSkills &#8211; le plus grand \u00e9v\u00e9nement de formation professionnelle au monde. Apr\u00e8s un apprentissage dans une entreprise de formation, les jeunes talents se pr\u00e9parent de mani\u00e8re intensive et avec un grand engagement au sein du centre de comp\u00e9tence de Lucerne &#8211; et avec succ\u00e8s! <\/p>\n\n\n\n<p>Lors de la WorldSkills Competition 2022 Special Edition \u00e0 Lucerne, Juliana Th\u00f6ny, 23 ans, a remport\u00e9 la m\u00e9daille d&rsquo;or dans la sp\u00e9cialit\u00e9 p\u00e2tisserie-confiserie et Vera Stocker, 21 ans, la m\u00e9daille de bronze dans la sp\u00e9cialit\u00e9 boulangerie-p\u00e2tisserie. Apr\u00e8s Ramona Bolliger (or \u00e0 Abu Dhabi en 2017) et Sonja Durrer (or \u00e0 Kazan en 2019), c&rsquo;est la troisi\u00e8me fois cons\u00e9cutive que la Suisse remporte une m\u00e9daille d&rsquo;or aux Concours Mondiaux des M\u00e9tiers.<\/p>\n\n\n\n<p>Les quatre concurrentes font partie des meilleures du monde dans leur domaine. Pour elles, la participation \u00e0 de tels championnats constitue un excellent d\u00e9part dans leur carri\u00e8re professionnelle.<\/p>\n\n\n\n<p>Richemont s\u2019engage non seulement dans une <a href=\"https:\/\/richemont.swiss\/fr\/education\/\">\u00e9ducation et une formation<\/a> continue de qualit\u00e9, mais \u00e9galement dans le d\u00e9veloppement cibl\u00e9 des meilleurs professionnels.<\/p>\n\n\n\n<figure class=\"wp-block-embed is-type-video is-provider-youtube wp-block-embed-youtube wp-embed-aspect-16-9 wp-has-aspect-ratio\"><div class=\"wp-block-embed__wrapper\">\n<iframe loading=\"lazy\" title=\"Highlight Video WorldSkills 2022 Competition EN\" width=\"500\" height=\"281\" src=\"https:\/\/www.youtube.com\/embed\/5X8eEpDt0eU?feature=oembed\" frameborder=\"0\" allow=\"accelerometer; autoplay; clipboard-write; encrypted-media; gyroscope; picture-in-picture; web-share\" referrerpolicy=\"strict-origin-when-cross-origin\" allowfullscreen><\/iframe>\n<\/div><\/figure>\n\n\n<p><!--EndFragment--><\/p>","protected":false},"excerpt":{"rendered":"<p>Nous faisons des champions du monde L&rsquo;\u00e9cole professionnelle Richemont supervise et forme les meilleurs professionnels de Suisse dans le domaine de la boulangerie, pa\u0302tisserie et confiserie pour les WorldSkills &#8211; le plus grand \u00e9v\u00e9nement de formation professionnelle au monde. Apr\u00e8s un apprentissage dans une entreprise de formation, les jeunes talents se pr\u00e9parent de mani\u00e8re intensive [&hellip;]<\/p>\n","protected":false},"author":2,"featured_media":40729,"parent":773,"menu_order":400,"comment_status":"closed","ping_status":"closed","template":"","meta":{"_acf_changed":false,"footnotes":""},"class_list":["post-10400","page","type-page","status-publish","has-post-thumbnail","hentry"],"acf":[],"yoast_head":"<!-- This site is optimized with the Yoast SEO Premium plugin v27.5 (Yoast SEO v27.5) - https:\/\/yoast.com\/product\/yoast-seo-premium-wordpress\/ -->\n<title>La promotion de jeunes talents | WorldSkills | Richemont \u00e9cole professionnelle<\/title>\n<meta name=\"description\" content=\"L&#039;\u00e9cole professionnelle Richemont supervise et forme les meilleurs professionnels de Suisse dans le domaine de la boulangerie, pa\u0302tisserie et confiserie pour les WorldSkills.\" \/>\n<meta name=\"robots\" content=\"index, follow, max-snippet:-1, max-image-preview:large, max-video-preview:-1\" \/>\n<link rel=\"canonical\" href=\"https:\/\/richemont.swiss\/fr\/entreprise\/engagement-envers-les-jeunes-professionnels-du-metier\/\" \/>\n<meta property=\"og:locale\" content=\"fr_FR\" \/>\n<meta property=\"og:type\" content=\"article\" \/>\n<meta property=\"og:title\" content=\"Engagement envers les jeunes professionnels du m\u00e9tier\" \/>\n<meta property=\"og:description\" content=\"L&#039;\u00e9cole professionnelle Richemont supervise et forme les meilleurs professionnels de Suisse dans le domaine de la boulangerie, pa\u0302tisserie et confiserie pour les WorldSkills.\" \/>\n<meta property=\"og:url\" content=\"https:\/\/richemont.swiss\/fr\/entreprise\/engagement-envers-les-jeunes-professionnels-du-metier\/\" \/>\n<meta property=\"og:site_name\" content=\"Richemont\" \/>\n<meta property=\"article:modified_time\" content=\"2022-11-11T07:39:21+00:00\" \/>\n<meta property=\"og:image\" content=\"https:\/\/richemont.swiss\/wp-content\/uploads\/2022\/10\/richemont_unternehmen_fachschule_51-scaled.jpg\" \/>\n\t<meta property=\"og:image:width\" content=\"2560\" \/>\n\t<meta property=\"og:image:height\" content=\"1072\" \/>\n\t<meta property=\"og:image:type\" content=\"image\/jpeg\" \/>\n<meta name=\"twitter:card\" content=\"summary_large_image\" \/>\n<meta name=\"twitter:label1\" content=\"Dur\u00e9e de lecture estim\u00e9e\" \/>\n\t<meta name=\"twitter:data1\" content=\"1 minute\" \/>\n<script type=\"application\/ld+json\" class=\"yoast-schema-graph\">{\"@context\":\"https:\\\/\\\/schema.org\",\"@graph\":[{\"@type\":\"WebPage\",\"@id\":\"https:\\\/\\\/richemont.swiss\\\/fr\\\/entreprise\\\/engagement-envers-les-jeunes-professionnels-du-metier\\\/\",\"url\":\"https:\\\/\\\/richemont.swiss\\\/fr\\\/entreprise\\\/engagement-envers-les-jeunes-professionnels-du-metier\\\/\",\"name\":\"La promotion de jeunes talents | WorldSkills | Richemont \u00e9cole professionnelle\",\"isPartOf\":{\"@id\":\"https:\\\/\\\/richemont.swiss\\\/fr\\\/#website\"},\"primaryImageOfPage\":{\"@id\":\"https:\\\/\\\/richemont.swiss\\\/fr\\\/entreprise\\\/engagement-envers-les-jeunes-professionnels-du-metier\\\/#primaryimage\"},\"image\":{\"@id\":\"https:\\\/\\\/richemont.swiss\\\/fr\\\/entreprise\\\/engagement-envers-les-jeunes-professionnels-du-metier\\\/#primaryimage\"},\"thumbnailUrl\":\"https:\\\/\\\/richemont.swiss\\\/wp-content\\\/uploads\\\/2022\\\/10\\\/richemont_unternehmen_fachschule_51-scaled.jpg\",\"datePublished\":\"2019-09-25T04:20:40+00:00\",\"dateModified\":\"2022-11-11T07:39:21+00:00\",\"description\":\"L'\u00e9cole professionnelle Richemont supervise et forme les meilleurs professionnels de Suisse dans le domaine de la boulangerie, pa\u0302tisserie et confiserie pour les WorldSkills.\",\"breadcrumb\":{\"@id\":\"https:\\\/\\\/richemont.swiss\\\/fr\\\/entreprise\\\/engagement-envers-les-jeunes-professionnels-du-metier\\\/#breadcrumb\"},\"inLanguage\":\"fr-FR\",\"potentialAction\":[{\"@type\":\"ReadAction\",\"target\":[\"https:\\\/\\\/richemont.swiss\\\/fr\\\/entreprise\\\/engagement-envers-les-jeunes-professionnels-du-metier\\\/\"]}]},{\"@type\":\"ImageObject\",\"inLanguage\":\"fr-FR\",\"@id\":\"https:\\\/\\\/richemont.swiss\\\/fr\\\/entreprise\\\/engagement-envers-les-jeunes-professionnels-du-metier\\\/#primaryimage\",\"url\":\"https:\\\/\\\/richemont.swiss\\\/wp-content\\\/uploads\\\/2022\\\/10\\\/richemont_unternehmen_fachschule_51-scaled.jpg\",\"contentUrl\":\"https:\\\/\\\/richemont.swiss\\\/wp-content\\\/uploads\\\/2022\\\/10\\\/richemont_unternehmen_fachschule_51-scaled.jpg\",\"width\":2560,\"height\":1072},{\"@type\":\"BreadcrumbList\",\"@id\":\"https:\\\/\\\/richemont.swiss\\\/fr\\\/entreprise\\\/engagement-envers-les-jeunes-professionnels-du-metier\\\/#breadcrumb\",\"itemListElement\":[{\"@type\":\"ListItem\",\"position\":1,\"name\":\"Home\",\"item\":\"https:\\\/\\\/richemont.swiss\\\/fr\\\/\"},{\"@type\":\"ListItem\",\"position\":2,\"name\":\"Richemont centre de comp\u00e9tences\",\"item\":\"https:\\\/\\\/richemont.swiss\\\/fr\\\/entreprise\\\/\"},{\"@type\":\"ListItem\",\"position\":3,\"name\":\"Engagement envers les jeunes professionnels du m\u00e9tier\"}]},{\"@type\":\"WebSite\",\"@id\":\"https:\\\/\\\/richemont.swiss\\\/fr\\\/#website\",\"url\":\"https:\\\/\\\/richemont.swiss\\\/fr\\\/\",\"name\":\"Richemont\",\"description\":\"\",\"potentialAction\":[{\"@type\":\"SearchAction\",\"target\":{\"@type\":\"EntryPoint\",\"urlTemplate\":\"https:\\\/\\\/richemont.swiss\\\/fr\\\/?s={search_term_string}\"},\"query-input\":{\"@type\":\"PropertyValueSpecification\",\"valueRequired\":true,\"valueName\":\"search_term_string\"}}],\"inLanguage\":\"fr-FR\"}]}<\/script>\n<!-- \/ Yoast SEO Premium plugin. -->","yoast_head_json":{"title":"La promotion de jeunes talents | WorldSkills | Richemont \u00e9cole professionnelle","description":"L'\u00e9cole professionnelle Richemont supervise et forme les meilleurs professionnels de Suisse dans le domaine de la boulangerie, pa\u0302tisserie et confiserie pour les WorldSkills.","robots":{"index":"index","follow":"follow","max-snippet":"max-snippet:-1","max-image-preview":"max-image-preview:large","max-video-preview":"max-video-preview:-1"},"canonical":"https:\/\/richemont.swiss\/fr\/entreprise\/engagement-envers-les-jeunes-professionnels-du-metier\/","og_locale":"fr_FR","og_type":"article","og_title":"Engagement envers les jeunes professionnels du m\u00e9tier","og_description":"L'\u00e9cole professionnelle Richemont supervise et forme les meilleurs professionnels de Suisse dans le domaine de la boulangerie, pa\u0302tisserie et confiserie pour les WorldSkills.","og_url":"https:\/\/richemont.swiss\/fr\/entreprise\/engagement-envers-les-jeunes-professionnels-du-metier\/","og_site_name":"Richemont","article_modified_time":"2022-11-11T07:39:21+00:00","og_image":[{"width":2560,"height":1072,"url":"https:\/\/richemont.swiss\/wp-content\/uploads\/2022\/10\/richemont_unternehmen_fachschule_51-scaled.jpg","type":"image\/jpeg"}],"twitter_card":"summary_large_image","twitter_misc":{"Dur\u00e9e de lecture estim\u00e9e":"1 minute"},"schema":{"@context":"https:\/\/schema.org","@graph":[{"@type":"WebPage","@id":"https:\/\/richemont.swiss\/fr\/entreprise\/engagement-envers-les-jeunes-professionnels-du-metier\/","url":"https:\/\/richemont.swiss\/fr\/entreprise\/engagement-envers-les-jeunes-professionnels-du-metier\/","name":"La promotion de jeunes talents | WorldSkills | Richemont \u00e9cole professionnelle","isPartOf":{"@id":"https:\/\/richemont.swiss\/fr\/#website"},"primaryImageOfPage":{"@id":"https:\/\/richemont.swiss\/fr\/entreprise\/engagement-envers-les-jeunes-professionnels-du-metier\/#primaryimage"},"image":{"@id":"https:\/\/richemont.swiss\/fr\/entreprise\/engagement-envers-les-jeunes-professionnels-du-metier\/#primaryimage"},"thumbnailUrl":"https:\/\/richemont.swiss\/wp-content\/uploads\/2022\/10\/richemont_unternehmen_fachschule_51-scaled.jpg","datePublished":"2019-09-25T04:20:40+00:00","dateModified":"2022-11-11T07:39:21+00:00","description":"L'\u00e9cole professionnelle Richemont supervise et forme les meilleurs professionnels de Suisse dans le domaine de la boulangerie, pa\u0302tisserie et confiserie pour les WorldSkills.","breadcrumb":{"@id":"https:\/\/richemont.swiss\/fr\/entreprise\/engagement-envers-les-jeunes-professionnels-du-metier\/#breadcrumb"},"inLanguage":"fr-FR","potentialAction":[{"@type":"ReadAction","target":["https:\/\/richemont.swiss\/fr\/entreprise\/engagement-envers-les-jeunes-professionnels-du-metier\/"]}]},{"@type":"ImageObject","inLanguage":"fr-FR","@id":"https:\/\/richemont.swiss\/fr\/entreprise\/engagement-envers-les-jeunes-professionnels-du-metier\/#primaryimage","url":"https:\/\/richemont.swiss\/wp-content\/uploads\/2022\/10\/richemont_unternehmen_fachschule_51-scaled.jpg","contentUrl":"https:\/\/richemont.swiss\/wp-content\/uploads\/2022\/10\/richemont_unternehmen_fachschule_51-scaled.jpg","width":2560,"height":1072},{"@type":"BreadcrumbList","@id":"https:\/\/richemont.swiss\/fr\/entreprise\/engagement-envers-les-jeunes-professionnels-du-metier\/#breadcrumb","itemListElement":[{"@type":"ListItem","position":1,"name":"Home","item":"https:\/\/richemont.swiss\/fr\/"},{"@type":"ListItem","position":2,"name":"Richemont centre de comp\u00e9tences","item":"https:\/\/richemont.swiss\/fr\/entreprise\/"},{"@type":"ListItem","position":3,"name":"Engagement envers les jeunes professionnels du m\u00e9tier"}]},{"@type":"WebSite","@id":"https:\/\/richemont.swiss\/fr\/#website","url":"https:\/\/richemont.swiss\/fr\/","name":"Richemont","description":"","potentialAction":[{"@type":"SearchAction","target":{"@type":"EntryPoint","urlTemplate":"https:\/\/richemont.swiss\/fr\/?s={search_term_string}"},"query-input":{"@type":"PropertyValueSpecification","valueRequired":true,"valueName":"search_term_string"}}],"inLanguage":"fr-FR"}]}},"_links":{"self":[{"href":"https:\/\/richemont.swiss\/fr\/wp-json\/wp\/v2\/pages\/10400","targetHints":{"allow":["GET"]}}],"collection":[{"href":"https:\/\/richemont.swiss\/fr\/wp-json\/wp\/v2\/pages"}],"about":[{"href":"https:\/\/richemont.swiss\/fr\/wp-json\/wp\/v2\/types\/page"}],"author":[{"embeddable":true,"href":"https:\/\/richemont.swiss\/fr\/wp-json\/wp\/v2\/users\/2"}],"replies":[{"embeddable":true,"href":"https:\/\/richemont.swiss\/fr\/wp-json\/wp\/v2\/comments?post=10400"}],"version-history":[{"count":0,"href":"https:\/\/richemont.swiss\/fr\/wp-json\/wp\/v2\/pages\/10400\/revisions"}],"up":[{"embeddable":true,"href":"https:\/\/richemont.swiss\/fr\/wp-json\/wp\/v2\/pages\/773"}],"wp:featuredmedia":[{"embeddable":true,"href":"https:\/\/richemont.swiss\/fr\/wp-json\/wp\/v2\/media\/40729"}],"wp:attachment":[{"href":"https:\/\/richemont.swiss\/fr\/wp-json\/wp\/v2\/media?parent=10400"}],"curies":[{"name":"wp","href":"https:\/\/api.w.org\/{rel}","templated":true}]}}