{"id":57848,"date":"2025-09-25T10:19:32","date_gmt":"2025-09-25T08:19:32","guid":{"rendered":"https:\/\/richemont.swiss\/?page_id=57848"},"modified":"2025-09-25T14:09:46","modified_gmt":"2025-09-25T12:09:46","slug":"richemontplus-com-la-plataforma-de-formacion-para-un-saber-hacer-delicioso","status":"publish","type":"page","link":"https:\/\/richemont.swiss\/es\/formacion\/richemontplus-com-la-plataforma-de-formacion-para-un-saber-hacer-delicioso\/","title":{"rendered":"richemontplus.com \u2013 La plataforma de formaci\u00f3n para un saber hacer delicioso"},"content":{"rendered":"\n<p><a href=\"https:\/\/richemontplus.com\/en\/\">richemontplus.com<\/a> es la plataforma de formaci\u00f3n digital dirigida a profesionales de los sectores de panader\u00eda, pasteler\u00eda y confiter\u00eda. Cursos en v\u00eddeo pr\u00e1cticos, art\u00edculos especializados en profundidad y recetas comprobadas le permiten acceder a una formaci\u00f3n continua espec\u00edfica y adaptada a su profesi\u00f3n.<\/p>\n\n\n\n<h2 class=\"wp-block-heading\" id=\"h-mantengase-siempre-un-paso-adelante-en-su-campo\">Mant\u00e9ngase siempre un paso adelante en su campo<\/h2>\n\n\n\n<p>Aproveche los conocimientos pr\u00e1cticos del mundo de Richemont, as\u00ed como la experiencia de especialistas externos. Se publican regularmente nuevos contenidos y tendencias actuales que le ayudar\u00e1n a profundizar sus competencias profesionales de forma espec\u00edfica.<\/p>\n\n\n\n<h2 class=\"wp-block-heading\" id=\"h-empiece-ahora-de-forma-gratuita\">Empiece ahora de forma gratuita<\/h2>\n\n\n\n<p>Pruebe nuestra plataforma de formaci\u00f3n con uno de nuestros cursos en l\u00ednea gratuitos \u2013 de forma flexible y sin compromiso. En richemontplus.com tiene a su disposici\u00f3n <a href=\"https:\/\/richemontplus.com\/en\/product\/free-trial-courses\/\">tres cursos de prueba<\/a> gratuitos.<\/p>\n\n\n\n<h2 class=\"wp-block-heading\" id=\"h-hagase-miembro\">H\u00e1gase miembro<\/h2>\n\n\n\n<p>Con la suscripci\u00f3n anual Premium, obtendr\u00e1 acceso ilimitado a todos los v\u00eddeos de formaci\u00f3n, recetas cl\u00e1sicas y art\u00edculos t\u00e9cnicos actualizados. Descubra todas las ventajas de la <a href=\"https:\/\/richemontplus.com\/en\/membership\/\">suscripci\u00f3n.<\/a><\/p>\n\n\n\n<p><strong>Nota: El sitio web est\u00e1 disponible en alem\u00e1n e ingl\u00e9s.<\/strong><\/p>\n\n\n\n<figure class=\"wp-block-embed is-type-video is-provider-youtube wp-block-embed-youtube wp-embed-aspect-16-9 wp-has-aspect-ratio\"><div class=\"wp-block-embed__wrapper\">\n<iframe loading=\"lazy\" title=\"Richemont+ Trailer EN\" width=\"500\" height=\"281\" src=\"https:\/\/www.youtube.com\/embed\/SsqYRJJKVJI?feature=oembed\" frameborder=\"0\" allow=\"accelerometer; autoplay; clipboard-write; encrypted-media; gyroscope; picture-in-picture; web-share\" referrerpolicy=\"strict-origin-when-cross-origin\" allowfullscreen><\/iframe>\n<\/div><\/figure>\n","protected":false},"excerpt":{"rendered":"<p>richemontplus.com es la plataforma de formaci\u00f3n digital dirigida a profesionales de los sectores de panader\u00eda, pasteler\u00eda y confiter\u00eda. Cursos en v\u00eddeo pr\u00e1cticos, art\u00edculos especializados en profundidad y recetas comprobadas le permiten acceder a una formaci\u00f3n continua espec\u00edfica y adaptada a su profesi\u00f3n. Mant\u00e9ngase siempre un paso adelante en su campo Aproveche los conocimientos pr\u00e1cticos del [&hellip;]<\/p>\n","protected":false},"author":2,"featured_media":57793,"parent":12542,"menu_order":30,"comment_status":"closed","ping_status":"closed","template":"","meta":{"_acf_changed":false,"footnotes":""},"class_list":["post-57848","page","type-page","status-publish","has-post-thumbnail","hentry"],"acf":[],"yoast_head":"<!-- This site is optimized with the Yoast SEO Premium plugin v26.7 (Yoast SEO v26.7) - https:\/\/yoast.com\/wordpress\/plugins\/seo\/ -->\n<title>Richemontplus - Plataforma de formaci\u00f3n digital para panader\u00eda, pasteler\u00eda &amp; confiter\u00eda<\/title>\n<meta name=\"description\" content=\"Richemontplus.com es la plataforma de formaci\u00f3n digital para profesionales de la panader\u00eda, pasteler\u00eda &amp; confiter\u00eda. Cursos en v\u00eddeo pr\u00e1cticos, art\u00edculos especializados &amp; recetas \u2013 \u00a1empieza ahora con cursos de prueba gratuitos!\" \/>\n<meta name=\"robots\" content=\"index, follow, max-snippet:-1, max-image-preview:large, max-video-preview:-1\" \/>\n<link rel=\"canonical\" href=\"https:\/\/richemont.swiss\/es\/formacion\/richemontplus-com-la-plataforma-de-formacion-para-un-saber-hacer-delicioso\/\" \/>\n<meta property=\"og:locale\" content=\"es_ES\" \/>\n<meta property=\"og:type\" content=\"article\" \/>\n<meta property=\"og:title\" content=\"richemontplus.com \u2013 La plataforma de formaci\u00f3n para un saber hacer delicioso\" \/>\n<meta property=\"og:description\" content=\"Richemontplus.com es la plataforma de formaci\u00f3n digital para profesionales de la panader\u00eda, pasteler\u00eda &amp; confiter\u00eda. Cursos en v\u00eddeo pr\u00e1cticos, art\u00edculos especializados &amp; recetas \u2013 \u00a1empieza ahora con cursos de prueba gratuitos!\" \/>\n<meta property=\"og:url\" content=\"https:\/\/richemont.swiss\/es\/formacion\/richemontplus-com-la-plataforma-de-formacion-para-un-saber-hacer-delicioso\/\" \/>\n<meta property=\"og:site_name\" content=\"Richemont\" \/>\n<meta property=\"article:modified_time\" content=\"2025-09-25T12:09:46+00:00\" \/>\n<meta property=\"og:image\" content=\"https:\/\/richemont.swiss\/wp-content\/uploads\/2025\/09\/richemontplus-header-h_01b-scaled.jpg\" \/>\n\t<meta property=\"og:image:width\" content=\"2560\" \/>\n\t<meta property=\"og:image:height\" content=\"1208\" \/>\n\t<meta property=\"og:image:type\" content=\"image\/jpeg\" \/>\n<meta name=\"twitter:card\" content=\"summary_large_image\" \/>\n<meta name=\"twitter:label1\" content=\"Tiempo de lectura\" \/>\n\t<meta name=\"twitter:data1\" content=\"2 minutos\" \/>\n<script type=\"application\/ld+json\" class=\"yoast-schema-graph\">{\"@context\":\"https:\/\/schema.org\",\"@graph\":[{\"@type\":\"WebPage\",\"@id\":\"https:\/\/richemont.swiss\/es\/formacion\/richemontplus-com-la-plataforma-de-formacion-para-un-saber-hacer-delicioso\/\",\"url\":\"https:\/\/richemont.swiss\/es\/formacion\/richemontplus-com-la-plataforma-de-formacion-para-un-saber-hacer-delicioso\/\",\"name\":\"Richemontplus - Plataforma de formaci\u00f3n digital para panader\u00eda, pasteler\u00eda & confiter\u00eda\",\"isPartOf\":{\"@id\":\"https:\/\/richemont.swiss\/es\/#website\"},\"primaryImageOfPage\":{\"@id\":\"https:\/\/richemont.swiss\/es\/formacion\/richemontplus-com-la-plataforma-de-formacion-para-un-saber-hacer-delicioso\/#primaryimage\"},\"image\":{\"@id\":\"https:\/\/richemont.swiss\/es\/formacion\/richemontplus-com-la-plataforma-de-formacion-para-un-saber-hacer-delicioso\/#primaryimage\"},\"thumbnailUrl\":\"https:\/\/richemont.swiss\/wp-content\/uploads\/2025\/09\/richemontplus-header-h_01b-scaled.jpg\",\"datePublished\":\"2025-09-25T08:19:32+00:00\",\"dateModified\":\"2025-09-25T12:09:46+00:00\",\"description\":\"Richemontplus.com es la plataforma de formaci\u00f3n digital para profesionales de la panader\u00eda, pasteler\u00eda & confiter\u00eda. Cursos en v\u00eddeo pr\u00e1cticos, art\u00edculos especializados & recetas \u2013 \u00a1empieza ahora con cursos de prueba gratuitos!\",\"breadcrumb\":{\"@id\":\"https:\/\/richemont.swiss\/es\/formacion\/richemontplus-com-la-plataforma-de-formacion-para-un-saber-hacer-delicioso\/#breadcrumb\"},\"inLanguage\":\"es\",\"potentialAction\":[{\"@type\":\"ReadAction\",\"target\":[\"https:\/\/richemont.swiss\/es\/formacion\/richemontplus-com-la-plataforma-de-formacion-para-un-saber-hacer-delicioso\/\"]}]},{\"@type\":\"ImageObject\",\"inLanguage\":\"es\",\"@id\":\"https:\/\/richemont.swiss\/es\/formacion\/richemontplus-com-la-plataforma-de-formacion-para-un-saber-hacer-delicioso\/#primaryimage\",\"url\":\"https:\/\/richemont.swiss\/wp-content\/uploads\/2025\/09\/richemontplus-header-h_01b-scaled.jpg\",\"contentUrl\":\"https:\/\/richemont.swiss\/wp-content\/uploads\/2025\/09\/richemontplus-header-h_01b-scaled.jpg\",\"width\":2560,\"height\":1208,\"caption\":\"richemontplus.com\"},{\"@type\":\"BreadcrumbList\",\"@id\":\"https:\/\/richemont.swiss\/es\/formacion\/richemontplus-com-la-plataforma-de-formacion-para-un-saber-hacer-delicioso\/#breadcrumb\",\"itemListElement\":[{\"@type\":\"ListItem\",\"position\":1,\"name\":\"Home\",\"item\":\"https:\/\/richemont.swiss\/es\/\"},{\"@type\":\"ListItem\",\"position\":2,\"name\":\"Nuestra pasi\u00f3n por la artesan\u00eda\",\"item\":\"https:\/\/richemont.swiss\/es\/formacion\/\"},{\"@type\":\"ListItem\",\"position\":3,\"name\":\"richemontplus.com \u2013 La plataforma de formaci\u00f3n para un saber hacer delicioso\"}]},{\"@type\":\"WebSite\",\"@id\":\"https:\/\/richemont.swiss\/es\/#website\",\"url\":\"https:\/\/richemont.swiss\/es\/\",\"name\":\"Richemont\",\"description\":\"\",\"potentialAction\":[{\"@type\":\"SearchAction\",\"target\":{\"@type\":\"EntryPoint\",\"urlTemplate\":\"https:\/\/richemont.swiss\/es\/?s={search_term_string}\"},\"query-input\":{\"@type\":\"PropertyValueSpecification\",\"valueRequired\":true,\"valueName\":\"search_term_string\"}}],\"inLanguage\":\"es\"}]}<\/script>\n<!-- \/ Yoast SEO Premium plugin. -->","yoast_head_json":{"title":"Richemontplus - Plataforma de formaci\u00f3n digital para panader\u00eda, pasteler\u00eda & confiter\u00eda","description":"Richemontplus.com es la plataforma de formaci\u00f3n digital para profesionales de la panader\u00eda, pasteler\u00eda & confiter\u00eda. Cursos en v\u00eddeo pr\u00e1cticos, art\u00edculos especializados & recetas \u2013 \u00a1empieza ahora con cursos de prueba gratuitos!","robots":{"index":"index","follow":"follow","max-snippet":"max-snippet:-1","max-image-preview":"max-image-preview:large","max-video-preview":"max-video-preview:-1"},"canonical":"https:\/\/richemont.swiss\/es\/formacion\/richemontplus-com-la-plataforma-de-formacion-para-un-saber-hacer-delicioso\/","og_locale":"es_ES","og_type":"article","og_title":"richemontplus.com \u2013 La plataforma de formaci\u00f3n para un saber hacer delicioso","og_description":"Richemontplus.com es la plataforma de formaci\u00f3n digital para profesionales de la panader\u00eda, pasteler\u00eda & confiter\u00eda. Cursos en v\u00eddeo pr\u00e1cticos, art\u00edculos especializados & recetas \u2013 \u00a1empieza ahora con cursos de prueba gratuitos!","og_url":"https:\/\/richemont.swiss\/es\/formacion\/richemontplus-com-la-plataforma-de-formacion-para-un-saber-hacer-delicioso\/","og_site_name":"Richemont","article_modified_time":"2025-09-25T12:09:46+00:00","og_image":[{"width":2560,"height":1208,"url":"https:\/\/richemont.swiss\/wp-content\/uploads\/2025\/09\/richemontplus-header-h_01b-scaled.jpg","type":"image\/jpeg"}],"twitter_card":"summary_large_image","twitter_misc":{"Tiempo de lectura":"2 minutos"},"schema":{"@context":"https:\/\/schema.org","@graph":[{"@type":"WebPage","@id":"https:\/\/richemont.swiss\/es\/formacion\/richemontplus-com-la-plataforma-de-formacion-para-un-saber-hacer-delicioso\/","url":"https:\/\/richemont.swiss\/es\/formacion\/richemontplus-com-la-plataforma-de-formacion-para-un-saber-hacer-delicioso\/","name":"Richemontplus - Plataforma de formaci\u00f3n digital para panader\u00eda, pasteler\u00eda & confiter\u00eda","isPartOf":{"@id":"https:\/\/richemont.swiss\/es\/#website"},"primaryImageOfPage":{"@id":"https:\/\/richemont.swiss\/es\/formacion\/richemontplus-com-la-plataforma-de-formacion-para-un-saber-hacer-delicioso\/#primaryimage"},"image":{"@id":"https:\/\/richemont.swiss\/es\/formacion\/richemontplus-com-la-plataforma-de-formacion-para-un-saber-hacer-delicioso\/#primaryimage"},"thumbnailUrl":"https:\/\/richemont.swiss\/wp-content\/uploads\/2025\/09\/richemontplus-header-h_01b-scaled.jpg","datePublished":"2025-09-25T08:19:32+00:00","dateModified":"2025-09-25T12:09:46+00:00","description":"Richemontplus.com es la plataforma de formaci\u00f3n digital para profesionales de la panader\u00eda, pasteler\u00eda & confiter\u00eda. Cursos en v\u00eddeo pr\u00e1cticos, art\u00edculos especializados & recetas \u2013 \u00a1empieza ahora con cursos de prueba gratuitos!","breadcrumb":{"@id":"https:\/\/richemont.swiss\/es\/formacion\/richemontplus-com-la-plataforma-de-formacion-para-un-saber-hacer-delicioso\/#breadcrumb"},"inLanguage":"es","potentialAction":[{"@type":"ReadAction","target":["https:\/\/richemont.swiss\/es\/formacion\/richemontplus-com-la-plataforma-de-formacion-para-un-saber-hacer-delicioso\/"]}]},{"@type":"ImageObject","inLanguage":"es","@id":"https:\/\/richemont.swiss\/es\/formacion\/richemontplus-com-la-plataforma-de-formacion-para-un-saber-hacer-delicioso\/#primaryimage","url":"https:\/\/richemont.swiss\/wp-content\/uploads\/2025\/09\/richemontplus-header-h_01b-scaled.jpg","contentUrl":"https:\/\/richemont.swiss\/wp-content\/uploads\/2025\/09\/richemontplus-header-h_01b-scaled.jpg","width":2560,"height":1208,"caption":"richemontplus.com"},{"@type":"BreadcrumbList","@id":"https:\/\/richemont.swiss\/es\/formacion\/richemontplus-com-la-plataforma-de-formacion-para-un-saber-hacer-delicioso\/#breadcrumb","itemListElement":[{"@type":"ListItem","position":1,"name":"Home","item":"https:\/\/richemont.swiss\/es\/"},{"@type":"ListItem","position":2,"name":"Nuestra pasi\u00f3n por la artesan\u00eda","item":"https:\/\/richemont.swiss\/es\/formacion\/"},{"@type":"ListItem","position":3,"name":"richemontplus.com \u2013 La plataforma de formaci\u00f3n para un saber hacer delicioso"}]},{"@type":"WebSite","@id":"https:\/\/richemont.swiss\/es\/#website","url":"https:\/\/richemont.swiss\/es\/","name":"Richemont","description":"","potentialAction":[{"@type":"SearchAction","target":{"@type":"EntryPoint","urlTemplate":"https:\/\/richemont.swiss\/es\/?s={search_term_string}"},"query-input":{"@type":"PropertyValueSpecification","valueRequired":true,"valueName":"search_term_string"}}],"inLanguage":"es"}]}},"_links":{"self":[{"href":"https:\/\/richemont.swiss\/es\/wp-json\/wp\/v2\/pages\/57848","targetHints":{"allow":["GET"]}}],"collection":[{"href":"https:\/\/richemont.swiss\/es\/wp-json\/wp\/v2\/pages"}],"about":[{"href":"https:\/\/richemont.swiss\/es\/wp-json\/wp\/v2\/types\/page"}],"author":[{"embeddable":true,"href":"https:\/\/richemont.swiss\/es\/wp-json\/wp\/v2\/users\/2"}],"replies":[{"embeddable":true,"href":"https:\/\/richemont.swiss\/es\/wp-json\/wp\/v2\/comments?post=57848"}],"version-history":[{"count":0,"href":"https:\/\/richemont.swiss\/es\/wp-json\/wp\/v2\/pages\/57848\/revisions"}],"up":[{"embeddable":true,"href":"https:\/\/richemont.swiss\/es\/wp-json\/wp\/v2\/pages\/12542"}],"wp:featuredmedia":[{"embeddable":true,"href":"https:\/\/richemont.swiss\/es\/wp-json\/wp\/v2\/media\/57793"}],"wp:attachment":[{"href":"https:\/\/richemont.swiss\/es\/wp-json\/wp\/v2\/media?parent=57848"}],"curies":[{"name":"wp","href":"https:\/\/api.w.org\/{rel}","templated":true}]}}