{"id":12606,"date":"2019-02-17T16:35:14","date_gmt":"2019-02-17T15:35:14","guid":{"rendered":"https:\/\/richemont.swiss\/?page_id=12606"},"modified":"2024-12-13T18:37:18","modified_gmt":"2024-12-13T17:37:18","slug":"invierta-en-su-exito","status":"publish","type":"page","link":"https:\/\/richemont.swiss\/es\/formacion\/invierta-en-su-exito\/","title":{"rendered":"Invierta en su \u00e9xito"},"content":{"rendered":"\n<h2 class=\"wp-block-heading\" id=\"h-nuestra-oferta-de-formacion-profesional-y-formacion-continua\">Nuestra oferta de formaci\u00f3n profesional y formaci\u00f3n continua<\/h2>\n\n\n\n<p>En el \u00e1mbito profesional actual es indispensable ampliar continuamente los conocimientos y las aptitudes. Las personas que se forman continuamente gozan de mejores oportunidades en la vida profesional, ya sea en su actual puesto de trabajo o en caso de presentar su candidatura a un nuevo empleador. Una empresa solo puede tener \u00e9xito si cuenta con los mejores y m\u00e1s actualizados conocimientos y habilidades.<\/p>\n\n\n\n<p>Desde hace 80 a\u00f1os, el Centro de Excelencia Richemont ofrece un programa de formaci\u00f3n actualizado para el conjunto del sector de la panader\u00eda, la pasteler\u00eda y la confiter\u00eda. M\u00e1s de 200\u00a0000 profesionales futuros o ya establecidos se han beneficiado de una formaci\u00f3n profesional o formaci\u00f3n continua. El programa educativo de Richemont est\u00e1 orientado a la pr\u00e1ctica, a los objetivos y a los resultados, para que la formaci\u00f3n continua sea una inversi\u00f3n estrat\u00e9gica para su empresa y le permita afrontar con \u00e9xito los retos del mercado.<\/p>\n\n\n\n<p><a href=\"https:\/\/richemont.swiss\/es\/formacion\/\">Vista del conjunto de los cursos<\/a><\/p>\n","protected":false},"excerpt":{"rendered":"<p>Nuestra oferta de formaci\u00f3n profesional y formaci\u00f3n continua En el \u00e1mbito profesional actual es indispensable ampliar continuamente los conocimientos y las aptitudes. Las personas que se forman continuamente gozan de mejores oportunidades en la vida profesional, ya sea en su actual puesto de trabajo o en caso de presentar su candidatura a un nuevo empleador. [&hellip;]<\/p>\n","protected":false},"author":2,"featured_media":12607,"parent":12542,"menu_order":0,"comment_status":"closed","ping_status":"closed","template":"","meta":{"_acf_changed":false,"footnotes":""},"class_list":["post-12606","page","type-page","status-publish","has-post-thumbnail","hentry"],"acf":[],"yoast_head":"<!-- This site is optimized with the Yoast SEO Premium plugin v26.7 (Yoast SEO v26.7) - https:\/\/yoast.com\/wordpress\/plugins\/seo\/ -->\n<title>Oferta de formaci\u00f3n - Invierta en su \u00e9xito - Escuela profesional Richemont<\/title>\n<meta name=\"description\" content=\"Nuestra oferta de formaci\u00f3n: orientada a la pr\u00e1ctica, a los objetivos y a los resultados, para que pueda afrontar con \u00e9xito los retos del mercado.\" \/>\n<meta name=\"robots\" content=\"index, follow, max-snippet:-1, max-image-preview:large, max-video-preview:-1\" \/>\n<link rel=\"canonical\" href=\"https:\/\/richemont.swiss\/es\/formacion\/invierta-en-su-exito\/\" \/>\n<meta property=\"og:locale\" content=\"es_ES\" \/>\n<meta property=\"og:type\" content=\"article\" \/>\n<meta property=\"og:title\" content=\"Invierta en su \u00e9xito\" \/>\n<meta property=\"og:description\" content=\"Nuestra oferta de formaci\u00f3n: orientada a la pr\u00e1ctica, a los objetivos y a los resultados, para que pueda afrontar con \u00e9xito los retos del mercado.\" \/>\n<meta property=\"og:url\" content=\"https:\/\/richemont.swiss\/es\/formacion\/invierta-en-su-exito\/\" \/>\n<meta property=\"og:site_name\" content=\"Richemont\" \/>\n<meta property=\"article:modified_time\" content=\"2024-12-13T17:37:18+00:00\" \/>\n<meta property=\"og:image\" content=\"https:\/\/richemont.swiss\/wp-content\/uploads\/2019\/12\/escuela-profesional-richemont_formacin_02-scaled.jpg\" \/>\n\t<meta property=\"og:image:width\" content=\"2560\" \/>\n\t<meta property=\"og:image:height\" content=\"1707\" \/>\n\t<meta property=\"og:image:type\" content=\"image\/jpeg\" \/>\n<meta name=\"twitter:card\" content=\"summary_large_image\" \/>\n<meta name=\"twitter:label1\" content=\"Tiempo de lectura\" \/>\n\t<meta name=\"twitter:data1\" content=\"2 minutos\" \/>\n<script type=\"application\/ld+json\" class=\"yoast-schema-graph\">{\"@context\":\"https:\/\/schema.org\",\"@graph\":[{\"@type\":\"WebPage\",\"@id\":\"https:\/\/richemont.swiss\/es\/formacion\/invierta-en-su-exito\/\",\"url\":\"https:\/\/richemont.swiss\/es\/formacion\/invierta-en-su-exito\/\",\"name\":\"Oferta de formaci\u00f3n - Invierta en su \u00e9xito - Escuela profesional Richemont\",\"isPartOf\":{\"@id\":\"https:\/\/richemont.swiss\/es\/#website\"},\"primaryImageOfPage\":{\"@id\":\"https:\/\/richemont.swiss\/es\/formacion\/invierta-en-su-exito\/#primaryimage\"},\"image\":{\"@id\":\"https:\/\/richemont.swiss\/es\/formacion\/invierta-en-su-exito\/#primaryimage\"},\"thumbnailUrl\":\"https:\/\/richemont.swiss\/wp-content\/uploads\/2019\/12\/escuela-profesional-richemont_formacin_02-scaled.jpg\",\"datePublished\":\"2019-02-17T15:35:14+00:00\",\"dateModified\":\"2024-12-13T17:37:18+00:00\",\"description\":\"Nuestra oferta de formaci\u00f3n: orientada a la pr\u00e1ctica, a los objetivos y a los resultados, para que pueda afrontar con \u00e9xito los retos del mercado.\",\"breadcrumb\":{\"@id\":\"https:\/\/richemont.swiss\/es\/formacion\/invierta-en-su-exito\/#breadcrumb\"},\"inLanguage\":\"es\",\"potentialAction\":[{\"@type\":\"ReadAction\",\"target\":[\"https:\/\/richemont.swiss\/es\/formacion\/invierta-en-su-exito\/\"]}]},{\"@type\":\"ImageObject\",\"inLanguage\":\"es\",\"@id\":\"https:\/\/richemont.swiss\/es\/formacion\/invierta-en-su-exito\/#primaryimage\",\"url\":\"https:\/\/richemont.swiss\/wp-content\/uploads\/2019\/12\/escuela-profesional-richemont_formacin_02-scaled.jpg\",\"contentUrl\":\"https:\/\/richemont.swiss\/wp-content\/uploads\/2019\/12\/escuela-profesional-richemont_formacin_02-scaled.jpg\",\"width\":2560,\"height\":1707,\"caption\":\"Centro de Competencia Richemont - Formaci\u00f3n\"},{\"@type\":\"BreadcrumbList\",\"@id\":\"https:\/\/richemont.swiss\/es\/formacion\/invierta-en-su-exito\/#breadcrumb\",\"itemListElement\":[{\"@type\":\"ListItem\",\"position\":1,\"name\":\"Home\",\"item\":\"https:\/\/richemont.swiss\/es\/\"},{\"@type\":\"ListItem\",\"position\":2,\"name\":\"Nuestra pasi\u00f3n por la artesan\u00eda\",\"item\":\"https:\/\/richemont.swiss\/es\/formacion\/\"},{\"@type\":\"ListItem\",\"position\":3,\"name\":\"Invierta en su \u00e9xito\"}]},{\"@type\":\"WebSite\",\"@id\":\"https:\/\/richemont.swiss\/es\/#website\",\"url\":\"https:\/\/richemont.swiss\/es\/\",\"name\":\"Richemont\",\"description\":\"\",\"potentialAction\":[{\"@type\":\"SearchAction\",\"target\":{\"@type\":\"EntryPoint\",\"urlTemplate\":\"https:\/\/richemont.swiss\/es\/?s={search_term_string}\"},\"query-input\":{\"@type\":\"PropertyValueSpecification\",\"valueRequired\":true,\"valueName\":\"search_term_string\"}}],\"inLanguage\":\"es\"}]}<\/script>\n<!-- \/ Yoast SEO Premium plugin. -->","yoast_head_json":{"title":"Oferta de formaci\u00f3n - Invierta en su \u00e9xito - Escuela profesional Richemont","description":"Nuestra oferta de formaci\u00f3n: orientada a la pr\u00e1ctica, a los objetivos y a los resultados, para que pueda afrontar con \u00e9xito los retos del mercado.","robots":{"index":"index","follow":"follow","max-snippet":"max-snippet:-1","max-image-preview":"max-image-preview:large","max-video-preview":"max-video-preview:-1"},"canonical":"https:\/\/richemont.swiss\/es\/formacion\/invierta-en-su-exito\/","og_locale":"es_ES","og_type":"article","og_title":"Invierta en su \u00e9xito","og_description":"Nuestra oferta de formaci\u00f3n: orientada a la pr\u00e1ctica, a los objetivos y a los resultados, para que pueda afrontar con \u00e9xito los retos del mercado.","og_url":"https:\/\/richemont.swiss\/es\/formacion\/invierta-en-su-exito\/","og_site_name":"Richemont","article_modified_time":"2024-12-13T17:37:18+00:00","og_image":[{"width":2560,"height":1707,"url":"https:\/\/richemont.swiss\/wp-content\/uploads\/2019\/12\/escuela-profesional-richemont_formacin_02-scaled.jpg","type":"image\/jpeg"}],"twitter_card":"summary_large_image","twitter_misc":{"Tiempo de lectura":"2 minutos"},"schema":{"@context":"https:\/\/schema.org","@graph":[{"@type":"WebPage","@id":"https:\/\/richemont.swiss\/es\/formacion\/invierta-en-su-exito\/","url":"https:\/\/richemont.swiss\/es\/formacion\/invierta-en-su-exito\/","name":"Oferta de formaci\u00f3n - Invierta en su \u00e9xito - Escuela profesional Richemont","isPartOf":{"@id":"https:\/\/richemont.swiss\/es\/#website"},"primaryImageOfPage":{"@id":"https:\/\/richemont.swiss\/es\/formacion\/invierta-en-su-exito\/#primaryimage"},"image":{"@id":"https:\/\/richemont.swiss\/es\/formacion\/invierta-en-su-exito\/#primaryimage"},"thumbnailUrl":"https:\/\/richemont.swiss\/wp-content\/uploads\/2019\/12\/escuela-profesional-richemont_formacin_02-scaled.jpg","datePublished":"2019-02-17T15:35:14+00:00","dateModified":"2024-12-13T17:37:18+00:00","description":"Nuestra oferta de formaci\u00f3n: orientada a la pr\u00e1ctica, a los objetivos y a los resultados, para que pueda afrontar con \u00e9xito los retos del mercado.","breadcrumb":{"@id":"https:\/\/richemont.swiss\/es\/formacion\/invierta-en-su-exito\/#breadcrumb"},"inLanguage":"es","potentialAction":[{"@type":"ReadAction","target":["https:\/\/richemont.swiss\/es\/formacion\/invierta-en-su-exito\/"]}]},{"@type":"ImageObject","inLanguage":"es","@id":"https:\/\/richemont.swiss\/es\/formacion\/invierta-en-su-exito\/#primaryimage","url":"https:\/\/richemont.swiss\/wp-content\/uploads\/2019\/12\/escuela-profesional-richemont_formacin_02-scaled.jpg","contentUrl":"https:\/\/richemont.swiss\/wp-content\/uploads\/2019\/12\/escuela-profesional-richemont_formacin_02-scaled.jpg","width":2560,"height":1707,"caption":"Centro de Competencia Richemont - Formaci\u00f3n"},{"@type":"BreadcrumbList","@id":"https:\/\/richemont.swiss\/es\/formacion\/invierta-en-su-exito\/#breadcrumb","itemListElement":[{"@type":"ListItem","position":1,"name":"Home","item":"https:\/\/richemont.swiss\/es\/"},{"@type":"ListItem","position":2,"name":"Nuestra pasi\u00f3n por la artesan\u00eda","item":"https:\/\/richemont.swiss\/es\/formacion\/"},{"@type":"ListItem","position":3,"name":"Invierta en su \u00e9xito"}]},{"@type":"WebSite","@id":"https:\/\/richemont.swiss\/es\/#website","url":"https:\/\/richemont.swiss\/es\/","name":"Richemont","description":"","potentialAction":[{"@type":"SearchAction","target":{"@type":"EntryPoint","urlTemplate":"https:\/\/richemont.swiss\/es\/?s={search_term_string}"},"query-input":{"@type":"PropertyValueSpecification","valueRequired":true,"valueName":"search_term_string"}}],"inLanguage":"es"}]}},"_links":{"self":[{"href":"https:\/\/richemont.swiss\/es\/wp-json\/wp\/v2\/pages\/12606","targetHints":{"allow":["GET"]}}],"collection":[{"href":"https:\/\/richemont.swiss\/es\/wp-json\/wp\/v2\/pages"}],"about":[{"href":"https:\/\/richemont.swiss\/es\/wp-json\/wp\/v2\/types\/page"}],"author":[{"embeddable":true,"href":"https:\/\/richemont.swiss\/es\/wp-json\/wp\/v2\/users\/2"}],"replies":[{"embeddable":true,"href":"https:\/\/richemont.swiss\/es\/wp-json\/wp\/v2\/comments?post=12606"}],"version-history":[{"count":0,"href":"https:\/\/richemont.swiss\/es\/wp-json\/wp\/v2\/pages\/12606\/revisions"}],"up":[{"embeddable":true,"href":"https:\/\/richemont.swiss\/es\/wp-json\/wp\/v2\/pages\/12542"}],"wp:featuredmedia":[{"embeddable":true,"href":"https:\/\/richemont.swiss\/es\/wp-json\/wp\/v2\/media\/12607"}],"wp:attachment":[{"href":"https:\/\/richemont.swiss\/es\/wp-json\/wp\/v2\/media?parent=12606"}],"curies":[{"name":"wp","href":"https:\/\/api.w.org\/{rel}","templated":true}]}}