{"id":12583,"date":"2019-02-18T13:21:39","date_gmt":"2019-02-18T12:21:39","guid":{"rendered":"https:\/\/richemont.swiss\/?page_id=12583"},"modified":"2019-12-31T10:30:10","modified_gmt":"2019-12-31T10:30:10","slug":"asesoramiento","status":"publish","type":"page","link":"https:\/\/richemont.swiss\/es\/servicios\/produccion\/asesoramiento\/","title":{"rendered":"Asesoramientos t\u00e9cnicos"},"content":{"rendered":"\n<p>Con el \u00e1rea \u00abAsesoramientos t\u00e9cnicos\u00bb, el Centro de Excelencia Richemont ofrece una completa gama de servicios. Los asesoramientos abarcan todo el \u00e1mbito profesional y empresarial de la panader\u00eda, la pasteler\u00eda y la confiter\u00eda.<\/p>\n\n\n\n<h2 class=\"wp-block-heading\">Nuestros servicios <\/h2>\n\n\n\n<ul class=\"wp-block-list\"><li>Optimizaci\u00f3n de procesos de producci\u00f3n<\/li><li>Identificaci\u00f3n de fuentes de error y adopci\u00f3n de medidas correctivas<\/li><li>Introducci\u00f3n de nuevas tecnolog\u00edas (p.&nbsp;ej., tecnolog\u00eda de refrigeraci\u00f3n)<\/li><li>Desarrollo e implementaci\u00f3n de nuevas ideas de producto, incluida la creaci\u00f3n de recetas<\/li><li>Asistencia especializada en la capacitaci\u00f3n y la formaci\u00f3n continua corporativa<\/li><\/ul>\n\n\n\n<p>Dise\u00f1amos soluciones personalizadas para usted y con usted, de manera competente, orientada al \u00e9xito y confidencial.<\/p>\n\n\n\n<p>Estaremos encantados de presentarle una oferta personal.<\/p>\n\n\n<script type=\"text\/javascript\">\n\/* <![CDATA[ *\/\nvar gform;gform||(document.addEventListener(\"gform_main_scripts_loaded\",function(){gform.scriptsLoaded=!0}),document.addEventListener(\"gform\/theme\/scripts_loaded\",function(){gform.themeScriptsLoaded=!0}),window.addEventListener(\"DOMContentLoaded\",function(){gform.domLoaded=!0}),gform={domLoaded:!1,scriptsLoaded:!1,themeScriptsLoaded:!1,isFormEditor:()=>\"function\"==typeof InitializeEditor,callIfLoaded:function(o){return!(!gform.domLoaded||!gform.scriptsLoaded||!gform.themeScriptsLoaded&&!gform.isFormEditor()||(gform.isFormEditor()&&console.warn(\"The use of gform.initializeOnLoaded() is deprecated in the form editor context and will be removed in Gravity Forms 3.1.\"),o(),0))},initializeOnLoaded:function(o){gform.callIfLoaded(o)||(document.addEventListener(\"gform_main_scripts_loaded\",()=>{gform.scriptsLoaded=!0,gform.callIfLoaded(o)}),document.addEventListener(\"gform\/theme\/scripts_loaded\",()=>{gform.themeScriptsLoaded=!0,gform.callIfLoaded(o)}),window.addEventListener(\"DOMContentLoaded\",()=>{gform.domLoaded=!0,gform.callIfLoaded(o)}))},hooks:{action:{},filter:{}},addAction:function(o,r,e,t){gform.addHook(\"action\",o,r,e,t)},addFilter:function(o,r,e,t){gform.addHook(\"filter\",o,r,e,t)},doAction:function(o){gform.doHook(\"action\",o,arguments)},applyFilters:function(o){return gform.doHook(\"filter\",o,arguments)},removeAction:function(o,r){gform.removeHook(\"action\",o,r)},removeFilter:function(o,r,e){gform.removeHook(\"filter\",o,r,e)},addHook:function(o,r,e,t,n){null==gform.hooks[o][r]&&(gform.hooks[o][r]=[]);var d=gform.hooks[o][r];null==n&&(n=r+\"_\"+d.length),gform.hooks[o][r].push({tag:n,callable:e,priority:t=null==t?10:t})},doHook:function(r,o,e){var t;if(e=Array.prototype.slice.call(e,1),null!=gform.hooks[r][o]&&((o=gform.hooks[r][o]).sort(function(o,r){return o.priority-r.priority}),o.forEach(function(o){\"function\"!=typeof(t=o.callable)&&(t=window[t]),\"action\"==r?t.apply(null,e):e[0]=t.apply(null,e)})),\"filter\"==r)return e[0]},removeHook:function(o,r,t,n){var e;null!=gform.hooks[o][r]&&(e=(e=gform.hooks[o][r]).filter(function(o,r,e){return!!(null!=n&&n!=o.tag||null!=t&&t!=o.priority)}),gform.hooks[o][r]=e)}});\n\/* ]]> *\/\n<\/script>\n\n                <div class='gf_browser_gecko gform_wrapper gform_legacy_markup_wrapper gform-theme--no-framework' data-form-theme='legacy' data-form-index='0' id='gform_wrapper_11' >\n                        <div class='gform_heading'>\n                            <h3 class=\"gform_title\">Formulario de contacto<\/h3>\n                            <p class='gform_description'><\/p>\n                        <\/div><form method='post' enctype='multipart\/form-data'  id='gform_11'  action='\/es\/wp-json\/wp\/v2\/pages\/12583' data-formid='11' novalidate><div class='gf_invisible ginput_recaptchav3' data-sitekey='6Lfdpk8fAAAAAC62hdXsfx4WOZrS4adXeSJWIEz0' data-tabindex='0'><input id=\"input_e96277ef775691b32a665d00a36bba25\" class=\"gfield_recaptcha_response\" type=\"hidden\" name=\"input_e96277ef775691b32a665d00a36bba25\" value=\"\"\/><\/div>\n                        <div class='gform-body gform_body'><ul id='gform_fields_11' class='gform_fields top_label form_sublabel_below description_below validation_below'><li id=\"field_11_4\" class=\"gfield gfield--type-text field_sublabel_below gfield--no-description field_description_below field_validation_below gfield_visibility_visible\"  ><label class='gfield_label gform-field-label' for='input_11_4'>Empresa<\/label><div class='ginput_container ginput_container_text'><input name='input_4' id='input_11_4' type='text' value='' class='medium'      aria-invalid=\"false\"   \/><\/div><\/li><li id=\"field_11_5\" class=\"gfield gfield--type-select gfield_contains_required field_sublabel_below gfield--no-description field_description_below field_validation_below gfield_visibility_visible\"  ><label class='gfield_label gform-field-label' for='input_11_5'>Tratamiento (escoja uno)<span class=\"gfield_required\"><span class=\"gfield_required gfield_required_asterisk\">*<\/span><\/span><\/label><div class='ginput_container ginput_container_select'><select name='input_5' id='input_11_5' class='medium gfield_select'    aria-required=\"true\" aria-invalid=\"false\" ><option value='Sra.' >Sra.<\/option><option value='Sr.' >Sr.<\/option><\/select><\/div><\/li><li id=\"field_11_6\" class=\"gfield gfield--type-text gfield_contains_required field_sublabel_below gfield--no-description field_description_below field_validation_below gfield_visibility_visible\"  ><label class='gfield_label gform-field-label' for='input_11_6'>Apellido<span class=\"gfield_required\"><span class=\"gfield_required gfield_required_asterisk\">*<\/span><\/span><\/label><div class='ginput_container ginput_container_text'><input name='input_6' id='input_11_6' type='text' value='' class='medium'     aria-required=\"true\" aria-invalid=\"false\"   \/><\/div><\/li><li id=\"field_11_7\" class=\"gfield gfield--type-text gfield_contains_required field_sublabel_below gfield--no-description field_description_below field_validation_below gfield_visibility_visible\"  ><label class='gfield_label gform-field-label' for='input_11_7'>Nombre<span class=\"gfield_required\"><span class=\"gfield_required gfield_required_asterisk\">*<\/span><\/span><\/label><div class='ginput_container ginput_container_text'><input name='input_7' id='input_11_7' type='text' value='' class='medium'     aria-required=\"true\" aria-invalid=\"false\"   \/><\/div><\/li><li id=\"field_11_8\" class=\"gfield gfield--type-text gfield_contains_required field_sublabel_below gfield--no-description field_description_below field_validation_below gfield_visibility_visible\"  ><label class='gfield_label gform-field-label' for='input_11_8'>Direcci\u00f3n<span class=\"gfield_required\"><span class=\"gfield_required gfield_required_asterisk\">*<\/span><\/span><\/label><div class='ginput_container ginput_container_text'><input name='input_8' id='input_11_8' type='text' value='' class='medium'     aria-required=\"true\" aria-invalid=\"false\"   \/><\/div><\/li><li id=\"field_11_9\" class=\"gfield gfield--type-text gfield_contains_required field_sublabel_below gfield--no-description field_description_below field_validation_below gfield_visibility_visible\"  ><label class='gfield_label gform-field-label' for='input_11_9'>C.\u00a0P.<span class=\"gfield_required\"><span class=\"gfield_required gfield_required_asterisk\">*<\/span><\/span><\/label><div class='ginput_container ginput_container_text'><input name='input_9' id='input_11_9' type='text' value='' class='medium'     aria-required=\"true\" aria-invalid=\"false\"   \/><\/div><\/li><li id=\"field_11_10\" class=\"gfield gfield--type-text gfield_contains_required field_sublabel_below gfield--no-description field_description_below field_validation_below gfield_visibility_visible\"  ><label class='gfield_label gform-field-label' for='input_11_10'>Poblaci\u00f3n<span class=\"gfield_required\"><span class=\"gfield_required gfield_required_asterisk\">*<\/span><\/span><\/label><div class='ginput_container ginput_container_text'><input name='input_10' id='input_11_10' type='text' value='' class='medium'     aria-required=\"true\" aria-invalid=\"false\"   \/><\/div><\/li><li id=\"field_11_11\" class=\"gfield gfield--type-text gfield_contains_required field_sublabel_below gfield--no-description field_description_below field_validation_below gfield_visibility_visible\"  ><label class='gfield_label gform-field-label' for='input_11_11'>Pa\u00eds<span class=\"gfield_required\"><span class=\"gfield_required gfield_required_asterisk\">*<\/span><\/span><\/label><div class='ginput_container ginput_container_text'><input name='input_11' id='input_11_11' type='text' value='' class='medium'     aria-required=\"true\" aria-invalid=\"false\"   \/><\/div><\/li><li id=\"field_11_12\" class=\"gfield gfield--type-text gfield_contains_required field_sublabel_below gfield--no-description field_description_below field_validation_below gfield_visibility_visible\"  ><label class='gfield_label gform-field-label' for='input_11_12'>Tel\u00e9fono<span class=\"gfield_required\"><span class=\"gfield_required gfield_required_asterisk\">*<\/span><\/span><\/label><div class='ginput_container ginput_container_text'><input name='input_12' id='input_11_12' type='text' value='' class='medium'     aria-required=\"true\" aria-invalid=\"false\"   \/><\/div><\/li><li id=\"field_11_13\" class=\"gfield gfield--type-text gfield_contains_required field_sublabel_below gfield--no-description field_description_below field_validation_below gfield_visibility_visible\"  ><label class='gfield_label gform-field-label' for='input_11_13'>Correo electr\u00f3nico<span class=\"gfield_required\"><span class=\"gfield_required gfield_required_asterisk\">*<\/span><\/span><\/label><div class='ginput_container ginput_container_text'><input name='input_13' id='input_11_13' type='text' value='' class='medium'     aria-required=\"true\" aria-invalid=\"false\"   \/><\/div><\/li><li id=\"field_11_14\" class=\"gfield gfield--type-textarea fullsize field_sublabel_below gfield--no-description field_description_below field_validation_below gfield_visibility_visible\"  ><label class='gfield_label gform-field-label' for='input_11_14'>Su mensaje<\/label><div class='ginput_container ginput_container_textarea'><textarea name='input_14' id='input_11_14' class='textarea medium'      aria-invalid=\"false\"   rows='10' cols='50'><\/textarea><\/div><\/li><\/ul><\/div>\n        <div class='gform-footer gform_footer top_label'> <input type='submit' id='gform_submit_button_11' class='gform_button button' onclick='gform.submission.handleButtonClick(this);' data-submission-type='submit' value='Enviar'  \/> \n            <input type='hidden' class='gform_hidden' name='gform_submission_method' data-js='gform_submission_method_11' value='postback' \/>\n            <input type='hidden' class='gform_hidden' name='gform_theme' data-js='gform_theme_11' id='gform_theme_11' value='legacy' \/>\n            <input type='hidden' class='gform_hidden' name='gform_style_settings' data-js='gform_style_settings_11' id='gform_style_settings_11' value='[]' \/>\n            <input type='hidden' class='gform_hidden' name='is_submit_11' value='1' \/>\n            <input type='hidden' class='gform_hidden' name='gform_submit' value='11' \/>\n            \n            <input type='hidden' class='gform_hidden' name='gform_unique_id' value='' \/>\n            <input type='hidden' class='gform_hidden' name='state_11' value='WyJbXSIsImY4MzJmZmUwZWU0M2ZhZTUzYTQ1MzhmOTczNzdhNDE0Il0=' \/>\n            <input type='hidden' autocomplete='off' class='gform_hidden' name='gform_target_page_number_11' id='gform_target_page_number_11' value='0' \/>\n            <input type='hidden' autocomplete='off' class='gform_hidden' name='gform_source_page_number_11' id='gform_source_page_number_11' value='1' \/>\n            <input type='hidden' name='gform_field_values' value='' \/>\n            \n        <\/div>\n                        <\/form>\n                        <\/div><script type=\"text\/javascript\">\n\/* <![CDATA[ *\/\n gform.initializeOnLoaded( function() {gformInitSpinner( 11, 'https:\/\/richemont.swiss\/wp-content\/plugins\/gravityforms\/images\/spinner.svg', true );jQuery('#gform_ajax_frame_11').on('load',function(){var contents = jQuery(this).contents().find('*').html();var is_postback = contents.indexOf('GF_AJAX_POSTBACK') >= 0;if(!is_postback){return;}var form_content = jQuery(this).contents().find('#gform_wrapper_11');var is_confirmation = jQuery(this).contents().find('#gform_confirmation_wrapper_11').length > 0;var is_redirect = contents.indexOf('gformRedirect(){') >= 0;var is_form = form_content.length > 0 && ! is_redirect && ! is_confirmation;var mt = parseInt(jQuery('html').css('margin-top'), 10) + parseInt(jQuery('body').css('margin-top'), 10) + 100;if(is_form){jQuery('#gform_wrapper_11').html(form_content.html());if(form_content.hasClass('gform_validation_error')){jQuery('#gform_wrapper_11').addClass('gform_validation_error');} else {jQuery('#gform_wrapper_11').removeClass('gform_validation_error');}setTimeout( function() { \/* delay the scroll by 50 milliseconds to fix a bug in chrome *\/  }, 50 );if(window['gformInitDatepicker']) {gformInitDatepicker();}if(window['gformInitPriceFields']) {gformInitPriceFields();}var current_page = jQuery('#gform_source_page_number_11').val();gformInitSpinner( 11, 'https:\/\/richemont.swiss\/wp-content\/plugins\/gravityforms\/images\/spinner.svg', true );jQuery(document).trigger('gform_page_loaded', [11, current_page]);window['gf_submitting_11'] = false;}else if(!is_redirect){var confirmation_content = jQuery(this).contents().find('.GF_AJAX_POSTBACK').html();if(!confirmation_content){confirmation_content = contents;}jQuery('#gform_wrapper_11').replaceWith(confirmation_content);jQuery(document).trigger('gform_confirmation_loaded', [11]);window['gf_submitting_11'] = false;wp.a11y.speak(jQuery('#gform_confirmation_message_11').text());}else{jQuery('#gform_11').append(contents);if(window['gformRedirect']) {gformRedirect();}}jQuery(document).trigger(\"gform_pre_post_render\", [{ formId: \"11\", currentPage: \"current_page\", abort: function() { this.preventDefault(); } }]);        if (event && event.defaultPrevented) {                return;        }        const gformWrapperDiv = document.getElementById( \"gform_wrapper_11\" );        if ( gformWrapperDiv ) {            const visibilitySpan = document.createElement( \"span\" );            visibilitySpan.id = \"gform_visibility_test_11\";            gformWrapperDiv.insertAdjacentElement( \"afterend\", visibilitySpan );        }        const visibilityTestDiv = document.getElementById( \"gform_visibility_test_11\" );        let postRenderFired = false;        function triggerPostRender() {            if ( postRenderFired ) {                return;            }            postRenderFired = true;            gform.core.triggerPostRenderEvents( 11, current_page );            if ( visibilityTestDiv ) {                visibilityTestDiv.parentNode.removeChild( visibilityTestDiv );            }        }        function debounce( func, wait, immediate ) {            var timeout;            return function() {                var context = this, args = arguments;                var later = function() {                    timeout = null;                    if ( !immediate ) func.apply( context, args );                };                var callNow = immediate && !timeout;                clearTimeout( timeout );                timeout = setTimeout( later, wait );                if ( callNow ) func.apply( context, args );            };        }        const debouncedTriggerPostRender = debounce( function() {            triggerPostRender();        }, 200 );        if ( visibilityTestDiv && visibilityTestDiv.offsetParent === null ) {            const observer = new MutationObserver( ( mutations ) => {                mutations.forEach( ( mutation ) => {                    if ( mutation.type === 'attributes' && visibilityTestDiv.offsetParent !== null ) {                        debouncedTriggerPostRender();                        observer.disconnect();                    }                });            });            observer.observe( document.body, {                attributes: true,                childList: false,                subtree: true,                attributeFilter: [ 'style', 'class' ],            });        } else {            triggerPostRender();        }    } );} ); \n\/* ]]> *\/\n<\/script>\n","protected":false},"excerpt":{"rendered":"<p>Con el \u00e1rea \u00abAsesoramientos t\u00e9cnicos\u00bb, el Centro de Excelencia Richemont ofrece una completa gama de servicios. Los asesoramientos abarcan todo el \u00e1mbito profesional y empresarial de la panader\u00eda, la pasteler\u00eda y la confiter\u00eda. Nuestros servicios Optimizaci\u00f3n de procesos de producci\u00f3n Identificaci\u00f3n de fuentes de error y adopci\u00f3n de medidas correctivas Introducci\u00f3n de nuevas tecnolog\u00edas (p.&nbsp;ej., [&hellip;]<\/p>\n","protected":false},"author":2,"featured_media":12584,"parent":12572,"menu_order":210,"comment_status":"closed","ping_status":"closed","template":"","meta":{"_acf_changed":false,"footnotes":""},"class_list":["post-12583","page","type-page","status-publish","has-post-thumbnail","hentry"],"acf":[],"yoast_head":"<!-- This site is optimized with the Yoast SEO Premium plugin v26.7 (Yoast SEO v26.7) - https:\/\/yoast.com\/wordpress\/plugins\/seo\/ -->\n<title>Asesoramientos t\u00e9cnicos para panader\u00edas - Escuela profesional Richemont<\/title>\n<meta name=\"description\" content=\"Nuestros asesoramientos t\u00e9cnicos abarcan todo el \u00e1mbito empresarial de la panader\u00eda, la pasteler\u00eda y la confiter\u00eda.\" \/>\n<meta name=\"robots\" content=\"index, follow, max-snippet:-1, max-image-preview:large, max-video-preview:-1\" \/>\n<link rel=\"canonical\" href=\"https:\/\/richemont.swiss\/es\/servicios\/produccion\/asesoramiento\/\" \/>\n<meta property=\"og:locale\" content=\"es_ES\" \/>\n<meta property=\"og:type\" content=\"article\" \/>\n<meta property=\"og:title\" content=\"Asesoramientos t\u00e9cnicos\" \/>\n<meta property=\"og:description\" content=\"Nuestros asesoramientos t\u00e9cnicos abarcan todo el \u00e1mbito empresarial de la panader\u00eda, la pasteler\u00eda y la confiter\u00eda.\" \/>\n<meta property=\"og:url\" content=\"https:\/\/richemont.swiss\/es\/servicios\/produccion\/asesoramiento\/\" \/>\n<meta property=\"og:site_name\" content=\"Richemont\" \/>\n<meta property=\"article:modified_time\" content=\"2019-12-31T10:30:10+00:00\" \/>\n<meta property=\"og:image\" content=\"https:\/\/richemont.swiss\/wp-content\/uploads\/2019\/12\/escuela-profesional-richemont_servicios_03-scaled.jpg\" \/>\n\t<meta property=\"og:image:width\" content=\"2560\" \/>\n\t<meta property=\"og:image:height\" content=\"1707\" \/>\n\t<meta property=\"og:image:type\" content=\"image\/jpeg\" \/>\n<meta name=\"twitter:card\" content=\"summary_large_image\" \/>\n<meta name=\"twitter:label1\" content=\"Tiempo de lectura\" \/>\n\t<meta name=\"twitter:data1\" content=\"1 minuto\" \/>\n<script type=\"application\/ld+json\" class=\"yoast-schema-graph\">{\"@context\":\"https:\/\/schema.org\",\"@graph\":[{\"@type\":\"WebPage\",\"@id\":\"https:\/\/richemont.swiss\/es\/servicios\/produccion\/asesoramiento\/\",\"url\":\"https:\/\/richemont.swiss\/es\/servicios\/produccion\/asesoramiento\/\",\"name\":\"Asesoramientos t\u00e9cnicos para panader\u00edas - Escuela profesional Richemont\",\"isPartOf\":{\"@id\":\"https:\/\/richemont.swiss\/es\/#website\"},\"primaryImageOfPage\":{\"@id\":\"https:\/\/richemont.swiss\/es\/servicios\/produccion\/asesoramiento\/#primaryimage\"},\"image\":{\"@id\":\"https:\/\/richemont.swiss\/es\/servicios\/produccion\/asesoramiento\/#primaryimage\"},\"thumbnailUrl\":\"https:\/\/richemont.swiss\/wp-content\/uploads\/2019\/12\/escuela-profesional-richemont_servicios_03-scaled.jpg\",\"datePublished\":\"2019-02-18T12:21:39+00:00\",\"dateModified\":\"2019-12-31T10:30:10+00:00\",\"description\":\"Nuestros asesoramientos t\u00e9cnicos abarcan todo el \u00e1mbito empresarial de la panader\u00eda, la pasteler\u00eda y la confiter\u00eda.\",\"breadcrumb\":{\"@id\":\"https:\/\/richemont.swiss\/es\/servicios\/produccion\/asesoramiento\/#breadcrumb\"},\"inLanguage\":\"es\",\"potentialAction\":[{\"@type\":\"ReadAction\",\"target\":[\"https:\/\/richemont.swiss\/es\/servicios\/produccion\/asesoramiento\/\"]}]},{\"@type\":\"ImageObject\",\"inLanguage\":\"es\",\"@id\":\"https:\/\/richemont.swiss\/es\/servicios\/produccion\/asesoramiento\/#primaryimage\",\"url\":\"https:\/\/richemont.swiss\/wp-content\/uploads\/2019\/12\/escuela-profesional-richemont_servicios_03-scaled.jpg\",\"contentUrl\":\"https:\/\/richemont.swiss\/wp-content\/uploads\/2019\/12\/escuela-profesional-richemont_servicios_03-scaled.jpg\",\"width\":2560,\"height\":1707,\"caption\":\"Centro de Competencia Richemont - Servicios\"},{\"@type\":\"BreadcrumbList\",\"@id\":\"https:\/\/richemont.swiss\/es\/servicios\/produccion\/asesoramiento\/#breadcrumb\",\"itemListElement\":[{\"@type\":\"ListItem\",\"position\":1,\"name\":\"Home\",\"item\":\"https:\/\/richemont.swiss\/es\/\"},{\"@type\":\"ListItem\",\"position\":2,\"name\":\"Servicios integrales\",\"item\":\"https:\/\/richemont.swiss\/es\/beratungen\/\"},{\"@type\":\"ListItem\",\"position\":3,\"name\":\"Asesoramientos a medida\",\"item\":\"https:\/\/richemont.swiss\/es\/beratungen\/produktion\/\"},{\"@type\":\"ListItem\",\"position\":4,\"name\":\"Asesoramientos t\u00e9cnicos\"}]},{\"@type\":\"WebSite\",\"@id\":\"https:\/\/richemont.swiss\/es\/#website\",\"url\":\"https:\/\/richemont.swiss\/es\/\",\"name\":\"Richemont\",\"description\":\"\",\"potentialAction\":[{\"@type\":\"SearchAction\",\"target\":{\"@type\":\"EntryPoint\",\"urlTemplate\":\"https:\/\/richemont.swiss\/es\/?s={search_term_string}\"},\"query-input\":{\"@type\":\"PropertyValueSpecification\",\"valueRequired\":true,\"valueName\":\"search_term_string\"}}],\"inLanguage\":\"es\"}]}<\/script>\n<!-- \/ Yoast SEO Premium plugin. -->","yoast_head_json":{"title":"Asesoramientos t\u00e9cnicos para panader\u00edas - Escuela profesional Richemont","description":"Nuestros asesoramientos t\u00e9cnicos abarcan todo el \u00e1mbito empresarial de la panader\u00eda, la pasteler\u00eda y la confiter\u00eda.","robots":{"index":"index","follow":"follow","max-snippet":"max-snippet:-1","max-image-preview":"max-image-preview:large","max-video-preview":"max-video-preview:-1"},"canonical":"https:\/\/richemont.swiss\/es\/servicios\/produccion\/asesoramiento\/","og_locale":"es_ES","og_type":"article","og_title":"Asesoramientos t\u00e9cnicos","og_description":"Nuestros asesoramientos t\u00e9cnicos abarcan todo el \u00e1mbito empresarial de la panader\u00eda, la pasteler\u00eda y la confiter\u00eda.","og_url":"https:\/\/richemont.swiss\/es\/servicios\/produccion\/asesoramiento\/","og_site_name":"Richemont","article_modified_time":"2019-12-31T10:30:10+00:00","og_image":[{"width":2560,"height":1707,"url":"https:\/\/richemont.swiss\/wp-content\/uploads\/2019\/12\/escuela-profesional-richemont_servicios_03-scaled.jpg","type":"image\/jpeg"}],"twitter_card":"summary_large_image","twitter_misc":{"Tiempo de lectura":"1 minuto"},"schema":{"@context":"https:\/\/schema.org","@graph":[{"@type":"WebPage","@id":"https:\/\/richemont.swiss\/es\/servicios\/produccion\/asesoramiento\/","url":"https:\/\/richemont.swiss\/es\/servicios\/produccion\/asesoramiento\/","name":"Asesoramientos t\u00e9cnicos para panader\u00edas - Escuela profesional Richemont","isPartOf":{"@id":"https:\/\/richemont.swiss\/es\/#website"},"primaryImageOfPage":{"@id":"https:\/\/richemont.swiss\/es\/servicios\/produccion\/asesoramiento\/#primaryimage"},"image":{"@id":"https:\/\/richemont.swiss\/es\/servicios\/produccion\/asesoramiento\/#primaryimage"},"thumbnailUrl":"https:\/\/richemont.swiss\/wp-content\/uploads\/2019\/12\/escuela-profesional-richemont_servicios_03-scaled.jpg","datePublished":"2019-02-18T12:21:39+00:00","dateModified":"2019-12-31T10:30:10+00:00","description":"Nuestros asesoramientos t\u00e9cnicos abarcan todo el \u00e1mbito empresarial de la panader\u00eda, la pasteler\u00eda y la confiter\u00eda.","breadcrumb":{"@id":"https:\/\/richemont.swiss\/es\/servicios\/produccion\/asesoramiento\/#breadcrumb"},"inLanguage":"es","potentialAction":[{"@type":"ReadAction","target":["https:\/\/richemont.swiss\/es\/servicios\/produccion\/asesoramiento\/"]}]},{"@type":"ImageObject","inLanguage":"es","@id":"https:\/\/richemont.swiss\/es\/servicios\/produccion\/asesoramiento\/#primaryimage","url":"https:\/\/richemont.swiss\/wp-content\/uploads\/2019\/12\/escuela-profesional-richemont_servicios_03-scaled.jpg","contentUrl":"https:\/\/richemont.swiss\/wp-content\/uploads\/2019\/12\/escuela-profesional-richemont_servicios_03-scaled.jpg","width":2560,"height":1707,"caption":"Centro de Competencia Richemont - Servicios"},{"@type":"BreadcrumbList","@id":"https:\/\/richemont.swiss\/es\/servicios\/produccion\/asesoramiento\/#breadcrumb","itemListElement":[{"@type":"ListItem","position":1,"name":"Home","item":"https:\/\/richemont.swiss\/es\/"},{"@type":"ListItem","position":2,"name":"Servicios integrales","item":"https:\/\/richemont.swiss\/es\/beratungen\/"},{"@type":"ListItem","position":3,"name":"Asesoramientos a medida","item":"https:\/\/richemont.swiss\/es\/beratungen\/produktion\/"},{"@type":"ListItem","position":4,"name":"Asesoramientos t\u00e9cnicos"}]},{"@type":"WebSite","@id":"https:\/\/richemont.swiss\/es\/#website","url":"https:\/\/richemont.swiss\/es\/","name":"Richemont","description":"","potentialAction":[{"@type":"SearchAction","target":{"@type":"EntryPoint","urlTemplate":"https:\/\/richemont.swiss\/es\/?s={search_term_string}"},"query-input":{"@type":"PropertyValueSpecification","valueRequired":true,"valueName":"search_term_string"}}],"inLanguage":"es"}]}},"_links":{"self":[{"href":"https:\/\/richemont.swiss\/es\/wp-json\/wp\/v2\/pages\/12583","targetHints":{"allow":["GET"]}}],"collection":[{"href":"https:\/\/richemont.swiss\/es\/wp-json\/wp\/v2\/pages"}],"about":[{"href":"https:\/\/richemont.swiss\/es\/wp-json\/wp\/v2\/types\/page"}],"author":[{"embeddable":true,"href":"https:\/\/richemont.swiss\/es\/wp-json\/wp\/v2\/users\/2"}],"replies":[{"embeddable":true,"href":"https:\/\/richemont.swiss\/es\/wp-json\/wp\/v2\/comments?post=12583"}],"version-history":[{"count":0,"href":"https:\/\/richemont.swiss\/es\/wp-json\/wp\/v2\/pages\/12583\/revisions"}],"up":[{"embeddable":true,"href":"https:\/\/richemont.swiss\/es\/wp-json\/wp\/v2\/pages\/12572"}],"wp:featuredmedia":[{"embeddable":true,"href":"https:\/\/richemont.swiss\/es\/wp-json\/wp\/v2\/media\/12584"}],"wp:attachment":[{"href":"https:\/\/richemont.swiss\/es\/wp-json\/wp\/v2\/media?parent=12583"}],"curies":[{"name":"wp","href":"https:\/\/api.w.org\/{rel}","templated":true}]}}