{"id":12572,"date":"2019-02-18T09:26:23","date_gmt":"2019-02-18T08:26:23","guid":{"rendered":"https:\/\/richemont.swiss\/?page_id=12572"},"modified":"2019-12-31T10:03:01","modified_gmt":"2019-12-31T10:03:01","slug":"produccion","status":"publish","type":"page","link":"https:\/\/richemont.swiss\/es\/servicios\/produccion\/","title":{"rendered":"Asesoramientos a medida"},"content":{"rendered":"\n<p>Nuestros especialistas est\u00e1n a su disposici\u00f3n con asesoramientos personalizados a medida, ya sea para la soluci\u00f3n de problemas o para la reorientaci\u00f3n de su empresa.<\/p>\n","protected":false},"excerpt":{"rendered":"<p>Nuestros especialistas est\u00e1n a su disposici\u00f3n con asesoramientos personalizados a medida, ya sea para la soluci\u00f3n de problemas o para la reorientaci\u00f3n de su empresa.<\/p>\n","protected":false},"author":2,"featured_media":12573,"parent":12561,"menu_order":200,"comment_status":"closed","ping_status":"closed","template":"","meta":{"_acf_changed":false,"footnotes":""},"class_list":["post-12572","page","type-page","status-publish","has-post-thumbnail","hentry"],"acf":[],"yoast_head":"<!-- This site is optimized with the Yoast SEO Premium plugin v26.7 (Yoast SEO v26.7) - https:\/\/yoast.com\/wordpress\/plugins\/seo\/ -->\n<title>Asesoramientos a medida para panader\u00edas - Escuela profesional Richemont<\/title>\n<meta name=\"description\" content=\"Le ofrecemos asesoramientos personalizados a medida, ya sea para la soluci\u00f3n de problemas o para la reorientaci\u00f3n de su empresa.\" \/>\n<meta name=\"robots\" content=\"index, follow, max-snippet:-1, max-image-preview:large, max-video-preview:-1\" \/>\n<link rel=\"canonical\" href=\"https:\/\/richemont.swiss\/es\/servicios\/produccion\/\" \/>\n<meta property=\"og:locale\" content=\"es_ES\" \/>\n<meta property=\"og:type\" content=\"article\" \/>\n<meta property=\"og:title\" content=\"Asesoramientos a medida\" \/>\n<meta property=\"og:description\" content=\"Le ofrecemos asesoramientos personalizados a medida, ya sea para la soluci\u00f3n de problemas o para la reorientaci\u00f3n de su empresa.\" \/>\n<meta property=\"og:url\" content=\"https:\/\/richemont.swiss\/es\/servicios\/produccion\/\" \/>\n<meta property=\"og:site_name\" content=\"Richemont\" \/>\n<meta property=\"article:modified_time\" content=\"2019-12-31T10:03:01+00:00\" \/>\n<meta property=\"og:image\" content=\"https:\/\/richemont.swiss\/wp-content\/uploads\/2019\/12\/escuela-profesional-richemont_servicios_02-scaled.jpg\" \/>\n\t<meta property=\"og:image:width\" content=\"2560\" \/>\n\t<meta property=\"og:image:height\" content=\"1703\" \/>\n\t<meta property=\"og:image:type\" content=\"image\/jpeg\" \/>\n<meta name=\"twitter:card\" content=\"summary_large_image\" \/>\n<script type=\"application\/ld+json\" class=\"yoast-schema-graph\">{\"@context\":\"https:\/\/schema.org\",\"@graph\":[{\"@type\":\"WebPage\",\"@id\":\"https:\/\/richemont.swiss\/es\/servicios\/produccion\/\",\"url\":\"https:\/\/richemont.swiss\/es\/servicios\/produccion\/\",\"name\":\"Asesoramientos a medida para panader\u00edas - Escuela profesional Richemont\",\"isPartOf\":{\"@id\":\"https:\/\/richemont.swiss\/es\/#website\"},\"primaryImageOfPage\":{\"@id\":\"https:\/\/richemont.swiss\/es\/servicios\/produccion\/#primaryimage\"},\"image\":{\"@id\":\"https:\/\/richemont.swiss\/es\/servicios\/produccion\/#primaryimage\"},\"thumbnailUrl\":\"https:\/\/richemont.swiss\/wp-content\/uploads\/2019\/12\/escuela-profesional-richemont_servicios_02-scaled.jpg\",\"datePublished\":\"2019-02-18T08:26:23+00:00\",\"dateModified\":\"2019-12-31T10:03:01+00:00\",\"description\":\"Le ofrecemos asesoramientos personalizados a medida, ya sea para la soluci\u00f3n de problemas o para la reorientaci\u00f3n de su empresa.\",\"breadcrumb\":{\"@id\":\"https:\/\/richemont.swiss\/es\/servicios\/produccion\/#breadcrumb\"},\"inLanguage\":\"es\",\"potentialAction\":[{\"@type\":\"ReadAction\",\"target\":[\"https:\/\/richemont.swiss\/es\/servicios\/produccion\/\"]}]},{\"@type\":\"ImageObject\",\"inLanguage\":\"es\",\"@id\":\"https:\/\/richemont.swiss\/es\/servicios\/produccion\/#primaryimage\",\"url\":\"https:\/\/richemont.swiss\/wp-content\/uploads\/2019\/12\/escuela-profesional-richemont_servicios_02-scaled.jpg\",\"contentUrl\":\"https:\/\/richemont.swiss\/wp-content\/uploads\/2019\/12\/escuela-profesional-richemont_servicios_02-scaled.jpg\",\"width\":2560,\"height\":1703,\"caption\":\"Centro de Competencia Richemont - Servicios\"},{\"@type\":\"BreadcrumbList\",\"@id\":\"https:\/\/richemont.swiss\/es\/servicios\/produccion\/#breadcrumb\",\"itemListElement\":[{\"@type\":\"ListItem\",\"position\":1,\"name\":\"Home\",\"item\":\"https:\/\/richemont.swiss\/es\/\"},{\"@type\":\"ListItem\",\"position\":2,\"name\":\"Servicios integrales\",\"item\":\"https:\/\/richemont.swiss\/es\/beratungen\/\"},{\"@type\":\"ListItem\",\"position\":3,\"name\":\"Asesoramientos a medida\"}]},{\"@type\":\"WebSite\",\"@id\":\"https:\/\/richemont.swiss\/es\/#website\",\"url\":\"https:\/\/richemont.swiss\/es\/\",\"name\":\"Richemont\",\"description\":\"\",\"potentialAction\":[{\"@type\":\"SearchAction\",\"target\":{\"@type\":\"EntryPoint\",\"urlTemplate\":\"https:\/\/richemont.swiss\/es\/?s={search_term_string}\"},\"query-input\":{\"@type\":\"PropertyValueSpecification\",\"valueRequired\":true,\"valueName\":\"search_term_string\"}}],\"inLanguage\":\"es\"}]}<\/script>\n<!-- \/ Yoast SEO Premium plugin. -->","yoast_head_json":{"title":"Asesoramientos a medida para panader\u00edas - Escuela profesional Richemont","description":"Le ofrecemos asesoramientos personalizados a medida, ya sea para la soluci\u00f3n de problemas o para la reorientaci\u00f3n de su empresa.","robots":{"index":"index","follow":"follow","max-snippet":"max-snippet:-1","max-image-preview":"max-image-preview:large","max-video-preview":"max-video-preview:-1"},"canonical":"https:\/\/richemont.swiss\/es\/servicios\/produccion\/","og_locale":"es_ES","og_type":"article","og_title":"Asesoramientos a medida","og_description":"Le ofrecemos asesoramientos personalizados a medida, ya sea para la soluci\u00f3n de problemas o para la reorientaci\u00f3n de su empresa.","og_url":"https:\/\/richemont.swiss\/es\/servicios\/produccion\/","og_site_name":"Richemont","article_modified_time":"2019-12-31T10:03:01+00:00","og_image":[{"width":2560,"height":1703,"url":"https:\/\/richemont.swiss\/wp-content\/uploads\/2019\/12\/escuela-profesional-richemont_servicios_02-scaled.jpg","type":"image\/jpeg"}],"twitter_card":"summary_large_image","schema":{"@context":"https:\/\/schema.org","@graph":[{"@type":"WebPage","@id":"https:\/\/richemont.swiss\/es\/servicios\/produccion\/","url":"https:\/\/richemont.swiss\/es\/servicios\/produccion\/","name":"Asesoramientos a medida para panader\u00edas - Escuela profesional Richemont","isPartOf":{"@id":"https:\/\/richemont.swiss\/es\/#website"},"primaryImageOfPage":{"@id":"https:\/\/richemont.swiss\/es\/servicios\/produccion\/#primaryimage"},"image":{"@id":"https:\/\/richemont.swiss\/es\/servicios\/produccion\/#primaryimage"},"thumbnailUrl":"https:\/\/richemont.swiss\/wp-content\/uploads\/2019\/12\/escuela-profesional-richemont_servicios_02-scaled.jpg","datePublished":"2019-02-18T08:26:23+00:00","dateModified":"2019-12-31T10:03:01+00:00","description":"Le ofrecemos asesoramientos personalizados a medida, ya sea para la soluci\u00f3n de problemas o para la reorientaci\u00f3n de su empresa.","breadcrumb":{"@id":"https:\/\/richemont.swiss\/es\/servicios\/produccion\/#breadcrumb"},"inLanguage":"es","potentialAction":[{"@type":"ReadAction","target":["https:\/\/richemont.swiss\/es\/servicios\/produccion\/"]}]},{"@type":"ImageObject","inLanguage":"es","@id":"https:\/\/richemont.swiss\/es\/servicios\/produccion\/#primaryimage","url":"https:\/\/richemont.swiss\/wp-content\/uploads\/2019\/12\/escuela-profesional-richemont_servicios_02-scaled.jpg","contentUrl":"https:\/\/richemont.swiss\/wp-content\/uploads\/2019\/12\/escuela-profesional-richemont_servicios_02-scaled.jpg","width":2560,"height":1703,"caption":"Centro de Competencia Richemont - Servicios"},{"@type":"BreadcrumbList","@id":"https:\/\/richemont.swiss\/es\/servicios\/produccion\/#breadcrumb","itemListElement":[{"@type":"ListItem","position":1,"name":"Home","item":"https:\/\/richemont.swiss\/es\/"},{"@type":"ListItem","position":2,"name":"Servicios integrales","item":"https:\/\/richemont.swiss\/es\/beratungen\/"},{"@type":"ListItem","position":3,"name":"Asesoramientos a medida"}]},{"@type":"WebSite","@id":"https:\/\/richemont.swiss\/es\/#website","url":"https:\/\/richemont.swiss\/es\/","name":"Richemont","description":"","potentialAction":[{"@type":"SearchAction","target":{"@type":"EntryPoint","urlTemplate":"https:\/\/richemont.swiss\/es\/?s={search_term_string}"},"query-input":{"@type":"PropertyValueSpecification","valueRequired":true,"valueName":"search_term_string"}}],"inLanguage":"es"}]}},"_links":{"self":[{"href":"https:\/\/richemont.swiss\/es\/wp-json\/wp\/v2\/pages\/12572","targetHints":{"allow":["GET"]}}],"collection":[{"href":"https:\/\/richemont.swiss\/es\/wp-json\/wp\/v2\/pages"}],"about":[{"href":"https:\/\/richemont.swiss\/es\/wp-json\/wp\/v2\/types\/page"}],"author":[{"embeddable":true,"href":"https:\/\/richemont.swiss\/es\/wp-json\/wp\/v2\/users\/2"}],"replies":[{"embeddable":true,"href":"https:\/\/richemont.swiss\/es\/wp-json\/wp\/v2\/comments?post=12572"}],"version-history":[{"count":0,"href":"https:\/\/richemont.swiss\/es\/wp-json\/wp\/v2\/pages\/12572\/revisions"}],"up":[{"embeddable":true,"href":"https:\/\/richemont.swiss\/es\/wp-json\/wp\/v2\/pages\/12561"}],"wp:featuredmedia":[{"embeddable":true,"href":"https:\/\/richemont.swiss\/es\/wp-json\/wp\/v2\/media\/12573"}],"wp:attachment":[{"href":"https:\/\/richemont.swiss\/es\/wp-json\/wp\/v2\/media?parent=12572"}],"curies":[{"name":"wp","href":"https:\/\/api.w.org\/{rel}","templated":true}]}}