{"id":12561,"date":"2019-02-17T10:07:53","date_gmt":"2019-02-17T09:07:53","guid":{"rendered":"https:\/\/richemont.swiss\/?page_id=12561"},"modified":"2020-03-09T08:56:58","modified_gmt":"2020-03-09T08:56:58","slug":"servicios","status":"publish","type":"page","link":"https:\/\/richemont.swiss\/es\/servicios\/","title":{"rendered":"Servicios integrales"},"content":{"rendered":"\n<p>La reorientaci\u00f3n o la soluci\u00f3n de problemas dentro de cada empresa requiere una red de conocimientos y capacidad de actuaci\u00f3n. Nuestros servicios de asesoramiento abordan tanto la producci\u00f3n y la venta como la gesti\u00f3n corporativa, la gesti\u00f3n de personal y el marketing. En los pa\u00edses de habla hispana ponemos el \u00e9nfasis en los asesoramientos t\u00e9cnicos en el \u00e1mbito de la producci\u00f3n.<\/p>\n\n\n\n<p>Estaremos encantados de asesorarle en una entrevista y dise\u00f1arle una oferta adaptada a sus necesidades. \u00a1P\u00f3ngase en contacto con nosotros!<\/p>\n\n\n\n<h2 class=\"wp-block-heading\">Las ventajas de la colaboraci\u00f3n con Richemont<\/h2>\n\n\n\n<ul class=\"wp-block-list\"><li>Nuestros muchos a\u00f1os de experiencia en el sector nos convierten en un socio experto y fiable.<\/li><li>Nos comprometemos con gran inter\u00e9s y pensamos y actuamos a largo plazo.<\/li><li>Ofrecemos soluciones dise\u00f1adas a medida en condiciones ventajosas.<\/li><li>Nuestras soluciones personalizadas y orientadas al futuro se pueden implementar r\u00e1pidamente en la pr\u00e1ctica.<\/li><\/ul>\n","protected":false},"excerpt":{"rendered":"<p>La reorientaci\u00f3n o la soluci\u00f3n de problemas dentro de cada empresa requiere una red de conocimientos y capacidad de actuaci\u00f3n. Nuestros servicios de asesoramiento abordan tanto la producci\u00f3n y la venta como la gesti\u00f3n corporativa, la gesti\u00f3n de personal y el marketing. En los pa\u00edses de habla hispana ponemos el \u00e9nfasis en los asesoramientos t\u00e9cnicos [&hellip;]<\/p>\n","protected":false},"author":2,"featured_media":14338,"parent":0,"menu_order":100,"comment_status":"closed","ping_status":"closed","template":"","meta":{"_acf_changed":false,"footnotes":""},"class_list":["post-12561","page","type-page","status-publish","has-post-thumbnail","hentry"],"acf":[],"yoast_head":"<!-- This site is optimized with the Yoast SEO Premium plugin v26.7 (Yoast SEO v26.7) - https:\/\/yoast.com\/wordpress\/plugins\/seo\/ -->\n<title>Escuela profesional RICHEMONT - Servicios integrales<\/title>\n<meta name=\"description\" content=\"Nuestros servicios y asesoramientos abordan la producci\u00f3n, la venta, la gesti\u00f3n corporativa, la gesti\u00f3n de personal y el marketing.\" \/>\n<meta name=\"robots\" content=\"index, follow, max-snippet:-1, max-image-preview:large, max-video-preview:-1\" \/>\n<link rel=\"canonical\" href=\"https:\/\/richemont.swiss\/es\/servicios\/\" \/>\n<meta property=\"og:locale\" content=\"es_ES\" \/>\n<meta property=\"og:type\" content=\"article\" \/>\n<meta property=\"og:title\" content=\"Servicios integrales\" \/>\n<meta property=\"og:description\" content=\"Nuestros servicios y asesoramientos abordan la producci\u00f3n, la venta, la gesti\u00f3n corporativa, la gesti\u00f3n de personal y el marketing.\" \/>\n<meta property=\"og:url\" content=\"https:\/\/richemont.swiss\/es\/servicios\/\" \/>\n<meta property=\"og:site_name\" content=\"Richemont\" \/>\n<meta property=\"article:modified_time\" content=\"2020-03-09T08:56:58+00:00\" \/>\n<meta property=\"og:image\" content=\"https:\/\/richemont.swiss\/wp-content\/uploads\/2020\/03\/richemont_dienstleistungen_verkauf_15_banner.jpg\" \/>\n\t<meta property=\"og:image:width\" content=\"1200\" \/>\n\t<meta property=\"og:image:height\" content=\"378\" \/>\n\t<meta property=\"og:image:type\" content=\"image\/jpeg\" \/>\n<meta name=\"twitter:card\" content=\"summary_large_image\" \/>\n<meta name=\"twitter:label1\" content=\"Tiempo de lectura\" \/>\n\t<meta name=\"twitter:data1\" content=\"1 minuto\" \/>\n<script type=\"application\/ld+json\" class=\"yoast-schema-graph\">{\"@context\":\"https:\/\/schema.org\",\"@graph\":[{\"@type\":\"WebPage\",\"@id\":\"https:\/\/richemont.swiss\/es\/servicios\/\",\"url\":\"https:\/\/richemont.swiss\/es\/servicios\/\",\"name\":\"Escuela profesional RICHEMONT - Servicios integrales\",\"isPartOf\":{\"@id\":\"https:\/\/richemont.swiss\/es\/#website\"},\"primaryImageOfPage\":{\"@id\":\"https:\/\/richemont.swiss\/es\/servicios\/#primaryimage\"},\"image\":{\"@id\":\"https:\/\/richemont.swiss\/es\/servicios\/#primaryimage\"},\"thumbnailUrl\":\"https:\/\/richemont.swiss\/wp-content\/uploads\/2020\/03\/richemont_dienstleistungen_verkauf_15_banner.jpg\",\"datePublished\":\"2019-02-17T09:07:53+00:00\",\"dateModified\":\"2020-03-09T08:56:58+00:00\",\"description\":\"Nuestros servicios y asesoramientos abordan la producci\u00f3n, la venta, la gesti\u00f3n corporativa, la gesti\u00f3n de personal y el marketing.\",\"breadcrumb\":{\"@id\":\"https:\/\/richemont.swiss\/es\/servicios\/#breadcrumb\"},\"inLanguage\":\"es\",\"potentialAction\":[{\"@type\":\"ReadAction\",\"target\":[\"https:\/\/richemont.swiss\/es\/servicios\/\"]}]},{\"@type\":\"ImageObject\",\"inLanguage\":\"es\",\"@id\":\"https:\/\/richemont.swiss\/es\/servicios\/#primaryimage\",\"url\":\"https:\/\/richemont.swiss\/wp-content\/uploads\/2020\/03\/richemont_dienstleistungen_verkauf_15_banner.jpg\",\"contentUrl\":\"https:\/\/richemont.swiss\/wp-content\/uploads\/2020\/03\/richemont_dienstleistungen_verkauf_15_banner.jpg\",\"width\":1200,\"height\":378,\"caption\":\"Dienstleistungen aus einer Hand\"},{\"@type\":\"BreadcrumbList\",\"@id\":\"https:\/\/richemont.swiss\/es\/servicios\/#breadcrumb\",\"itemListElement\":[{\"@type\":\"ListItem\",\"position\":1,\"name\":\"Home\",\"item\":\"https:\/\/richemont.swiss\/es\/\"},{\"@type\":\"ListItem\",\"position\":2,\"name\":\"Servicios integrales\"}]},{\"@type\":\"WebSite\",\"@id\":\"https:\/\/richemont.swiss\/es\/#website\",\"url\":\"https:\/\/richemont.swiss\/es\/\",\"name\":\"Richemont\",\"description\":\"\",\"potentialAction\":[{\"@type\":\"SearchAction\",\"target\":{\"@type\":\"EntryPoint\",\"urlTemplate\":\"https:\/\/richemont.swiss\/es\/?s={search_term_string}\"},\"query-input\":{\"@type\":\"PropertyValueSpecification\",\"valueRequired\":true,\"valueName\":\"search_term_string\"}}],\"inLanguage\":\"es\"}]}<\/script>\n<!-- \/ Yoast SEO Premium plugin. -->","yoast_head_json":{"title":"Escuela profesional RICHEMONT - Servicios integrales","description":"Nuestros servicios y asesoramientos abordan la producci\u00f3n, la venta, la gesti\u00f3n corporativa, la gesti\u00f3n de personal y el marketing.","robots":{"index":"index","follow":"follow","max-snippet":"max-snippet:-1","max-image-preview":"max-image-preview:large","max-video-preview":"max-video-preview:-1"},"canonical":"https:\/\/richemont.swiss\/es\/servicios\/","og_locale":"es_ES","og_type":"article","og_title":"Servicios integrales","og_description":"Nuestros servicios y asesoramientos abordan la producci\u00f3n, la venta, la gesti\u00f3n corporativa, la gesti\u00f3n de personal y el marketing.","og_url":"https:\/\/richemont.swiss\/es\/servicios\/","og_site_name":"Richemont","article_modified_time":"2020-03-09T08:56:58+00:00","og_image":[{"width":1200,"height":378,"url":"https:\/\/richemont.swiss\/wp-content\/uploads\/2020\/03\/richemont_dienstleistungen_verkauf_15_banner.jpg","type":"image\/jpeg"}],"twitter_card":"summary_large_image","twitter_misc":{"Tiempo de lectura":"1 minuto"},"schema":{"@context":"https:\/\/schema.org","@graph":[{"@type":"WebPage","@id":"https:\/\/richemont.swiss\/es\/servicios\/","url":"https:\/\/richemont.swiss\/es\/servicios\/","name":"Escuela profesional RICHEMONT - Servicios integrales","isPartOf":{"@id":"https:\/\/richemont.swiss\/es\/#website"},"primaryImageOfPage":{"@id":"https:\/\/richemont.swiss\/es\/servicios\/#primaryimage"},"image":{"@id":"https:\/\/richemont.swiss\/es\/servicios\/#primaryimage"},"thumbnailUrl":"https:\/\/richemont.swiss\/wp-content\/uploads\/2020\/03\/richemont_dienstleistungen_verkauf_15_banner.jpg","datePublished":"2019-02-17T09:07:53+00:00","dateModified":"2020-03-09T08:56:58+00:00","description":"Nuestros servicios y asesoramientos abordan la producci\u00f3n, la venta, la gesti\u00f3n corporativa, la gesti\u00f3n de personal y el marketing.","breadcrumb":{"@id":"https:\/\/richemont.swiss\/es\/servicios\/#breadcrumb"},"inLanguage":"es","potentialAction":[{"@type":"ReadAction","target":["https:\/\/richemont.swiss\/es\/servicios\/"]}]},{"@type":"ImageObject","inLanguage":"es","@id":"https:\/\/richemont.swiss\/es\/servicios\/#primaryimage","url":"https:\/\/richemont.swiss\/wp-content\/uploads\/2020\/03\/richemont_dienstleistungen_verkauf_15_banner.jpg","contentUrl":"https:\/\/richemont.swiss\/wp-content\/uploads\/2020\/03\/richemont_dienstleistungen_verkauf_15_banner.jpg","width":1200,"height":378,"caption":"Dienstleistungen aus einer Hand"},{"@type":"BreadcrumbList","@id":"https:\/\/richemont.swiss\/es\/servicios\/#breadcrumb","itemListElement":[{"@type":"ListItem","position":1,"name":"Home","item":"https:\/\/richemont.swiss\/es\/"},{"@type":"ListItem","position":2,"name":"Servicios integrales"}]},{"@type":"WebSite","@id":"https:\/\/richemont.swiss\/es\/#website","url":"https:\/\/richemont.swiss\/es\/","name":"Richemont","description":"","potentialAction":[{"@type":"SearchAction","target":{"@type":"EntryPoint","urlTemplate":"https:\/\/richemont.swiss\/es\/?s={search_term_string}"},"query-input":{"@type":"PropertyValueSpecification","valueRequired":true,"valueName":"search_term_string"}}],"inLanguage":"es"}]}},"_links":{"self":[{"href":"https:\/\/richemont.swiss\/es\/wp-json\/wp\/v2\/pages\/12561","targetHints":{"allow":["GET"]}}],"collection":[{"href":"https:\/\/richemont.swiss\/es\/wp-json\/wp\/v2\/pages"}],"about":[{"href":"https:\/\/richemont.swiss\/es\/wp-json\/wp\/v2\/types\/page"}],"author":[{"embeddable":true,"href":"https:\/\/richemont.swiss\/es\/wp-json\/wp\/v2\/users\/2"}],"replies":[{"embeddable":true,"href":"https:\/\/richemont.swiss\/es\/wp-json\/wp\/v2\/comments?post=12561"}],"version-history":[{"count":0,"href":"https:\/\/richemont.swiss\/es\/wp-json\/wp\/v2\/pages\/12561\/revisions"}],"wp:featuredmedia":[{"embeddable":true,"href":"https:\/\/richemont.swiss\/es\/wp-json\/wp\/v2\/media\/14338"}],"wp:attachment":[{"href":"https:\/\/richemont.swiss\/es\/wp-json\/wp\/v2\/media?parent=12561"}],"curies":[{"name":"wp","href":"https:\/\/api.w.org\/{rel}","templated":true}]}}