{"id":12492,"date":"2019-02-18T08:39:11","date_gmt":"2019-02-18T07:39:11","guid":{"rendered":"https:\/\/richemont.swiss\/?page_id=12492"},"modified":"2025-01-03T14:58:47","modified_gmt":"2025-01-03T13:58:47","slug":"club-richemont","status":"publish","type":"page","link":"https:\/\/richemont.swiss\/es\/empresa\/club-richemont\/","title":{"rendered":"Intercambio de experiencias y cultivo de la imagen"},"content":{"rendered":"\n<p>En 1948, 30 profesionales ingleses completaron un curso de dos semanas en la escuela profesional Richemont. Esto deriv\u00f3 en la creaci\u00f3n del Club Richemont Internacional. La segunda delegaci\u00f3n del Club se cre\u00f3 en Suiza tras una visita al Reino Unido, y a esta le siguieron Austria, Alemania, B\u00e9lgica y Francia.<\/p>\n\n\n\n<p>En 11 pa\u00edses del mundo est\u00e1n organizados Clubes Richemont nacionales, que agrupan a las principales empresas del respectivo pa\u00eds con los objetivos \u00abCalidad \u2013 \u00e9tica profesional \u2013 intercambio de conocimientos \u2013 promoci\u00f3n de j\u00f3venes talentos \u2013 formaci\u00f3n continua \u2013 contactos internacionales \u2013 intercambio de personal\u00bb.<\/p>\n\n\n\n<p>La m\u00e1xima prioridad del Club es la promoci\u00f3n y el cultivo activo del intercambio de experiencias y de la formaci\u00f3n continua entre profesionales del sector de la panader\u00eda, pasteler\u00eda y confiter\u00eda.<\/p>\n\n\n\n<p>El Club est\u00e1 integrado por profesionales del sector de la panader\u00eda, pasteler\u00eda y confiter\u00eda, as\u00ed como por personas pr\u00f3ximas a este sector.<\/p>\n\n\n\n<p><a href=\"https:\/\/richemont-club.es\/es\/\">m\u00e1s informaci\u00f3n<\/a><\/p>\n","protected":false},"excerpt":{"rendered":"<p>En 1948, 30 profesionales ingleses completaron un curso de dos semanas en la escuela profesional Richemont. Esto deriv\u00f3 en la creaci\u00f3n del Club Richemont Internacional. La segunda delegaci\u00f3n del Club se cre\u00f3 en Suiza tras una visita al Reino Unido, y a esta le siguieron Austria, Alemania, B\u00e9lgica y Francia. En 11 pa\u00edses del mundo [&hellip;]<\/p>\n","protected":false},"author":2,"featured_media":40758,"parent":12327,"menu_order":800,"comment_status":"closed","ping_status":"closed","template":"","meta":{"_acf_changed":false,"footnotes":""},"class_list":["post-12492","page","type-page","status-publish","has-post-thumbnail","hentry"],"acf":[],"yoast_head":"<!-- This site is optimized with the Yoast SEO Premium plugin v26.7 (Yoast SEO v26.7) - https:\/\/yoast.com\/wordpress\/plugins\/seo\/ -->\n<title>Club Richemont - Intercambio de experiencias - Escuela profesional Richemont<\/title>\n<meta name=\"description\" content=\"El objetivo del Club Richemont es la promoci\u00f3n y el fomento activo del intercambio de experiencias y de la formaci\u00f3n continua entre panaderos, pasteleros y confiteros.\" \/>\n<meta name=\"robots\" content=\"index, follow, max-snippet:-1, max-image-preview:large, max-video-preview:-1\" \/>\n<link rel=\"canonical\" href=\"https:\/\/richemont.swiss\/es\/empresa\/club-richemont\/\" \/>\n<meta property=\"og:locale\" content=\"es_ES\" \/>\n<meta property=\"og:type\" content=\"article\" \/>\n<meta property=\"og:title\" content=\"Intercambio de experiencias y cultivo de la imagen\" \/>\n<meta property=\"og:description\" content=\"El objetivo del Club Richemont es la promoci\u00f3n y el fomento activo del intercambio de experiencias y de la formaci\u00f3n continua entre panaderos, pasteleros y confiteros.\" \/>\n<meta property=\"og:url\" content=\"https:\/\/richemont.swiss\/es\/empresa\/club-richemont\/\" \/>\n<meta property=\"og:site_name\" content=\"Richemont\" \/>\n<meta property=\"article:modified_time\" content=\"2025-01-03T13:58:47+00:00\" \/>\n<meta property=\"og:image\" content=\"https:\/\/richemont.swiss\/wp-content\/uploads\/2022\/10\/richemont_unternehmen_fachschule_54-scaled.jpg\" \/>\n\t<meta property=\"og:image:width\" content=\"2560\" \/>\n\t<meta property=\"og:image:height\" content=\"1072\" \/>\n\t<meta property=\"og:image:type\" content=\"image\/jpeg\" \/>\n<meta name=\"twitter:card\" content=\"summary_large_image\" \/>\n<meta name=\"twitter:label1\" content=\"Tiempo de lectura\" \/>\n\t<meta name=\"twitter:data1\" content=\"2 minutos\" \/>\n<script type=\"application\/ld+json\" class=\"yoast-schema-graph\">{\"@context\":\"https:\/\/schema.org\",\"@graph\":[{\"@type\":\"WebPage\",\"@id\":\"https:\/\/richemont.swiss\/es\/empresa\/club-richemont\/\",\"url\":\"https:\/\/richemont.swiss\/es\/empresa\/club-richemont\/\",\"name\":\"Club Richemont - Intercambio de experiencias - Escuela profesional Richemont\",\"isPartOf\":{\"@id\":\"https:\/\/richemont.swiss\/es\/#website\"},\"primaryImageOfPage\":{\"@id\":\"https:\/\/richemont.swiss\/es\/empresa\/club-richemont\/#primaryimage\"},\"image\":{\"@id\":\"https:\/\/richemont.swiss\/es\/empresa\/club-richemont\/#primaryimage\"},\"thumbnailUrl\":\"https:\/\/richemont.swiss\/wp-content\/uploads\/2022\/10\/richemont_unternehmen_fachschule_54-scaled.jpg\",\"datePublished\":\"2019-02-18T07:39:11+00:00\",\"dateModified\":\"2025-01-03T13:58:47+00:00\",\"description\":\"El objetivo del Club Richemont es la promoci\u00f3n y el fomento activo del intercambio de experiencias y de la formaci\u00f3n continua entre panaderos, pasteleros y confiteros.\",\"breadcrumb\":{\"@id\":\"https:\/\/richemont.swiss\/es\/empresa\/club-richemont\/#breadcrumb\"},\"inLanguage\":\"es\",\"potentialAction\":[{\"@type\":\"ReadAction\",\"target\":[\"https:\/\/richemont.swiss\/es\/empresa\/club-richemont\/\"]}]},{\"@type\":\"ImageObject\",\"inLanguage\":\"es\",\"@id\":\"https:\/\/richemont.swiss\/es\/empresa\/club-richemont\/#primaryimage\",\"url\":\"https:\/\/richemont.swiss\/wp-content\/uploads\/2022\/10\/richemont_unternehmen_fachschule_54-scaled.jpg\",\"contentUrl\":\"https:\/\/richemont.swiss\/wp-content\/uploads\/2022\/10\/richemont_unternehmen_fachschule_54-scaled.jpg\",\"width\":2560,\"height\":1072},{\"@type\":\"BreadcrumbList\",\"@id\":\"https:\/\/richemont.swiss\/es\/empresa\/club-richemont\/#breadcrumb\",\"itemListElement\":[{\"@type\":\"ListItem\",\"position\":1,\"name\":\"Home\",\"item\":\"https:\/\/richemont.swiss\/es\/\"},{\"@type\":\"ListItem\",\"position\":2,\"name\":\"Centro de Competencia Richemont\",\"item\":\"https:\/\/richemont.swiss\/es\/empresa\/\"},{\"@type\":\"ListItem\",\"position\":3,\"name\":\"Intercambio de experiencias y cultivo de la imagen\"}]},{\"@type\":\"WebSite\",\"@id\":\"https:\/\/richemont.swiss\/es\/#website\",\"url\":\"https:\/\/richemont.swiss\/es\/\",\"name\":\"Richemont\",\"description\":\"\",\"potentialAction\":[{\"@type\":\"SearchAction\",\"target\":{\"@type\":\"EntryPoint\",\"urlTemplate\":\"https:\/\/richemont.swiss\/es\/?s={search_term_string}\"},\"query-input\":{\"@type\":\"PropertyValueSpecification\",\"valueRequired\":true,\"valueName\":\"search_term_string\"}}],\"inLanguage\":\"es\"}]}<\/script>\n<!-- \/ Yoast SEO Premium plugin. -->","yoast_head_json":{"title":"Club Richemont - Intercambio de experiencias - Escuela profesional Richemont","description":"El objetivo del Club Richemont es la promoci\u00f3n y el fomento activo del intercambio de experiencias y de la formaci\u00f3n continua entre panaderos, pasteleros y confiteros.","robots":{"index":"index","follow":"follow","max-snippet":"max-snippet:-1","max-image-preview":"max-image-preview:large","max-video-preview":"max-video-preview:-1"},"canonical":"https:\/\/richemont.swiss\/es\/empresa\/club-richemont\/","og_locale":"es_ES","og_type":"article","og_title":"Intercambio de experiencias y cultivo de la imagen","og_description":"El objetivo del Club Richemont es la promoci\u00f3n y el fomento activo del intercambio de experiencias y de la formaci\u00f3n continua entre panaderos, pasteleros y confiteros.","og_url":"https:\/\/richemont.swiss\/es\/empresa\/club-richemont\/","og_site_name":"Richemont","article_modified_time":"2025-01-03T13:58:47+00:00","og_image":[{"width":2560,"height":1072,"url":"https:\/\/richemont.swiss\/wp-content\/uploads\/2022\/10\/richemont_unternehmen_fachschule_54-scaled.jpg","type":"image\/jpeg"}],"twitter_card":"summary_large_image","twitter_misc":{"Tiempo de lectura":"2 minutos"},"schema":{"@context":"https:\/\/schema.org","@graph":[{"@type":"WebPage","@id":"https:\/\/richemont.swiss\/es\/empresa\/club-richemont\/","url":"https:\/\/richemont.swiss\/es\/empresa\/club-richemont\/","name":"Club Richemont - Intercambio de experiencias - Escuela profesional Richemont","isPartOf":{"@id":"https:\/\/richemont.swiss\/es\/#website"},"primaryImageOfPage":{"@id":"https:\/\/richemont.swiss\/es\/empresa\/club-richemont\/#primaryimage"},"image":{"@id":"https:\/\/richemont.swiss\/es\/empresa\/club-richemont\/#primaryimage"},"thumbnailUrl":"https:\/\/richemont.swiss\/wp-content\/uploads\/2022\/10\/richemont_unternehmen_fachschule_54-scaled.jpg","datePublished":"2019-02-18T07:39:11+00:00","dateModified":"2025-01-03T13:58:47+00:00","description":"El objetivo del Club Richemont es la promoci\u00f3n y el fomento activo del intercambio de experiencias y de la formaci\u00f3n continua entre panaderos, pasteleros y confiteros.","breadcrumb":{"@id":"https:\/\/richemont.swiss\/es\/empresa\/club-richemont\/#breadcrumb"},"inLanguage":"es","potentialAction":[{"@type":"ReadAction","target":["https:\/\/richemont.swiss\/es\/empresa\/club-richemont\/"]}]},{"@type":"ImageObject","inLanguage":"es","@id":"https:\/\/richemont.swiss\/es\/empresa\/club-richemont\/#primaryimage","url":"https:\/\/richemont.swiss\/wp-content\/uploads\/2022\/10\/richemont_unternehmen_fachschule_54-scaled.jpg","contentUrl":"https:\/\/richemont.swiss\/wp-content\/uploads\/2022\/10\/richemont_unternehmen_fachschule_54-scaled.jpg","width":2560,"height":1072},{"@type":"BreadcrumbList","@id":"https:\/\/richemont.swiss\/es\/empresa\/club-richemont\/#breadcrumb","itemListElement":[{"@type":"ListItem","position":1,"name":"Home","item":"https:\/\/richemont.swiss\/es\/"},{"@type":"ListItem","position":2,"name":"Centro de Competencia Richemont","item":"https:\/\/richemont.swiss\/es\/empresa\/"},{"@type":"ListItem","position":3,"name":"Intercambio de experiencias y cultivo de la imagen"}]},{"@type":"WebSite","@id":"https:\/\/richemont.swiss\/es\/#website","url":"https:\/\/richemont.swiss\/es\/","name":"Richemont","description":"","potentialAction":[{"@type":"SearchAction","target":{"@type":"EntryPoint","urlTemplate":"https:\/\/richemont.swiss\/es\/?s={search_term_string}"},"query-input":{"@type":"PropertyValueSpecification","valueRequired":true,"valueName":"search_term_string"}}],"inLanguage":"es"}]}},"_links":{"self":[{"href":"https:\/\/richemont.swiss\/es\/wp-json\/wp\/v2\/pages\/12492","targetHints":{"allow":["GET"]}}],"collection":[{"href":"https:\/\/richemont.swiss\/es\/wp-json\/wp\/v2\/pages"}],"about":[{"href":"https:\/\/richemont.swiss\/es\/wp-json\/wp\/v2\/types\/page"}],"author":[{"embeddable":true,"href":"https:\/\/richemont.swiss\/es\/wp-json\/wp\/v2\/users\/2"}],"replies":[{"embeddable":true,"href":"https:\/\/richemont.swiss\/es\/wp-json\/wp\/v2\/comments?post=12492"}],"version-history":[{"count":0,"href":"https:\/\/richemont.swiss\/es\/wp-json\/wp\/v2\/pages\/12492\/revisions"}],"up":[{"embeddable":true,"href":"https:\/\/richemont.swiss\/es\/wp-json\/wp\/v2\/pages\/12327"}],"wp:featuredmedia":[{"embeddable":true,"href":"https:\/\/richemont.swiss\/es\/wp-json\/wp\/v2\/media\/40758"}],"wp:attachment":[{"href":"https:\/\/richemont.swiss\/es\/wp-json\/wp\/v2\/media?parent=12492"}],"curies":[{"name":"wp","href":"https:\/\/api.w.org\/{rel}","templated":true}]}}