{"id":12479,"date":"2019-02-18T08:09:53","date_gmt":"2019-02-18T07:09:53","guid":{"rendered":"https:\/\/richemont.swiss\/?page_id=12479"},"modified":"2025-12-09T09:02:47","modified_gmt":"2025-12-09T08:02:47","slug":"socios","status":"publish","type":"page","link":"https:\/\/richemont.swiss\/es\/empresa\/socios\/","title":{"rendered":"Nuestra red"},"content":{"rendered":"\n<h2 class=\"wp-block-heading\" id=\"h-colaboraciones-nacionales\">Colaboraciones nacionales<\/h2>\n\n\n\n<p>El Centro de Excelencia colabora estrechamente con diversas empresas y asociaciones del sector, y se beneficia as\u00ed de una extensa red dotada de importantes conocimientos. Al ejercer este rol activo, Richemont contribuye sustancialmente al desarrollo de la formaci\u00f3n en el sector de la panader\u00eda, pasteler\u00eda y confiter\u00eda.<\/p>\n\n\n\n<ul class=\"wp-block-list\">\n<li><a href=\"https:\/\/www.pistor.ch\/\">Pistor<\/a><\/li>\n\n\n\n<li><a href=\"https:\/\/www.swissbaker.ch\/\">SBC (Panaderos y Confiteros Suizos)<\/a><\/li>\n\n\n\n<li><a href=\"https:\/\/flv-grmc.ch\/\">Asociaci\u00f3n de maestros especialistas<\/a><\/li>\n\n\n\n<li><a href=\"https:\/\/www.siu.ch\/\">SIU (Instituto Suizo para la formaci\u00f3n de empresarios)<\/a><\/li>\n\n\n\n<li><a href=\"https:\/\/sff.ch\/de\/\">Schweizer Fleisch-Fachverband SFF<\/a><\/li>\n\n\n\n<li><a href=\"https:\/\/www.rast.ch\/\">Rast Kaffee AG<\/a><\/li>\n\n\n\n<li><a href=\"https:\/\/www.veledes.ch\/it\/\" target=\"_blank\" rel=\"noreferrer noopener\">Veledes<\/a><\/li>\n\n\n\n<li><a href=\"https:\/\/www.business-schmiede.ch\/\" target=\"_blank\" rel=\"noreferrer noopener\">Business Schmiede<\/a><\/li>\n\n\n\n<li><a href=\"https:\/\/www.ausbildung-weiterbildung.ch\/fr-CH\">Ausbildung-Weiterbildung.ch \u2013 Das Schweizer Bildungsportal<\/a><\/li>\n\n\n\n<li><a href=\"https:\/\/www.swissdesign-ladenbau.ch\/\">Swissdesign Ladenbau AG<\/a><\/li>\n\n\n\n<li><a href=\"https:\/\/www.gastroimpuls.ch\/de\/\">Gastroimpuls \u2013 Hunkeler Gastro AG<\/a><\/li>\n\n\n\n<li><a href=\"https:\/\/www.gmsa.ch\/\">Groupe Minoteries SA<\/a><\/li>\n<\/ul>\n\n\n\n<h2 class=\"wp-block-heading\" id=\"h-colaboraciones-internacionales\">Colaboraciones internacionales<\/h2>\n\n\n\n<p>Adem\u00e1s, el Centro de Excelencia Richemont cultiva contactos internacionales y colabora con empresas e instituciones docentes del sector, tanto dentro como fuera del pa\u00eds.<\/p>\n\n\n\n<ul class=\"wp-block-list\">\n<li><a href=\"https:\/\/www.globalswisslearning.com\/\" target=\"_blank\" rel=\"noreferrer noopener\">Global Swiss Learning<\/a><\/li>\n\n\n\n<li><a href=\"https:\/\/www.cetece.net\/joomla\/\">CETECE, Centro Tecnol\u00f3gico de Cereales, Palencia\/Espa\u00f1a<\/a><\/li>\n\n\n\n<li><a href=\"https:\/\/www.gremipabcn.com\/\">Gremi de Flequers de Barcelona, Barcelona\/Espa\u00f1a<\/a><\/li>\n\n\n\n<li><a href=\"https:\/\/haricana.es\/\">Centro de Formaci\u00f3n Grupo Haricana, Gran Canaria\/Espa\u00f1a<\/a><\/li>\n\n\n\n<li><a href=\"https:\/\/www.asocpanaderosbizkaia.com\/es\/inicio\/\">Asociaci\u00f3n de Panader\u00eda de Bizkaia, Derio\/Espa\u00f1a<\/a><\/li>\n\n\n\n<li><a href=\"https:\/\/www.facebook.com\/centrodeformacion.mlouza\">Centro de Formaci\u00f3n Mlouza, M\u00e1laga\/Espa\u00f1a<\/a><\/li>\n\n\n\n<li><a href=\"http:\/\/novaescuela.edu.pe\/\">Escuela Nova, Lima\/Per\u00fa<\/a><\/li>\n\n\n\n<li><a href=\"https:\/\/www.europan.mx\/\">Europan laboratorio, Ciudad de M\u00e9xico\/M\u00e9xico<\/a><\/li>\n\n\n\n<li><a href=\"https:\/\/www.nzbakels.co.nz\/\">Bakels, Auckland\/Nueva Zelandia<\/a><\/li>\n\n\n\n<li><a href=\"https:\/\/www.seishingakuen.ac.jp\/international\/\" target=\"_blank\" rel=\"noreferrer noopener\">Ecole Seishin, Tokyo\/Jap\u00f3n<\/a><\/li>\n\n\n\n<li><a href=\"http:\/\/www.cerealiafoodservice.se\/\">Lantm\u00e4nnen Cerealia, Stockholm\/Suecia<\/a><\/li>\n\n\n\n<li><a href=\"https:\/\/www.richemont-masterbaker.com\/\">Richemont Masterbaker, Dub\u00e1i\/Dub\u00e1i<\/a><\/li>\n\n\n\n<li><a href=\"https:\/\/en.factoryxperts.com\/\">FactoryXperts International AG<\/a><\/li>\n\n\n\n<li><a href=\"https:\/\/www.atp.ag\/en\/\">ATP architects engineers<\/a><\/li>\n\n\n\n<li><a href=\"https:\/\/criocabin.com\/?lang=es\">Criocabin S.p.A.<\/a><\/li>\n<\/ul>\n\n\n\n<p><\/p>\n\n\n\n<p><\/p>\n","protected":false},"excerpt":{"rendered":"<p>Colaboraciones nacionales El Centro de Excelencia colabora estrechamente con diversas empresas y asociaciones del sector, y se beneficia as\u00ed de una extensa red dotada de importantes conocimientos. Al ejercer este rol activo, Richemont contribuye sustancialmente al desarrollo de la formaci\u00f3n en el sector de la panader\u00eda, pasteler\u00eda y confiter\u00eda. Colaboraciones internacionales Adem\u00e1s, el Centro de [&hellip;]<\/p>\n","protected":false},"author":2,"featured_media":40753,"parent":12327,"menu_order":700,"comment_status":"closed","ping_status":"closed","template":"","meta":{"_acf_changed":false,"footnotes":""},"class_list":["post-12479","page","type-page","status-publish","has-post-thumbnail","hentry"],"acf":[],"yoast_head":"<!-- This site is optimized with the Yoast SEO Premium plugin v26.7 (Yoast SEO v26.7) - https:\/\/yoast.com\/wordpress\/plugins\/seo\/ -->\n<title>Socios - Nuestra red - Escuela profesional Richemont<\/title>\n<meta name=\"description\" content=\"Richemont colabora estrechamente con diversos socios del sector a escala tanto nacional como internacional, y se beneficia as\u00ed de una extensa red.\" \/>\n<meta name=\"robots\" content=\"index, follow, max-snippet:-1, max-image-preview:large, max-video-preview:-1\" \/>\n<link rel=\"canonical\" href=\"https:\/\/richemont.swiss\/es\/empresa\/socios\/\" \/>\n<meta property=\"og:locale\" content=\"es_ES\" \/>\n<meta property=\"og:type\" content=\"article\" \/>\n<meta property=\"og:title\" content=\"Nuestra red\" \/>\n<meta property=\"og:description\" content=\"Richemont colabora estrechamente con diversos socios del sector a escala tanto nacional como internacional, y se beneficia as\u00ed de una extensa red.\" \/>\n<meta property=\"og:url\" content=\"https:\/\/richemont.swiss\/es\/empresa\/socios\/\" \/>\n<meta property=\"og:site_name\" content=\"Richemont\" \/>\n<meta property=\"article:modified_time\" content=\"2025-12-09T08:02:47+00:00\" \/>\n<meta property=\"og:image\" content=\"https:\/\/richemont.swiss\/wp-content\/uploads\/2022\/10\/richemont_unternehmen_fachschule_53-scaled.jpg\" \/>\n\t<meta property=\"og:image:width\" content=\"2560\" \/>\n\t<meta property=\"og:image:height\" content=\"1072\" \/>\n\t<meta property=\"og:image:type\" content=\"image\/jpeg\" \/>\n<meta name=\"twitter:card\" content=\"summary_large_image\" \/>\n<meta name=\"twitter:label1\" content=\"Tiempo de lectura\" \/>\n\t<meta name=\"twitter:data1\" content=\"2 minutos\" \/>\n<script type=\"application\/ld+json\" class=\"yoast-schema-graph\">{\"@context\":\"https:\/\/schema.org\",\"@graph\":[{\"@type\":\"WebPage\",\"@id\":\"https:\/\/richemont.swiss\/es\/empresa\/socios\/\",\"url\":\"https:\/\/richemont.swiss\/es\/empresa\/socios\/\",\"name\":\"Socios - Nuestra red - Escuela profesional Richemont\",\"isPartOf\":{\"@id\":\"https:\/\/richemont.swiss\/es\/#website\"},\"primaryImageOfPage\":{\"@id\":\"https:\/\/richemont.swiss\/es\/empresa\/socios\/#primaryimage\"},\"image\":{\"@id\":\"https:\/\/richemont.swiss\/es\/empresa\/socios\/#primaryimage\"},\"thumbnailUrl\":\"https:\/\/richemont.swiss\/wp-content\/uploads\/2022\/10\/richemont_unternehmen_fachschule_53-scaled.jpg\",\"datePublished\":\"2019-02-18T07:09:53+00:00\",\"dateModified\":\"2025-12-09T08:02:47+00:00\",\"description\":\"Richemont colabora estrechamente con diversos socios del sector a escala tanto nacional como internacional, y se beneficia as\u00ed de una extensa red.\",\"breadcrumb\":{\"@id\":\"https:\/\/richemont.swiss\/es\/empresa\/socios\/#breadcrumb\"},\"inLanguage\":\"es\",\"potentialAction\":[{\"@type\":\"ReadAction\",\"target\":[\"https:\/\/richemont.swiss\/es\/empresa\/socios\/\"]}]},{\"@type\":\"ImageObject\",\"inLanguage\":\"es\",\"@id\":\"https:\/\/richemont.swiss\/es\/empresa\/socios\/#primaryimage\",\"url\":\"https:\/\/richemont.swiss\/wp-content\/uploads\/2022\/10\/richemont_unternehmen_fachschule_53-scaled.jpg\",\"contentUrl\":\"https:\/\/richemont.swiss\/wp-content\/uploads\/2022\/10\/richemont_unternehmen_fachschule_53-scaled.jpg\",\"width\":2560,\"height\":1072},{\"@type\":\"BreadcrumbList\",\"@id\":\"https:\/\/richemont.swiss\/es\/empresa\/socios\/#breadcrumb\",\"itemListElement\":[{\"@type\":\"ListItem\",\"position\":1,\"name\":\"Home\",\"item\":\"https:\/\/richemont.swiss\/es\/\"},{\"@type\":\"ListItem\",\"position\":2,\"name\":\"Centro de Competencia Richemont\",\"item\":\"https:\/\/richemont.swiss\/es\/empresa\/\"},{\"@type\":\"ListItem\",\"position\":3,\"name\":\"Nuestra red\"}]},{\"@type\":\"WebSite\",\"@id\":\"https:\/\/richemont.swiss\/es\/#website\",\"url\":\"https:\/\/richemont.swiss\/es\/\",\"name\":\"Richemont\",\"description\":\"\",\"potentialAction\":[{\"@type\":\"SearchAction\",\"target\":{\"@type\":\"EntryPoint\",\"urlTemplate\":\"https:\/\/richemont.swiss\/es\/?s={search_term_string}\"},\"query-input\":{\"@type\":\"PropertyValueSpecification\",\"valueRequired\":true,\"valueName\":\"search_term_string\"}}],\"inLanguage\":\"es\"}]}<\/script>\n<!-- \/ Yoast SEO Premium plugin. -->","yoast_head_json":{"title":"Socios - Nuestra red - Escuela profesional Richemont","description":"Richemont colabora estrechamente con diversos socios del sector a escala tanto nacional como internacional, y se beneficia as\u00ed de una extensa red.","robots":{"index":"index","follow":"follow","max-snippet":"max-snippet:-1","max-image-preview":"max-image-preview:large","max-video-preview":"max-video-preview:-1"},"canonical":"https:\/\/richemont.swiss\/es\/empresa\/socios\/","og_locale":"es_ES","og_type":"article","og_title":"Nuestra red","og_description":"Richemont colabora estrechamente con diversos socios del sector a escala tanto nacional como internacional, y se beneficia as\u00ed de una extensa red.","og_url":"https:\/\/richemont.swiss\/es\/empresa\/socios\/","og_site_name":"Richemont","article_modified_time":"2025-12-09T08:02:47+00:00","og_image":[{"width":2560,"height":1072,"url":"https:\/\/richemont.swiss\/wp-content\/uploads\/2022\/10\/richemont_unternehmen_fachschule_53-scaled.jpg","type":"image\/jpeg"}],"twitter_card":"summary_large_image","twitter_misc":{"Tiempo de lectura":"2 minutos"},"schema":{"@context":"https:\/\/schema.org","@graph":[{"@type":"WebPage","@id":"https:\/\/richemont.swiss\/es\/empresa\/socios\/","url":"https:\/\/richemont.swiss\/es\/empresa\/socios\/","name":"Socios - Nuestra red - Escuela profesional Richemont","isPartOf":{"@id":"https:\/\/richemont.swiss\/es\/#website"},"primaryImageOfPage":{"@id":"https:\/\/richemont.swiss\/es\/empresa\/socios\/#primaryimage"},"image":{"@id":"https:\/\/richemont.swiss\/es\/empresa\/socios\/#primaryimage"},"thumbnailUrl":"https:\/\/richemont.swiss\/wp-content\/uploads\/2022\/10\/richemont_unternehmen_fachschule_53-scaled.jpg","datePublished":"2019-02-18T07:09:53+00:00","dateModified":"2025-12-09T08:02:47+00:00","description":"Richemont colabora estrechamente con diversos socios del sector a escala tanto nacional como internacional, y se beneficia as\u00ed de una extensa red.","breadcrumb":{"@id":"https:\/\/richemont.swiss\/es\/empresa\/socios\/#breadcrumb"},"inLanguage":"es","potentialAction":[{"@type":"ReadAction","target":["https:\/\/richemont.swiss\/es\/empresa\/socios\/"]}]},{"@type":"ImageObject","inLanguage":"es","@id":"https:\/\/richemont.swiss\/es\/empresa\/socios\/#primaryimage","url":"https:\/\/richemont.swiss\/wp-content\/uploads\/2022\/10\/richemont_unternehmen_fachschule_53-scaled.jpg","contentUrl":"https:\/\/richemont.swiss\/wp-content\/uploads\/2022\/10\/richemont_unternehmen_fachschule_53-scaled.jpg","width":2560,"height":1072},{"@type":"BreadcrumbList","@id":"https:\/\/richemont.swiss\/es\/empresa\/socios\/#breadcrumb","itemListElement":[{"@type":"ListItem","position":1,"name":"Home","item":"https:\/\/richemont.swiss\/es\/"},{"@type":"ListItem","position":2,"name":"Centro de Competencia Richemont","item":"https:\/\/richemont.swiss\/es\/empresa\/"},{"@type":"ListItem","position":3,"name":"Nuestra red"}]},{"@type":"WebSite","@id":"https:\/\/richemont.swiss\/es\/#website","url":"https:\/\/richemont.swiss\/es\/","name":"Richemont","description":"","potentialAction":[{"@type":"SearchAction","target":{"@type":"EntryPoint","urlTemplate":"https:\/\/richemont.swiss\/es\/?s={search_term_string}"},"query-input":{"@type":"PropertyValueSpecification","valueRequired":true,"valueName":"search_term_string"}}],"inLanguage":"es"}]}},"_links":{"self":[{"href":"https:\/\/richemont.swiss\/es\/wp-json\/wp\/v2\/pages\/12479","targetHints":{"allow":["GET"]}}],"collection":[{"href":"https:\/\/richemont.swiss\/es\/wp-json\/wp\/v2\/pages"}],"about":[{"href":"https:\/\/richemont.swiss\/es\/wp-json\/wp\/v2\/types\/page"}],"author":[{"embeddable":true,"href":"https:\/\/richemont.swiss\/es\/wp-json\/wp\/v2\/users\/2"}],"replies":[{"embeddable":true,"href":"https:\/\/richemont.swiss\/es\/wp-json\/wp\/v2\/comments?post=12479"}],"version-history":[{"count":0,"href":"https:\/\/richemont.swiss\/es\/wp-json\/wp\/v2\/pages\/12479\/revisions"}],"up":[{"embeddable":true,"href":"https:\/\/richemont.swiss\/es\/wp-json\/wp\/v2\/pages\/12327"}],"wp:featuredmedia":[{"embeddable":true,"href":"https:\/\/richemont.swiss\/es\/wp-json\/wp\/v2\/media\/40753"}],"wp:attachment":[{"href":"https:\/\/richemont.swiss\/es\/wp-json\/wp\/v2\/media?parent=12479"}],"curies":[{"name":"wp","href":"https:\/\/api.w.org\/{rel}","templated":true}]}}