{"id":12437,"date":"2019-09-25T06:20:40","date_gmt":"2019-09-25T04:20:40","guid":{"rendered":"https:\/\/richemont.swiss\/?page_id=12437"},"modified":"2022-11-11T08:41:07","modified_gmt":"2022-11-11T07:41:07","slug":"promocion-de-jovenes-talentos","status":"publish","type":"page","link":"https:\/\/richemont.swiss\/es\/empresa\/promocion-de-jovenes-talentos\/","title":{"rendered":"Compromiso con los j\u00f3venes profesionales"},"content":{"rendered":"\n<h2 class=\"wp-block-heading\" id=\"h-creamos-campeones-del-mundo\">Creamos campeones del mundo<\/h2>\n\n\n\n<p>La escuela profesional Richemont tutela y forma a los mejores profesionales de Suiza en el sector de la panader\u00eda, pasteler\u00eda y confiter\u00eda para las WorldSkills, el mayor evento de formaci\u00f3n profesional del mundo. Tras completar su aprendizaje en una empresa formativa, los j\u00f3venes talentos se preparan intensivamente y con gran empe\u00f1o en el Centro de Excelencia de Lucerna, \u00a1y cosechan grandes \u00e9xitos!<\/p>\n\n\n\n<p>En la edici\u00f3n especial de WorldSkills Competition 2022, celebrada en Lucerna, Juliana Th\u00f6ny, de 23 a\u00f1os, gan\u00f3 la medalla de oro en la especialidad de pasteler\u00eda y Vera Stocker, de 21 a\u00f1os, la medalla de bronce en la especialidad de panader\u00eda-confiter\u00eda. Despu\u00e9s de Ramona Bolliger (oro en Abu Dhabi 2017) y Sonja Durrer (oro en Kaz\u00e1n 2019), Suiza gan\u00f3 una medalla de oro en el Campeonato Mundial de Habilidades por tercera vez consecutiva.<\/p>\n\n\n\n<p>Los cuatro competidores se encuentran entre los mejores de su campo en todo el mundo. Para ellos, participar en este tipo de campeonatos es el comienzo perfecto de su carrera profesional.<\/p>\n\n\n\n<p>El compromiso de Richemont no se limita a impartir una <a href=\"https:\/\/richemont.swiss\/es\/formacion\/\">formaci\u00f3n<\/a> profesional y formaci\u00f3n continua de alto nivel, sino que se extiende a la promoci\u00f3n selectiva de los profesionales m\u00e1s destacados.<\/p>\n\n\n\n<figure class=\"wp-block-embed is-type-video is-provider-youtube wp-block-embed-youtube wp-embed-aspect-16-9 wp-has-aspect-ratio\"><div class=\"wp-block-embed__wrapper\">\n<iframe loading=\"lazy\" title=\"Highlight Video WorldSkills 2022 Competition EN\" width=\"500\" height=\"281\" src=\"https:\/\/www.youtube.com\/embed\/5X8eEpDt0eU?feature=oembed\" frameborder=\"0\" allow=\"accelerometer; autoplay; clipboard-write; encrypted-media; gyroscope; picture-in-picture; web-share\" referrerpolicy=\"strict-origin-when-cross-origin\" allowfullscreen><\/iframe>\n<\/div><\/figure>\n","protected":false},"excerpt":{"rendered":"<p>Creamos campeones del mundo La escuela profesional Richemont tutela y forma a los mejores profesionales de Suiza en el sector de la panader\u00eda, pasteler\u00eda y confiter\u00eda para las WorldSkills, el mayor evento de formaci\u00f3n profesional del mundo. Tras completar su aprendizaje en una empresa formativa, los j\u00f3venes talentos se preparan intensivamente y con gran empe\u00f1o [&hellip;]<\/p>\n","protected":false},"author":2,"featured_media":40731,"parent":12327,"menu_order":400,"comment_status":"closed","ping_status":"closed","template":"","meta":{"_acf_changed":false,"footnotes":""},"class_list":["post-12437","page","type-page","status-publish","has-post-thumbnail","hentry"],"acf":[],"yoast_head":"<!-- This site is optimized with the Yoast SEO Premium plugin v26.7 (Yoast SEO v26.7) - https:\/\/yoast.com\/wordpress\/plugins\/seo\/ -->\n<title>Promoci\u00f3n de j\u00f3venes talentos - WorldSkills - Escuela profesional Richemont<\/title>\n<meta name=\"description\" content=\"La escuela profesional Richemont tutela y forma a los mejores profesionales de Suiza en el sector de la panader\u00eda, pasteler\u00eda y confiter\u00eda para las WorldSkills.\" \/>\n<meta name=\"robots\" content=\"index, follow, max-snippet:-1, max-image-preview:large, max-video-preview:-1\" \/>\n<link rel=\"canonical\" href=\"https:\/\/richemont.swiss\/es\/empresa\/promocion-de-jovenes-talentos\/\" \/>\n<meta property=\"og:locale\" content=\"es_ES\" \/>\n<meta property=\"og:type\" content=\"article\" \/>\n<meta property=\"og:title\" content=\"Compromiso con los j\u00f3venes profesionales\" \/>\n<meta property=\"og:description\" content=\"La escuela profesional Richemont tutela y forma a los mejores profesionales de Suiza en el sector de la panader\u00eda, pasteler\u00eda y confiter\u00eda para las WorldSkills.\" \/>\n<meta property=\"og:url\" content=\"https:\/\/richemont.swiss\/es\/empresa\/promocion-de-jovenes-talentos\/\" \/>\n<meta property=\"og:site_name\" content=\"Richemont\" \/>\n<meta property=\"article:modified_time\" content=\"2022-11-11T07:41:07+00:00\" \/>\n<meta property=\"og:image\" content=\"https:\/\/richemont.swiss\/wp-content\/uploads\/2022\/10\/richemont_unternehmen_fachschule_51-scaled.jpg\" \/>\n\t<meta property=\"og:image:width\" content=\"2560\" \/>\n\t<meta property=\"og:image:height\" content=\"1072\" \/>\n\t<meta property=\"og:image:type\" content=\"image\/jpeg\" \/>\n<meta name=\"twitter:card\" content=\"summary_large_image\" \/>\n<meta name=\"twitter:label1\" content=\"Tiempo de lectura\" \/>\n\t<meta name=\"twitter:data1\" content=\"1 minuto\" \/>\n<script type=\"application\/ld+json\" class=\"yoast-schema-graph\">{\"@context\":\"https:\/\/schema.org\",\"@graph\":[{\"@type\":\"WebPage\",\"@id\":\"https:\/\/richemont.swiss\/es\/empresa\/promocion-de-jovenes-talentos\/\",\"url\":\"https:\/\/richemont.swiss\/es\/empresa\/promocion-de-jovenes-talentos\/\",\"name\":\"Promoci\u00f3n de j\u00f3venes talentos - WorldSkills - Escuela profesional Richemont\",\"isPartOf\":{\"@id\":\"https:\/\/richemont.swiss\/es\/#website\"},\"primaryImageOfPage\":{\"@id\":\"https:\/\/richemont.swiss\/es\/empresa\/promocion-de-jovenes-talentos\/#primaryimage\"},\"image\":{\"@id\":\"https:\/\/richemont.swiss\/es\/empresa\/promocion-de-jovenes-talentos\/#primaryimage\"},\"thumbnailUrl\":\"https:\/\/richemont.swiss\/wp-content\/uploads\/2022\/10\/richemont_unternehmen_fachschule_51-scaled.jpg\",\"datePublished\":\"2019-09-25T04:20:40+00:00\",\"dateModified\":\"2022-11-11T07:41:07+00:00\",\"description\":\"La escuela profesional Richemont tutela y forma a los mejores profesionales de Suiza en el sector de la panader\u00eda, pasteler\u00eda y confiter\u00eda para las WorldSkills.\",\"breadcrumb\":{\"@id\":\"https:\/\/richemont.swiss\/es\/empresa\/promocion-de-jovenes-talentos\/#breadcrumb\"},\"inLanguage\":\"es\",\"potentialAction\":[{\"@type\":\"ReadAction\",\"target\":[\"https:\/\/richemont.swiss\/es\/empresa\/promocion-de-jovenes-talentos\/\"]}]},{\"@type\":\"ImageObject\",\"inLanguage\":\"es\",\"@id\":\"https:\/\/richemont.swiss\/es\/empresa\/promocion-de-jovenes-talentos\/#primaryimage\",\"url\":\"https:\/\/richemont.swiss\/wp-content\/uploads\/2022\/10\/richemont_unternehmen_fachschule_51-scaled.jpg\",\"contentUrl\":\"https:\/\/richemont.swiss\/wp-content\/uploads\/2022\/10\/richemont_unternehmen_fachschule_51-scaled.jpg\",\"width\":2560,\"height\":1072},{\"@type\":\"BreadcrumbList\",\"@id\":\"https:\/\/richemont.swiss\/es\/empresa\/promocion-de-jovenes-talentos\/#breadcrumb\",\"itemListElement\":[{\"@type\":\"ListItem\",\"position\":1,\"name\":\"Home\",\"item\":\"https:\/\/richemont.swiss\/es\/\"},{\"@type\":\"ListItem\",\"position\":2,\"name\":\"Centro de Competencia Richemont\",\"item\":\"https:\/\/richemont.swiss\/es\/empresa\/\"},{\"@type\":\"ListItem\",\"position\":3,\"name\":\"Compromiso con los j\u00f3venes profesionales\"}]},{\"@type\":\"WebSite\",\"@id\":\"https:\/\/richemont.swiss\/es\/#website\",\"url\":\"https:\/\/richemont.swiss\/es\/\",\"name\":\"Richemont\",\"description\":\"\",\"potentialAction\":[{\"@type\":\"SearchAction\",\"target\":{\"@type\":\"EntryPoint\",\"urlTemplate\":\"https:\/\/richemont.swiss\/es\/?s={search_term_string}\"},\"query-input\":{\"@type\":\"PropertyValueSpecification\",\"valueRequired\":true,\"valueName\":\"search_term_string\"}}],\"inLanguage\":\"es\"}]}<\/script>\n<!-- \/ Yoast SEO Premium plugin. -->","yoast_head_json":{"title":"Promoci\u00f3n de j\u00f3venes talentos - WorldSkills - Escuela profesional Richemont","description":"La escuela profesional Richemont tutela y forma a los mejores profesionales de Suiza en el sector de la panader\u00eda, pasteler\u00eda y confiter\u00eda para las WorldSkills.","robots":{"index":"index","follow":"follow","max-snippet":"max-snippet:-1","max-image-preview":"max-image-preview:large","max-video-preview":"max-video-preview:-1"},"canonical":"https:\/\/richemont.swiss\/es\/empresa\/promocion-de-jovenes-talentos\/","og_locale":"es_ES","og_type":"article","og_title":"Compromiso con los j\u00f3venes profesionales","og_description":"La escuela profesional Richemont tutela y forma a los mejores profesionales de Suiza en el sector de la panader\u00eda, pasteler\u00eda y confiter\u00eda para las WorldSkills.","og_url":"https:\/\/richemont.swiss\/es\/empresa\/promocion-de-jovenes-talentos\/","og_site_name":"Richemont","article_modified_time":"2022-11-11T07:41:07+00:00","og_image":[{"width":2560,"height":1072,"url":"https:\/\/richemont.swiss\/wp-content\/uploads\/2022\/10\/richemont_unternehmen_fachschule_51-scaled.jpg","type":"image\/jpeg"}],"twitter_card":"summary_large_image","twitter_misc":{"Tiempo de lectura":"1 minuto"},"schema":{"@context":"https:\/\/schema.org","@graph":[{"@type":"WebPage","@id":"https:\/\/richemont.swiss\/es\/empresa\/promocion-de-jovenes-talentos\/","url":"https:\/\/richemont.swiss\/es\/empresa\/promocion-de-jovenes-talentos\/","name":"Promoci\u00f3n de j\u00f3venes talentos - WorldSkills - Escuela profesional Richemont","isPartOf":{"@id":"https:\/\/richemont.swiss\/es\/#website"},"primaryImageOfPage":{"@id":"https:\/\/richemont.swiss\/es\/empresa\/promocion-de-jovenes-talentos\/#primaryimage"},"image":{"@id":"https:\/\/richemont.swiss\/es\/empresa\/promocion-de-jovenes-talentos\/#primaryimage"},"thumbnailUrl":"https:\/\/richemont.swiss\/wp-content\/uploads\/2022\/10\/richemont_unternehmen_fachschule_51-scaled.jpg","datePublished":"2019-09-25T04:20:40+00:00","dateModified":"2022-11-11T07:41:07+00:00","description":"La escuela profesional Richemont tutela y forma a los mejores profesionales de Suiza en el sector de la panader\u00eda, pasteler\u00eda y confiter\u00eda para las WorldSkills.","breadcrumb":{"@id":"https:\/\/richemont.swiss\/es\/empresa\/promocion-de-jovenes-talentos\/#breadcrumb"},"inLanguage":"es","potentialAction":[{"@type":"ReadAction","target":["https:\/\/richemont.swiss\/es\/empresa\/promocion-de-jovenes-talentos\/"]}]},{"@type":"ImageObject","inLanguage":"es","@id":"https:\/\/richemont.swiss\/es\/empresa\/promocion-de-jovenes-talentos\/#primaryimage","url":"https:\/\/richemont.swiss\/wp-content\/uploads\/2022\/10\/richemont_unternehmen_fachschule_51-scaled.jpg","contentUrl":"https:\/\/richemont.swiss\/wp-content\/uploads\/2022\/10\/richemont_unternehmen_fachschule_51-scaled.jpg","width":2560,"height":1072},{"@type":"BreadcrumbList","@id":"https:\/\/richemont.swiss\/es\/empresa\/promocion-de-jovenes-talentos\/#breadcrumb","itemListElement":[{"@type":"ListItem","position":1,"name":"Home","item":"https:\/\/richemont.swiss\/es\/"},{"@type":"ListItem","position":2,"name":"Centro de Competencia Richemont","item":"https:\/\/richemont.swiss\/es\/empresa\/"},{"@type":"ListItem","position":3,"name":"Compromiso con los j\u00f3venes profesionales"}]},{"@type":"WebSite","@id":"https:\/\/richemont.swiss\/es\/#website","url":"https:\/\/richemont.swiss\/es\/","name":"Richemont","description":"","potentialAction":[{"@type":"SearchAction","target":{"@type":"EntryPoint","urlTemplate":"https:\/\/richemont.swiss\/es\/?s={search_term_string}"},"query-input":{"@type":"PropertyValueSpecification","valueRequired":true,"valueName":"search_term_string"}}],"inLanguage":"es"}]}},"_links":{"self":[{"href":"https:\/\/richemont.swiss\/es\/wp-json\/wp\/v2\/pages\/12437","targetHints":{"allow":["GET"]}}],"collection":[{"href":"https:\/\/richemont.swiss\/es\/wp-json\/wp\/v2\/pages"}],"about":[{"href":"https:\/\/richemont.swiss\/es\/wp-json\/wp\/v2\/types\/page"}],"author":[{"embeddable":true,"href":"https:\/\/richemont.swiss\/es\/wp-json\/wp\/v2\/users\/2"}],"replies":[{"embeddable":true,"href":"https:\/\/richemont.swiss\/es\/wp-json\/wp\/v2\/comments?post=12437"}],"version-history":[{"count":0,"href":"https:\/\/richemont.swiss\/es\/wp-json\/wp\/v2\/pages\/12437\/revisions"}],"up":[{"embeddable":true,"href":"https:\/\/richemont.swiss\/es\/wp-json\/wp\/v2\/pages\/12327"}],"wp:featuredmedia":[{"embeddable":true,"href":"https:\/\/richemont.swiss\/es\/wp-json\/wp\/v2\/media\/40731"}],"wp:attachment":[{"href":"https:\/\/richemont.swiss\/es\/wp-json\/wp\/v2\/media?parent=12437"}],"curies":[{"name":"wp","href":"https:\/\/api.w.org\/{rel}","templated":true}]}}