{"id":12424,"date":"2019-02-18T11:08:33","date_gmt":"2019-02-18T10:08:33","guid":{"rendered":"https:\/\/richemont.swiss\/?page_id=12424"},"modified":"2022-11-02T10:52:40","modified_gmt":"2022-11-02T09:52:40","slug":"vision-y-mision","status":"publish","type":"page","link":"https:\/\/richemont.swiss\/es\/empresa\/vision-y-mision\/","title":{"rendered":"Pasi\u00f3n \u2219 Orientaci\u00f3n pr\u00e1ctica \u2219 Visi\u00f3n de futuro"},"content":{"rendered":"\n<h2 class=\"wp-block-heading\" id=\"h-nuestra-promesa\">Nuestra promesa<\/h2>\n\n\n\n<p>\u00abPrometemos que usted y su empresa prosperar\u00e1n con ayuda de nuestra inspiraci\u00f3n orientada ala pr\u00e1ctica. Ampliar\u00e1 su visi\u00f3n de futuro gracias a la pasi\u00f3n vivida en com\u00fan y a un intercambio activo de conocimientos. Richemont, casa inventora del popular rosc\u00f3n de Reyes\u00bb.<\/p>\n\n\n\n<h3 class=\"wp-block-heading\" id=\"h-nuestros-valores\">Nuestros valores<\/h3>\n\n\n\n<h4 class=\"wp-block-heading\" id=\"h-pasi-n\">Pasi\u00f3n<\/h4>\n\n\n\n<p>Impulsamos la inspiraci\u00f3n y promovemos la creatividad. Con nuestro programa de <a href=\"https:\/\/richemont.swiss\/es\/formacion\/\">formaci\u00f3n<\/a> transmitimos el entusiasmo por la artesan\u00eda y atendemos las necesidades de nuestros clientes. Como ejemplo para los aprendices y la profesi\u00f3n en general, vivimos con pasi\u00f3n y compromiso la labor artesanal del panadero, pastelero y confitero.<\/p>\n\n\n\n<h4 class=\"wp-block-heading\" id=\"h-orientaci-n-pr-ctica\">Orientaci\u00f3n pr\u00e1ctica<\/h4>\n\n\n\n<p>Tratamos con nuestros clientes de forma honesta y de igual a igual para dise\u00f1ar las soluciones \u00f3ptimas de capacitaci\u00f3n y <a href=\"https:\/\/richemont.swiss\/es\/formacion\/invierta-en-su-exito\/\">formaci\u00f3n<\/a> continua personalizadas. Tales soluciones se pueden integrar eficazmente en el d\u00eda a d\u00eda laboral y sientan las bases de un \u00e9xito sostenible. Nuestras prioridades son el uso responsable de los recursos locales y el di\u00e1logo en una red que fomenta el trabajo en equipo. Los conocimientos especializados se ampl\u00edan continuamente y se transfieren a la pr\u00e1ctica de forma innovadora.<\/p>\n\n\n\n<h4 class=\"wp-block-heading\" id=\"h-visi-n-de-futuro\">Visi\u00f3n de futuro<\/h4>\n\n\n\n<p>Siempre al d\u00eda, identificamos tendencias con antelaci\u00f3n y establecemos est\u00e1ndares para productos y <a href=\"https:\/\/richemont.swiss\/es\/servicios\/\">servicios<\/a> innovadores. Explotamos potenciales y ampliamos constantemente nuestro horizonte. Nuestro personal est\u00e1 motivado para crear cosas nuevas y desarrollar instrumentos de ayuda para la toma de decisiones. Brindamos apoyo a m\u00faltiples niveles y transmitimos conocimientos especializados tanto artesanales como en gesti\u00f3n corporativa. Prestamos ayuda permanente a nuestros clientes en las \u00e1reas de la mejora de estructuras, el incremento de la eficiencia y el ahorro de costes.<\/p>\n\n\n\n<p><\/p>\n","protected":false},"excerpt":{"rendered":"<p>Nuestra promesa \u00abPrometemos que usted y su empresa prosperar\u00e1n con ayuda de nuestra inspiraci\u00f3n orientada ala pr\u00e1ctica. Ampliar\u00e1 su visi\u00f3n de futuro gracias a la pasi\u00f3n vivida en com\u00fan y a un intercambio activo de conocimientos. Richemont, casa inventora del popular rosc\u00f3n de Reyes\u00bb. Nuestros valores Pasi\u00f3n Impulsamos la inspiraci\u00f3n y promovemos la creatividad. Con [&hellip;]<\/p>\n","protected":false},"author":2,"featured_media":40722,"parent":12327,"menu_order":300,"comment_status":"closed","ping_status":"closed","template":"","meta":{"_acf_changed":false,"footnotes":""},"class_list":["post-12424","page","type-page","status-publish","has-post-thumbnail","hentry"],"acf":[],"yoast_head":"<!-- This site is optimized with the Yoast SEO Premium plugin v26.7 (Yoast SEO v26.7) - https:\/\/yoast.com\/wordpress\/plugins\/seo\/ -->\n<title>Visi\u00f3n y misi\u00f3n - Pasi\u00f3n, orientaci\u00f3n pr\u00e1ctica, visi\u00f3n de futuro - Escuela profesional Richemont<\/title>\n<meta name=\"description\" content=\"Sabemos lo que queremos. La escuela profesional Richemont ha plasmado su identidad corporativa en una visi\u00f3n y una misi\u00f3n.\" \/>\n<meta name=\"robots\" content=\"index, follow, max-snippet:-1, max-image-preview:large, max-video-preview:-1\" \/>\n<link rel=\"canonical\" href=\"https:\/\/richemont.swiss\/es\/empresa\/vision-y-mision\/\" \/>\n<meta property=\"og:locale\" content=\"es_ES\" \/>\n<meta property=\"og:type\" content=\"article\" \/>\n<meta property=\"og:title\" content=\"Pasi\u00f3n \u2219 Orientaci\u00f3n pr\u00e1ctica \u2219 Visi\u00f3n de futuro\" \/>\n<meta property=\"og:description\" content=\"Sabemos lo que queremos. La escuela profesional Richemont ha plasmado su identidad corporativa en una visi\u00f3n y una misi\u00f3n.\" \/>\n<meta property=\"og:url\" content=\"https:\/\/richemont.swiss\/es\/empresa\/vision-y-mision\/\" \/>\n<meta property=\"og:site_name\" content=\"Richemont\" \/>\n<meta property=\"article:modified_time\" content=\"2022-11-02T09:52:40+00:00\" \/>\n<meta property=\"og:image\" content=\"https:\/\/richemont.swiss\/wp-content\/uploads\/2022\/10\/richemont_unternehmen_fachschule_50-scaled.jpg\" \/>\n\t<meta property=\"og:image:width\" content=\"2560\" \/>\n\t<meta property=\"og:image:height\" content=\"1072\" \/>\n\t<meta property=\"og:image:type\" content=\"image\/jpeg\" \/>\n<meta name=\"twitter:card\" content=\"summary_large_image\" \/>\n<meta name=\"twitter:label1\" content=\"Tiempo de lectura\" \/>\n\t<meta name=\"twitter:data1\" content=\"2 minutos\" \/>\n<script type=\"application\/ld+json\" class=\"yoast-schema-graph\">{\"@context\":\"https:\/\/schema.org\",\"@graph\":[{\"@type\":\"WebPage\",\"@id\":\"https:\/\/richemont.swiss\/es\/empresa\/vision-y-mision\/\",\"url\":\"https:\/\/richemont.swiss\/es\/empresa\/vision-y-mision\/\",\"name\":\"Visi\u00f3n y misi\u00f3n - Pasi\u00f3n, orientaci\u00f3n pr\u00e1ctica, visi\u00f3n de futuro - Escuela profesional Richemont\",\"isPartOf\":{\"@id\":\"https:\/\/richemont.swiss\/es\/#website\"},\"primaryImageOfPage\":{\"@id\":\"https:\/\/richemont.swiss\/es\/empresa\/vision-y-mision\/#primaryimage\"},\"image\":{\"@id\":\"https:\/\/richemont.swiss\/es\/empresa\/vision-y-mision\/#primaryimage\"},\"thumbnailUrl\":\"https:\/\/richemont.swiss\/wp-content\/uploads\/2022\/10\/richemont_unternehmen_fachschule_50-scaled.jpg\",\"datePublished\":\"2019-02-18T10:08:33+00:00\",\"dateModified\":\"2022-11-02T09:52:40+00:00\",\"description\":\"Sabemos lo que queremos. La escuela profesional Richemont ha plasmado su identidad corporativa en una visi\u00f3n y una misi\u00f3n.\",\"breadcrumb\":{\"@id\":\"https:\/\/richemont.swiss\/es\/empresa\/vision-y-mision\/#breadcrumb\"},\"inLanguage\":\"es\",\"potentialAction\":[{\"@type\":\"ReadAction\",\"target\":[\"https:\/\/richemont.swiss\/es\/empresa\/vision-y-mision\/\"]}]},{\"@type\":\"ImageObject\",\"inLanguage\":\"es\",\"@id\":\"https:\/\/richemont.swiss\/es\/empresa\/vision-y-mision\/#primaryimage\",\"url\":\"https:\/\/richemont.swiss\/wp-content\/uploads\/2022\/10\/richemont_unternehmen_fachschule_50-scaled.jpg\",\"contentUrl\":\"https:\/\/richemont.swiss\/wp-content\/uploads\/2022\/10\/richemont_unternehmen_fachschule_50-scaled.jpg\",\"width\":2560,\"height\":1072},{\"@type\":\"BreadcrumbList\",\"@id\":\"https:\/\/richemont.swiss\/es\/empresa\/vision-y-mision\/#breadcrumb\",\"itemListElement\":[{\"@type\":\"ListItem\",\"position\":1,\"name\":\"Home\",\"item\":\"https:\/\/richemont.swiss\/es\/\"},{\"@type\":\"ListItem\",\"position\":2,\"name\":\"Centro de Competencia Richemont\",\"item\":\"https:\/\/richemont.swiss\/es\/empresa\/\"},{\"@type\":\"ListItem\",\"position\":3,\"name\":\"Pasi\u00f3n \u2219 Orientaci\u00f3n pr\u00e1ctica \u2219 Visi\u00f3n de futuro\"}]},{\"@type\":\"WebSite\",\"@id\":\"https:\/\/richemont.swiss\/es\/#website\",\"url\":\"https:\/\/richemont.swiss\/es\/\",\"name\":\"Richemont\",\"description\":\"\",\"potentialAction\":[{\"@type\":\"SearchAction\",\"target\":{\"@type\":\"EntryPoint\",\"urlTemplate\":\"https:\/\/richemont.swiss\/es\/?s={search_term_string}\"},\"query-input\":{\"@type\":\"PropertyValueSpecification\",\"valueRequired\":true,\"valueName\":\"search_term_string\"}}],\"inLanguage\":\"es\"}]}<\/script>\n<!-- \/ Yoast SEO Premium plugin. -->","yoast_head_json":{"title":"Visi\u00f3n y misi\u00f3n - Pasi\u00f3n, orientaci\u00f3n pr\u00e1ctica, visi\u00f3n de futuro - Escuela profesional Richemont","description":"Sabemos lo que queremos. La escuela profesional Richemont ha plasmado su identidad corporativa en una visi\u00f3n y una misi\u00f3n.","robots":{"index":"index","follow":"follow","max-snippet":"max-snippet:-1","max-image-preview":"max-image-preview:large","max-video-preview":"max-video-preview:-1"},"canonical":"https:\/\/richemont.swiss\/es\/empresa\/vision-y-mision\/","og_locale":"es_ES","og_type":"article","og_title":"Pasi\u00f3n \u2219 Orientaci\u00f3n pr\u00e1ctica \u2219 Visi\u00f3n de futuro","og_description":"Sabemos lo que queremos. La escuela profesional Richemont ha plasmado su identidad corporativa en una visi\u00f3n y una misi\u00f3n.","og_url":"https:\/\/richemont.swiss\/es\/empresa\/vision-y-mision\/","og_site_name":"Richemont","article_modified_time":"2022-11-02T09:52:40+00:00","og_image":[{"width":2560,"height":1072,"url":"https:\/\/richemont.swiss\/wp-content\/uploads\/2022\/10\/richemont_unternehmen_fachschule_50-scaled.jpg","type":"image\/jpeg"}],"twitter_card":"summary_large_image","twitter_misc":{"Tiempo de lectura":"2 minutos"},"schema":{"@context":"https:\/\/schema.org","@graph":[{"@type":"WebPage","@id":"https:\/\/richemont.swiss\/es\/empresa\/vision-y-mision\/","url":"https:\/\/richemont.swiss\/es\/empresa\/vision-y-mision\/","name":"Visi\u00f3n y misi\u00f3n - Pasi\u00f3n, orientaci\u00f3n pr\u00e1ctica, visi\u00f3n de futuro - Escuela profesional Richemont","isPartOf":{"@id":"https:\/\/richemont.swiss\/es\/#website"},"primaryImageOfPage":{"@id":"https:\/\/richemont.swiss\/es\/empresa\/vision-y-mision\/#primaryimage"},"image":{"@id":"https:\/\/richemont.swiss\/es\/empresa\/vision-y-mision\/#primaryimage"},"thumbnailUrl":"https:\/\/richemont.swiss\/wp-content\/uploads\/2022\/10\/richemont_unternehmen_fachschule_50-scaled.jpg","datePublished":"2019-02-18T10:08:33+00:00","dateModified":"2022-11-02T09:52:40+00:00","description":"Sabemos lo que queremos. La escuela profesional Richemont ha plasmado su identidad corporativa en una visi\u00f3n y una misi\u00f3n.","breadcrumb":{"@id":"https:\/\/richemont.swiss\/es\/empresa\/vision-y-mision\/#breadcrumb"},"inLanguage":"es","potentialAction":[{"@type":"ReadAction","target":["https:\/\/richemont.swiss\/es\/empresa\/vision-y-mision\/"]}]},{"@type":"ImageObject","inLanguage":"es","@id":"https:\/\/richemont.swiss\/es\/empresa\/vision-y-mision\/#primaryimage","url":"https:\/\/richemont.swiss\/wp-content\/uploads\/2022\/10\/richemont_unternehmen_fachschule_50-scaled.jpg","contentUrl":"https:\/\/richemont.swiss\/wp-content\/uploads\/2022\/10\/richemont_unternehmen_fachschule_50-scaled.jpg","width":2560,"height":1072},{"@type":"BreadcrumbList","@id":"https:\/\/richemont.swiss\/es\/empresa\/vision-y-mision\/#breadcrumb","itemListElement":[{"@type":"ListItem","position":1,"name":"Home","item":"https:\/\/richemont.swiss\/es\/"},{"@type":"ListItem","position":2,"name":"Centro de Competencia Richemont","item":"https:\/\/richemont.swiss\/es\/empresa\/"},{"@type":"ListItem","position":3,"name":"Pasi\u00f3n \u2219 Orientaci\u00f3n pr\u00e1ctica \u2219 Visi\u00f3n de futuro"}]},{"@type":"WebSite","@id":"https:\/\/richemont.swiss\/es\/#website","url":"https:\/\/richemont.swiss\/es\/","name":"Richemont","description":"","potentialAction":[{"@type":"SearchAction","target":{"@type":"EntryPoint","urlTemplate":"https:\/\/richemont.swiss\/es\/?s={search_term_string}"},"query-input":{"@type":"PropertyValueSpecification","valueRequired":true,"valueName":"search_term_string"}}],"inLanguage":"es"}]}},"_links":{"self":[{"href":"https:\/\/richemont.swiss\/es\/wp-json\/wp\/v2\/pages\/12424","targetHints":{"allow":["GET"]}}],"collection":[{"href":"https:\/\/richemont.swiss\/es\/wp-json\/wp\/v2\/pages"}],"about":[{"href":"https:\/\/richemont.swiss\/es\/wp-json\/wp\/v2\/types\/page"}],"author":[{"embeddable":true,"href":"https:\/\/richemont.swiss\/es\/wp-json\/wp\/v2\/users\/2"}],"replies":[{"embeddable":true,"href":"https:\/\/richemont.swiss\/es\/wp-json\/wp\/v2\/comments?post=12424"}],"version-history":[{"count":0,"href":"https:\/\/richemont.swiss\/es\/wp-json\/wp\/v2\/pages\/12424\/revisions"}],"up":[{"embeddable":true,"href":"https:\/\/richemont.swiss\/es\/wp-json\/wp\/v2\/pages\/12327"}],"wp:featuredmedia":[{"embeddable":true,"href":"https:\/\/richemont.swiss\/es\/wp-json\/wp\/v2\/media\/40722"}],"wp:attachment":[{"href":"https:\/\/richemont.swiss\/es\/wp-json\/wp\/v2\/media?parent=12424"}],"curies":[{"name":"wp","href":"https:\/\/api.w.org\/{rel}","templated":true}]}}