{"id":12354,"date":"2019-02-17T10:50:39","date_gmt":"2019-02-17T09:50:39","guid":{"rendered":"https:\/\/richemont.swiss\/?page_id=12354"},"modified":"2025-10-09T08:51:56","modified_gmt":"2025-10-09T06:51:56","slug":"organizacion","status":"publish","type":"page","link":"https:\/\/richemont.swiss\/es\/empresa\/organizacion\/","title":{"rendered":"Perm\u00edtanos presentarnos"},"content":{"rendered":"\n<p>Richemont est\u00e1 constituida por dos entidades jur\u00eddicamente independientes.<\/p>\n\n\n\n<p>La <strong>Fundaci\u00f3n Richemont<\/strong> incluye la oferta completa de <a href=\"https:\/\/richemont.swiss\/es\/formacion\/\">formaci\u00f3n<\/a> profesional y formaci\u00f3n continua , el \u00e1rea de <a href=\"https:\/\/richemont-gastro.ch\/\">hotel y restaurante<\/a> as\u00ed como la <a href=\"https:\/\/richemont.swiss\/es\/servicios\/gestion-de-calidad\/\">gesti\u00f3n de la calidad<\/a> de las materias primas y los productos.<\/p>\n\n\n\n<p>La empresa <strong>Richemont Dienstleistungs AG<\/strong> consta de la <a href=\"https:\/\/richemont.swiss\/es\/editorial\/\">editorial<\/a> propia que publica <a href=\"https:\/\/richemont.swiss\/es\/product-category\/libros\/\">libros<\/a>, material did\u00e1ctico, el Bolet\u00edn profesional Richemont, software y una amplia gama de <a href=\"https:\/\/richemont.swiss\/es\/servicios\/\">servicios<\/a> de asesoramiento.<\/p>\n\n\n\n<p>Tanto el capital de la fundaci\u00f3n como el capital accionarial son propiedad al 100&nbsp;% de la <a href=\"https:\/\/swissbaker.ch\/\">Asociaci\u00f3n Suiza de Maestros Panaderos y Confiteros<\/a> (SBC).<\/p>\n\n\n\n<div class=\"wp-block-file\"><a id=\"wp-block-file--media-a4f5b741-d227-43b2-9f15-64fb3f9e9bd7\" href=\"https:\/\/richemont.swiss\/wp-content\/uploads\/2025\/10\/richemont-centre-of-excellence-organization-chart.pdf\">Organigrama (ingl\u00e9s)<\/a><a href=\"https:\/\/richemont.swiss\/wp-content\/uploads\/2025\/10\/richemont-centre-of-excellence-organization-chart.pdf\" class=\"wp-block-file__button wp-element-button\" download aria-describedby=\"wp-block-file--media-a4f5b741-d227-43b2-9f15-64fb3f9e9bd7\">Herunterladen<\/a><\/div>\n","protected":false},"excerpt":{"rendered":"<p>Richemont est\u00e1 constituida por dos entidades jur\u00eddicamente independientes. La Fundaci\u00f3n Richemont incluye la oferta completa de formaci\u00f3n profesional y formaci\u00f3n continua , el \u00e1rea de hotel y restaurante as\u00ed como la gesti\u00f3n de la calidad de las materias primas y los productos. La empresa Richemont Dienstleistungs AG consta de la editorial propia que publica libros, [&hellip;]<\/p>\n","protected":false},"author":2,"featured_media":40708,"parent":12327,"menu_order":200,"comment_status":"closed","ping_status":"closed","template":"page-team.php","meta":{"_acf_changed":false,"footnotes":""},"class_list":["post-12354","page","type-page","status-publish","has-post-thumbnail","hentry"],"acf":[],"yoast_head":"<!-- This site is optimized with the Yoast SEO Premium plugin v26.7 (Yoast SEO v26.7) - https:\/\/yoast.com\/wordpress\/plugins\/seo\/ -->\n<title>Organizaci\u00f3n y equipo - Perm\u00edtanos presentarnos - Escuela profesional Richemont<\/title>\n<meta name=\"description\" content=\"Organizaci\u00f3n: Richemont est\u00e1 constituida por dos entidades jur\u00eddicamente independientes: la Fundaci\u00f3n Richemont y la empresa Richemont Dienstleistungs AG.\" \/>\n<meta name=\"robots\" content=\"index, follow, max-snippet:-1, max-image-preview:large, max-video-preview:-1\" \/>\n<link rel=\"canonical\" href=\"https:\/\/richemont.swiss\/es\/empresa\/organizacion\/\" \/>\n<meta property=\"og:locale\" content=\"es_ES\" \/>\n<meta property=\"og:type\" content=\"article\" \/>\n<meta property=\"og:title\" content=\"Perm\u00edtanos presentarnos\" \/>\n<meta property=\"og:description\" content=\"Organizaci\u00f3n: Richemont est\u00e1 constituida por dos entidades jur\u00eddicamente independientes: la Fundaci\u00f3n Richemont y la empresa Richemont Dienstleistungs AG.\" \/>\n<meta property=\"og:url\" content=\"https:\/\/richemont.swiss\/es\/empresa\/organizacion\/\" \/>\n<meta property=\"og:site_name\" content=\"Richemont\" \/>\n<meta property=\"article:modified_time\" content=\"2025-10-09T06:51:56+00:00\" \/>\n<meta property=\"og:image\" content=\"https:\/\/richemont.swiss\/wp-content\/uploads\/2022\/10\/richemont_unternehmen_fachschule_49-scaled.jpg\" \/>\n\t<meta property=\"og:image:width\" content=\"2560\" \/>\n\t<meta property=\"og:image:height\" content=\"1072\" \/>\n\t<meta property=\"og:image:type\" content=\"image\/jpeg\" \/>\n<meta name=\"twitter:card\" content=\"summary_large_image\" \/>\n<meta name=\"twitter:label1\" content=\"Tiempo de lectura\" \/>\n\t<meta name=\"twitter:data1\" content=\"1 minuto\" \/>\n<script type=\"application\/ld+json\" class=\"yoast-schema-graph\">{\"@context\":\"https:\/\/schema.org\",\"@graph\":[{\"@type\":\"WebPage\",\"@id\":\"https:\/\/richemont.swiss\/es\/empresa\/organizacion\/\",\"url\":\"https:\/\/richemont.swiss\/es\/empresa\/organizacion\/\",\"name\":\"Organizaci\u00f3n y equipo - Perm\u00edtanos presentarnos - Escuela profesional Richemont\",\"isPartOf\":{\"@id\":\"https:\/\/richemont.swiss\/es\/#website\"},\"primaryImageOfPage\":{\"@id\":\"https:\/\/richemont.swiss\/es\/empresa\/organizacion\/#primaryimage\"},\"image\":{\"@id\":\"https:\/\/richemont.swiss\/es\/empresa\/organizacion\/#primaryimage\"},\"thumbnailUrl\":\"https:\/\/richemont.swiss\/wp-content\/uploads\/2022\/10\/richemont_unternehmen_fachschule_49-scaled.jpg\",\"datePublished\":\"2019-02-17T09:50:39+00:00\",\"dateModified\":\"2025-10-09T06:51:56+00:00\",\"description\":\"Organizaci\u00f3n: Richemont est\u00e1 constituida por dos entidades jur\u00eddicamente independientes: la Fundaci\u00f3n Richemont y la empresa Richemont Dienstleistungs AG.\",\"breadcrumb\":{\"@id\":\"https:\/\/richemont.swiss\/es\/empresa\/organizacion\/#breadcrumb\"},\"inLanguage\":\"es\",\"potentialAction\":[{\"@type\":\"ReadAction\",\"target\":[\"https:\/\/richemont.swiss\/es\/empresa\/organizacion\/\"]}]},{\"@type\":\"ImageObject\",\"inLanguage\":\"es\",\"@id\":\"https:\/\/richemont.swiss\/es\/empresa\/organizacion\/#primaryimage\",\"url\":\"https:\/\/richemont.swiss\/wp-content\/uploads\/2022\/10\/richemont_unternehmen_fachschule_49-scaled.jpg\",\"contentUrl\":\"https:\/\/richemont.swiss\/wp-content\/uploads\/2022\/10\/richemont_unternehmen_fachschule_49-scaled.jpg\",\"width\":2560,\"height\":1072},{\"@type\":\"BreadcrumbList\",\"@id\":\"https:\/\/richemont.swiss\/es\/empresa\/organizacion\/#breadcrumb\",\"itemListElement\":[{\"@type\":\"ListItem\",\"position\":1,\"name\":\"Home\",\"item\":\"https:\/\/richemont.swiss\/es\/\"},{\"@type\":\"ListItem\",\"position\":2,\"name\":\"Centro de Competencia Richemont\",\"item\":\"https:\/\/richemont.swiss\/es\/empresa\/\"},{\"@type\":\"ListItem\",\"position\":3,\"name\":\"Perm\u00edtanos presentarnos\"}]},{\"@type\":\"WebSite\",\"@id\":\"https:\/\/richemont.swiss\/es\/#website\",\"url\":\"https:\/\/richemont.swiss\/es\/\",\"name\":\"Richemont\",\"description\":\"\",\"potentialAction\":[{\"@type\":\"SearchAction\",\"target\":{\"@type\":\"EntryPoint\",\"urlTemplate\":\"https:\/\/richemont.swiss\/es\/?s={search_term_string}\"},\"query-input\":{\"@type\":\"PropertyValueSpecification\",\"valueRequired\":true,\"valueName\":\"search_term_string\"}}],\"inLanguage\":\"es\"}]}<\/script>\n<!-- \/ Yoast SEO Premium plugin. -->","yoast_head_json":{"title":"Organizaci\u00f3n y equipo - Perm\u00edtanos presentarnos - Escuela profesional Richemont","description":"Organizaci\u00f3n: Richemont est\u00e1 constituida por dos entidades jur\u00eddicamente independientes: la Fundaci\u00f3n Richemont y la empresa Richemont Dienstleistungs AG.","robots":{"index":"index","follow":"follow","max-snippet":"max-snippet:-1","max-image-preview":"max-image-preview:large","max-video-preview":"max-video-preview:-1"},"canonical":"https:\/\/richemont.swiss\/es\/empresa\/organizacion\/","og_locale":"es_ES","og_type":"article","og_title":"Perm\u00edtanos presentarnos","og_description":"Organizaci\u00f3n: Richemont est\u00e1 constituida por dos entidades jur\u00eddicamente independientes: la Fundaci\u00f3n Richemont y la empresa Richemont Dienstleistungs AG.","og_url":"https:\/\/richemont.swiss\/es\/empresa\/organizacion\/","og_site_name":"Richemont","article_modified_time":"2025-10-09T06:51:56+00:00","og_image":[{"width":2560,"height":1072,"url":"https:\/\/richemont.swiss\/wp-content\/uploads\/2022\/10\/richemont_unternehmen_fachschule_49-scaled.jpg","type":"image\/jpeg"}],"twitter_card":"summary_large_image","twitter_misc":{"Tiempo de lectura":"1 minuto"},"schema":{"@context":"https:\/\/schema.org","@graph":[{"@type":"WebPage","@id":"https:\/\/richemont.swiss\/es\/empresa\/organizacion\/","url":"https:\/\/richemont.swiss\/es\/empresa\/organizacion\/","name":"Organizaci\u00f3n y equipo - Perm\u00edtanos presentarnos - Escuela profesional Richemont","isPartOf":{"@id":"https:\/\/richemont.swiss\/es\/#website"},"primaryImageOfPage":{"@id":"https:\/\/richemont.swiss\/es\/empresa\/organizacion\/#primaryimage"},"image":{"@id":"https:\/\/richemont.swiss\/es\/empresa\/organizacion\/#primaryimage"},"thumbnailUrl":"https:\/\/richemont.swiss\/wp-content\/uploads\/2022\/10\/richemont_unternehmen_fachschule_49-scaled.jpg","datePublished":"2019-02-17T09:50:39+00:00","dateModified":"2025-10-09T06:51:56+00:00","description":"Organizaci\u00f3n: Richemont est\u00e1 constituida por dos entidades jur\u00eddicamente independientes: la Fundaci\u00f3n Richemont y la empresa Richemont Dienstleistungs AG.","breadcrumb":{"@id":"https:\/\/richemont.swiss\/es\/empresa\/organizacion\/#breadcrumb"},"inLanguage":"es","potentialAction":[{"@type":"ReadAction","target":["https:\/\/richemont.swiss\/es\/empresa\/organizacion\/"]}]},{"@type":"ImageObject","inLanguage":"es","@id":"https:\/\/richemont.swiss\/es\/empresa\/organizacion\/#primaryimage","url":"https:\/\/richemont.swiss\/wp-content\/uploads\/2022\/10\/richemont_unternehmen_fachschule_49-scaled.jpg","contentUrl":"https:\/\/richemont.swiss\/wp-content\/uploads\/2022\/10\/richemont_unternehmen_fachschule_49-scaled.jpg","width":2560,"height":1072},{"@type":"BreadcrumbList","@id":"https:\/\/richemont.swiss\/es\/empresa\/organizacion\/#breadcrumb","itemListElement":[{"@type":"ListItem","position":1,"name":"Home","item":"https:\/\/richemont.swiss\/es\/"},{"@type":"ListItem","position":2,"name":"Centro de Competencia Richemont","item":"https:\/\/richemont.swiss\/es\/empresa\/"},{"@type":"ListItem","position":3,"name":"Perm\u00edtanos presentarnos"}]},{"@type":"WebSite","@id":"https:\/\/richemont.swiss\/es\/#website","url":"https:\/\/richemont.swiss\/es\/","name":"Richemont","description":"","potentialAction":[{"@type":"SearchAction","target":{"@type":"EntryPoint","urlTemplate":"https:\/\/richemont.swiss\/es\/?s={search_term_string}"},"query-input":{"@type":"PropertyValueSpecification","valueRequired":true,"valueName":"search_term_string"}}],"inLanguage":"es"}]}},"_links":{"self":[{"href":"https:\/\/richemont.swiss\/es\/wp-json\/wp\/v2\/pages\/12354","targetHints":{"allow":["GET"]}}],"collection":[{"href":"https:\/\/richemont.swiss\/es\/wp-json\/wp\/v2\/pages"}],"about":[{"href":"https:\/\/richemont.swiss\/es\/wp-json\/wp\/v2\/types\/page"}],"author":[{"embeddable":true,"href":"https:\/\/richemont.swiss\/es\/wp-json\/wp\/v2\/users\/2"}],"replies":[{"embeddable":true,"href":"https:\/\/richemont.swiss\/es\/wp-json\/wp\/v2\/comments?post=12354"}],"version-history":[{"count":0,"href":"https:\/\/richemont.swiss\/es\/wp-json\/wp\/v2\/pages\/12354\/revisions"}],"up":[{"embeddable":true,"href":"https:\/\/richemont.swiss\/es\/wp-json\/wp\/v2\/pages\/12327"}],"wp:featuredmedia":[{"embeddable":true,"href":"https:\/\/richemont.swiss\/es\/wp-json\/wp\/v2\/media\/40708"}],"wp:attachment":[{"href":"https:\/\/richemont.swiss\/es\/wp-json\/wp\/v2\/media?parent=12354"}],"curies":[{"name":"wp","href":"https:\/\/api.w.org\/{rel}","templated":true}]}}