{"id":12327,"date":"2019-02-17T10:07:42","date_gmt":"2019-02-17T09:07:42","guid":{"rendered":"https:\/\/richemont.swiss\/?page_id=12327"},"modified":"2024-12-18T16:28:38","modified_gmt":"2024-12-18T15:28:38","slug":"empresa","status":"publish","type":"page","link":"https:\/\/richemont.swiss\/es\/empresa\/","title":{"rendered":"Centro de Competencia Richemont"},"content":{"rendered":"\n<p>Fundada en 1945 y con sede en Lucerna (Suiza), Richemont se autodefine como un centro de Excelencia independiente, nacional e internacional en el sector de la panader\u00eda, la pasteler\u00eda y la confiter\u00eda en su conjunto.<\/p>\n\n\n\n<p>Entre nuestros m\u00faltiples servicios se cuentan una capacitaci\u00f3n profesional y <a href=\"https:\/\/richemont.swiss\/es\/formacion\/\">formaci\u00f3n<\/a> continua exhaustivas, seminarios personalizados para empresas y grupos, cursos de capacitaci\u00f3n en <a href=\"https:\/\/richemont.swiss\/es\/servicios\/\">ventas<\/a> in situ, la <a href=\"https:\/\/richemont.swiss\/es\/editorial\/\">edici\u00f3n<\/a> de libros y material did\u00e1ctico, un amplio abanico de asesoramiento, as\u00ed como investigaci\u00f3n y desarrollo. Nuestra oferta se complementa con un atractivo <a href=\"https:\/\/richemont-gastro.ch\/\">restaurante<\/a> abierto al p\u00fablico con hotel.<\/p>\n\n\n\n<div class=\"wp-block-file\"><a id=\"wp-block-file--media-c632faf0-caca-4f32-9c9f-fb7c68dba1d3\" href=\"https:\/\/richemont.swiss\/wp-content\/uploads\/2022\/11\/centro-de-competencia-richemont-quienes-somos.pdf\">Quienes somos<\/a><a href=\"https:\/\/richemont.swiss\/wp-content\/uploads\/2022\/11\/centro-de-competencia-richemont-quienes-somos.pdf\" class=\"wp-block-file__button wp-element-button\" download aria-describedby=\"wp-block-file--media-c632faf0-caca-4f32-9c9f-fb7c68dba1d3\">Herunterladen<\/a><\/div>\n\n\n\n<div class=\"wp-block-file\"><a id=\"wp-block-file--media-968dd0f7-4ac1-4d15-8edc-a2d770704e01\" href=\"https:\/\/richemont.swiss\/wp-content\/uploads\/2024\/12\/centro-de-competencia-richemont-hitos.pdf\">Hitos<\/a><a href=\"https:\/\/richemont.swiss\/wp-content\/uploads\/2024\/12\/centro-de-competencia-richemont-hitos.pdf\" class=\"wp-block-file__button wp-element-button\" download aria-describedby=\"wp-block-file--media-968dd0f7-4ac1-4d15-8edc-a2d770704e01\">Herunterladen<\/a><\/div>\n\n\n\n<figure class=\"wp-block-embed is-type-video is-provider-youtube wp-block-embed-youtube wp-embed-aspect-16-9 wp-has-aspect-ratio\"><div class=\"wp-block-embed__wrapper\">\n<iframe loading=\"lazy\" title=\"Richemont Imagefilm 2023 Espa\u00f1ol\" width=\"500\" height=\"281\" src=\"https:\/\/www.youtube.com\/embed\/XFww2BXLvf8?feature=oembed\" frameborder=\"0\" allow=\"accelerometer; autoplay; clipboard-write; encrypted-media; gyroscope; picture-in-picture; web-share\" referrerpolicy=\"strict-origin-when-cross-origin\" allowfullscreen><\/iframe>\n<\/div><\/figure>\n","protected":false},"excerpt":{"rendered":"<p>Fundada en 1945 y con sede en Lucerna (Suiza), Richemont se autodefine como un centro de Excelencia independiente, nacional e internacional en el sector de la panader\u00eda, la pasteler\u00eda y la confiter\u00eda en su conjunto. Entre nuestros m\u00faltiples servicios se cuentan una capacitaci\u00f3n profesional y formaci\u00f3n continua exhaustivas, seminarios personalizados para empresas y grupos, cursos [&hellip;]<\/p>\n","protected":false},"author":2,"featured_media":40701,"parent":0,"menu_order":100,"comment_status":"closed","ping_status":"closed","template":"","meta":{"_acf_changed":false,"footnotes":""},"class_list":["post-12327","page","type-page","status-publish","has-post-thumbnail","hentry"],"acf":[],"yoast_head":"<!-- This site is optimized with the Yoast SEO Premium plugin v26.7 (Yoast SEO v26.7) - https:\/\/yoast.com\/wordpress\/plugins\/seo\/ -->\n<title>Escuela profesional RICHEMONT - Centro de Competencia para el sector de la panader\u00eda<\/title>\n<meta name=\"description\" content=\"Queremos que usted progrese. El Centro de Competencia presta apoyo a todo el sector de la panader\u00eda, la pasteler\u00eda y la confiter\u00eda con m\u00faltiples servicios.\" \/>\n<meta name=\"robots\" content=\"index, follow, max-snippet:-1, max-image-preview:large, max-video-preview:-1\" \/>\n<link rel=\"canonical\" href=\"https:\/\/richemont.swiss\/es\/empresa\/\" \/>\n<meta property=\"og:locale\" content=\"es_ES\" \/>\n<meta property=\"og:type\" content=\"article\" \/>\n<meta property=\"og:title\" content=\"Centro de Competencia Richemont\" \/>\n<meta property=\"og:description\" content=\"Queremos que usted progrese. El Centro de Competencia presta apoyo a todo el sector de la panader\u00eda, la pasteler\u00eda y la confiter\u00eda con m\u00faltiples servicios.\" \/>\n<meta property=\"og:url\" content=\"https:\/\/richemont.swiss\/es\/empresa\/\" \/>\n<meta property=\"og:site_name\" content=\"Richemont\" \/>\n<meta property=\"article:modified_time\" content=\"2024-12-18T15:28:38+00:00\" \/>\n<meta property=\"og:image\" content=\"https:\/\/richemont.swiss\/wp-content\/uploads\/2022\/10\/richemont_unternehmen_fachschule_48-scaled.jpg\" \/>\n\t<meta property=\"og:image:width\" content=\"2560\" \/>\n\t<meta property=\"og:image:height\" content=\"1072\" \/>\n\t<meta property=\"og:image:type\" content=\"image\/jpeg\" \/>\n<meta name=\"twitter:card\" content=\"summary_large_image\" \/>\n<meta name=\"twitter:label1\" content=\"Tiempo de lectura\" \/>\n\t<meta name=\"twitter:data1\" content=\"1 minuto\" \/>\n<script type=\"application\/ld+json\" class=\"yoast-schema-graph\">{\"@context\":\"https:\/\/schema.org\",\"@graph\":[{\"@type\":\"WebPage\",\"@id\":\"https:\/\/richemont.swiss\/es\/empresa\/\",\"url\":\"https:\/\/richemont.swiss\/es\/empresa\/\",\"name\":\"Escuela profesional RICHEMONT - Centro de Competencia para el sector de la panader\u00eda\",\"isPartOf\":{\"@id\":\"https:\/\/richemont.swiss\/es\/#website\"},\"primaryImageOfPage\":{\"@id\":\"https:\/\/richemont.swiss\/es\/empresa\/#primaryimage\"},\"image\":{\"@id\":\"https:\/\/richemont.swiss\/es\/empresa\/#primaryimage\"},\"thumbnailUrl\":\"https:\/\/richemont.swiss\/wp-content\/uploads\/2022\/10\/richemont_unternehmen_fachschule_48-scaled.jpg\",\"datePublished\":\"2019-02-17T09:07:42+00:00\",\"dateModified\":\"2024-12-18T15:28:38+00:00\",\"description\":\"Queremos que usted progrese. El Centro de Competencia presta apoyo a todo el sector de la panader\u00eda, la pasteler\u00eda y la confiter\u00eda con m\u00faltiples servicios.\",\"breadcrumb\":{\"@id\":\"https:\/\/richemont.swiss\/es\/empresa\/#breadcrumb\"},\"inLanguage\":\"es\",\"potentialAction\":[{\"@type\":\"ReadAction\",\"target\":[\"https:\/\/richemont.swiss\/es\/empresa\/\"]}]},{\"@type\":\"ImageObject\",\"inLanguage\":\"es\",\"@id\":\"https:\/\/richemont.swiss\/es\/empresa\/#primaryimage\",\"url\":\"https:\/\/richemont.swiss\/wp-content\/uploads\/2022\/10\/richemont_unternehmen_fachschule_48-scaled.jpg\",\"contentUrl\":\"https:\/\/richemont.swiss\/wp-content\/uploads\/2022\/10\/richemont_unternehmen_fachschule_48-scaled.jpg\",\"width\":2560,\"height\":1072},{\"@type\":\"BreadcrumbList\",\"@id\":\"https:\/\/richemont.swiss\/es\/empresa\/#breadcrumb\",\"itemListElement\":[{\"@type\":\"ListItem\",\"position\":1,\"name\":\"Home\",\"item\":\"https:\/\/richemont.swiss\/es\/\"},{\"@type\":\"ListItem\",\"position\":2,\"name\":\"Centro de Competencia Richemont\"}]},{\"@type\":\"WebSite\",\"@id\":\"https:\/\/richemont.swiss\/es\/#website\",\"url\":\"https:\/\/richemont.swiss\/es\/\",\"name\":\"Richemont\",\"description\":\"\",\"potentialAction\":[{\"@type\":\"SearchAction\",\"target\":{\"@type\":\"EntryPoint\",\"urlTemplate\":\"https:\/\/richemont.swiss\/es\/?s={search_term_string}\"},\"query-input\":{\"@type\":\"PropertyValueSpecification\",\"valueRequired\":true,\"valueName\":\"search_term_string\"}}],\"inLanguage\":\"es\"}]}<\/script>\n<!-- \/ Yoast SEO Premium plugin. -->","yoast_head_json":{"title":"Escuela profesional RICHEMONT - Centro de Competencia para el sector de la panader\u00eda","description":"Queremos que usted progrese. El Centro de Competencia presta apoyo a todo el sector de la panader\u00eda, la pasteler\u00eda y la confiter\u00eda con m\u00faltiples servicios.","robots":{"index":"index","follow":"follow","max-snippet":"max-snippet:-1","max-image-preview":"max-image-preview:large","max-video-preview":"max-video-preview:-1"},"canonical":"https:\/\/richemont.swiss\/es\/empresa\/","og_locale":"es_ES","og_type":"article","og_title":"Centro de Competencia Richemont","og_description":"Queremos que usted progrese. El Centro de Competencia presta apoyo a todo el sector de la panader\u00eda, la pasteler\u00eda y la confiter\u00eda con m\u00faltiples servicios.","og_url":"https:\/\/richemont.swiss\/es\/empresa\/","og_site_name":"Richemont","article_modified_time":"2024-12-18T15:28:38+00:00","og_image":[{"width":2560,"height":1072,"url":"https:\/\/richemont.swiss\/wp-content\/uploads\/2022\/10\/richemont_unternehmen_fachschule_48-scaled.jpg","type":"image\/jpeg"}],"twitter_card":"summary_large_image","twitter_misc":{"Tiempo de lectura":"1 minuto"},"schema":{"@context":"https:\/\/schema.org","@graph":[{"@type":"WebPage","@id":"https:\/\/richemont.swiss\/es\/empresa\/","url":"https:\/\/richemont.swiss\/es\/empresa\/","name":"Escuela profesional RICHEMONT - Centro de Competencia para el sector de la panader\u00eda","isPartOf":{"@id":"https:\/\/richemont.swiss\/es\/#website"},"primaryImageOfPage":{"@id":"https:\/\/richemont.swiss\/es\/empresa\/#primaryimage"},"image":{"@id":"https:\/\/richemont.swiss\/es\/empresa\/#primaryimage"},"thumbnailUrl":"https:\/\/richemont.swiss\/wp-content\/uploads\/2022\/10\/richemont_unternehmen_fachschule_48-scaled.jpg","datePublished":"2019-02-17T09:07:42+00:00","dateModified":"2024-12-18T15:28:38+00:00","description":"Queremos que usted progrese. El Centro de Competencia presta apoyo a todo el sector de la panader\u00eda, la pasteler\u00eda y la confiter\u00eda con m\u00faltiples servicios.","breadcrumb":{"@id":"https:\/\/richemont.swiss\/es\/empresa\/#breadcrumb"},"inLanguage":"es","potentialAction":[{"@type":"ReadAction","target":["https:\/\/richemont.swiss\/es\/empresa\/"]}]},{"@type":"ImageObject","inLanguage":"es","@id":"https:\/\/richemont.swiss\/es\/empresa\/#primaryimage","url":"https:\/\/richemont.swiss\/wp-content\/uploads\/2022\/10\/richemont_unternehmen_fachschule_48-scaled.jpg","contentUrl":"https:\/\/richemont.swiss\/wp-content\/uploads\/2022\/10\/richemont_unternehmen_fachschule_48-scaled.jpg","width":2560,"height":1072},{"@type":"BreadcrumbList","@id":"https:\/\/richemont.swiss\/es\/empresa\/#breadcrumb","itemListElement":[{"@type":"ListItem","position":1,"name":"Home","item":"https:\/\/richemont.swiss\/es\/"},{"@type":"ListItem","position":2,"name":"Centro de Competencia Richemont"}]},{"@type":"WebSite","@id":"https:\/\/richemont.swiss\/es\/#website","url":"https:\/\/richemont.swiss\/es\/","name":"Richemont","description":"","potentialAction":[{"@type":"SearchAction","target":{"@type":"EntryPoint","urlTemplate":"https:\/\/richemont.swiss\/es\/?s={search_term_string}"},"query-input":{"@type":"PropertyValueSpecification","valueRequired":true,"valueName":"search_term_string"}}],"inLanguage":"es"}]}},"_links":{"self":[{"href":"https:\/\/richemont.swiss\/es\/wp-json\/wp\/v2\/pages\/12327","targetHints":{"allow":["GET"]}}],"collection":[{"href":"https:\/\/richemont.swiss\/es\/wp-json\/wp\/v2\/pages"}],"about":[{"href":"https:\/\/richemont.swiss\/es\/wp-json\/wp\/v2\/types\/page"}],"author":[{"embeddable":true,"href":"https:\/\/richemont.swiss\/es\/wp-json\/wp\/v2\/users\/2"}],"replies":[{"embeddable":true,"href":"https:\/\/richemont.swiss\/es\/wp-json\/wp\/v2\/comments?post=12327"}],"version-history":[{"count":0,"href":"https:\/\/richemont.swiss\/es\/wp-json\/wp\/v2\/pages\/12327\/revisions"}],"wp:featuredmedia":[{"embeddable":true,"href":"https:\/\/richemont.swiss\/es\/wp-json\/wp\/v2\/media\/40701"}],"wp:attachment":[{"href":"https:\/\/richemont.swiss\/es\/wp-json\/wp\/v2\/media?parent=12327"}],"curies":[{"name":"wp","href":"https:\/\/api.w.org\/{rel}","templated":true}]}}